{"id":1813,"date":"2023-09-13T13:33:30","date_gmt":"2023-09-13T13:33:30","guid":{"rendered":"https:\/\/www.sassi-llc.eu\/?page_id=1813"},"modified":"2023-09-20T12:29:05","modified_gmt":"2023-09-20T12:29:05","slug":"who-is-it-for","status":"publish","type":"page","link":"https:\/\/www.sassi-llc.eu\/de\/about\/who-is-it-for\/","title":{"rendered":"Zielgruppe"},"content":{"rendered":"\n<h2 class=\"wp-block-heading\">Wenn Sie ein C-VET-Fachmann sind (Ausbilder, Berufsberater usw.), werden Ihnen die Materialien auf dieser Plattform helfen:<\/h2>\n\n\n\n<ul class=\"wp-block-list\">\n<li>ein besseres Verst\u00e4ndnis f\u00fcr die wirtschaftlichen und sozialen Erfordernisse der Aufrechterhaltung einer erf\u00fcllenden und sinnvollen Arbeit im sp\u00e4teren Leben &#8211; und daf\u00fcr, warum Menschen weiterarbeiten wollen oder m\u00fcssen<\/li>\n\n\n\n<li>die Vorteile der Nutzung der Talente und Erfahrungen \u00e4lterer Arbeitnehmer zu erkennen<\/li>\n\n\n\n<li>neue Ans\u00e4tze in der Berufsberatung kennen zu lernen<\/li>\n\n\n\n<li>sinnvolle und erf\u00fcllende Arbeit zu unterst\u00fctzen<\/li>\n\n\n\n<li>\u00fcber flexible Arbeitsmethoden zur Unterst\u00fctzung \u00e4lterer Arbeitnehmer bei der Arbeit und im \u00dcbergang<\/li>\n\n\n\n<li>zus\u00e4tzliche Kenntnisse, Fertigkeiten und Kompetenzen f\u00fcr die Berufsberatung im sp\u00e4teren Berufsleben und die Weiterbildung \u00e4lterer Menschen zu Olderpreneurs zu erwerben<\/li>\n\n\n\n<li>innovative Schulungsinhalte und -materialien anzupassen<\/li>\n\n\n\n<li>Strategien zur Unterst\u00fctzung von Olderpreneurs zu entwickeln<\/li>\n\n\n\n<li>die Lernenden beim interkulturellen Arbeiten und Handeln zu unterst\u00fctzen<\/li>\n\n\n\n<li>die Kompetenzentwicklung Ihrer Lernenden nachzuweisen<\/li>\n\n\n\n<li>ein gr\u00f6\u00dferes Netzwerk mit einer internationalen Gruppe von Beratungsfachleuten aufzubauen<\/li>\n<\/ul>\n\n\n\n<h2 class=\"wp-block-heading\">Wenn Sie ein \u00e4lterer Arbeitnehmer sind, k\u00f6nnten Sie:<\/h2>\n\n\n\n<ul class=\"wp-block-list\">\n<li>den Nutzen und die Vorteile von Beratung und Umschulung f\u00fcr &#8222;Later-life Careers&#8220; und f\u00fcr ein l\u00e4ngeres produktives Arbeitsleben kennen lernen<\/li>\n\n\n\n<li>motiviert werden, neue F\u00e4higkeiten zu erlernen, sich weiterzubilden, umzuschulen oder durch CPD zu aktualisieren<\/li>\n\n\n\n<li>neue Formen der unternehmerischen T\u00e4tigkeit zu erkunden, einschlie\u00dflich Selbstst\u00e4ndigkeit, soziales Unternehmertum, digitaler Handel\/E-Commerce, Legacy und Encore-Karrieren<\/li>\n\n\n\n<li>Ihre Karriereentscheidungen zu verbessern<\/li>\n\n\n\n<li>erw\u00e4gen Sie, ein Olderpreneur zu werden<\/li>\n\n\n\n<li>ein Interesse am grenz\u00fcberschreitenden Handel und an der Mobilit\u00e4t im h\u00f6heren Lebensalter entwickeln<\/li>\n\n\n\n<li>Aufbau von Kontakten und Netzwerken f\u00fcr weitere Unterst\u00fctzung und\/oder Entwicklung<\/li>\n<\/ul>\n","protected":false},"excerpt":{"rendered":"<p>Wenn Sie ein C-VET-Fachmann sind (Ausbilder, Berufsberater usw.), werden Ihnen die Materialien auf dieser Plattform helfen: Wenn Sie ein \u00e4lterer Arbeitnehmer sind, k\u00f6nnten Sie:<\/p>\n","protected":false},"author":4,"featured_media":860,"parent":1809,"menu_order":5,"comment_status":"closed","ping_status":"closed","template":"","meta":{"inline_featured_image":false,"_locale":"de_DE_formal","_original_post":"https:\/\/www.sassi-llc.eu\/about-2\/who-is-it-for\/","footnotes":""},"class_list":["post-1813","page","type-page","status-publish","has-post-thumbnail","hentry","de-DE"],"blocksy_meta":{"styles_descriptor":{"styles":{"desktop":"","tablet":"","mobile":""},"google_fonts":[],"version":6}},"_links":{"self":[{"href":"https:\/\/www.sassi-llc.eu\/wp-json\/wp\/v2\/pages\/1813","targetHints":{"allow":["GET"]}}],"collection":[{"href":"https:\/\/www.sassi-llc.eu\/wp-json\/wp\/v2\/pages"}],"about":[{"href":"https:\/\/www.sassi-llc.eu\/wp-json\/wp\/v2\/types\/page"}],"author":[{"embeddable":true,"href":"https:\/\/www.sassi-llc.eu\/wp-json\/wp\/v2\/users\/4"}],"replies":[{"embeddable":true,"href":"https:\/\/www.sassi-llc.eu\/wp-json\/wp\/v2\/comments?post=1813"}],"version-history":[{"count":2,"href":"https:\/\/www.sassi-llc.eu\/wp-json\/wp\/v2\/pages\/1813\/revisions"}],"predecessor-version":[{"id":1875,"href":"https:\/\/www.sassi-llc.eu\/wp-json\/wp\/v2\/pages\/1813\/revisions\/1875"}],"up":[{"embeddable":true,"href":"https:\/\/www.sassi-llc.eu\/wp-json\/wp\/v2\/pages\/1809"}],"wp:featuredmedia":[{"embeddable":true,"href":"https:\/\/www.sassi-llc.eu\/wp-json\/wp\/v2\/media\/860"}],"wp:attachment":[{"href":"https:\/\/www.sassi-llc.eu\/wp-json\/wp\/v2\/media?parent=1813"}],"curies":[{"name":"wp","href":"https:\/\/api.w.org\/{rel}","templated":true}]}}