{"id":1815,"date":"2023-09-13T13:34:47","date_gmt":"2023-09-13T13:34:47","guid":{"rendered":"https:\/\/www.sassi-llc.eu\/?page_id=1815"},"modified":"2023-09-20T12:44:42","modified_gmt":"2023-09-20T12:44:42","slug":"partners","status":"publish","type":"page","link":"https:\/\/www.sassi-llc.eu\/de\/about\/partners\/","title":{"rendered":"Partner"},"content":{"rendered":"<nav class=\"is-responsive wp-block-navigation is-layout-flex wp-block-navigation-is-layout-flex\" aria-label=\"Partners\" \n\t\t data-wp-interactive=\"core\/navigation\" data-wp-context='{\"overlayOpenedBy\":{\"click\":false,\"hover\":false,\"focus\":false},\"type\":\"overlay\",\"roleAttribute\":\"\",\"ariaLabel\":\"Men\\u00fc\"}'><button aria-haspopup=\"dialog\" aria-label=\"Men\u00fc \u00f6ffnen\" class=\"wp-block-navigation__responsive-container-open\" \n\t\t\t\tdata-wp-on--click=\"actions.openMenuOnClick\"\n\t\t\t\tdata-wp-on--keydown=\"actions.handleMenuKeydown\"\n\t\t\t><svg width=\"24\" height=\"24\" xmlns=\"http:\/\/www.w3.org\/2000\/svg\" viewBox=\"0 0 24 24\" aria-hidden=\"true\" focusable=\"false\"><path d=\"M4 7.5h16v1.5H4z\"><\/path><path d=\"M4 15h16v1.5H4z\"><\/path><\/svg><\/button>\n\t\t\t\t<div class=\"wp-block-navigation__responsive-container\"  id=\"modal-1\" \n\t\t\t\tdata-wp-class--has-modal-open=\"state.isMenuOpen\"\n\t\t\t\tdata-wp-class--is-menu-open=\"state.isMenuOpen\"\n\t\t\t\tdata-wp-watch=\"callbacks.initMenu\"\n\t\t\t\tdata-wp-on--keydown=\"actions.handleMenuKeydown\"\n\t\t\t\tdata-wp-on--focusout=\"actions.handleMenuFocusout\"\n\t\t\t\ttabindex=\"-1\"\n\t\t\t>\n\t\t\t\t\t<div class=\"wp-block-navigation__responsive-close\" tabindex=\"-1\">\n\t\t\t\t\t\t<div class=\"wp-block-navigation__responsive-dialog\" \n\t\t\t\tdata-wp-bind--aria-modal=\"state.ariaModal\"\n\t\t\t\tdata-wp-bind--aria-label=\"state.ariaLabel\"\n\t\t\t\tdata-wp-bind--role=\"state.roleAttribute\"\n\t\t\t>\n\t\t\t\t\t\t\t<button aria-label=\"Men\u00fc schlie\u00dfen\" class=\"wp-block-navigation__responsive-container-close\" \n\t\t\t\tdata-wp-on--click=\"actions.closeMenuOnClick\"\n\t\t\t><svg xmlns=\"http:\/\/www.w3.org\/2000\/svg\" viewBox=\"0 0 24 24\" width=\"24\" height=\"24\" aria-hidden=\"true\" focusable=\"false\"><path d=\"m13.06 12 6.47-6.47-1.06-1.06L12 10.94 5.53 4.47 4.47 5.53 10.94 12l-6.47 6.47 1.06 1.06L12 13.06l6.47 6.47 1.06-1.06L13.06 12Z\"><\/path><\/svg><\/button>\n\t\t\t\t\t\t\t<div class=\"wp-block-navigation__responsive-container-content\" \n\t\t\t\tdata-wp-watch=\"callbacks.focusFirstElement\"\n\t\t\t id=\"modal-1-content\">\n\t\t\t\t\t\t\t\t<ul class=\"wp-block-navigation__container is-responsive wp-block-navigation\"><li class=\" wp-block-navigation-item wp-block-navigation-link\"><a class=\"wp-block-navigation-item__content\"  href=\"#blinc\"><span class=\"wp-block-navigation-item__label\">blinc<\/span><\/a><\/li><li class=\" wp-block-navigation-item wp-block-navigation-link\"><a class=\"wp-block-navigation-item__content\"  href=\"#bupnet\"><span class=\"wp-block-navigation-item__label\">BUPNET<\/span><\/a><\/li><li class=\" wp-block-navigation-item wp-block-navigation-link\"><a class=\"wp-block-navigation-item__content\"  href=\"#catro\"><span class=\"wp-block-navigation-item__label\">CATRO BG<\/span><\/a><\/li><li class=\" wp-block-navigation-item wp-block-navigation-link\"><a class=\"wp-block-navigation-item__content\"  href=\"#cvno\"><span class=\"wp-block-navigation-item__label\">CVNO<\/span><\/a><\/li><li class=\" wp-block-navigation-item wp-block-navigation-link\"><a class=\"wp-block-navigation-item__content\"  href=\"#die_berater\"><span class=\"wp-block-navigation-item__label\">die Berater<\/span><\/a><\/li><li class=\" wp-block-navigation-item wp-block-navigation-link\"><a class=\"wp-block-navigation-item__content\"  href=\"#inova\"><span class=\"wp-block-navigation-item__label\">INOVA+<\/span><\/a><\/li><\/ul>\n\t\t\t\t\t\t\t<\/div>\n\t\t\t\t\t\t<\/div>\n\t\t\t\t\t<\/div>\n\t\t\t\t<\/div><\/nav>\n\n\n<div style=\"height:100px\" aria-hidden=\"true\" class=\"wp-block-spacer\"><\/div>\n\n\n\n<div id=\"blinc\" class=\"wp-block-group is-layout-constrained wp-block-group-is-layout-constrained\">\n<h2 class=\"wp-block-heading\"><strong>Blinc<\/strong><\/h2>\n\n\n\n<p>Website: <a href=\"https:\/\/blinc-eu.org\/\" target=\"_blank\" rel=\"noreferrer noopener\">https:\/\/blinc-eu.org\/<\/a><\/p>\n\n\n\n<div class=\"wp-block-columns is-layout-flex wp-container-core-columns-is-layout-28f84493 wp-block-columns-is-layout-flex\">\n<div class=\"wp-block-column is-layout-flow wp-block-column-is-layout-flow\" style=\"flex-basis:30%\">\n<figure class=\"wp-block-image size-full\"><img loading=\"lazy\" decoding=\"async\" width=\"313\" height=\"300\" src=\"https:\/\/www.sassi-llc.eu\/wp-content\/uploads\/2022\/11\/blinc.webp\" alt=\"blinc eg\" class=\"wp-image-770\" srcset=\"https:\/\/www.sassi-llc.eu\/wp-content\/uploads\/2022\/11\/blinc.webp 313w, https:\/\/www.sassi-llc.eu\/wp-content\/uploads\/2022\/11\/blinc-300x288.webp 300w\" sizes=\"auto, (max-width: 313px) 100vw, 313px\" \/><\/figure>\n<\/div>\n\n\n\n<div class=\"wp-block-column is-layout-flow wp-block-column-is-layout-flow\" style=\"flex-basis:70%\">\n<p>Die 2005 gegr\u00fcndete Blended Learning Institutions&#8216; Cooperative ist ein Netzwerk von Organisationen, die zuvor an EU-finanzierten LIFE- und E-Learning-Projekten in den Bereichen Gesundheit, Soziales und Umwelt beteiligt waren. Im Jahr 2015 bestand blinc aus mehr als 30 Organisationen und Einzelpersonen aus 22 europ\u00e4ischen L\u00e4ndern. blinc widmet sich der F\u00f6rderung des Austauschs zwischen P\u00e4dagogen und akademischen Forschern und bietet eine Plattform f\u00fcr den Austausch von Know-how und Erfahrungen, einschlie\u00dflich Bewertung, Valorisierung und Vernetzung. Das Netzwerk bietet fachliche Unterst\u00fctzung in den Bereichen:<\/p>\n\n\n\n<ul class=\"wp-block-list\">\n<li>Ausbildung und Organisationsentwicklung<\/li>\n\n\n\n<li>Vernetzung und<\/li>\n\n\n\n<li>Evaluierung (sowohl intern als auch extern)<\/li>\n<\/ul>\n<\/div>\n<\/div>\n\n\n\n<div style=\"height:100px\" aria-hidden=\"true\" class=\"wp-block-spacer\"><\/div>\n\n\n\n<div class=\"wp-block-stackable-divider stk-block-divider stk-block stk-34c9434\" data-block-id=\"34c9434\"><hr class=\"stk-block-divider__hr\"\/><\/div>\n\n\n\n<div style=\"height:100px\" aria-hidden=\"true\" class=\"wp-block-spacer\"><\/div>\n<\/div>\n\n\n\n<div id=\"bupnet\" class=\"wp-block-group is-layout-constrained wp-block-group-is-layout-constrained\">\n<h2 class=\"wp-block-heading\"><strong><strong>BUPNET<\/strong><\/strong><\/h2>\n\n\n\n<p>Website: <a href=\"https:\/\/www.bupnet.eu\/\" target=\"_blank\" rel=\"noreferrer noopener\">https:\/\/blinc-eu.org\/<\/a><\/p>\n\n\n\n<div class=\"wp-block-columns is-layout-flex wp-container-core-columns-is-layout-28f84493 wp-block-columns-is-layout-flex\">\n<div class=\"wp-block-column is-layout-flow wp-block-column-is-layout-flow\" style=\"flex-basis:30%\">\n<figure class=\"wp-block-image size-large\"><img loading=\"lazy\" decoding=\"async\" width=\"1024\" height=\"291\" src=\"https:\/\/www.sassi-llc.eu\/wp-content\/uploads\/2022\/11\/BUPNET-1024x291.webp\" alt=\"BUPNET\" class=\"wp-image-769\" srcset=\"https:\/\/www.sassi-llc.eu\/wp-content\/uploads\/2022\/11\/BUPNET-1024x291.webp 1024w, https:\/\/www.sassi-llc.eu\/wp-content\/uploads\/2022\/11\/BUPNET-300x85.webp 300w, https:\/\/www.sassi-llc.eu\/wp-content\/uploads\/2022\/11\/BUPNET-768x218.webp 768w, https:\/\/www.sassi-llc.eu\/wp-content\/uploads\/2022\/11\/BUPNET.webp 1055w\" sizes=\"auto, (max-width: 1024px) 100vw, 1024px\" \/><\/figure>\n<\/div>\n\n\n\n<div class=\"wp-block-column is-layout-flow wp-block-column-is-layout-flow\" style=\"flex-basis:70%\">\n<div class=\"wp-block-group is-layout-constrained wp-block-group-is-layout-constrained\">\n<p>Bildung und Project Netzwerk (BUPNET) ist ein Anbieter von Erwachsenenbildung mit umfangreicher Erfahrung in der Unterst\u00fctzung von erwachsenen Lernenden aus allen Bereichen in Deutschland. Gegr\u00fcndet 1985 als Anbieter von Erwachsenenbildung in den Bereichen Projektmanagement, Berufsbildung und Beratung, verf\u00fcgt BUPNET \u00fcber ein starkes multidisziplin\u00e4res Team, das innovative Trainings- und Beratungsprojekte auf lokaler, nationaler und europ\u00e4ischer Ebene entwickelt und durchf\u00fchrt. Der Schwerpunkt dieser Projekte liegt auf:<\/p>\n\n\n\n<ul class=\"wp-block-list\">\n<li>die Sicherung von Arbeitspl\u00e4tzen und die berufliche Entwicklung von Arbeitnehmern, vor allem in kleinen und mittleren Unternehmen, und die damit verbundene F\u00f6rderung von Unternehmen<\/li>\n\n\n\n<li>die berufliche Wiedereingliederung von Arbeitssuchenden<\/li>\n\n\n\n<li>die Entwicklung und Erprobung innovativer Bildungsans\u00e4tze und -methoden<\/li>\n<\/ul>\n\n\n\n<p>Mit einem starken Engagement zur Unterst\u00fctzung der beruflichen Weiterbildung haben sie vielen Tausenden von Menschen geholfen, den Anforderungen einer sich st\u00e4ndig ver\u00e4ndernden Arbeitswelt erfolgreich zu begegnen. BUPNET hat ein umfangreiches Netz<\/p>\n<\/div>\n<\/div>\n<\/div>\n\n\n\n<div style=\"height:100px\" aria-hidden=\"true\" class=\"wp-block-spacer\"><\/div>\n\n\n\n<div class=\"wp-block-stackable-divider stk-block-divider stk-block stk-da8f5ca\" data-block-id=\"da8f5ca\"><hr class=\"stk-block-divider__hr\"\/><\/div>\n\n\n\n<div style=\"height:100px\" aria-hidden=\"true\" class=\"wp-block-spacer\"><\/div>\n<\/div>\n\n\n\n<div id=\"catro\" class=\"wp-block-group is-layout-constrained wp-block-group-is-layout-constrained\">\n<h2 class=\"wp-block-heading\"><strong><strong><strong>CATRO Bulgaria<\/strong><\/strong><\/strong><\/h2>\n\n\n\n<p>Website: <a href=\"https:\/\/www.catrobg.com\" target=\"_blank\" rel=\"noreferrer noopener\">https:\/\/www.catrobg.com<\/a><\/p>\n\n\n\n<div class=\"wp-block-columns is-layout-flex wp-container-core-columns-is-layout-28f84493 wp-block-columns-is-layout-flex\">\n<div class=\"wp-block-column is-layout-flow wp-block-column-is-layout-flow\" style=\"flex-basis:30%\">\n<figure class=\"wp-block-image size-full\"><img loading=\"lazy\" decoding=\"async\" width=\"527\" height=\"300\" src=\"https:\/\/www.sassi-llc.eu\/wp-content\/uploads\/2022\/11\/CATRO.webp\" alt=\"CATRO BG\" class=\"wp-image-768\" srcset=\"https:\/\/www.sassi-llc.eu\/wp-content\/uploads\/2022\/11\/CATRO.webp 527w, https:\/\/www.sassi-llc.eu\/wp-content\/uploads\/2022\/11\/CATRO-300x171.webp 300w\" sizes=\"auto, (max-width: 527px) 100vw, 527px\" \/><\/figure>\n<\/div>\n\n\n\n<div class=\"wp-block-column is-layout-flow wp-block-column-is-layout-flow\" style=\"flex-basis:70%\">\n<div class=\"wp-block-group is-layout-constrained wp-block-group-is-layout-constrained\">\n<p>CATRO Bulgarien ist Teil eines f\u00fchrenden \u00f6sterreichischen Beratungsunternehmens f\u00fcr Bildung und Ausbildung &#8211; dieBerater\u00ae, das verschiedene Schulungen f\u00fcr Einzelpersonen und Organisationen anbietet. CATRO bietet modernstes Know-how in allen Bereichen des Personalmanagements und der Personalentwicklung.<\/p>\n\n\n\n<p>Das Team besteht aus Spezialisten mit internationaler Erfahrung und Fachwissen in der Rekrutierung neuer Talente, der Entwicklung des Mitarbeiterpotenzials, der Personalberatung und der Unterst\u00fctzung sozialer Zwecke durch CSR-Aktivit\u00e4ten. Sie ber\u00fccksichtigen lokale Markt- und Kulturspezifika und sind der festen \u00dcberzeugung, dass sie ihren Kunden am besten helfen k\u00f6nnen, indem sie die Vorteile globaler und lokaler Erfahrungen und Kenntnisse miteinander verbinden, um Menschen zu motivieren und zu qualifizieren, damit sie ihr Potenzial in der Wirtschaft, auf dem Arbeitsmarkt und im Privatleben voll aussch\u00f6pfen k\u00f6nnen.<\/p>\n<\/div>\n<\/div>\n<\/div>\n\n\n\n<div style=\"height:100px\" aria-hidden=\"true\" class=\"wp-block-spacer\"><\/div>\n\n\n\n<div class=\"wp-block-stackable-divider stk-block-divider stk-block stk-7f3eec2\" data-block-id=\"7f3eec2\"><hr class=\"stk-block-divider__hr\"\/><\/div>\n\n\n\n<div style=\"height:100px\" aria-hidden=\"true\" class=\"wp-block-spacer\"><\/div>\n<\/div>\n\n\n\n<div id=\"cvno\" class=\"wp-block-group is-layout-constrained wp-block-group-is-layout-constrained\">\n<h2 class=\"wp-block-heading\"><strong><strong><strong>CVNO<\/strong><\/strong><\/strong><\/h2>\n\n\n\n<p>Website: <\/p>\n\n\n\n<div class=\"wp-block-columns is-layout-flex wp-container-core-columns-is-layout-28f84493 wp-block-columns-is-layout-flex\">\n<div class=\"wp-block-column is-layout-flow wp-block-column-is-layout-flow\" style=\"flex-basis:30%\">\n<figure class=\"wp-block-image size-full\"><img loading=\"lazy\" decoding=\"async\" width=\"533\" height=\"300\" src=\"https:\/\/www.sassi-llc.eu\/wp-content\/uploads\/2022\/11\/CVNO.webp\" alt=\"CVNO\" class=\"wp-image-767\" srcset=\"https:\/\/www.sassi-llc.eu\/wp-content\/uploads\/2022\/11\/CVNO.webp 533w, https:\/\/www.sassi-llc.eu\/wp-content\/uploads\/2022\/11\/CVNO-300x169.webp 300w\" sizes=\"auto, (max-width: 533px) 100vw, 533px\" \/><\/figure>\n<\/div>\n\n\n\n<div class=\"wp-block-column is-layout-flow wp-block-column-is-layout-flow\" style=\"flex-basis:70%\">\n<p>CVNO ist eine Bildungs- und Beratungsorganisation mit 18 Jahren Erfahrung im Bereich des Projektmanagements f\u00fcr die Entwicklung der Humanressourcen. Die Organisation verf\u00fcgt \u00fcber besondere Fachkenntnisse in der Analyse des Bildungs- und Ausbildungsbedarfs, in der Gestaltung der Personalentwicklungspolitik und im Mentoring und Coaching von F\u00fchrungskr\u00e4ften. CNVOs Dienstleistungen werden von in- und ausl\u00e4ndischen Nichtregierungsorganisationen, Unternehmern, Unternehmen und einer Reihe von Organisationen des \u00f6ffentlichen Sektors in Anspruch genommen, darunter Regierungsministerien, Arbeits\u00e4mter, Schulen, Hochschulen und Universit\u00e4ten.<\/p>\n<\/div>\n<\/div>\n\n\n\n<div style=\"height:100px\" aria-hidden=\"true\" class=\"wp-block-spacer\"><\/div>\n\n\n\n<div class=\"wp-block-stackable-divider stk-block-divider stk-block stk-b9febdc\" data-block-id=\"b9febdc\"><hr class=\"stk-block-divider__hr\"\/><\/div>\n\n\n\n<div style=\"height:100px\" aria-hidden=\"true\" class=\"wp-block-spacer\"><\/div>\n<\/div>\n\n\n\n<div id=\"die_berater\" class=\"wp-block-group is-layout-constrained wp-block-group-is-layout-constrained\">\n<h2 class=\"wp-block-heading\"><strong><strong><strong>die Berater<\/strong><\/strong><\/strong><\/h2>\n\n\n\n<p>Website: <a href=\"https:\/\/dieberater.com\/\" target=\"_blank\" rel=\"noreferrer noopener\">https:\/\/dieberater.com\/<\/a><\/p>\n\n\n\n<div class=\"wp-block-columns is-layout-flex wp-container-core-columns-is-layout-28f84493 wp-block-columns-is-layout-flex\">\n<div class=\"wp-block-column is-layout-flow wp-block-column-is-layout-flow\" style=\"flex-basis:30%\">\n<figure class=\"wp-block-image size-large\"><img loading=\"lazy\" decoding=\"async\" width=\"1024\" height=\"272\" src=\"https:\/\/www.sassi-llc.eu\/wp-content\/uploads\/2022\/11\/die_Berater-1024x272.webp\" alt=\"die Berater\" class=\"wp-image-766\" srcset=\"https:\/\/www.sassi-llc.eu\/wp-content\/uploads\/2022\/11\/die_Berater-1024x272.webp 1024w, https:\/\/www.sassi-llc.eu\/wp-content\/uploads\/2022\/11\/die_Berater-300x80.webp 300w, https:\/\/www.sassi-llc.eu\/wp-content\/uploads\/2022\/11\/die_Berater-768x204.webp 768w, https:\/\/www.sassi-llc.eu\/wp-content\/uploads\/2022\/11\/die_Berater.webp 1130w\" sizes=\"auto, (max-width: 1024px) 100vw, 1024px\" \/><\/figure>\n<\/div>\n\n\n\n<div class=\"wp-block-column is-layout-flow wp-block-column-is-layout-flow\" style=\"flex-basis:70%\">\n<p>die Berater ist ein Anbieter von Erwachsenenbildung, der sich auf die berufliche Bildung und die Entwicklung von Humanressourcen konzentriert. Er verf\u00fcgt \u00fcber 50 Zentren in \u00d6sterreich sowie in der Slowakei, Slowenien und Bulgarien. Mit einem breit gef\u00e4cherten Weiterbildungsangebot geh\u00f6rt die Beraterin zu den gr\u00f6\u00dften privaten Bildungseinrichtungen in \u00d6sterreich. die Beraterin unterst\u00fctzt j\u00e4hrlich mehr als 20.000 Lernende, viele davon in Berufsorientierungs- und Qualifizierungsprogrammen, die im Auftrag des \u00f6sterreichischen Arbeitsmarktservice durchgef\u00fchrt werden.<\/p>\n<\/div>\n<\/div>\n\n\n\n<p><\/p>\n\n\n\n<div style=\"height:100px\" aria-hidden=\"true\" class=\"wp-block-spacer\"><\/div>\n\n\n\n<div class=\"wp-block-stackable-divider stk-block-divider stk-block stk-c92fffc\" data-block-id=\"c92fffc\"><hr class=\"stk-block-divider__hr\"\/><\/div>\n\n\n\n<div style=\"height:100px\" aria-hidden=\"true\" class=\"wp-block-spacer\"><\/div>\n<\/div>\n\n\n\n<div id=\"inova\" class=\"wp-block-group is-layout-constrained wp-block-group-is-layout-constrained\">\n<h2 class=\"wp-block-heading\"><strong><strong><strong><strong>Inova+<\/strong><\/strong><\/strong><\/strong><\/h2>\n\n\n\n<p>Website: <a href=\"https:\/\/inova.business\/\" target=\"_blank\" rel=\"noreferrer noopener\">https:\/\/inova.business\/<\/a><\/p>\n\n\n\n<div class=\"wp-block-columns is-layout-flex wp-container-core-columns-is-layout-28f84493 wp-block-columns-is-layout-flex\">\n<div class=\"wp-block-column is-layout-flow wp-block-column-is-layout-flow\" style=\"flex-basis:30%\">\n<figure class=\"wp-block-image size-full\"><img loading=\"lazy\" decoding=\"async\" width=\"743\" height=\"300\" src=\"https:\/\/www.sassi-llc.eu\/wp-content\/uploads\/2022\/11\/INOVA_purple.webp\" alt=\"INOVA+\" class=\"wp-image-765\" srcset=\"https:\/\/www.sassi-llc.eu\/wp-content\/uploads\/2022\/11\/INOVA_purple.webp 743w, https:\/\/www.sassi-llc.eu\/wp-content\/uploads\/2022\/11\/INOVA_purple-300x121.webp 300w\" sizes=\"auto, (max-width: 743px) 100vw, 743px\" \/><\/figure>\n<\/div>\n\n\n\n<div class=\"wp-block-column is-layout-flow wp-block-column-is-layout-flow\" style=\"flex-basis:70%\">\n<div class=\"wp-block-group is-layout-constrained wp-block-group-is-layout-constrained\">\n<p>Inova+ ist ein f\u00fchrendes portugiesisches Unternehmen, das internationale Projekte in den Bereichen Innovation, Bildung und Ausbildung sowie Forschung und technologische Entwicklung f\u00f6rdert und verwaltet. Das Unternehmen ist bestrebt, Ideen in Innovationen umzuwandeln und in Zusammenarbeit mit seinen Partnern effektive und nachhaltige L\u00f6sungen zu liefern. Unsere Aufgabe ist es, internationale Kooperationsprojekte zu f\u00f6rdern und zu verwalten und das Wissen, die Managementkapazit\u00e4ten sowie die technische und finanzielle Unterst\u00fctzung bereitzustellen, die f\u00fcr eine erfolgreiche Umsetzung in verschiedenen Bereichen, insbesondere in der allgemeinen und beruflichen Bildung, erforderlich sind.<\/p>\n\n\n\n<p>Mit einem Team von mehr als 40 Beratern in B\u00fcros in ganz Europa verf\u00fcgt Inova+ \u00fcber umfassende Erfahrung in der Konzeption und Entwicklung von Bewertungsprozessen f\u00fcr Schulungsmaterialien, Personalmanagement, Informations- und Kommunikationsmanagement und Unternehmertum.<\/p>\n<\/div>\n<\/div>\n<\/div>\n\n\n\n<div style=\"height:100px\" aria-hidden=\"true\" class=\"wp-block-spacer\"><\/div>\n\n\n\n<div class=\"wp-block-stackable-divider stk-block-divider stk-block stk-08dd6a6\" data-block-id=\"08dd6a6\"><hr class=\"stk-block-divider__hr\"\/><\/div>\n\n\n\n<div style=\"height:100px\" aria-hidden=\"true\" class=\"wp-block-spacer\"><\/div>\n<\/div>\n","protected":false},"excerpt":{"rendered":"<p>Blinc Website: https:\/\/blinc-eu.org\/ Die 2005 gegr\u00fcndete Blended Learning Institutions&#8216; Cooperative ist ein Netzwerk von Organisationen, die zuvor an EU-finanzierten LIFE- und E-Learning-Projekten in den Bereichen Gesundheit, Soziales und Umwelt beteiligt waren. Im Jahr 2015 bestand blinc aus mehr als 30 Organisationen und Einzelpersonen aus 22 europ\u00e4ischen L\u00e4ndern. blinc widmet sich der F\u00f6rderung des Austauschs zwischen [&hellip;]<\/p>\n","protected":false},"author":4,"featured_media":860,"parent":1809,"menu_order":6,"comment_status":"closed","ping_status":"closed","template":"","meta":{"inline_featured_image":false,"_locale":"de_DE_formal","_original_post":"https:\/\/www.sassi-llc.eu\/about-2\/partners\/","footnotes":""},"class_list":["post-1815","page","type-page","status-publish","has-post-thumbnail","hentry","de-DE"],"blocksy_meta":{"styles_descriptor":{"styles":{"desktop":"","tablet":"","mobile":""},"google_fonts":[],"version":6}},"_links":{"self":[{"href":"https:\/\/www.sassi-llc.eu\/wp-json\/wp\/v2\/pages\/1815","targetHints":{"allow":["GET"]}}],"collection":[{"href":"https:\/\/www.sassi-llc.eu\/wp-json\/wp\/v2\/pages"}],"about":[{"href":"https:\/\/www.sassi-llc.eu\/wp-json\/wp\/v2\/types\/page"}],"author":[{"embeddable":true,"href":"https:\/\/www.sassi-llc.eu\/wp-json\/wp\/v2\/users\/4"}],"replies":[{"embeddable":true,"href":"https:\/\/www.sassi-llc.eu\/wp-json\/wp\/v2\/comments?post=1815"}],"version-history":[{"count":2,"href":"https:\/\/www.sassi-llc.eu\/wp-json\/wp\/v2\/pages\/1815\/revisions"}],"predecessor-version":[{"id":1877,"href":"https:\/\/www.sassi-llc.eu\/wp-json\/wp\/v2\/pages\/1815\/revisions\/1877"}],"up":[{"embeddable":true,"href":"https:\/\/www.sassi-llc.eu\/wp-json\/wp\/v2\/pages\/1809"}],"wp:featuredmedia":[{"embeddable":true,"href":"https:\/\/www.sassi-llc.eu\/wp-json\/wp\/v2\/media\/860"}],"wp:attachment":[{"href":"https:\/\/www.sassi-llc.eu\/wp-json\/wp\/v2\/media?parent=1815"}],"curies":[{"name":"wp","href":"https:\/\/api.w.org\/{rel}","templated":true}]}}