{"id":2448,"date":"2023-10-16T13:19:59","date_gmt":"2023-10-16T13:19:59","guid":{"rendered":"https:\/\/www.sassi-llc.eu\/?page_id=2448"},"modified":"2024-08-28T08:16:04","modified_gmt":"2024-08-28T08:16:04","slug":"chapter-i-why-olderpreneurship","status":"publish","type":"page","link":"https:\/\/www.sassi-llc.eu\/de\/courses\/course-olderpreneurship\/chapter-i-why-olderpreneurship\/","title":{"rendered":"Kapitel I &#8211; Warum Olderpreneurship?"},"content":{"rendered":"\n<div class=\"ct-posts-shortcode\" data-prefix=\"class_archive\">\n    <div class=\"entries\" data-archive=\"default\" data-layout=\"grid\" data-cards=\"simple\">\n        <article id=\"post-1400\"\n            class=\"entry-card post-1400 class type-class status-publish format-standard has-post-thumbnail hentry en-GB\"\n            data-reveal=\"yes:1\"><a class=\"ct-image-container\"\n                href=\"https:\/\/www.sassi-llc.eu\/class\/i-1-why-olderpreneurship-matters-de\/\"\n                aria-label=\"I. 1. Warum ist Olderpreneurship wichtig?\" tabindex=\"-1\"><img loading=\"lazy\" width=\"768\" height=\"512\"\n                    src=\"https:\/\/www.sassi-llc.eu\/wp-content\/uploads\/2022\/11\/happy-couple-in-their-midfifties-reading-on-one-tablet-business-casual.jpeg\"\n                    class=\"attachment-medium_large size-medium_large wp-post-image\" alt=\"lonely road in the mountains\"\n                    decoding=\"async\"\n                    srcset=\"https:\/\/www.sassi-llc.eu\/wp-content\/uploads\/2022\/11\/happy-couple-in-their-midfifties-reading-on-one-tablet-business-casual.jpeg 768w, https:\/\/www.sassi-llc.eu\/wp-content\/uploads\/2022\/11\/happy-couple-in-their-midfifties-reading-on-one-tablet-business-casual-300x300.jpeg 300w, https:\/\/www.sassi-llc.eu\/wp-content\/uploads\/2022\/11\/happy-couple-in-their-midfifties-reading-on-one-tablet-business-casual-150x150.jpeg 1024w, https:\/\/www.sassi-llc.eu\/wp-content\/uploads\/2022\/11\/happy-couple-in-their-midfifties-reading-on-one-tablet-business-casual.jpeg 1536w, https:\/\/www.sassi-llc.eu\/wp-content\/uploads\/2022\/11\/happy-couple-in-their-midfifties-reading-on-one-tablet-business-casual.jpeg 1920w\"\n                    sizes=\"auto, (max-width: 768px) 100vw, 768px\" itemprop=\"image\" style=\"aspect-ratio: 4\/3;\"><\/a>\n            <h2 class=\"entry-title\">\n                <a href=\"https:\/\/www.sassi-llc.eu\/class\/i-1-why-olderpreneurship-matters-de\/\" rel=\"bookmark\">\n                    I. 1. Warum ist Olderpreneurship wichtig? <\/a>\n            <\/h2>\n\n            <div class=\"entry-excerpt\">\u00dcber das Konzept Olderpreneurship und Unterscheidung zwischen Entrepreneurship\n                und Olderpreneurship.<\/div><a class=\"entry-button\" data-type=\"simple\"\n                href=\"https:\/\/www.sassi-llc.eu\/class\/i-1-why-olderpreneurship-matters-de\/\">Read More<svg width=\"17px\"\n                    height=\"17px\" viewBox=\"0 0 32 32\">\n                    <path\n                        d=\"M 21.1875 9.28125 L 19.78125 10.71875 L 24.0625 15 L 4 15 L 4 17 L 24.0625 17 L 19.78125 21.28125 L 21.1875 22.71875 L 27.90625 16 Z \">\n                    <\/path>\n                <\/svg><span class=\"screen-reader-text\">I. 1. Warum ist Olderpreneurship wichtig?<\/span><\/a>\n        <\/article>\n        <article id=\"post-1405\"\n            class=\"entry-card post-1405 class type-class status-publish format-standard has-post-thumbnail hentry en-GB\"\n            data-reveal=\"yes:2\"><a class=\"ct-image-container\"\n                href=\"https:\/\/www.sassi-llc.eu\/class\/i-2-%d0%b5ntrepreneural-mindset-de\/\"\n                aria-label=\"I. 2. Unternehmerische Denkweise\" tabindex=\"-1\"><img loading=\"lazy\" width=\"768\" height=\"1152\"\n                    src=\"https:\/\/www.sassi-llc.eu\/wp-content\/uploads\/2022\/11\/\u0415ntrepreneural-mindset-768x768.jpeg\"\n                    class=\"attachment-medium_large size-medium_large wp-post-image\" alt=\"\" decoding=\"async\"\n                    srcset=\"https:\/\/www.sassi-llc.eu\/wp-content\/uploads\/2022\/11\/\u0415ntrepreneural-mindset-768x768.jpeg 768w, https:\/\/www.sassi-llc.eu\/wp-content\/uploads\/2022\/11\/\u0415ntrepreneural-mindset-300x300.jpeg 200w, https:\/\/www.sassi-llc.eu\/wp-content\/uploads\/2022\/11\/\u0415ntrepreneural-mindset-150x150.jpeg 683w, https:\/\/www.sassi-llc.eu\/wp-content\/uploads\/2022\/11\/\u0415ntrepreneural-mindset.jpeg 1024w, https:\/\/www.sassi-llc.eu\/wp-content\/uploads\/2022\/11\/\u0415ntrepreneural-mindset.jpeg 1365w, https:\/\/www.sassi-llc.eu\/wp-content\/uploads\/2022\/11\/\u0415ntrepreneural-mindset.jpeg 1707w\"\n                    sizes=\"auto, (max-width: 768px) 100vw, 768px\" itemprop=\"image\" style=\"aspect-ratio: 4\/3;\"><\/a>\n            <h2 class=\"entry-title\">\n                <a href=\"https:\/\/www.sassi-llc.eu\/class\/i-2-%d0%b5ntrepreneural-mindset-de\/\" rel=\"bookmark\">\n                    I. 2. Unternehmerische Denkweise<\/a>\n            <\/h2>\n\n            <div class=\"entry-excerpt\">Verstehen Sie den Unterschied zwischen einer dynamischen und einer statischen\n                Denkweise und lernen Sie, Verhaltensweisen zu unterscheiden und wie sie zu der entsprechenden Denkweise\n                f\u00fchren.<\/div><a class=\"entry-button\" data-type=\"simple\"\n                href=\"https:\/\/www.sassi-llc.eu\/class\/i-2-%d0%b5ntrepreneural-mindset-de\/\">Read More<svg width=\"17px\"\n                    height=\"17px\" viewBox=\"0 0 32 32\">\n                    <path\n                        d=\"M 21.1875 9.28125 L 19.78125 10.71875 L 24.0625 15 L 4 15 L 4 17 L 24.0625 17 L 19.78125 21.28125 L 21.1875 22.71875 L 27.90625 16 Z \">\n                    <\/path>\n                <\/svg><span class=\"screen-reader-text\">I. 2. Entrepreneural mindset<\/span><\/a>\n        <\/article>\n        <article id=\"post-1407\"\n            class=\"entry-card post-1407 class type-class status-publish format-standard has-post-thumbnail hentry en-GB\"\n            data-reveal=\"yes:3\"><a class=\"ct-image-container\"\n                href=\"https:\/\/www.sassi-llc.eu\/class\/i-3-better-than-ever-before-de\/\"\n                aria-label=\"I. 3. Besser als je zuvor\" tabindex=\"-1\"><img loading=\"lazy\" width=\"768\" height=\"513\"\n                    src=\"https:\/\/www.sassi-llc.eu\/wp-content\/uploads\/2022\/11\/older-workers-have-many-advantages-and-experiences-casual.jpeg\"\n                    class=\"attachment-medium_large size-medium_large wp-post-image\" alt=\"mountains covered by fog\"\n                    decoding=\"async\"\n                    srcset=\"https:\/\/www.sassi-llc.eu\/wp-content\/uploads\/2022\/11\/older-workers-have-many-advantages-and-experiences-casual.jpeg 768w, https:\/\/www.sassi-llc.eu\/wp-content\/uploads\/2022\/11\/older-workers-have-many-advantages-and-experiences-casual-300x300.jpeg 300w, https:\/\/www.sassi-llc.eu\/wp-content\/uploads\/2022\/11\/older-workers-have-many-advantages-and-experiences-casual-150x150.jpeg 1024w, https:\/\/www.sassi-llc.eu\/wp-content\/uploads\/2022\/11\/older-workers-have-many-advantages-and-experiences-casual.jpeg 1536w, https:\/\/www.sassi-llc.eu\/wp-content\/uploads\/2022\/11\/older-workers-have-many-advantages-and-experiences-casual.jpeg 1920w\"\n                    sizes=\"auto, (max-width: 768px) 100vw, 768px\" itemprop=\"image\" style=\"aspect-ratio: 4\/3;\"><\/a>\n            <h2 class=\"entry-title\">\n                <a href=\"https:\/\/www.sassi-llc.eu\/class\/i-3-better-than-ever-before-de\/\" rel=\"bookmark\">\n                    I. 3. Besser als je zuvor <\/a>\n            <\/h2>\n\n            <div class=\"entry-excerpt\">Verstehen Sie die besonderen Vorteile, die \u00e4ltere Arbeitnehmer haben, wenn es\n                darum geht neue Projekte anzusto\u00dfen.<\/div><a class=\"entry-button\" data-type=\"simple\"\n                href=\"https:\/\/www.sassi-llc.eu\/class\/i-3-better-than-ever-before-de\/\">Read More<svg width=\"17px\"\n                    height=\"17px\" viewBox=\"0 0 32 32\">\n                    <path\n                        d=\"M 21.1875 9.28125 L 19.78125 10.71875 L 24.0625 15 L 4 15 L 4 17 L 24.0625 17 L 19.78125 21.28125 L 21.1875 22.71875 L 27.90625 16 Z \">\n                    <\/path>\n                <\/svg><span class=\"screen-reader-text\">I. 3. Besser als je zuvor<\/span><\/a>\n        <\/article>\n        <article id=\"post-1410\"\n            class=\"entry-card post-1410 class type-class status-publish format-standard has-post-thumbnail hentry en-GB\"\n            data-reveal=\"yes:4\"><a class=\"ct-image-container\"\n                href=\"https:\/\/www.sassi-llc.eu\/class\/i-4-a-legacy-career-de\/\"\n                aria-label=\"I. 4. Eine etablierte Karriere\" tabindex=\"-1\"><img loading=\"lazy\" width=\"768\" height=\"512\"\n                    src=\"https:\/\/www.sassi-llc.eu\/wp-content\/uploads\/2022\/12\/older-person-barely-visible-behind-a-book-reading-business-casual.jpeg\"\n                    class=\"attachment-medium_large size-medium_large wp-post-image\" alt=\"behind books, studying\"\n                    decoding=\"async\"\n                    srcset=\"https:\/\/www.sassi-llc.eu\/wp-content\/uploads\/2022\/12\/older-person-barely-visible-behind-a-book-reading-business-casual.jpeg 768w, https:\/\/www.sassi-llc.eu\/wp-content\/uploads\/2022\/12\/older-person-barely-visible-behind-a-book-reading-business-casual-300x300.jpeg 300w, https:\/\/www.sassi-llc.eu\/wp-content\/uploads\/2022\/12\/older-person-barely-visible-behind-a-book-reading-business-casual-150x150.jpeg 1024w, https:\/\/www.sassi-llc.eu\/wp-content\/uploads\/2022\/12\/older-person-barely-visible-behind-a-book-reading-business-casual.jpeg 1536w, https:\/\/www.sassi-llc.eu\/wp-content\/uploads\/2022\/12\/older-person-barely-visible-behind-a-book-reading-business-casual.jpeg 1920w\"\n                    sizes=\"auto, (max-width: 768px) 100vw, 768px\" itemprop=\"image\" style=\"aspect-ratio: 4\/3;\"><\/a>\n            <h2 class=\"entry-title\">\n                <a href=\"https:\/\/www.sassi-llc.eu\/class\/i-4-a-legacy-career-de\/\" rel=\"bookmark\">\n                    I. 4. Eine etablierte Karriere <\/a>\n            <\/h2>\n\n            <div class=\"entry-excerpt\">Das Konzept einer etablierten Legacy-Karriere verstehen und die Faktoren\n                identifizieren, die dazu beitragen, ein Verm\u00e4chtnis zu schaffen.<\/div><a class=\"entry-button\"\n                data-type=\"simple\" href=\"https:\/\/www.sassi-llc.eu\/class\/i-4-a-legacy-career-de\/\">Read More<svg\n                    width=\"17px\" height=\"17px\" viewBox=\"0 0 32 32\">\n                    <path\n                        d=\"M 21.1875 9.28125 L 19.78125 10.71875 L 24.0625 15 L 4 15 L 4 17 L 24.0625 17 L 19.78125 21.28125 L 21.1875 22.71875 L 27.90625 16 Z \">\n                    <\/path>\n                <\/svg><span class=\"screen-reader-text\">I. 4. Eine etablierte Karriere<\/span><\/a>\n        <\/article>\n        <article id=\"post-1414\"\n            class=\"entry-card post-1414 class type-class status-publish format-standard has-post-thumbnail hentry en-GB\"\n            data-reveal=\"bottom:no\"><a class=\"ct-image-container\"\n                href=\"https:\/\/www.sassi-llc.eu\/class\/i-5-dream-big-de\/\" aria-label=\"I. 5. Dream big!\"\n                tabindex=\"-1\"><img loading=\"lazy\" width=\"768\" height=\"391\"\n                    src=\"https:\/\/www.sassi-llc.eu\/wp-content\/uploads\/2022\/12\/older-bearded-hipster-man-with-dreamy-gaze-into-the-far.jpeg\"\n                    class=\"attachment-medium_large size-medium_large wp-post-image\" alt=\"bearded hipster business man\"\n                    decoding=\"async\"\n                    srcset=\"https:\/\/www.sassi-llc.eu\/wp-content\/uploads\/2022\/12\/older-bearded-hipster-man-with-dreamy-gaze-into-the-far.jpeg 768w, https:\/\/www.sassi-llc.eu\/wp-content\/uploads\/2022\/12\/older-bearded-hipster-man-with-dreamy-gaze-into-the-far-300x300.jpeg 300w, https:\/\/www.sassi-llc.eu\/wp-content\/uploads\/2022\/12\/older-bearded-hipster-man-with-dreamy-gaze-into-the-far-150x150.jpeg 1024w, https:\/\/www.sassi-llc.eu\/wp-content\/uploads\/2022\/12\/older-bearded-hipster-man-with-dreamy-gaze-into-the-far.jpeg 1536w, https:\/\/www.sassi-llc.eu\/wp-content\/uploads\/2022\/12\/older-bearded-hipster-man-with-dreamy-gaze-into-the-far.jpeg 2048w\"\n                    sizes=\"auto, (max-width: 768px) 100vw, 768px\" itemprop=\"image\" style=\"aspect-ratio: 4\/3;\"><\/a>\n            <h2 class=\"entry-title\">\n                <a href=\"https:\/\/www.sassi-llc.eu\/class\/i-5-dream-big-de\/\" rel=\"bookmark\">\n                    I. 5. Dream big! <\/a>\n            <\/h2>\n\n            <div class=\"entry-excerpt\">\u00dcberpr\u00fcfen Sie ein Beispiel f\u00fcr den Beginn einer unternehmerischen Initiative\n                \u00e4lterer Menschen und stellen Sie sich eine m\u00f6gliche Zukunft vor, in der die eigene Wirkung bereits\n                vorhanden ist.<\/div><a class=\"entry-button\" data-type=\"simple\"\n                href=\"https:\/\/www.sassi-llc.eu\/class\/i-5-dream-big-de\/\">Read More<svg width=\"17px\" height=\"17px\"\n                    viewBox=\"0 0 32 32\">\n                    <path\n                        d=\"M 21.1875 9.28125 L 19.78125 10.71875 L 24.0625 15 L 4 15 L 4 17 L 24.0625 17 L 19.78125 21.28125 L 21.1875 22.71875 L 27.90625 16 Z \">\n                    <\/path>\n                <\/svg><span class=\"screen-reader-text\">I. 5. Dream big!<\/span><\/a>\n        <\/article>\n    <\/div>\n<\/div>\n","protected":false},"excerpt":{"rendered":"<p>I. 1. Warum ist Olderpreneurship wichtig? \u00dcber das Konzept Olderpreneurship und Unterscheidung zwischen Entrepreneurship und Olderpreneurship. Read More I. 1. Warum ist Olderpreneurship wichtig? I. 2. Unternehmerische Denkweise Verstehen Sie den Unterschied zwischen einer dynamischen und einer statischen Denkweise und lernen Sie, Verhaltensweisen zu unterscheiden und wie sie zu der entsprechenden Denkweise f\u00fchren. Read More [&hellip;]<\/p>\n","protected":false},"author":4,"featured_media":4545,"parent":1499,"menu_order":1,"comment_status":"closed","ping_status":"closed","template":"","meta":{"inline_featured_image":false,"_locale":"de_DE_formal","_original_post":"https:\/\/www.sassi-llc.eu\/?page_id=2427","footnotes":""},"class_list":["post-2448","page","type-page","status-publish","has-post-thumbnail","hentry","de-DE"],"blocksy_meta":[],"_links":{"self":[{"href":"https:\/\/www.sassi-llc.eu\/wp-json\/wp\/v2\/pages\/2448","targetHints":{"allow":["GET"]}}],"collection":[{"href":"https:\/\/www.sassi-llc.eu\/wp-json\/wp\/v2\/pages"}],"about":[{"href":"https:\/\/www.sassi-llc.eu\/wp-json\/wp\/v2\/types\/page"}],"author":[{"embeddable":true,"href":"https:\/\/www.sassi-llc.eu\/wp-json\/wp\/v2\/users\/4"}],"replies":[{"embeddable":true,"href":"https:\/\/www.sassi-llc.eu\/wp-json\/wp\/v2\/comments?post=2448"}],"version-history":[{"count":3,"href":"https:\/\/www.sassi-llc.eu\/wp-json\/wp\/v2\/pages\/2448\/revisions"}],"predecessor-version":[{"id":3858,"href":"https:\/\/www.sassi-llc.eu\/wp-json\/wp\/v2\/pages\/2448\/revisions\/3858"}],"up":[{"embeddable":true,"href":"https:\/\/www.sassi-llc.eu\/wp-json\/wp\/v2\/pages\/1499"}],"wp:featuredmedia":[{"embeddable":true,"href":"https:\/\/www.sassi-llc.eu\/wp-json\/wp\/v2\/media\/4545"}],"wp:attachment":[{"href":"https:\/\/www.sassi-llc.eu\/wp-json\/wp\/v2\/media?parent=2448"}],"curies":[{"name":"wp","href":"https:\/\/api.w.org\/{rel}","templated":true}]}}