{"id":2451,"date":"2023-10-16T13:23:13","date_gmt":"2023-10-16T13:23:13","guid":{"rendered":"https:\/\/www.sassi-llc.eu\/?page_id=2451"},"modified":"2024-08-28T08:17:45","modified_gmt":"2024-08-28T08:17:45","slug":"chapter-ii-the-various-ways-of-becoming-entrepreneurial","status":"publish","type":"page","link":"https:\/\/www.sassi-llc.eu\/de\/courses\/course-olderpreneurship\/chapter-ii-the-various-ways-of-becoming-entrepreneurial\/","title":{"rendered":"Kapitel II &#8211; Die verschiedenen M\u00f6glichkeiten, unternehmerisch t\u00e4tig zu werden"},"content":{"rendered":"\n<div class=\"ct-posts-shortcode\" data-prefix=\"class_archive\">\n    <div class=\"entries\" data-archive=\"default\" data-layout=\"grid\" data-cards=\"simple\">\n        <article id=\"post-1421\"\n            class=\"entry-card post-1421 class type-class status-publish format-standard has-post-thumbnail hentry en-GB\"\n            data-reveal=\"bottom:no\"><a class=\"ct-image-container\"\n                href=\"https:\/\/www.sassi-llc.eu\/class\/ii-1-the-various-ways-of-becoming-entrepreneurial-de\/\"\n                aria-label=\"II. 1. Die verschiedenen M\u00f6glichkeiten, unternehmerisch t\u00e4tig zu werden\" tabindex=\"-1\"><img loading=\"lazy\"\n                    width=\"768\" height=\"512\"\n                    src=\"https:\/\/www.sassi-llc.eu\/wp-content\/uploads\/2023\/05\/lady-with-very-short-grey-hair-and-bold-glasses-points-in-two-different-directions-business-casual.jpeg\"\n                    class=\"attachment-medium_large size-medium_large wp-post-image\" alt=\"entrepreneur\" decoding=\"async\"\n                    srcset=\"https:\/\/www.sassi-llc.eu\/wp-content\/uploads\/2023\/05\/lady-with-very-short-grey-hair-and-bold-glasses-points-in-two-different-directions-business-casual.jpeg 768w, https:\/\/www.sassi-llc.eu\/wp-content\/uploads\/2023\/05\/lady-with-very-short-grey-hair-and-bold-glasses-points-in-two-different-directions-business-casual-300x300.jpeg 300w, https:\/\/www.sassi-llc.eu\/wp-content\/uploads\/2023\/05\/lady-with-very-short-grey-hair-and-bold-glasses-points-in-two-different-directions-business-casual-150x150.jpeg 1024w, https:\/\/www.sassi-llc.eu\/wp-content\/uploads\/2023\/05\/lady-with-very-short-grey-hair-and-bold-glasses-points-in-two-different-directions-business-casual.jpeg 1536w, https:\/\/www.sassi-llc.eu\/wp-content\/uploads\/2023\/05\/lady-with-very-short-grey-hair-and-bold-glasses-points-in-two-different-directions-business-casual.jpeg 2048w\"\n                    sizes=\"auto, (max-width: 768px) 100vw, 768px\" itemprop=\"image\" style=\"aspect-ratio: 4\/3;\"><\/a>\n            <h2 class=\"entry-title\">\n                <a href=\"https:\/\/www.sassi-llc.eu\/class\/ii-1-the-various-ways-of-becoming-entrepreneurial-de\/\"\n                    rel=\"bookmark\">\n                    II. 1. Die verschiedenen M\u00f6glichkeiten, unternehmerisch t\u00e4tig zu werden <\/a>\n            <\/h2>\n\n            <div class=\"entry-excerpt\">\u00c4lterer Unternehmer zu werden wird oft mit &#8222;Unternehmensgr\u00fcndung&#8220; assoziiert und\n                kann f\u00fcr manche Menschen ziemlich \u00fcberw\u00e4ltigend sein. Es gibt jedoch verschiedene M\u00f6glichkeiten, den\n                \u00dcbergang zu einer unternehmerischen Arbeitsweise zu vollziehen.<\/div><a class=\"entry-button\"\n                data-type=\"simple\"\n                href=\"https:\/\/www.sassi-llc.eu\/class\/ii-1-the-various-ways-of-becoming-entrepreneurial-de\/\">Read\n                More<svg width=\"17px\" height=\"17px\" viewBox=\"0 0 32 32\">\n                    <path\n                        d=\"M 21.1875 9.28125 L 19.78125 10.71875 L 24.0625 15 L 4 15 L 4 17 L 24.0625 17 L 19.78125 21.28125 L 21.1875 22.71875 L 27.90625 16 Z \">\n                    <\/path>\n                <\/svg><span class=\"screen-reader-text\">II. 1. Die verschiedenen M\u00f6glichkeiten, unternehmerisch t\u00e4tig zu\n                    werden<\/span><\/a>\n        <\/article>\n        <article id=\"post-1425\"\n            class=\"entry-card post-1425 class type-class status-publish format-standard has-post-thumbnail hentry en-GB\"\n            data-reveal=\"bottom:no\"><a class=\"ct-image-container\"\n                href=\"https:\/\/www.sassi-llc.eu\/class\/ii-2-turning-your-hobby-into-a-freelance-career-de\/\"\n                aria-label=\"II. 2. Aus dem Hobby eine Freiberufler-Karriere machen\" tabindex=\"-1\"><img loading=\"lazy\" width=\"768\"\n                    height=\"1270\"\n                    src=\"https:\/\/www.sassi-llc.eu\/wp-content\/uploads\/2022\/12\/d5f706da-3549-45e5-a813-d8bb21ab4c14-768x768.jpeg\"\n                    class=\"attachment-medium_large size-medium_large wp-post-image\" alt=\"working senior man\"\n                    decoding=\"async\"\n                    srcset=\"https:\/\/www.sassi-llc.eu\/wp-content\/uploads\/2022\/12\/d5f706da-3549-45e5-a813-d8bb21ab4c14-768x768.jpeg 768w, https:\/\/www.sassi-llc.eu\/wp-content\/uploads\/2022\/12\/d5f706da-3549-45e5-a813-d8bb21ab4c14-300x300.jpeg 181w, https:\/\/www.sassi-llc.eu\/wp-content\/uploads\/2022\/12\/d5f706da-3549-45e5-a813-d8bb21ab4c14-150x150.jpeg 619w, https:\/\/www.sassi-llc.eu\/wp-content\/uploads\/2022\/12\/d5f706da-3549-45e5-a813-d8bb21ab4c14.jpeg 929w, https:\/\/www.sassi-llc.eu\/wp-content\/uploads\/2022\/12\/d5f706da-3549-45e5-a813-d8bb21ab4c14.jpeg 1238w, https:\/\/www.sassi-llc.eu\/wp-content\/uploads\/2022\/12\/d5f706da-3549-45e5-a813-d8bb21ab4c14.jpeg 1548w\"\n                    sizes=\"auto, (max-width: 768px) 100vw, 768px\" itemprop=\"image\" style=\"aspect-ratio: 4\/3;\"><\/a>\n            <h2 class=\"entry-title\">\n                <a href=\"https:\/\/www.sassi-llc.eu\/class\/ii-2-turning-your-hobby-into-a-freelance-career-de\/\"\n                    rel=\"bookmark\">\n                    II. 2. Aus dem Hobby eine Freiberufler-Karriere machen <\/a>\n            <\/h2>\n\n            <div class=\"entry-excerpt\">Kurze Einf\u00fchrung in die Rahmenbedingungen des Freelancings &#8211; aus dem Hobby eine\n                Karriere als Freiberufler machen. Wir geben Ihnen Beispiele f\u00fcr verschiedene Freelancing-Projekte und\n                erkunden, ob Freelancing das Richtige f\u00fcr Sie ist.<\/div><a class=\"entry-button\" data-type=\"simple\"\n                href=\"https:\/\/www.sassi-llc.eu\/class\/ii-2-turning-your-hobby-into-a-freelance-career-de\/\">Read\n                More<svg width=\"17px\" height=\"17px\" viewBox=\"0 0 32 32\">\n                    <path\n                        d=\"M 21.1875 9.28125 L 19.78125 10.71875 L 24.0625 15 L 4 15 L 4 17 L 24.0625 17 L 19.78125 21.28125 L 21.1875 22.71875 L 27.90625 16 Z \">\n                    <\/path>\n                <\/svg><span class=\"screen-reader-text\">II. 2. Aus dem Hobby eine Freiberufler-Karriere machen<\/span><\/a>\n        <\/article>\n        <article id=\"post-1429\"\n            class=\"entry-card post-1429 class type-class status-publish format-standard has-post-thumbnail hentry en-GB\"\n            data-reveal=\"bottom:no\"><a class=\"ct-image-container\"\n                href=\"https:\/\/www.sassi-llc.eu\/class\/ii-3-turning-your-knowledge-and-expertise-into-consulting-mentoring-de\/\"\n                aria-label=\"II. 3. Verwandeln Sie Ihr Wissen und Ihre Erfahrung in Beratung\/Mentoring\"\n                tabindex=\"-1\"><img loading=\"lazy\" width=\"768\" height=\"513\"\n                    src=\"https:\/\/www.sassi-llc.eu\/wp-content\/uploads\/2023\/05\/Turning-your-knowledge-and-expertise-into-consulting-mentoring-gentleman-in-his-sixties-business-casual-768x768.jpeg\"\n                    class=\"attachment-medium_large size-medium_large wp-post-image\" alt=\"mentor\" decoding=\"async\"\n                    srcset=\"https:\/\/www.sassi-llc.eu\/wp-content\/uploads\/2023\/05\/Turning-your-knowledge-and-expertise-into-consulting-mentoring-gentleman-in-his-sixties-business-casual-768x768.jpeg 768w, https:\/\/www.sassi-llc.eu\/wp-content\/uploads\/2023\/05\/Turning-your-knowledge-and-expertise-into-consulting-mentoring-gentleman-in-his-sixties-business-casual-300x300.jpeg 300w, https:\/\/www.sassi-llc.eu\/wp-content\/uploads\/2023\/05\/Turning-your-knowledge-and-expertise-into-consulting-mentoring-gentleman-in-his-sixties-business-casual.jpeg 1017w\"\n                    sizes=\"auto, (max-width: 768px) 100vw, 768px\" itemprop=\"image\" style=\"aspect-ratio: 4\/3;\"><\/a>\n            <h2 class=\"entry-title\">\n                <a href=\"https:\/\/www.sassi-llc.eu\/class\/ii-3-turning-your-knowledge-and-expertise-into-consulting-mentoring-de\/\"\n                    rel=\"bookmark\">\n                    II. 3. Verwandeln Sie Ihr Wissen und Ihre Erfahrung in Beratung\/Mentoring <\/a>\n            <\/h2>\n\n            <div class=\"entry-excerpt\">Verstehen Sie das Konzept von Beratung und Mentoring und lernen Sie den\n                Unterschied zwischen den beiden Konzepten kennen.<\/div><a class=\"entry-button\" data-type=\"simple\"\n                href=\"https:\/\/www.sassi-llc.eu\/class\/ii-3-turning-your-knowledge-and-expertise-into-consulting-mentoring-de\/\">Read\n                More<svg width=\"17px\" height=\"17px\" viewBox=\"0 0 32 32\">\n                    <path\n                        d=\"M 21.1875 9.28125 L 19.78125 10.71875 L 24.0625 15 L 4 15 L 4 17 L 24.0625 17 L 19.78125 21.28125 L 21.1875 22.71875 L 27.90625 16 Z \">\n                    <\/path>\n                <\/svg><span class=\"screen-reader-text\">II. 3. Verwandeln Sie Ihr Wissen und Ihre Erfahrung in\n                    Beratung\/Mentoring<\/span><\/a>\n        <\/article>\n        <article id=\"post-1431\"\n            class=\"entry-card post-1431 class type-class status-publish format-standard has-post-thumbnail hentry en-GB\"\n            data-reveal=\"bottom:no\"><a class=\"ct-image-container\"\n                href=\"https:\/\/www.sassi-llc.eu\/class\/ii-4-turning-your-mission-into-a-social-business-de\/\"\n                aria-label=\"II. 4. Die eigene Mission in ein soziales Unternehmen verwandeln\" tabindex=\"-1\"><img loading=\"lazy\"\n                    width=\"768\" height=\"512\"\n                    src=\"https:\/\/www.sassi-llc.eu\/wp-content\/uploads\/2023\/05\/Turning-your-mission-into-a-social-business-lady-in-her-sixties-business-casual.jpeg\"\n                    class=\"attachment-medium_large size-medium_large wp-post-image\" alt=\"demonstrate\" decoding=\"async\"\n                    itemprop=\"image\" style=\"aspect-ratio: 4\/3;\"><\/a>\n            <h2 class=\"entry-title\">\n                <a href=\"https:\/\/www.sassi-llc.eu\/class\/ii-4-turning-your-mission-into-a-social-business-de\/\"\n                    rel=\"bookmark\">\n                    II. 4. Die eigene Mission in ein soziales Unternehmen verwandeln <\/a>\n            <\/h2>\n\n            <div class=\"entry-excerpt\">Verstehen Sie die Grunds\u00e4tze des sozialen Unternehmertums und lernen Sie die\n                Bedingungen f\u00fcr die Gr\u00fcndung und den Betrieb eines Sozialunternehmens kennen.<\/div><a\n                class=\"entry-button\" data-type=\"simple\"\n                href=\"https:\/\/www.sassi-llc.eu\/class\/ii-4-turning-your-mission-into-a-social-business-de\/\">Read\n                More<svg width=\"17px\" height=\"17px\" viewBox=\"0 0 32 32\">\n                    <path\n                        d=\"M 21.1875 9.28125 L 19.78125 10.71875 L 24.0625 15 L 4 15 L 4 17 L 24.0625 17 L 19.78125 21.28125 L 21.1875 22.71875 L 27.90625 16 Z \">\n                    <\/path>\n                <\/svg><span class=\"screen-reader-text\">II. 4. Die eigene Mission in ein soziales Unternehmen\n                    verwandeln<\/span><\/a>\n        <\/article>\n    <\/div>\n<\/div>\n","protected":false},"excerpt":{"rendered":"<p>II. 1. Die verschiedenen M\u00f6glichkeiten, unternehmerisch t\u00e4tig zu werden \u00c4lterer Unternehmer zu werden wird oft mit &#8222;Unternehmensgr\u00fcndung&#8220; assoziiert und kann f\u00fcr manche Menschen ziemlich \u00fcberw\u00e4ltigend sein. Es gibt jedoch verschiedene M\u00f6glichkeiten, den \u00dcbergang zu einer unternehmerischen Arbeitsweise zu vollziehen. Read More II. 1. Die verschiedenen M\u00f6glichkeiten, unternehmerisch t\u00e4tig zu werden II. 2. Aus dem Hobby [&hellip;]<\/p>\n","protected":false},"author":4,"featured_media":4543,"parent":1499,"menu_order":2,"comment_status":"closed","ping_status":"closed","template":"","meta":{"inline_featured_image":false,"_locale":"de_DE_formal","_original_post":"https:\/\/www.sassi-llc.eu\/?page_id=2429","footnotes":""},"class_list":["post-2451","page","type-page","status-publish","has-post-thumbnail","hentry","de-DE"],"blocksy_meta":[],"_links":{"self":[{"href":"https:\/\/www.sassi-llc.eu\/wp-json\/wp\/v2\/pages\/2451","targetHints":{"allow":["GET"]}}],"collection":[{"href":"https:\/\/www.sassi-llc.eu\/wp-json\/wp\/v2\/pages"}],"about":[{"href":"https:\/\/www.sassi-llc.eu\/wp-json\/wp\/v2\/types\/page"}],"author":[{"embeddable":true,"href":"https:\/\/www.sassi-llc.eu\/wp-json\/wp\/v2\/users\/4"}],"replies":[{"embeddable":true,"href":"https:\/\/www.sassi-llc.eu\/wp-json\/wp\/v2\/comments?post=2451"}],"version-history":[{"count":2,"href":"https:\/\/www.sassi-llc.eu\/wp-json\/wp\/v2\/pages\/2451\/revisions"}],"predecessor-version":[{"id":3864,"href":"https:\/\/www.sassi-llc.eu\/wp-json\/wp\/v2\/pages\/2451\/revisions\/3864"}],"up":[{"embeddable":true,"href":"https:\/\/www.sassi-llc.eu\/wp-json\/wp\/v2\/pages\/1499"}],"wp:featuredmedia":[{"embeddable":true,"href":"https:\/\/www.sassi-llc.eu\/wp-json\/wp\/v2\/media\/4543"}],"wp:attachment":[{"href":"https:\/\/www.sassi-llc.eu\/wp-json\/wp\/v2\/media?parent=2451"}],"curies":[{"name":"wp","href":"https:\/\/api.w.org\/{rel}","templated":true}]}}