{"id":2453,"date":"2023-10-16T13:25:27","date_gmt":"2023-10-16T13:25:27","guid":{"rendered":"https:\/\/www.sassi-llc.eu\/?page_id=2453"},"modified":"2024-08-28T08:19:34","modified_gmt":"2024-08-28T08:19:34","slug":"chapter-iii-the-soft-skills-of-entrepreneurship","status":"publish","type":"page","link":"https:\/\/www.sassi-llc.eu\/de\/courses\/course-olderpreneurship\/chapter-iii-the-soft-skills-of-entrepreneurship\/","title":{"rendered":"Kapitel III &#8211; Die \u201cSoft Skills\u201d des Unternehmertums"},"content":{"rendered":"\n<div class=\"ct-posts-shortcode\" data-prefix=\"class_archive\">\n    <div class=\"entries\" data-archive=\"default\" data-layout=\"grid\" data-cards=\"simple\">\n        <article id=\"post-1437\"\n            class=\"entry-card post-1437 class type-class status-publish format-standard has-post-thumbnail hentry en-GB\"\n            data-reveal=\"bottom:no\"><a class=\"ct-image-container\"\n                href=\"https:\/\/www.sassi-llc.eu\/class\/iii-1-the-soft-skills-of-entrepreneurship-de\/\"\n                aria-label=\"III. 1. Die \u201eSoft Skills\u201c des Unternehmertums\" tabindex=\"-1\"><img loading=\"lazy\" width=\"768\" height=\"513\"\n                    src=\"https:\/\/www.sassi-llc.eu\/wp-content\/uploads\/2023\/05\/The-\u2018soft-skills-of-entrepreneurship-person-55-years-business-casual-no-text.jpeg\"\n                    class=\"attachment-medium_large size-medium_large wp-post-image\" alt=\"\" decoding=\"async\"\n                    srcset=\"https:\/\/www.sassi-llc.eu\/wp-content\/uploads\/2023\/05\/The-\u2018soft-skills-of-entrepreneurship-person-55-years-business-casual-no-text.jpeg 768w, https:\/\/www.sassi-llc.eu\/wp-content\/uploads\/2023\/05\/The-\u2018soft-skills-of-entrepreneurship-person-55-years-business-casual-no-text-300x300.jpeg 300w, https:\/\/www.sassi-llc.eu\/wp-content\/uploads\/2023\/05\/The-\u2018soft-skills-of-entrepreneurship-person-55-years-business-casual-no-text-150x150.jpeg 1024w, https:\/\/www.sassi-llc.eu\/wp-content\/uploads\/2023\/05\/The-\u2018soft-skills-of-entrepreneurship-person-55-years-business-casual-no-text.jpeg 1536w, https:\/\/www.sassi-llc.eu\/wp-content\/uploads\/2023\/05\/The-\u2018soft-skills-of-entrepreneurship-person-55-years-business-casual-no-text.jpeg 2048w\"\n                    sizes=\"auto, (max-width: 768px) 100vw, 768px\" itemprop=\"image\" style=\"aspect-ratio: 4\/3;\"><\/a>\n            <h2 class=\"entry-title\">\n                <a href=\"https:\/\/www.sassi-llc.eu\/class\/iii-1-the-soft-skills-of-entrepreneurship-de\/\"\n                    rel=\"bookmark\">\n                    III. 1. Die \u201eSoft Skills\u201c des Unternehmertums <\/a>\n            <\/h2>\n\n            <div class=\"entry-excerpt\">Was sind Soft Skills und warum sollten wir uns um sie k\u00fcmmern? Was ist der\n                Mehrwert der Selbstreflexion und findet sie AUSSERHALB des Therapeutenkabinetts statt?<\/div><a\n                class=\"entry-button\" data-type=\"simple\"\n                href=\"https:\/\/www.sassi-llc.eu\/class\/iii-1-the-soft-skills-of-entrepreneurship-de\/\">Read More<svg\n                    width=\"17px\" height=\"17px\" viewBox=\"0 0 32 32\">\n                    <path\n                        d=\"M 21.1875 9.28125 L 19.78125 10.71875 L 24.0625 15 L 4 15 L 4 17 L 24.0625 17 L 19.78125 21.28125 L 21.1875 22.71875 L 27.90625 16 Z \">\n                    <\/path>\n                <\/svg><span class=\"screen-reader-text\">III. 1. Die \u201eSoft Skills\u201c des Unternehmertums<\/span><\/a>\n        <\/article>\n        <article id=\"post-1440\"\n            class=\"entry-card post-1440 class type-class status-publish format-standard has-post-thumbnail hentry en-GB\"\n            data-reveal=\"bottom:no\"><a class=\"ct-image-container\"\n                href=\"https:\/\/www.sassi-llc.eu\/class\/iii-2-the-rider-and-the-elephant-the-engine-behind-soft-skills-de\/\"\n                aria-label=\"III. 2. Der Reiter und der Elefant \u2013 der Motor HINTER den Soft Skills\" tabindex=\"-1\"><img loading=\"lazy\"\n                    width=\"768\" height=\"512\"\n                    src=\"https:\/\/www.sassi-llc.eu\/wp-content\/uploads\/2022\/12\/birds-view-on-a-desk-with-a-computer-and-a-keyboard-hands-of-a-older-persons-typing.jpeg\"\n                    class=\"attachment-medium_large size-medium_large wp-post-image\" alt=\"\" decoding=\"async\"\n                    srcset=\"https:\/\/www.sassi-llc.eu\/wp-content\/uploads\/2022\/12\/birds-view-on-a-desk-with-a-computer-and-a-keyboard-hands-of-a-older-persons-typing.jpeg 768w, https:\/\/www.sassi-llc.eu\/wp-content\/uploads\/2022\/12\/birds-view-on-a-desk-with-a-computer-and-a-keyboard-hands-of-a-older-persons-typing-300x300.jpeg 300w, https:\/\/www.sassi-llc.eu\/wp-content\/uploads\/2022\/12\/birds-view-on-a-desk-with-a-computer-and-a-keyboard-hands-of-a-older-persons-typing-150x150.jpeg 1024w, https:\/\/www.sassi-llc.eu\/wp-content\/uploads\/2022\/12\/birds-view-on-a-desk-with-a-computer-and-a-keyboard-hands-of-a-older-persons-typing.jpeg 1536w, https:\/\/www.sassi-llc.eu\/wp-content\/uploads\/2022\/12\/birds-view-on-a-desk-with-a-computer-and-a-keyboard-hands-of-a-older-persons-typing.jpeg 1920w\"\n                    sizes=\"auto, (max-width: 768px) 100vw, 768px\" itemprop=\"image\" style=\"aspect-ratio: 4\/3;\"><\/a>\n            <h2 class=\"entry-title\">\n                <a href=\"https:\/\/www.sassi-llc.eu\/class\/iii-2-the-rider-and-the-elephant-the-engine-behind-soft-skills-de\/\"\n                    rel=\"bookmark\">\n                    III. 2. Der Reiter und der Elefant \u2013 der Motor HINTER den Soft Skills <\/a>\n            <\/h2>\n\n            <div class=\"entry-excerpt\">Welches ist das faulste Organ in unserem K\u00f6rper und wie kann man damit umgehen?\n            <\/div><a class=\"entry-button\" data-type=\"simple\"\n                href=\"https:\/\/www.sassi-llc.eu\/class\/iii-2-the-rider-and-the-elephant-the-engine-behind-soft-skills-de\/\">Read\n                More<svg width=\"17px\" height=\"17px\" viewBox=\"0 0 32 32\">\n                    <path\n                        d=\"M 21.1875 9.28125 L 19.78125 10.71875 L 24.0625 15 L 4 15 L 4 17 L 24.0625 17 L 19.78125 21.28125 L 21.1875 22.71875 L 27.90625 16 Z \">\n                    <\/path>\n                <\/svg><span class=\"screen-reader-text\">III. 2. Der Reiter und der Elefant \u2013 der Motor HINTER den Soft\n                    Skills<\/span><\/a>\n        <\/article>\n        <article id=\"post-1443\"\n            class=\"entry-card post-1443 class type-class status-publish format-standard has-post-thumbnail hentry en-GB\"\n            data-reveal=\"bottom:no\"><a class=\"ct-image-container\"\n                href=\"https:\/\/www.sassi-llc.eu\/class\/iii-3-olderpreneurship-fear-and-resistance-de\/\"\n                aria-label=\"III. 3. Olderpreneurship, Angst und Widerstand\" tabindex=\"-1\"><img loading=\"lazy\" width=\"768\" height=\"512\"\n                    src=\"https:\/\/www.sassi-llc.eu\/wp-content\/uploads\/2022\/12\/older-person-barely-visible-behind-a-book-reading-business-casual.jpeg\"\n                    class=\"attachment-medium_large size-medium_large wp-post-image\" alt=\"behind books, studying\"\n                    decoding=\"async\"\n                    srcset=\"https:\/\/www.sassi-llc.eu\/wp-content\/uploads\/2022\/12\/older-person-barely-visible-behind-a-book-reading-business-casual.jpeg 768w, https:\/\/www.sassi-llc.eu\/wp-content\/uploads\/2022\/12\/older-person-barely-visible-behind-a-book-reading-business-casual-300x300.jpeg 300w, https:\/\/www.sassi-llc.eu\/wp-content\/uploads\/2022\/12\/older-person-barely-visible-behind-a-book-reading-business-casual-150x150.jpeg 1024w, https:\/\/www.sassi-llc.eu\/wp-content\/uploads\/2022\/12\/older-person-barely-visible-behind-a-book-reading-business-casual.jpeg 1536w, https:\/\/www.sassi-llc.eu\/wp-content\/uploads\/2022\/12\/older-person-barely-visible-behind-a-book-reading-business-casual.jpeg 1920w\"\n                    sizes=\"auto, (max-width: 768px) 100vw, 768px\" itemprop=\"image\" style=\"aspect-ratio: 4\/3;\"><\/a>\n            <h2 class=\"entry-title\">\n                <a href=\"https:\/\/www.sassi-llc.eu\/class\/iii-3-olderpreneurship-fear-and-resistance-de\/\"\n                    rel=\"bookmark\">\n                    III. 3. Olderpreneurship, Angst und Widerstand <\/a>\n            <\/h2>\n\n            <div class=\"entry-excerpt\">Lernen Sie, wie Sie Ver\u00e4nderungen meistern k\u00f6nnen, indem Sie mit \u00c4ngsten und\n                Bef\u00fcrchtungen bei neuen Unternehmungen umgehen. Einschlie\u00dflich einer praktischen \u00dcbung.<\/div><a\n                class=\"entry-button\" data-type=\"simple\"\n                href=\"https:\/\/www.sassi-llc.eu\/class\/iii-3-olderpreneurship-fear-and-resistance-de\/\">Read More<svg\n                    width=\"17px\" height=\"17px\" viewBox=\"0 0 32 32\">\n                    <path\n                        d=\"M 21.1875 9.28125 L 19.78125 10.71875 L 24.0625 15 L 4 15 L 4 17 L 24.0625 17 L 19.78125 21.28125 L 21.1875 22.71875 L 27.90625 16 Z \">\n                    <\/path>\n                <\/svg><span class=\"screen-reader-text\">III. 3. Olderpreneurship, Angst und Widerstand<\/span><\/a>\n        <\/article>\n        <article id=\"post-1447\"\n            class=\"entry-card post-1447 class type-class status-publish format-standard has-post-thumbnail hentry en-GB\"\n            data-reveal=\"bottom:no\"><a class=\"ct-image-container\"\n                href=\"https:\/\/www.sassi-llc.eu\/class\/iii-4-evaluating-soft-skills-de\/\"\n                aria-label=\"III. 4. Bewertung von Soft Skills\" tabindex=\"-1\"><img loading=\"lazy\" width=\"768\" height=\"512\"\n                    src=\"https:\/\/www.sassi-llc.eu\/wp-content\/uploads\/2022\/12\/evaluationg-soft-skills-old-person-i60-years-business-casual-in-cafe.jpeg\"\n                    class=\"attachment-medium_large size-medium_large wp-post-image\" alt=\"Cappuccino and Smartphone\"\n                    decoding=\"async\"\n                    srcset=\"https:\/\/www.sassi-llc.eu\/wp-content\/uploads\/2022\/12\/evaluationg-soft-skills-old-person-i60-years-business-casual-in-cafe.jpeg 768w, https:\/\/www.sassi-llc.eu\/wp-content\/uploads\/2022\/12\/evaluationg-soft-skills-old-person-i60-years-business-casual-in-cafe-300x300.jpeg 300w, https:\/\/www.sassi-llc.eu\/wp-content\/uploads\/2022\/12\/evaluationg-soft-skills-old-person-i60-years-business-casual-in-cafe-150x150.jpeg 1024w, https:\/\/www.sassi-llc.eu\/wp-content\/uploads\/2022\/12\/evaluationg-soft-skills-old-person-i60-years-business-casual-in-cafe.jpeg 1536w, https:\/\/www.sassi-llc.eu\/wp-content\/uploads\/2022\/12\/evaluationg-soft-skills-old-person-i60-years-business-casual-in-cafe.jpeg 1920w\"\n                    sizes=\"auto, (max-width: 768px) 100vw, 768px\" itemprop=\"image\" style=\"aspect-ratio: 4\/3;\"><\/a>\n            <h2 class=\"entry-title\">\n                <a href=\"https:\/\/www.sassi-llc.eu\/class\/iii-4-evaluating-soft-skills-de\/\" rel=\"bookmark\">\n                    III. 4. Bewertung von Soft Skills <\/a>\n            <\/h2>\n\n            <div class=\"entry-excerpt\">Kenne ich alle Seiten des Diamanten? \u00dcber vergangene Erfahrungen nachdenken.\n            <\/div><a class=\"entry-button\" data-type=\"simple\"\n                href=\"https:\/\/www.sassi-llc.eu\/class\/iii-4-evaluating-soft-skills-de\/\">Read More<svg width=\"17px\"\n                    height=\"17px\" viewBox=\"0 0 32 32\">\n                    <path\n                        d=\"M 21.1875 9.28125 L 19.78125 10.71875 L 24.0625 15 L 4 15 L 4 17 L 24.0625 17 L 19.78125 21.28125 L 21.1875 22.71875 L 27.90625 16 Z \">\n                    <\/path>\n                <\/svg><span class=\"screen-reader-text\">III. 4. Bewertung von Soft Skills<\/span><\/a>\n        <\/article>\n    <\/div>\n<\/div>\n","protected":false},"excerpt":{"rendered":"<p>III. 1. Die \u201eSoft Skills\u201c des Unternehmertums Was sind Soft Skills und warum sollten wir uns um sie k\u00fcmmern? Was ist der Mehrwert der Selbstreflexion und findet sie AUSSERHALB des Therapeutenkabinetts statt? Read More III. 1. Die \u201eSoft Skills\u201c des Unternehmertums III. 2. Der Reiter und der Elefant \u2013 der Motor HINTER den Soft Skills [&hellip;]<\/p>\n","protected":false},"author":4,"featured_media":4541,"parent":1499,"menu_order":3,"comment_status":"closed","ping_status":"closed","template":"","meta":{"inline_featured_image":false,"_locale":"de_DE_formal","_original_post":"https:\/\/www.sassi-llc.eu\/?page_id=2431","footnotes":""},"class_list":["post-2453","page","type-page","status-publish","has-post-thumbnail","hentry","de-DE"],"blocksy_meta":[],"_links":{"self":[{"href":"https:\/\/www.sassi-llc.eu\/wp-json\/wp\/v2\/pages\/2453","targetHints":{"allow":["GET"]}}],"collection":[{"href":"https:\/\/www.sassi-llc.eu\/wp-json\/wp\/v2\/pages"}],"about":[{"href":"https:\/\/www.sassi-llc.eu\/wp-json\/wp\/v2\/types\/page"}],"author":[{"embeddable":true,"href":"https:\/\/www.sassi-llc.eu\/wp-json\/wp\/v2\/users\/4"}],"replies":[{"embeddable":true,"href":"https:\/\/www.sassi-llc.eu\/wp-json\/wp\/v2\/comments?post=2453"}],"version-history":[{"count":2,"href":"https:\/\/www.sassi-llc.eu\/wp-json\/wp\/v2\/pages\/2453\/revisions"}],"predecessor-version":[{"id":4554,"href":"https:\/\/www.sassi-llc.eu\/wp-json\/wp\/v2\/pages\/2453\/revisions\/4554"}],"up":[{"embeddable":true,"href":"https:\/\/www.sassi-llc.eu\/wp-json\/wp\/v2\/pages\/1499"}],"wp:featuredmedia":[{"embeddable":true,"href":"https:\/\/www.sassi-llc.eu\/wp-json\/wp\/v2\/media\/4541"}],"wp:attachment":[{"href":"https:\/\/www.sassi-llc.eu\/wp-json\/wp\/v2\/media?parent=2453"}],"curies":[{"name":"wp","href":"https:\/\/api.w.org\/{rel}","templated":true}]}}