{"id":2455,"date":"2023-10-16T13:28:22","date_gmt":"2023-10-16T13:28:22","guid":{"rendered":"https:\/\/www.sassi-llc.eu\/?page_id=2455"},"modified":"2024-09-24T07:53:39","modified_gmt":"2024-09-24T07:53:39","slug":"chapter-iv-from-ideas-to-practice-hard-business-skills","status":"publish","type":"page","link":"https:\/\/www.sassi-llc.eu\/de\/courses\/course-olderpreneurship\/chapter-iv-from-ideas-to-practice-hard-business-skills\/","title":{"rendered":"Kapitel IV &#8211; Von der Idee zur Praxis: Hard Business Skills"},"content":{"rendered":"\n<div class=\"ct-posts-shortcode\" data-prefix=\"class_archive\">\n    <div class=\"entries\" data-archive=\"default\" data-layout=\"grid\" data-cards=\"simple\">\n        <article id=\"post-1449\"\n            class=\"entry-card post-1449 class type-class status-publish format-standard has-post-thumbnail hentry en-GB\"\n            data-reveal=\"bottom:no\"><a class=\"ct-image-container\"\n                href=\"https:\/\/www.sassi-llc.eu\/class\/iv-1-from-ideas-to-practice-hard-business-skills-de\/\"\n                aria-label=\"IV. 1. Die Geburt einer Gesch\u00e4ftsidee: Design thinking\" tabindex=\"-1\"><img loading=\"lazy\" width=\"768\"\n                    height=\"513\"\n                    src=\"https:\/\/www.sassi-llc.eu\/wp-content\/uploads\/2023\/08\/open-suitcase-with-stationary-paper-pens-no-text.jpeg\"\n                    class=\"attachment-medium_large size-medium_large wp-post-image\"\n                    alt=\"suitcase with moderation and planning tools\" decoding=\"async\"\n                    srcset=\"https:\/\/www.sassi-llc.eu\/wp-content\/uploads\/2023\/08\/open-suitcase-with-stationary-paper-pens-no-text.jpeg 768w, https:\/\/www.sassi-llc.eu\/wp-content\/uploads\/2023\/08\/open-suitcase-with-stationary-paper-pens-no-text-300x300.jpeg 300w, https:\/\/www.sassi-llc.eu\/wp-content\/uploads\/2023\/08\/open-suitcase-with-stationary-paper-pens-no-text-150x150.jpeg 1024w, https:\/\/www.sassi-llc.eu\/wp-content\/uploads\/2023\/08\/open-suitcase-with-stationary-paper-pens-no-text.jpeg 1536w, https:\/\/www.sassi-llc.eu\/wp-content\/uploads\/2023\/08\/open-suitcase-with-stationary-paper-pens-no-text.jpeg 1920w\"\n                    sizes=\"auto, (max-width: 768px) 100vw, 768px\" itemprop=\"image\" style=\"aspect-ratio: 4\/3;\"><\/a>\n            <h2 class=\"entry-title\">\n                <a href=\"https:\/\/www.sassi-llc.eu\/class\/iv-1-from-ideas-to-practice-hard-business-skills-de\/\"\n                    rel=\"bookmark\">\n                    IV. 1.Die Geburt einer Gesch\u00e4ftsidee: Design thinking <\/a>\n            <\/h2>\n\n            <div class=\"entry-excerpt\">Die Geburt einer Gesch\u00e4ftsidee: Design Thinking &#8211; In diesem Thema lernen Sie das\n                Konzept des Design Thinking kennen und erfahren, warum es so erfolgreich ist.<\/div><a\n                class=\"entry-button\" data-type=\"simple\"\n                href=\"https:\/\/www.sassi-llc.eu\/class\/iv-1-from-ideas-to-practice-hard-business-skills-de\/\">Read\n                More<svg width=\"17px\" height=\"17px\" viewBox=\"0 0 32 32\">\n                    <path\n                        d=\"M 21.1875 9.28125 L 19.78125 10.71875 L 24.0625 15 L 4 15 L 4 17 L 24.0625 17 L 19.78125 21.28125 L 21.1875 22.71875 L 27.90625 16 Z \">\n                    <\/path>\n                <\/svg><span class=\"screen-reader-text\">IV. 1. Von der Idee zur Praxis: Hard Business Skills<\/span><\/a>\n        <\/article>\n        <article id=\"post-1457\"\n            class=\"entry-card post-1457 class type-class status-publish format-standard has-post-thumbnail hentry en-GB\"\n            data-reveal=\"bottom:no\"><a class=\"ct-image-container\"\n                href=\"https:\/\/www.sassi-llc.eu\/class\/iv-2-from-ideas-to-practice-hard-business-skills-de\/\"\n                aria-label=\"IV. 2. Meine Gesch\u00e4ftsidee: Realit\u00e4tspr\u00fcfung\" tabindex=\"-1\"><img loading=\"lazy\" width=\"768\"\n                    height=\"512\"\n                    src=\"https:\/\/www.sassi-llc.eu\/wp-content\/uploads\/2023\/08\/three-stacks-of-coins.jpeg\"\n                    class=\"attachment-medium_large size-medium_large wp-post-image\" alt=\"stacked coins\" decoding=\"async\"\n                    srcset=\"https:\/\/www.sassi-llc.eu\/wp-content\/uploads\/2023\/08\/three-stacks-of-coins.jpeg 768w, https:\/\/www.sassi-llc.eu\/wp-content\/uploads\/2023\/08\/three-stacks-of-coins-300x300.jpeg 300w, https:\/\/www.sassi-llc.eu\/wp-content\/uploads\/2023\/08\/three-stacks-of-coins-150x150.jpeg 1024w, https:\/\/www.sassi-llc.eu\/wp-content\/uploads\/2023\/08\/three-stacks-of-coins.jpeg 1536w, https:\/\/www.sassi-llc.eu\/wp-content\/uploads\/2023\/08\/three-stacks-of-coins.jpeg 1920w\"\n                    sizes=\"auto, (max-width: 768px) 100vw, 768px\" itemprop=\"image\" style=\"aspect-ratio: 4\/3;\"><\/a>\n            <h2 class=\"entry-title\">\n                <a href=\"https:\/\/www.sassi-llc.eu\/class\/iv-2-from-ideas-to-practice-hard-business-skills-de\/\"\n                    rel=\"bookmark\">\n                    IV. 2. Meine Gesch\u00e4ftsidee: Realit\u00e4tspr\u00fcfung <\/a>\n            <\/h2>\n\n            <div class=\"entry-excerpt\">Sie sind in der Lage, das Potenzial Ihrer Gesch\u00e4ftsidee zu visualisieren, zu\n                analysieren und zu bewerten und ein Gesch\u00e4ftsmodell f\u00fcr jede Art von Unternehmen zu entwerfen.<\/div><a\n                class=\"entry-button\" data-type=\"simple\"\n                href=\"https:\/\/www.sassi-llc.eu\/class\/iv-2-from-ideas-to-practice-hard-business-skills-de\/\">Read\n                More<svg width=\"17px\" height=\"17px\" viewBox=\"0 0 32 32\">\n                    <path\n                        d=\"M 21.1875 9.28125 L 19.78125 10.71875 L 24.0625 15 L 4 15 L 4 17 L 24.0625 17 L 19.78125 21.28125 L 21.1875 22.71875 L 27.90625 16 Z \">\n                    <\/path>\n                <\/svg><span class=\"screen-reader-text\">IV. 2. Von der Idee zur Praxis: Hard Business Skills<\/span><\/a>\n        <\/article>\n        <article id=\"post-1460\"\n            class=\"entry-card post-1460 class type-class status-publish format-standard has-post-thumbnail hentry en-GB\"\n            data-reveal=\"bottom:no\"><a class=\"ct-image-container\"\n                href=\"https:\/\/www.sassi-llc.eu\/class\/iv-3-funding-my-business-fundamentals-de\/\"\n                aria-label=\"IV. 3. Finanzierung meines Unternehmens: Grundlagen\" tabindex=\"-1\"><img loading=\"lazy\" width=\"768\"\n                    height=\"513\"\n                    src=\"https:\/\/www.sassi-llc.eu\/wp-content\/uploads\/2023\/08\/happy-couple-in-their-midfifties-reading-on-one-tablet-business-casual.jpeg\"\n                    class=\"attachment-medium_large size-medium_large wp-post-image\" alt=\"\" decoding=\"async\"\n                    srcset=\"https:\/\/www.sassi-llc.eu\/wp-content\/uploads\/2023\/08\/happy-couple-in-their-midfifties-reading-on-one-tablet-business-casual.jpeg 768w, https:\/\/www.sassi-llc.eu\/wp-content\/uploads\/2023\/08\/happy-couple-in-their-midfifties-reading-on-one-tablet-business-casual-300x300.jpeg 300w, https:\/\/www.sassi-llc.eu\/wp-content\/uploads\/2023\/08\/happy-couple-in-their-midfifties-reading-on-one-tablet-business-casual-150x150.jpeg 1024w, https:\/\/www.sassi-llc.eu\/wp-content\/uploads\/2023\/08\/happy-couple-in-their-midfifties-reading-on-one-tablet-business-casual.jpeg 1536w, https:\/\/www.sassi-llc.eu\/wp-content\/uploads\/2023\/08\/happy-couple-in-their-midfifties-reading-on-one-tablet-business-casual.jpeg 2048w\"\n                    sizes=\"auto, (max-width: 768px) 100vw, 768px\" itemprop=\"image\" style=\"aspect-ratio: 4\/3;\"><\/a>\n            <h2 class=\"entry-title\">\n                <a href=\"https:\/\/www.sassi-llc.eu\/class\/iv-3-funding-my-business-fundamentals-de\/\" rel=\"bookmark\">\n                    IV. 3. Finanzierung meines Unternehmens: Grundlagen <\/a>\n            <\/h2>\n\n            <div class=\"entry-excerpt\">Informieren Sie sich \u00fcber die verschiedenen Arten der Finanzierung je nach\n                Stadium Ihres Unternehmens und \u00fcber die verf\u00fcgbaren Bankkredite f\u00fcr Unternehmen.<\/div><a\n                class=\"entry-button\" data-type=\"simple\"\n                href=\"https:\/\/www.sassi-llc.eu\/class\/iv-3-funding-my-business-fundamentals-de\/\">Read More<svg\n                    width=\"17px\" height=\"17px\" viewBox=\"0 0 32 32\">\n                    <path\n                        d=\"M 21.1875 9.28125 L 19.78125 10.71875 L 24.0625 15 L 4 15 L 4 17 L 24.0625 17 L 19.78125 21.28125 L 21.1875 22.71875 L 27.90625 16 Z \">\n                    <\/path>\n                <\/svg><span class=\"screen-reader-text\">IV. 3. Finanzierung meines Unternehmens: Grundlagen<\/span><\/a>\n        <\/article>\n        <article id=\"post-1463\"\n            class=\"entry-card post-1463 class type-class status-publish format-standard has-post-thumbnail hentry en-GB\"\n            data-reveal=\"bottom:no\"><a class=\"ct-image-container\"\n                href=\"https:\/\/www.sassi-llc.eu\/class\/iv-4-the-legal-aspects-of-starting-a-business-fundamentals-de\/\"\n                aria-label=\"IV. 4. Die rechtlichen Aspekte der Unternehmensgr\u00fcndung: Grundlagen\" tabindex=\"-1\"><img loading=\"lazy\"\n                    width=\"768\" height=\"512\"\n                    src=\"https:\/\/www.sassi-llc.eu\/wp-content\/uploads\/2023\/08\/laptop-on-a-wooden-desk-and-a-book-no-text.jpeg\"\n                    class=\"attachment-medium_large size-medium_large wp-post-image\"\n                    alt=\"desk with laptop from above, man typing\" decoding=\"async\"\n                    srcset=\"https:\/\/www.sassi-llc.eu\/wp-content\/uploads\/2023\/08\/laptop-on-a-wooden-desk-and-a-book-no-text.jpeg 768w, https:\/\/www.sassi-llc.eu\/wp-content\/uploads\/2023\/08\/laptop-on-a-wooden-desk-and-a-book-no-text-300x300.jpeg 300w, https:\/\/www.sassi-llc.eu\/wp-content\/uploads\/2023\/08\/laptop-on-a-wooden-desk-and-a-book-no-text-150x150.jpeg 1024w, https:\/\/www.sassi-llc.eu\/wp-content\/uploads\/2023\/08\/laptop-on-a-wooden-desk-and-a-book-no-text.jpeg 1536w, https:\/\/www.sassi-llc.eu\/wp-content\/uploads\/2023\/08\/laptop-on-a-wooden-desk-and-a-book-no-text.jpeg 1920w\"\n                    sizes=\"auto, (max-width: 768px) 100vw, 768px\" itemprop=\"image\" style=\"aspect-ratio: 4\/3;\"><\/a>\n            <h2 class=\"entry-title\">\n                <a href=\"https:\/\/www.sassi-llc.eu\/class\/iv-4-the-legal-aspects-of-starting-a-business-fundamentals-de\/\"\n                    rel=\"bookmark\">\n                    IV. 4. Die rechtlichen Aspekte der Unternehmensgr\u00fcndung: Grundlagen <\/a>\n            <\/h2>\n\n            <div class=\"entry-excerpt\">Machen Sie sich mit den rechtlichen Voraussetzungen f\u00fcr eine Unternehmensgr\u00fcndung\n                in Ihrem Land vertraut und lernen Sie die wichtigsten Schl\u00fcsselbegriffe kennen<\/div><a\n                class=\"entry-button\" data-type=\"simple\"\n                href=\"https:\/\/www.sassi-llc.eu\/class\/iv-4-the-legal-aspects-of-starting-a-business-fundamentals-de\/\">Read\n                More<svg width=\"17px\" height=\"17px\" viewBox=\"0 0 32 32\">\n                    <path\n                        d=\"M 21.1875 9.28125 L 19.78125 10.71875 L 24.0625 15 L 4 15 L 4 17 L 24.0625 17 L 19.78125 21.28125 L 21.1875 22.71875 L 27.90625 16 Z \">\n                    <\/path>\n                <\/svg><span class=\"screen-reader-text\">IV. 4. Die rechtlichen Aspekte der Unternehmensgr\u00fcndung:\n                    Grundlagen<\/span><\/a>\n        <\/article>\n    <\/div>\n<\/div>\n","protected":false},"excerpt":{"rendered":"<p>IV. 1.Die Geburt einer Gesch\u00e4ftsidee: Design thinking Die Geburt einer Gesch\u00e4ftsidee: Design Thinking &#8211; In diesem Thema lernen Sie das Konzept des Design Thinking kennen und erfahren, warum es so erfolgreich ist. Read More IV. 1. Von der Idee zur Praxis: Hard Business Skills IV. 2. Meine Gesch\u00e4ftsidee: Realit\u00e4tspr\u00fcfung Sie sind in der Lage, das [&hellip;]<\/p>\n","protected":false},"author":4,"featured_media":4542,"parent":1499,"menu_order":4,"comment_status":"closed","ping_status":"closed","template":"","meta":{"inline_featured_image":false,"_locale":"de_DE_formal","_original_post":"https:\/\/www.sassi-llc.eu\/?page_id=2433","footnotes":""},"class_list":["post-2455","page","type-page","status-publish","has-post-thumbnail","hentry","de-DE"],"blocksy_meta":[],"_links":{"self":[{"href":"https:\/\/www.sassi-llc.eu\/wp-json\/wp\/v2\/pages\/2455","targetHints":{"allow":["GET"]}}],"collection":[{"href":"https:\/\/www.sassi-llc.eu\/wp-json\/wp\/v2\/pages"}],"about":[{"href":"https:\/\/www.sassi-llc.eu\/wp-json\/wp\/v2\/types\/page"}],"author":[{"embeddable":true,"href":"https:\/\/www.sassi-llc.eu\/wp-json\/wp\/v2\/users\/4"}],"replies":[{"embeddable":true,"href":"https:\/\/www.sassi-llc.eu\/wp-json\/wp\/v2\/comments?post=2455"}],"version-history":[{"count":3,"href":"https:\/\/www.sassi-llc.eu\/wp-json\/wp\/v2\/pages\/2455\/revisions"}],"predecessor-version":[{"id":5664,"href":"https:\/\/www.sassi-llc.eu\/wp-json\/wp\/v2\/pages\/2455\/revisions\/5664"}],"up":[{"embeddable":true,"href":"https:\/\/www.sassi-llc.eu\/wp-json\/wp\/v2\/pages\/1499"}],"wp:featuredmedia":[{"embeddable":true,"href":"https:\/\/www.sassi-llc.eu\/wp-json\/wp\/v2\/media\/4542"}],"wp:attachment":[{"href":"https:\/\/www.sassi-llc.eu\/wp-json\/wp\/v2\/media?parent=2455"}],"curies":[{"name":"wp","href":"https:\/\/api.w.org\/{rel}","templated":true}]}}