{"id":2457,"date":"2023-10-16T13:33:17","date_gmt":"2023-10-16T13:33:17","guid":{"rendered":"https:\/\/www.sassi-llc.eu\/?page_id=2457"},"modified":"2024-08-28T08:27:58","modified_gmt":"2024-08-28T08:27:58","slug":"chapter-v-going-digital","status":"publish","type":"page","link":"https:\/\/www.sassi-llc.eu\/de\/courses\/course-olderpreneurship\/chapter-v-going-digital\/","title":{"rendered":"Kapitel V &#8211; Die digitalisierte Welt"},"content":{"rendered":"\n<div class=\"ct-posts-shortcode\" data-prefix=\"class_archive\">\n    <div class=\"entries\" data-archive=\"default\" data-layout=\"grid\" data-cards=\"simple\">\n        <article id=\"post-1469\"\n            class=\"entry-card post-1469 class type-class status-publish format-standard has-post-thumbnail hentry en-GB\"\n            data-reveal=\"bottom:no\"><a class=\"ct-image-container\"\n                href=\"https:\/\/www.sassi-llc.eu\/class\/v-1-the-digital-world-de\/\"\n                aria-label=\"V. 1. Die digitalisierte Welt\" tabindex=\"-1\"><img loading=\"lazy\" width=\"768\" height=\"512\"\n                    src=\"https:\/\/www.sassi-llc.eu\/wp-content\/uploads\/2023\/05\/two-ladies-in-their-60ies-with-one-lady-explaining-her-friend-something-on-a-whiteboard-business-casual-no-text.jpeg\"\n                    class=\"attachment-medium_large size-medium_large wp-post-image\" alt=\"celebrating people\"\n                    decoding=\"async\"\n                    srcset=\"https:\/\/www.sassi-llc.eu\/wp-content\/uploads\/2023\/05\/two-ladies-in-their-60ies-with-one-lady-explaining-her-friend-something-on-a-whiteboard-business-casual-no-text.jpeg 768w, https:\/\/www.sassi-llc.eu\/wp-content\/uploads\/2023\/05\/two-ladies-in-their-60ies-with-one-lady-explaining-her-friend-something-on-a-whiteboard-business-casual-no-text-300x300.jpeg 300w, https:\/\/www.sassi-llc.eu\/wp-content\/uploads\/2023\/05\/two-ladies-in-their-60ies-with-one-lady-explaining-her-friend-something-on-a-whiteboard-business-casual-no-text-150x150.jpeg 1024w, https:\/\/www.sassi-llc.eu\/wp-content\/uploads\/2023\/05\/two-ladies-in-their-60ies-with-one-lady-explaining-her-friend-something-on-a-whiteboard-business-casual-no-text.jpeg 1536w, https:\/\/www.sassi-llc.eu\/wp-content\/uploads\/2023\/05\/two-ladies-in-their-60ies-with-one-lady-explaining-her-friend-something-on-a-whiteboard-business-casual-no-text.jpeg 2048w\"\n                    sizes=\"auto, (max-width: 768px) 100vw, 768px\" itemprop=\"image\" style=\"aspect-ratio: 4\/3;\"><\/a>\n            <h2 class=\"entry-title\">\n                <a href=\"https:\/\/www.sassi-llc.eu\/class\/v-1-the-digital-world-de\/\" rel=\"bookmark\">\n                    V. 1. Die digitalisierte Welt <\/a>\n            <\/h2>\n\n            <div class=\"entry-excerpt\">Wussten Sie, dass die digitale Transformation eine der wichtigsten Priorit\u00e4ten\n                der europ\u00e4ischen Politik ist?<\/div><a class=\"entry-button\" data-type=\"simple\"\n                href=\"https:\/\/www.sassi-llc.eu\/class\/v-1-the-digital-world-de\/\">Read More<svg width=\"17px\"\n                    height=\"17px\" viewBox=\"0 0 32 32\">\n                    <path\n                        d=\"M 21.1875 9.28125 L 19.78125 10.71875 L 24.0625 15 L 4 15 L 4 17 L 24.0625 17 L 19.78125 21.28125 L 21.1875 22.71875 L 27.90625 16 Z \">\n                    <\/path>\n                <\/svg><span class=\"screen-reader-text\">V. 1. Die digitalisierte Welt<\/span><\/a>\n        <\/article>\n        <article id=\"post-1473\"\n            class=\"entry-card post-1473 class type-class status-publish format-standard has-post-thumbnail hentry en-GB\"\n            data-reveal=\"bottom:no\"><a class=\"ct-image-container\"\n                href=\"https:\/\/www.sassi-llc.eu\/class\/v-2-digital-business-models-de\/\"\n                aria-label=\"V. 2. Digitale Gesch\u00e4ftsmodelle\" tabindex=\"-1\"><img loading=\"lazy\" width=\"768\" height=\"512\"\n                    src=\"https:\/\/www.sassi-llc.eu\/wp-content\/uploads\/2023\/05\/digital-business-models-no-text.jpeg\"\n                    class=\"attachment-medium_large size-medium_large wp-post-image\" alt=\"digital business models\"\n                    decoding=\"async\"\n                    srcset=\"https:\/\/www.sassi-llc.eu\/wp-content\/uploads\/2023\/05\/digital-business-models-no-text.jpeg 768w, https:\/\/www.sassi-llc.eu\/wp-content\/uploads\/2023\/05\/digital-business-models-no-text-300x300.jpeg 300w, https:\/\/www.sassi-llc.eu\/wp-content\/uploads\/2023\/05\/digital-business-models-no-text-150x150.jpeg 1024w, https:\/\/www.sassi-llc.eu\/wp-content\/uploads\/2023\/05\/digital-business-models-no-text.jpeg 1536w, https:\/\/www.sassi-llc.eu\/wp-content\/uploads\/2023\/05\/digital-business-models-no-text.jpeg 2048w\"\n                    sizes=\"auto, (max-width: 768px) 100vw, 768px\" itemprop=\"image\" style=\"aspect-ratio: 4\/3;\"><\/a>\n            <h2 class=\"entry-title\">\n                <a href=\"https:\/\/www.sassi-llc.eu\/class\/v-2-digital-business-models-de\/\" rel=\"bookmark\">\n                    V. 2. Digitale Gesch\u00e4ftsmodelle <\/a>\n            <\/h2>\n\n            <div class=\"entry-excerpt\">Wenn Sie dar\u00fcber nachdenken, Ihr eigenes Unternehmen zu gr\u00fcnden, ist es wichtig\n                zu wissen, was ein digitales Unternehmen ist!<\/div><a class=\"entry-button\" data-type=\"simple\"\n                href=\"https:\/\/www.sassi-llc.eu\/class\/v-2-digital-business-models-de\/\">Read More<svg width=\"17px\"\n                    height=\"17px\" viewBox=\"0 0 32 32\">\n                    <path\n                        d=\"M 21.1875 9.28125 L 19.78125 10.71875 L 24.0625 15 L 4 15 L 4 17 L 24.0625 17 L 19.78125 21.28125 L 21.1875 22.71875 L 27.90625 16 Z \">\n                    <\/path>\n                <\/svg><span class=\"screen-reader-text\">V. 2. Digitale Gesch\u00e4ftsmodelle<\/span><\/a>\n        <\/article>\n        <article id=\"post-1476\"\n            class=\"entry-card post-1476 class type-class status-publish format-standard has-post-thumbnail hentry en-GB\"\n            data-reveal=\"bottom:no\"><a class=\"ct-image-container\"\n                href=\"https:\/\/www.sassi-llc.eu\/class\/v-3-building-a-successful-digital-business-de\/\"\n                aria-label=\"V. 3. Aufbau eines erfolgreichen digitalen Unternehmens\" tabindex=\"-1\"><img loading=\"lazy\" width=\"768\"\n                    height=\"1024\"\n                    src=\"https:\/\/www.sassi-llc.eu\/wp-content\/uploads\/2023\/05\/tough-lady-55-years-business-casual-making-a-phonecall-in-background-computerscreen-150x150.jpeg\"\n                    class=\"attachment-medium_large size-medium_large wp-post-image\"\n                    alt=\"senior with tablet and smartphone\" decoding=\"async\"\n                    srcset=\"https:\/\/www.sassi-llc.eu\/wp-content\/uploads\/2023\/05\/tough-lady-55-years-business-casual-making-a-phonecall-in-background-computerscreen-150x150.jpeg 768w, https:\/\/www.sassi-llc.eu\/wp-content\/uploads\/2023\/05\/tough-lady-55-years-business-casual-making-a-phonecall-in-background-computerscreen-300x300.jpeg 225w, https:\/\/www.sassi-llc.eu\/wp-content\/uploads\/2023\/05\/tough-lady-55-years-business-casual-making-a-phonecall-in-background-computerscreen.jpeg 1152w, https:\/\/www.sassi-llc.eu\/wp-content\/uploads\/2023\/05\/tough-lady-55-years-business-casual-making-a-phonecall-in-background-computerscreen.jpeg 1207w\"\n                    sizes=\"auto, (max-width: 768px) 100vw, 768px\" itemprop=\"image\" style=\"aspect-ratio: 4\/3;\"><\/a>\n            <h2 class=\"entry-title\">\n                <a href=\"https:\/\/www.sassi-llc.eu\/class\/v-3-building-a-successful-digital-business-de\/\"\n                    rel=\"bookmark\">\n                    V. 3. Aufbau eines erfolgreichen digitalen Unternehmens <\/a>\n            <\/h2>\n\n            <div class=\"entry-excerpt\">Die Begriffe &#8222;digitale Strategie&#8220; und &#8222;Gesch\u00e4ftsstrategie&#8220; lassen sich nicht\n                voneinander trennen, daher m\u00fcssen Unternehmen an ihrer digitalen Gesch\u00e4ftsstrategie arbeiten.<\/div><a\n                class=\"entry-button\" data-type=\"simple\"\n                href=\"https:\/\/www.sassi-llc.eu\/class\/v-3-building-a-successful-digital-business-de\/\">Read More<svg\n                    width=\"17px\" height=\"17px\" viewBox=\"0 0 32 32\">\n                    <path\n                        d=\"M 21.1875 9.28125 L 19.78125 10.71875 L 24.0625 15 L 4 15 L 4 17 L 24.0625 17 L 19.78125 21.28125 L 21.1875 22.71875 L 27.90625 16 Z \">\n                    <\/path>\n                <\/svg><span class=\"screen-reader-text\">V. 3. Aufbau eines erfolgreichen digitalen\n                    Unternehmens<\/span><\/a>\n        <\/article>\n        <article id=\"post-1479\"\n            class=\"entry-card post-1479 class type-class status-publish format-standard has-post-thumbnail hentry en-GB\"\n            data-reveal=\"bottom:no\"><a class=\"ct-image-container\"\n                href=\"https:\/\/www.sassi-llc.eu\/class\/v-4-success-cases-de\/\" aria-label=\"V. 4. Erfolgsgeschichten\"\n                tabindex=\"-1\"><img loading=\"lazy\" width=\"768\" height=\"391\"\n                    src=\"https:\/\/www.sassi-llc.eu\/wp-content\/uploads\/2022\/12\/man-in-his-sixties-business-casual-sitting-on-a-modern-couch-reading-a-sports-bike-in-the-background.jpeg\"\n                    class=\"attachment-medium_large size-medium_large wp-post-image\" alt=\"Office-lady-and-bike\"\n                    decoding=\"async\"\n                    srcset=\"https:\/\/www.sassi-llc.eu\/wp-content\/uploads\/2022\/12\/man-in-his-sixties-business-casual-sitting-on-a-modern-couch-reading-a-sports-bike-in-the-background.jpeg 768w, https:\/\/www.sassi-llc.eu\/wp-content\/uploads\/2022\/12\/man-in-his-sixties-business-casual-sitting-on-a-modern-couch-reading-a-sports-bike-in-the-background-300x300.jpeg 300w, https:\/\/www.sassi-llc.eu\/wp-content\/uploads\/2022\/12\/man-in-his-sixties-business-casual-sitting-on-a-modern-couch-reading-a-sports-bike-in-the-background-150x150.jpeg 1024w, https:\/\/www.sassi-llc.eu\/wp-content\/uploads\/2022\/12\/man-in-his-sixties-business-casual-sitting-on-a-modern-couch-reading-a-sports-bike-in-the-background.jpeg 1536w, https:\/\/www.sassi-llc.eu\/wp-content\/uploads\/2022\/12\/man-in-his-sixties-business-casual-sitting-on-a-modern-couch-reading-a-sports-bike-in-the-background.jpeg 2048w\"\n                    sizes=\"auto, (max-width: 768px) 100vw, 768px\" itemprop=\"image\" style=\"aspect-ratio: 4\/3;\"><\/a>\n            <h2 class=\"entry-title\">\n                <a href=\"https:\/\/www.sassi-llc.eu\/class\/v-4-success-cases-de\/\" rel=\"bookmark\">\n                    V. 4. Erfolgsgeschichten <\/a>\n            <\/h2>\n\n            <div class=\"entry-excerpt\">Lassen Sie sich von Erfolgsbeispielen \u00e4lterer Unternehmer inspirieren, viele\n                Unternehmen wurden von \u00e4lteren Unternehmern gegr\u00fcndet.<\/div><a class=\"entry-button\" data-type=\"simple\"\n                href=\"https:\/\/www.sassi-llc.eu\/class\/v-4-success-cases-de\/\">Read More<svg width=\"17px\" height=\"17px\"\n                    viewBox=\"0 0 32 32\">\n                    <path\n                        d=\"M 21.1875 9.28125 L 19.78125 10.71875 L 24.0625 15 L 4 15 L 4 17 L 24.0625 17 L 19.78125 21.28125 L 21.1875 22.71875 L 27.90625 16 Z \">\n                    <\/path>\n                <\/svg><span class=\"screen-reader-text\">V. 4. Erfolgsgeschichten<\/span><\/a>\n        <\/article>\n    <\/div>\n<\/div>\n","protected":false},"excerpt":{"rendered":"<p>V. 1. Die digitalisierte Welt Wussten Sie, dass die digitale Transformation eine der wichtigsten Priorit\u00e4ten der europ\u00e4ischen Politik ist? Read More V. 1. Die digitalisierte Welt V. 2. Digitale Gesch\u00e4ftsmodelle Wenn Sie dar\u00fcber nachdenken, Ihr eigenes Unternehmen zu gr\u00fcnden, ist es wichtig zu wissen, was ein digitales Unternehmen ist! Read More V. 2. Digitale Gesch\u00e4ftsmodelle [&hellip;]<\/p>\n","protected":false},"author":4,"featured_media":4540,"parent":1499,"menu_order":5,"comment_status":"closed","ping_status":"closed","template":"","meta":{"inline_featured_image":false,"_locale":"de_DE_formal","_original_post":"https:\/\/www.sassi-llc.eu\/?page_id=2437","footnotes":""},"class_list":["post-2457","page","type-page","status-publish","has-post-thumbnail","hentry","de-DE"],"blocksy_meta":[],"_links":{"self":[{"href":"https:\/\/www.sassi-llc.eu\/wp-json\/wp\/v2\/pages\/2457","targetHints":{"allow":["GET"]}}],"collection":[{"href":"https:\/\/www.sassi-llc.eu\/wp-json\/wp\/v2\/pages"}],"about":[{"href":"https:\/\/www.sassi-llc.eu\/wp-json\/wp\/v2\/types\/page"}],"author":[{"embeddable":true,"href":"https:\/\/www.sassi-llc.eu\/wp-json\/wp\/v2\/users\/4"}],"replies":[{"embeddable":true,"href":"https:\/\/www.sassi-llc.eu\/wp-json\/wp\/v2\/comments?post=2457"}],"version-history":[{"count":2,"href":"https:\/\/www.sassi-llc.eu\/wp-json\/wp\/v2\/pages\/2457\/revisions"}],"predecessor-version":[{"id":4562,"href":"https:\/\/www.sassi-llc.eu\/wp-json\/wp\/v2\/pages\/2457\/revisions\/4562"}],"up":[{"embeddable":true,"href":"https:\/\/www.sassi-llc.eu\/wp-json\/wp\/v2\/pages\/1499"}],"wp:featuredmedia":[{"embeddable":true,"href":"https:\/\/www.sassi-llc.eu\/wp-json\/wp\/v2\/media\/4540"}],"wp:attachment":[{"href":"https:\/\/www.sassi-llc.eu\/wp-json\/wp\/v2\/media?parent=2457"}],"curies":[{"name":"wp","href":"https:\/\/api.w.org\/{rel}","templated":true}]}}