{"id":2462,"date":"2023-10-16T17:00:44","date_gmt":"2023-10-16T17:00:44","guid":{"rendered":"https:\/\/www.sassi-llc.eu\/?page_id=2462"},"modified":"2023-10-16T17:00:45","modified_gmt":"2023-10-16T17:00:45","slug":"chapter-vi-social-benefits-of-olderpreneurship","status":"publish","type":"page","link":"https:\/\/www.sassi-llc.eu\/de\/courses\/course-olderpreneurship\/chapter-vi-social-benefits-of-olderpreneurship\/","title":{"rendered":"Kapitel VI &#8211; Entdecken Sie Ihre Superkr\u00e4fte"},"content":{"rendered":"\n<div class=\"ct-posts-shortcode\" data-prefix=\"class_archive\">\n    <div class=\"entries\" data-archive=\"default\" data-layout=\"grid\" data-cards=\"simple\">\n        <article id=\"post-1482\"\n            class=\"entry-card post-1482 class type-class status-publish format-standard has-post-thumbnail hentry en-GB\"\n            data-reveal=\"bottom:no\"><a class=\"ct-image-container\"\n                href=\"https:\/\/www.sassi-llc.eu\/class\/vi-1-discover-your-superpowers-de\/\"\n                aria-label=\"VI. 1. Entdecken Sie Ihre Superkr\u00e4fte\" tabindex=\"-1\"><img loading=\"lazy\" width=\"768\" height=\"512\"\n                    src=\"https:\/\/www.sassi-llc.eu\/wp-content\/uploads\/2023\/05\/couple-in-their-sixties-business-casual-discovering-their-superpowers.jpeg\"\n                    class=\"attachment-medium_large size-medium_large wp-post-image\" alt=\"couple working at desk\"\n                    decoding=\"async\"\n                    srcset=\"https:\/\/www.sassi-llc.eu\/wp-content\/uploads\/2023\/05\/couple-in-their-sixties-business-casual-discovering-their-superpowers.jpeg 768w, https:\/\/www.sassi-llc.eu\/wp-content\/uploads\/2023\/05\/couple-in-their-sixties-business-casual-discovering-their-superpowers-300x300.jpeg 300w, https:\/\/www.sassi-llc.eu\/wp-content\/uploads\/2023\/05\/couple-in-their-sixties-business-casual-discovering-their-superpowers-150x150.jpeg 1024w, https:\/\/www.sassi-llc.eu\/wp-content\/uploads\/2023\/05\/couple-in-their-sixties-business-casual-discovering-their-superpowers.jpeg 1536w, https:\/\/www.sassi-llc.eu\/wp-content\/uploads\/2023\/05\/couple-in-their-sixties-business-casual-discovering-their-superpowers.jpeg 2048w\"\n                    sizes=\"auto, (max-width: 768px) 100vw, 768px\" itemprop=\"image\" style=\"aspect-ratio: 4\/3;\"><\/a>\n            <h2 class=\"entry-title\">\n                <a href=\"https:\/\/www.sassi-llc.eu\/class\/vi-1-discover-your-superpowers-de\/\" rel=\"bookmark\">\n                    VI. 1. Entdecken Sie Ihre Superkr\u00e4fte <\/a>\n            <\/h2>\n\n            <div class=\"entry-excerpt\">Denken Sie \u00fcber Ihre Werte und pers\u00f6nlichen St\u00e4rken nach, die Sie zum Unternehmer\n                werdem lassen k\u00f6nnten.<\/div><a class=\"entry-button\" data-type=\"simple\"\n                href=\"https:\/\/www.sassi-llc.eu\/class\/vi-1-discover-your-superpowers-de\/\">Read More<svg width=\"17px\"\n                    height=\"17px\" viewBox=\"0 0 32 32\">\n                    <path\n                        d=\"M 21.1875 9.28125 L 19.78125 10.71875 L 24.0625 15 L 4 15 L 4 17 L 24.0625 17 L 19.78125 21.28125 L 21.1875 22.71875 L 27.90625 16 Z \">\n                    <\/path>\n                <\/svg><span class=\"screen-reader-text\">VI. 1. Entdecken Sie Ihre Superkr\u00e4fte<\/span><\/a>\n        <\/article>\n        <article id=\"post-1488\"\n            class=\"entry-card post-1488 class type-class status-publish format-standard has-post-thumbnail hentry en-GB\"\n            data-reveal=\"bottom:no\"><a class=\"ct-image-container\"\n                href=\"https:\/\/www.sassi-llc.eu\/class\/vi-2-social-benefits-of-olderpreneurship-social-responsibility-de\/\"\n                aria-label=\"VI. 2. Sozialer Nutzen von Olderpreneurship \u2013 Soziale Verantwortung\" tabindex=\"-1\"><img loading=\"lazy\"\n                    width=\"768\" height=\"512\"\n                    src=\"https:\/\/www.sassi-llc.eu\/wp-content\/uploads\/2023\/05\/60-year-old-diverse-people-who-are-networking-at-a-table-business-casual.jpeg\"\n                    class=\"attachment-medium_large size-medium_large wp-post-image\" alt=\"seniors networking\"\n                    decoding=\"async\"\n                    srcset=\"https:\/\/www.sassi-llc.eu\/wp-content\/uploads\/2023\/05\/60-year-old-diverse-people-who-are-networking-at-a-table-business-casual.jpeg 768w, https:\/\/www.sassi-llc.eu\/wp-content\/uploads\/2023\/05\/60-year-old-diverse-people-who-are-networking-at-a-table-business-casual-300x300.jpeg 300w, https:\/\/www.sassi-llc.eu\/wp-content\/uploads\/2023\/05\/60-year-old-diverse-people-who-are-networking-at-a-table-business-casual-150x150.jpeg 1024w, https:\/\/www.sassi-llc.eu\/wp-content\/uploads\/2023\/05\/60-year-old-diverse-people-who-are-networking-at-a-table-business-casual.jpeg 1536w, https:\/\/www.sassi-llc.eu\/wp-content\/uploads\/2023\/05\/60-year-old-diverse-people-who-are-networking-at-a-table-business-casual.jpeg 2048w\"\n                    sizes=\"auto, (max-width: 768px) 100vw, 768px\" itemprop=\"image\" style=\"aspect-ratio: 4\/3;\"><\/a>\n            <h2 class=\"entry-title\">\n                <a href=\"https:\/\/www.sassi-llc.eu\/class\/vi-2-social-benefits-of-olderpreneurship-social-responsibility-de\/\"\n                    rel=\"bookmark\">\n                    VI. 2. Sozialer Nutzen von Olderpreneurship \u2013 Soziale Verantwortung <\/a>\n            <\/h2>\n\n            <div class=\"entry-excerpt\">Wenn Sie ein Netzwerk aufbauen, kann Ihr Alter Ihr gr\u00f6\u00dfter Vorteil oder Ihre\n                gr\u00f6\u00dfte Belastung sein, je nach Ihrem Ansatz und Ihrer Einstellung.<\/div><a class=\"entry-button\"\n                data-type=\"simple\"\n                href=\"https:\/\/www.sassi-llc.eu\/class\/vi-2-social-benefits-of-olderpreneurship-social-responsibility-de\/\">Read\n                More<svg width=\"17px\" height=\"17px\" viewBox=\"0 0 32 32\">\n                    <path\n                        d=\"M 21.1875 9.28125 L 19.78125 10.71875 L 24.0625 15 L 4 15 L 4 17 L 24.0625 17 L 19.78125 21.28125 L 21.1875 22.71875 L 27.90625 16 Z \">\n                    <\/path>\n                <\/svg><span class=\"screen-reader-text\">VI. 2. Sozialer Nutzen von Olderpreneurship \u2013 Soziale\n                    Verantwortung<\/span><\/a>\n        <\/article>\n        <article id=\"post-1492\"\n            class=\"entry-card post-1492 class type-class status-publish format-standard has-post-thumbnail hentry en-GB\"\n            data-reveal=\"bottom:no\"><a class=\"ct-image-container\"\n                href=\"https:\/\/www.sassi-llc.eu\/class\/vi-3-social-benefits-of-olderpreneurship-networking-de\/\"\n                aria-label=\"VI. 3. Sozialer Nutzen von Olderpreneurship \u2013 Networking\" tabindex=\"-1\"><img loading=\"lazy\" width=\"768\"\n                    height=\"1152\"\n                    src=\"https:\/\/www.sassi-llc.eu\/wp-content\/uploads\/2022\/11\/\u0415ntrepreneural-mindset-768x768.jpeg\"\n                    class=\"attachment-medium_large size-medium_large wp-post-image\" alt=\"\" decoding=\"async\"\n                    srcset=\"https:\/\/www.sassi-llc.eu\/wp-content\/uploads\/2022\/11\/\u0415ntrepreneural-mindset-768x768.jpeg 768w, https:\/\/www.sassi-llc.eu\/wp-content\/uploads\/2022\/11\/\u0415ntrepreneural-mindset-300x300.jpeg 200w, https:\/\/www.sassi-llc.eu\/wp-content\/uploads\/2022\/11\/\u0415ntrepreneural-mindset-150x150.jpeg 683w, https:\/\/www.sassi-llc.eu\/wp-content\/uploads\/2022\/11\/\u0415ntrepreneural-mindset.jpeg 1024w, https:\/\/www.sassi-llc.eu\/wp-content\/uploads\/2022\/11\/\u0415ntrepreneural-mindset.jpeg 1365w, https:\/\/www.sassi-llc.eu\/wp-content\/uploads\/2022\/11\/\u0415ntrepreneural-mindset.jpeg 1707w\"\n                    sizes=\"auto, (max-width: 768px) 100vw, 768px\" itemprop=\"image\" style=\"aspect-ratio: 4\/3;\"><\/a>\n            <h2 class=\"entry-title\">\n                <a href=\"https:\/\/www.sassi-llc.eu\/class\/vi-3-social-benefits-of-olderpreneurship-networking-de\/\"\n                    rel=\"bookmark\">\n                    VI. 3. Sozialer Nutzen von Olderpreneurship \u2013 Networking <\/a>\n            <\/h2>\n\n            <div class=\"entry-excerpt\">Unternehmen sollten sich um das Wohlergehen der Gesellschaft k\u00fcmmern und sich\n                bewusst sein, wie sich ihr Handeln auf die Gesellschaft als Ganzes auswirken k\u00f6nnte.<\/div><a\n                class=\"entry-button\" data-type=\"simple\"\n                href=\"https:\/\/www.sassi-llc.eu\/class\/vi-3-social-benefits-of-olderpreneurship-networking-de\/\">Read\n                More<svg width=\"17px\" height=\"17px\" viewBox=\"0 0 32 32\">\n                    <path\n                        d=\"M 21.1875 9.28125 L 19.78125 10.71875 L 24.0625 15 L 4 15 L 4 17 L 24.0625 17 L 19.78125 21.28125 L 21.1875 22.71875 L 27.90625 16 Z \">\n                    <\/path>\n                <\/svg><span class=\"screen-reader-text\">VI. 3. Sozialer Nutzen von Olderpreneurship \u2013\n                    Networking<\/span><\/a>\n        <\/article>\n    <\/div>\n<\/div>\n","protected":false},"excerpt":{"rendered":"<p>VI. 1. Entdecken Sie Ihre Superkr\u00e4fte Denken Sie \u00fcber Ihre Werte und pers\u00f6nlichen St\u00e4rken nach, die Sie zum Unternehmer werdem lassen k\u00f6nnten. Read More VI. 1. Entdecken Sie Ihre Superkr\u00e4fte VI. 2. Sozialer Nutzen von Olderpreneurship \u2013 Soziale Verantwortung Wenn Sie ein Netzwerk aufbauen, kann Ihr Alter Ihr gr\u00f6\u00dfter Vorteil oder Ihre gr\u00f6\u00dfte Belastung sein, [&hellip;]<\/p>\n","protected":false},"author":4,"featured_media":0,"parent":1499,"menu_order":6,"comment_status":"closed","ping_status":"closed","template":"","meta":{"inline_featured_image":false,"_locale":"de_DE_formal","_original_post":"https:\/\/www.sassi-llc.eu\/?page_id=2439","footnotes":""},"class_list":["post-2462","page","type-page","status-publish","hentry","de-DE"],"blocksy_meta":[],"_links":{"self":[{"href":"https:\/\/www.sassi-llc.eu\/wp-json\/wp\/v2\/pages\/2462","targetHints":{"allow":["GET"]}}],"collection":[{"href":"https:\/\/www.sassi-llc.eu\/wp-json\/wp\/v2\/pages"}],"about":[{"href":"https:\/\/www.sassi-llc.eu\/wp-json\/wp\/v2\/types\/page"}],"author":[{"embeddable":true,"href":"https:\/\/www.sassi-llc.eu\/wp-json\/wp\/v2\/users\/4"}],"replies":[{"embeddable":true,"href":"https:\/\/www.sassi-llc.eu\/wp-json\/wp\/v2\/comments?post=2462"}],"version-history":[{"count":1,"href":"https:\/\/www.sassi-llc.eu\/wp-json\/wp\/v2\/pages\/2462\/revisions"}],"predecessor-version":[{"id":2463,"href":"https:\/\/www.sassi-llc.eu\/wp-json\/wp\/v2\/pages\/2462\/revisions\/2463"}],"up":[{"embeddable":true,"href":"https:\/\/www.sassi-llc.eu\/wp-json\/wp\/v2\/pages\/1499"}],"wp:attachment":[{"href":"https:\/\/www.sassi-llc.eu\/wp-json\/wp\/v2\/media?parent=2462"}],"curies":[{"name":"wp","href":"https:\/\/api.w.org\/{rel}","templated":true}]}}