{"id":3185,"date":"2023-11-19T23:42:50","date_gmt":"2023-11-19T23:42:50","guid":{"rendered":"https:\/\/www.sassi-llc.eu\/?page_id=3185"},"modified":"2024-09-12T12:07:38","modified_gmt":"2024-09-12T12:07:38","slug":"chapter-i-the-benefits-of-working-and-studying-abroad","status":"publish","type":"page","link":"https:\/\/www.sassi-llc.eu\/de\/courses\/ambassadors-for-mobility-in-later-life\/chapter-i-the-benefits-of-working-and-studying-abroad\/","title":{"rendered":"KAPITEL 1 \u2013 Die Vorteile von Arbeit und Studium im Ausland"},"content":{"rendered":"\n<div class=\"ct-posts-shortcode\" data-prefix=\"class_archive\"><div class=\"entries\" data-archive=\"default\" data-layout=\"grid\" data-cards=\"simple\"><article id=\"post-3071\" class=\"entry-card post-3071 class type-class status-publish format-standard has-post-thumbnail hentry en-GB\" data-reveal=\"yes:1\"><a class=\"ct-image-container\" href=\"https:\/\/www.sassi-llc.eu\/class\/i-1-konnen-altere-arbeitnehmer-mobil-sein\/\" aria-label=\"I. 1. \u2013 K\u00f6nnen \u00e4ltere Arbeitnehmer mobil sein?\" tabindex=\"-1\"><img loading=\"lazy\" decoding=\"async\" width=\"768\" height=\"1270\" src=\"https:\/\/www.sassi-llc.eu\/wp-content\/uploads\/2022\/12\/d5f706da-3549-45e5-a813-d8bb21ab4c14-768x768.jpeg\" class=\"attachment-medium_large size-medium_large wp-post-image\" alt=\"working senior man\" srcset=\"https:\/\/www.sassi-llc.eu\/wp-content\/uploads\/2022\/12\/d5f706da-3549-45e5-a813-d8bb21ab4c14-768x768.jpeg 768w, https:\/\/www.sassi-llc.eu\/wp-content\/uploads\/2022\/12\/d5f706da-3549-45e5-a813-d8bb21ab4c14-300x300.jpeg 181w, https:\/\/www.sassi-llc.eu\/wp-content\/uploads\/2022\/12\/d5f706da-3549-45e5-a813-d8bb21ab4c14-150x150.jpeg 619w, https:\/\/www.sassi-llc.eu\/wp-content\/uploads\/2022\/12\/d5f706da-3549-45e5-a813-d8bb21ab4c14.jpeg 929w, https:\/\/www.sassi-llc.eu\/wp-content\/uploads\/2022\/12\/d5f706da-3549-45e5-a813-d8bb21ab4c14.jpeg 1238w, https:\/\/www.sassi-llc.eu\/wp-content\/uploads\/2022\/12\/d5f706da-3549-45e5-a813-d8bb21ab4c14.jpeg 1548w\" sizes=\"auto, (max-width: 768px) 100vw, 768px\" itemprop=\"image\" style=\"aspect-ratio: 4\/3;\"><\/a>\n\t<h2 class=\"entry-title\">\n\t\t<a href=\"https:\/\/www.sassi-llc.eu\/class\/i-1-konnen-altere-arbeitnehmer-mobil-sein\/\" rel=\"bookmark\">\n\t\t\tI. 1. \u2013 K\u00f6nnen \u00e4ltere Arbeitnehmer mobil sein?\t\t<\/a>\n\t<\/h2>\n\n\t<div class=\"entry-excerpt\">Motivierende Faktoren und Hindernisse Der Nutzen von Mobilit\u00e4tsma\u00dfnahmen f\u00fcr Arbeitnehmer, Arbeitgeber und Gastgeber \u00c4ltere Arbeitnehmer und Mobilit\u00e4tsma\u00dfnahmen<\/div><a class=\"entry-button\" data-type=\"simple\" href=\"https:\/\/www.sassi-llc.eu\/class\/i-1-konnen-altere-arbeitnehmer-mobil-sein\/\">Read More<svg width=\"17px\" height=\"17px\" viewBox=\"0 0 32 32\"><path d=\"M 21.1875 9.28125 L 19.78125 10.71875 L 24.0625 15 L 4 15 L 4 17 L 24.0625 17 L 19.78125 21.28125 L 21.1875 22.71875 L 27.90625 16 Z \"><\/path><\/svg><span class=\"screen-reader-text\">I. 1. \u2013 K\u00f6nnen \u00e4ltere Arbeitnehmer mobil sein?<\/span><\/a><\/article><article id=\"post-3072\" class=\"entry-card post-3072 class type-class status-publish format-standard has-post-thumbnail hentry en-GB\" data-reveal=\"yes:2\"><a class=\"ct-image-container\" href=\"https:\/\/www.sassi-llc.eu\/class\/i-2-mobilitat-als-cpd\/\" aria-label=\"I. 2. \u2013 Mobilit\u00e4t als CPD\" tabindex=\"-1\"><img loading=\"lazy\" decoding=\"async\" width=\"768\" height=\"513\" src=\"https:\/\/www.sassi-llc.eu\/wp-content\/uploads\/2023\/10\/06500875-539e-430c-990c-9f76f170c080.jpeg\" class=\"attachment-medium_large size-medium_large wp-post-image\" alt=\"\" srcset=\"https:\/\/www.sassi-llc.eu\/wp-content\/uploads\/2023\/10\/06500875-539e-430c-990c-9f76f170c080.jpeg 768w, https:\/\/www.sassi-llc.eu\/wp-content\/uploads\/2023\/10\/06500875-539e-430c-990c-9f76f170c080-300x300.jpeg 300w, https:\/\/www.sassi-llc.eu\/wp-content\/uploads\/2023\/10\/06500875-539e-430c-990c-9f76f170c080-150x150.jpeg 1024w, https:\/\/www.sassi-llc.eu\/wp-content\/uploads\/2023\/10\/06500875-539e-430c-990c-9f76f170c080.jpeg 1279w\" sizes=\"auto, (max-width: 768px) 100vw, 768px\" itemprop=\"image\" style=\"aspect-ratio: 4\/3;\"><\/a>\n\t<h2 class=\"entry-title\">\n\t\t<a href=\"https:\/\/www.sassi-llc.eu\/class\/i-2-mobilitat-als-cpd\/\" rel=\"bookmark\">\n\t\t\tI. 2. \u2013 Mobilit\u00e4t als CPD\t\t<\/a>\n\t<\/h2>\n\n\t<div class=\"entry-excerpt\">Der Arbeitnehmer des 21. Jahrhunderts als lebenslang Lernender, der sich st\u00e4ndig beruflich weiterentwickelt (CPD).<\/div><a class=\"entry-button\" data-type=\"simple\" href=\"https:\/\/www.sassi-llc.eu\/class\/i-2-mobilitat-als-cpd\/\">Read More<svg width=\"17px\" height=\"17px\" viewBox=\"0 0 32 32\"><path d=\"M 21.1875 9.28125 L 19.78125 10.71875 L 24.0625 15 L 4 15 L 4 17 L 24.0625 17 L 19.78125 21.28125 L 21.1875 22.71875 L 27.90625 16 Z \"><\/path><\/svg><span class=\"screen-reader-text\">I. 2. \u2013 Mobilit\u00e4t als CPD<\/span><\/a><\/article><article id=\"post-3073\" class=\"entry-card post-3073 class type-class status-publish format-standard has-post-thumbnail hentry en-GB\" data-reveal=\"yes:3\"><a class=\"ct-image-container\" href=\"https:\/\/www.sassi-llc.eu\/class\/i-3-mobilitaten-als-vernetzungsmoglichkeiten\/\" aria-label=\"I. 3 \u2013 Mobilit\u00e4ten als Vernetzungsm\u00f6glichkeiten\" tabindex=\"-1\"><img loading=\"lazy\" decoding=\"async\" width=\"768\" height=\"512\" src=\"https:\/\/www.sassi-llc.eu\/wp-content\/uploads\/2023\/10\/562d4601-87e2-45b3-8182-154eb7de7f9b.jpeg\" class=\"attachment-medium_large size-medium_large wp-post-image\" alt=\"\" srcset=\"https:\/\/www.sassi-llc.eu\/wp-content\/uploads\/2023\/10\/562d4601-87e2-45b3-8182-154eb7de7f9b.jpeg 768w, https:\/\/www.sassi-llc.eu\/wp-content\/uploads\/2023\/10\/562d4601-87e2-45b3-8182-154eb7de7f9b-300x300.jpeg 300w, https:\/\/www.sassi-llc.eu\/wp-content\/uploads\/2023\/10\/562d4601-87e2-45b3-8182-154eb7de7f9b-150x150.jpeg 1024w, https:\/\/www.sassi-llc.eu\/wp-content\/uploads\/2023\/10\/562d4601-87e2-45b3-8182-154eb7de7f9b.jpeg 1279w\" sizes=\"auto, (max-width: 768px) 100vw, 768px\" itemprop=\"image\" style=\"aspect-ratio: 4\/3;\"><\/a>\n\t<h2 class=\"entry-title\">\n\t\t<a href=\"https:\/\/www.sassi-llc.eu\/class\/i-3-mobilitaten-als-vernetzungsmoglichkeiten\/\" rel=\"bookmark\">\n\t\t\tI. 3 \u2013 Mobilit\u00e4ten als Vernetzungsm\u00f6glichkeiten\t\t<\/a>\n\t<\/h2>\n\n\t<div class=\"entry-excerpt\">Die Aktion oder der Prozess der Interaktion mit anderen, um Informationen auszutauschen und berufliche oder soziale Kontakte zu entwickeln.<\/div><a class=\"entry-button\" data-type=\"simple\" href=\"https:\/\/www.sassi-llc.eu\/class\/i-3-mobilitaten-als-vernetzungsmoglichkeiten\/\">Read More<svg width=\"17px\" height=\"17px\" viewBox=\"0 0 32 32\"><path d=\"M 21.1875 9.28125 L 19.78125 10.71875 L 24.0625 15 L 4 15 L 4 17 L 24.0625 17 L 19.78125 21.28125 L 21.1875 22.71875 L 27.90625 16 Z \"><\/path><\/svg><span class=\"screen-reader-text\">I. 3 \u2013 Mobilit\u00e4ten als Vernetzungsm\u00f6glichkeiten<\/span><\/a><\/article><article id=\"post-3074\" class=\"entry-card post-3074 class type-class status-publish format-standard has-post-thumbnail hentry en-GB\" data-reveal=\"yes:4\"><a class=\"ct-image-container\" href=\"https:\/\/www.sassi-llc.eu\/class\/i-4-mobilitat-und-innovation\/\" aria-label=\"I. 4. \u2013 Mobilit\u00e4t und Innovation\" tabindex=\"-1\"><img loading=\"lazy\" decoding=\"async\" width=\"768\" height=\"512\" src=\"https:\/\/www.sassi-llc.eu\/wp-content\/uploads\/2023\/10\/girl-shows-her-60-year-old-grandmother-something-on-her-smartphone.jpg.jpeg\" class=\"attachment-medium_large size-medium_large wp-post-image\" alt=\"\" srcset=\"https:\/\/www.sassi-llc.eu\/wp-content\/uploads\/2023\/10\/girl-shows-her-60-year-old-grandmother-something-on-her-smartphone.jpg.jpeg 768w, https:\/\/www.sassi-llc.eu\/wp-content\/uploads\/2023\/10\/girl-shows-her-60-year-old-grandmother-something-on-her-smartphone.jpg-300x300.jpeg 300w, https:\/\/www.sassi-llc.eu\/wp-content\/uploads\/2023\/10\/girl-shows-her-60-year-old-grandmother-something-on-her-smartphone.jpg-150x150.jpeg 1024w, https:\/\/www.sassi-llc.eu\/wp-content\/uploads\/2023\/10\/girl-shows-her-60-year-old-grandmother-something-on-her-smartphone.jpg.jpeg 1280w\" sizes=\"auto, (max-width: 768px) 100vw, 768px\" itemprop=\"image\" style=\"aspect-ratio: 4\/3;\"><\/a>\n\t<h2 class=\"entry-title\">\n\t\t<a href=\"https:\/\/www.sassi-llc.eu\/class\/i-4-mobilitat-und-innovation\/\" rel=\"bookmark\">\n\t\t\tI. 4. \u2013 Mobilit\u00e4t und Innovation\t\t<\/a>\n\t<\/h2>\n\n\t<div class=\"entry-excerpt\">Was genau ist Innovation, und wie wird sie durch die Teilnahme an Mobilit\u00e4tsma\u00dfnahmen gef\u00f6rdert?<\/div><a class=\"entry-button\" data-type=\"simple\" href=\"https:\/\/www.sassi-llc.eu\/class\/i-4-mobilitat-und-innovation\/\">Read More<svg width=\"17px\" height=\"17px\" viewBox=\"0 0 32 32\"><path d=\"M 21.1875 9.28125 L 19.78125 10.71875 L 24.0625 15 L 4 15 L 4 17 L 24.0625 17 L 19.78125 21.28125 L 21.1875 22.71875 L 27.90625 16 Z \"><\/path><\/svg><span class=\"screen-reader-text\">I. 4. \u2013 Mobilit\u00e4t und Innovation<\/span><\/a><\/article><\/div><\/div>\n\n\n\n\n<div style=\"height:100px\" aria-hidden=\"true\" class=\"wp-block-spacer\"><\/div>\n","protected":false},"excerpt":{"rendered":"<p>I. 1. \u2013 K\u00f6nnen \u00e4ltere Arbeitnehmer mobil sein? Motivierende Faktoren und Hindernisse Der Nutzen von Mobilit\u00e4tsma\u00dfnahmen f\u00fcr Arbeitnehmer, Arbeitgeber und Gastgeber \u00c4ltere Arbeitnehmer und Mobilit\u00e4tsma\u00dfnahmen Read MoreI. 1. \u2013 K\u00f6nnen \u00e4ltere Arbeitnehmer mobil sein? I. 2. \u2013 Mobilit\u00e4t als CPD Der Arbeitnehmer des 21. Jahrhunderts als lebenslang Lernender, der sich st\u00e4ndig beruflich weiterentwickelt (CPD). Read [&hellip;]<\/p>\n","protected":false},"author":4,"featured_media":4860,"parent":3178,"menu_order":1,"comment_status":"closed","ping_status":"closed","template":"","meta":{"inline_featured_image":false,"_locale":"de_DE_formal","_original_post":"https:\/\/www.sassi-llc.eu\/?page_id=2634","footnotes":""},"class_list":["post-3185","page","type-page","status-publish","has-post-thumbnail","hentry","de-DE"],"blocksy_meta":[],"_links":{"self":[{"href":"https:\/\/www.sassi-llc.eu\/wp-json\/wp\/v2\/pages\/3185","targetHints":{"allow":["GET"]}}],"collection":[{"href":"https:\/\/www.sassi-llc.eu\/wp-json\/wp\/v2\/pages"}],"about":[{"href":"https:\/\/www.sassi-llc.eu\/wp-json\/wp\/v2\/types\/page"}],"author":[{"embeddable":true,"href":"https:\/\/www.sassi-llc.eu\/wp-json\/wp\/v2\/users\/4"}],"replies":[{"embeddable":true,"href":"https:\/\/www.sassi-llc.eu\/wp-json\/wp\/v2\/comments?post=3185"}],"version-history":[{"count":4,"href":"https:\/\/www.sassi-llc.eu\/wp-json\/wp\/v2\/pages\/3185\/revisions"}],"predecessor-version":[{"id":4861,"href":"https:\/\/www.sassi-llc.eu\/wp-json\/wp\/v2\/pages\/3185\/revisions\/4861"}],"up":[{"embeddable":true,"href":"https:\/\/www.sassi-llc.eu\/wp-json\/wp\/v2\/pages\/3178"}],"wp:featuredmedia":[{"embeddable":true,"href":"https:\/\/www.sassi-llc.eu\/wp-json\/wp\/v2\/media\/4860"}],"wp:attachment":[{"href":"https:\/\/www.sassi-llc.eu\/wp-json\/wp\/v2\/media?parent=3185"}],"curies":[{"name":"wp","href":"https:\/\/api.w.org\/{rel}","templated":true}]}}