{"id":3188,"date":"2023-11-19T23:44:33","date_gmt":"2023-11-19T23:44:33","guid":{"rendered":"https:\/\/www.sassi-llc.eu\/?page_id=3188"},"modified":"2024-09-12T12:10:30","modified_gmt":"2024-09-12T12:10:30","slug":"chapter-ii-types-of-mobilities","status":"publish","type":"page","link":"https:\/\/www.sassi-llc.eu\/de\/courses\/ambassadors-for-mobility-in-later-life\/chapter-ii-types-of-mobilities\/","title":{"rendered":"KAPITEL 2 \u2013 Arten von Mobilit\u00e4t"},"content":{"rendered":"\n<div class=\"ct-posts-shortcode\" data-prefix=\"class_archive\"><div class=\"entries\" data-archive=\"default\" data-layout=\"grid\" data-cards=\"simple\"><article id=\"post-3075\" class=\"entry-card post-3075 class type-class status-publish format-standard has-post-thumbnail hentry en-GB\" data-reveal=\"yes:1\"><a class=\"ct-image-container\" href=\"https:\/\/www.sassi-llc.eu\/class\/ii-1-kurzfristige-mobilitat\/\" aria-label=\"II. 1. \u2013 Kurzfristige Mobilit\u00e4t\" tabindex=\"-1\"><img loading=\"lazy\" decoding=\"async\" width=\"768\" height=\"512\" src=\"https:\/\/www.sassi-llc.eu\/wp-content\/uploads\/2023\/10\/bald-man-in-his-sixties-with-beard-is-thinking-dark-background.jpeg\" class=\"attachment-medium_large size-medium_large wp-post-image\" alt=\"\" srcset=\"https:\/\/www.sassi-llc.eu\/wp-content\/uploads\/2023\/10\/bald-man-in-his-sixties-with-beard-is-thinking-dark-background.jpeg 768w, https:\/\/www.sassi-llc.eu\/wp-content\/uploads\/2023\/10\/bald-man-in-his-sixties-with-beard-is-thinking-dark-background-300x300.jpeg 300w, https:\/\/www.sassi-llc.eu\/wp-content\/uploads\/2023\/10\/bald-man-in-his-sixties-with-beard-is-thinking-dark-background-150x150.jpeg 1024w, https:\/\/www.sassi-llc.eu\/wp-content\/uploads\/2023\/10\/bald-man-in-his-sixties-with-beard-is-thinking-dark-background.jpeg 1280w\" sizes=\"auto, (max-width: 768px) 100vw, 768px\" itemprop=\"image\" style=\"aspect-ratio: 4\/3;\"><\/a>\n\t<h2 class=\"entry-title\">\n\t\t<a href=\"https:\/\/www.sassi-llc.eu\/class\/ii-1-kurzfristige-mobilitat\/\" rel=\"bookmark\">\n\t\t\tII. 1. \u2013 Kurzfristige Mobilit\u00e4t\t\t<\/a>\n\t<\/h2>\n\n\t<div class=\"entry-excerpt\">Unser gemeinsames Ziel sollte es sein, die positiven Auswirkungen einer Mobilit\u00e4t zu Lernzwecken zu erkennen und sie von einer Ausnahme zur Regel f\u00fcr alle zu machen.<\/div><a class=\"entry-button\" data-type=\"simple\" href=\"https:\/\/www.sassi-llc.eu\/class\/ii-1-kurzfristige-mobilitat\/\">Read More<svg width=\"17px\" height=\"17px\" viewBox=\"0 0 32 32\"><path d=\"M 21.1875 9.28125 L 19.78125 10.71875 L 24.0625 15 L 4 15 L 4 17 L 24.0625 17 L 19.78125 21.28125 L 21.1875 22.71875 L 27.90625 16 Z \"><\/path><\/svg><span class=\"screen-reader-text\">II. 1. \u2013 Kurzfristige Mobilit\u00e4t<\/span><\/a><\/article><article id=\"post-3076\" class=\"entry-card post-3076 class type-class status-publish format-standard has-post-thumbnail hentry en-GB\" data-reveal=\"yes:2\"><a class=\"ct-image-container\" href=\"https:\/\/www.sassi-llc.eu\/class\/ii-2-langfristige-mobilitat\/\" aria-label=\"II. 2. \u2013 Langfristige Mobilit\u00e4t\" tabindex=\"-1\"><img loading=\"lazy\" decoding=\"async\" width=\"768\" height=\"1152\" src=\"https:\/\/www.sassi-llc.eu\/wp-content\/uploads\/2023\/10\/lady-in-her-sixties-with-red-hair-is-looking-on-a-screen-of-her-notebook-768x768.jpeg\" class=\"attachment-medium_large size-medium_large wp-post-image\" alt=\"\" srcset=\"https:\/\/www.sassi-llc.eu\/wp-content\/uploads\/2023\/10\/lady-in-her-sixties-with-red-hair-is-looking-on-a-screen-of-her-notebook-768x768.jpeg 768w, https:\/\/www.sassi-llc.eu\/wp-content\/uploads\/2023\/10\/lady-in-her-sixties-with-red-hair-is-looking-on-a-screen-of-her-notebook-300x300.jpeg 200w, https:\/\/www.sassi-llc.eu\/wp-content\/uploads\/2023\/10\/lady-in-her-sixties-with-red-hair-is-looking-on-a-screen-of-her-notebook-150x150.jpeg 683w, https:\/\/www.sassi-llc.eu\/wp-content\/uploads\/2023\/10\/lady-in-her-sixties-with-red-hair-is-looking-on-a-screen-of-her-notebook.jpeg 1024w, https:\/\/www.sassi-llc.eu\/wp-content\/uploads\/2023\/10\/lady-in-her-sixties-with-red-hair-is-looking-on-a-screen-of-her-notebook.jpeg 1280w\" sizes=\"auto, (max-width: 768px) 100vw, 768px\" itemprop=\"image\" style=\"aspect-ratio: 4\/3;\"><\/a>\n\t<h2 class=\"entry-title\">\n\t\t<a href=\"https:\/\/www.sassi-llc.eu\/class\/ii-2-langfristige-mobilitat\/\" rel=\"bookmark\">\n\t\t\tII. 2. \u2013 Langfristige Mobilit\u00e4t\t\t<\/a>\n\t<\/h2>\n\n\t<div class=\"entry-excerpt\">Machen Sie sich mit den verschiedenen Arten von Langzeitmobilit\u00e4t vertraut und denken Sie \u00fcber diese Mobilit\u00e4ten im Zusammenhang mit \u00e4lteren Arbeitnehmern nach.<\/div><a class=\"entry-button\" data-type=\"simple\" href=\"https:\/\/www.sassi-llc.eu\/class\/ii-2-langfristige-mobilitat\/\">Read More<svg width=\"17px\" height=\"17px\" viewBox=\"0 0 32 32\"><path d=\"M 21.1875 9.28125 L 19.78125 10.71875 L 24.0625 15 L 4 15 L 4 17 L 24.0625 17 L 19.78125 21.28125 L 21.1875 22.71875 L 27.90625 16 Z \"><\/path><\/svg><span class=\"screen-reader-text\">II. 2. \u2013 Langfristige Mobilit\u00e4t<\/span><\/a><\/article><article id=\"post-3077\" class=\"entry-card post-3077 class type-class status-publish format-standard has-post-thumbnail hentry en-GB\" data-reveal=\"yes:3\"><a class=\"ct-image-container\" href=\"https:\/\/www.sassi-llc.eu\/class\/ii-3-ehrenamtlich-arbeit\/\" aria-label=\"II. 3 \u2013 Ehrenamtliche Arbeit\" tabindex=\"-1\"><img loading=\"lazy\" decoding=\"async\" width=\"768\" height=\"512\" src=\"https:\/\/www.sassi-llc.eu\/wp-content\/uploads\/2023\/10\/vocational-training-group-of-people-sitting-at-a-table-focus-on-a-greyhaired-lady-in-a-black-turtleneck.jpeg\" class=\"attachment-medium_large size-medium_large wp-post-image\" alt=\"\" srcset=\"https:\/\/www.sassi-llc.eu\/wp-content\/uploads\/2023\/10\/vocational-training-group-of-people-sitting-at-a-table-focus-on-a-greyhaired-lady-in-a-black-turtleneck.jpeg 768w, https:\/\/www.sassi-llc.eu\/wp-content\/uploads\/2023\/10\/vocational-training-group-of-people-sitting-at-a-table-focus-on-a-greyhaired-lady-in-a-black-turtleneck-300x300.jpeg 300w, https:\/\/www.sassi-llc.eu\/wp-content\/uploads\/2023\/10\/vocational-training-group-of-people-sitting-at-a-table-focus-on-a-greyhaired-lady-in-a-black-turtleneck-150x150.jpeg 1024w, https:\/\/www.sassi-llc.eu\/wp-content\/uploads\/2023\/10\/vocational-training-group-of-people-sitting-at-a-table-focus-on-a-greyhaired-lady-in-a-black-turtleneck.jpeg 1280w\" sizes=\"auto, (max-width: 768px) 100vw, 768px\" itemprop=\"image\" style=\"aspect-ratio: 4\/3;\"><\/a>\n\t<h2 class=\"entry-title\">\n\t\t<a href=\"https:\/\/www.sassi-llc.eu\/class\/ii-3-ehrenamtlich-arbeit\/\" rel=\"bookmark\">\n\t\t\tII. 3 \u2013 Ehrenamtliche Arbeit\t\t<\/a>\n\t<\/h2>\n\n\t<div class=\"entry-excerpt\">Machen Sie sich mit den Vorteilen ehrenamtlicher Arbeit und der Mobilit\u00e4t in diesem Rahmen vertraut. Denken Sie \u00fcber diese Mobilit\u00e4t im Zusammenhang mit \u00e4lteren ehrenamtlich engagierten Menschen nach.<\/div><a class=\"entry-button\" data-type=\"simple\" href=\"https:\/\/www.sassi-llc.eu\/class\/ii-3-ehrenamtlich-arbeit\/\">Read More<svg width=\"17px\" height=\"17px\" viewBox=\"0 0 32 32\"><path d=\"M 21.1875 9.28125 L 19.78125 10.71875 L 24.0625 15 L 4 15 L 4 17 L 24.0625 17 L 19.78125 21.28125 L 21.1875 22.71875 L 27.90625 16 Z \"><\/path><\/svg><span class=\"screen-reader-text\">II. 3 \u2013 Ehrenamtliche Arbeit<\/span><\/a><\/article><\/div><\/div>\n\n\n\n\n<div style=\"height:100px\" aria-hidden=\"true\" class=\"wp-block-spacer\"><\/div>\n","protected":false},"excerpt":{"rendered":"<p>II. 1. \u2013 Kurzfristige Mobilit\u00e4t Unser gemeinsames Ziel sollte es sein, die positiven Auswirkungen einer Mobilit\u00e4t zu Lernzwecken zu erkennen und sie von einer Ausnahme zur Regel f\u00fcr alle zu machen. Read MoreII. 1. \u2013 Kurzfristige Mobilit\u00e4t II. 2. \u2013 Langfristige Mobilit\u00e4t Machen Sie sich mit den verschiedenen Arten von Langzeitmobilit\u00e4t vertraut und denken Sie [&hellip;]<\/p>\n","protected":false},"author":4,"featured_media":4859,"parent":3178,"menu_order":2,"comment_status":"closed","ping_status":"closed","template":"","meta":{"inline_featured_image":false,"_locale":"de_DE_formal","_original_post":"https:\/\/www.sassi-llc.eu\/?page_id=2638","footnotes":""},"class_list":["post-3188","page","type-page","status-publish","has-post-thumbnail","hentry","de-DE"],"blocksy_meta":[],"_links":{"self":[{"href":"https:\/\/www.sassi-llc.eu\/wp-json\/wp\/v2\/pages\/3188","targetHints":{"allow":["GET"]}}],"collection":[{"href":"https:\/\/www.sassi-llc.eu\/wp-json\/wp\/v2\/pages"}],"about":[{"href":"https:\/\/www.sassi-llc.eu\/wp-json\/wp\/v2\/types\/page"}],"author":[{"embeddable":true,"href":"https:\/\/www.sassi-llc.eu\/wp-json\/wp\/v2\/users\/4"}],"replies":[{"embeddable":true,"href":"https:\/\/www.sassi-llc.eu\/wp-json\/wp\/v2\/comments?post=3188"}],"version-history":[{"count":5,"href":"https:\/\/www.sassi-llc.eu\/wp-json\/wp\/v2\/pages\/3188\/revisions"}],"predecessor-version":[{"id":4864,"href":"https:\/\/www.sassi-llc.eu\/wp-json\/wp\/v2\/pages\/3188\/revisions\/4864"}],"up":[{"embeddable":true,"href":"https:\/\/www.sassi-llc.eu\/wp-json\/wp\/v2\/pages\/3178"}],"wp:featuredmedia":[{"embeddable":true,"href":"https:\/\/www.sassi-llc.eu\/wp-json\/wp\/v2\/media\/4859"}],"wp:attachment":[{"href":"https:\/\/www.sassi-llc.eu\/wp-json\/wp\/v2\/media?parent=3188"}],"curies":[{"name":"wp","href":"https:\/\/api.w.org\/{rel}","templated":true}]}}