{"id":3191,"date":"2023-11-19T23:46:37","date_gmt":"2023-11-19T23:46:37","guid":{"rendered":"https:\/\/www.sassi-llc.eu\/?page_id=3191"},"modified":"2024-09-12T12:12:39","modified_gmt":"2024-09-12T12:12:39","slug":"chapter-iii-the-role-of-an-ambassador","status":"publish","type":"page","link":"https:\/\/www.sassi-llc.eu\/de\/courses\/ambassadors-for-mobility-in-later-life\/chapter-iii-the-role-of-an-ambassador\/","title":{"rendered":"KAPITEL 3 \u2013 Aufgaben und Kompetenzen von Botschaftern"},"content":{"rendered":"\n<div class=\"ct-posts-shortcode\" data-prefix=\"class_archive\"><div class=\"entries\" data-archive=\"default\" data-layout=\"grid\" data-cards=\"simple\"><article id=\"post-3168\" class=\"entry-card post-3168 class type-class status-publish format-standard has-post-thumbnail hentry en-GB\" data-reveal=\"yes:1\"><a class=\"ct-image-container\" href=\"https:\/\/www.sassi-llc.eu\/class\/iii-1-wer-sind-botschafter-fur-mobilitat-im-alter\/\" aria-label=\"III. 1. \u2013 Wer sind Botschafter f\u00fcr Mobilit\u00e4t im Alter?\" tabindex=\"-1\"><img loading=\"lazy\" decoding=\"async\" width=\"768\" height=\"1152\" src=\"https:\/\/www.sassi-llc.eu\/wp-content\/uploads\/2023\/10\/portrait-of-a-lady-in-her-sixties-bold-glasses-and-dark-background-business-casual-clothes-768x768.jpeg\" class=\"attachment-medium_large size-medium_large wp-post-image\" alt=\"\" srcset=\"https:\/\/www.sassi-llc.eu\/wp-content\/uploads\/2023\/10\/portrait-of-a-lady-in-her-sixties-bold-glasses-and-dark-background-business-casual-clothes-768x768.jpeg 768w, https:\/\/www.sassi-llc.eu\/wp-content\/uploads\/2023\/10\/portrait-of-a-lady-in-her-sixties-bold-glasses-and-dark-background-business-casual-clothes-300x300.jpeg 200w, https:\/\/www.sassi-llc.eu\/wp-content\/uploads\/2023\/10\/portrait-of-a-lady-in-her-sixties-bold-glasses-and-dark-background-business-casual-clothes-150x150.jpeg 683w, https:\/\/www.sassi-llc.eu\/wp-content\/uploads\/2023\/10\/portrait-of-a-lady-in-her-sixties-bold-glasses-and-dark-background-business-casual-clothes.jpeg 1024w, https:\/\/www.sassi-llc.eu\/wp-content\/uploads\/2023\/10\/portrait-of-a-lady-in-her-sixties-bold-glasses-and-dark-background-business-casual-clothes.jpeg 1280w\" sizes=\"auto, (max-width: 768px) 100vw, 768px\" itemprop=\"image\" style=\"aspect-ratio: 4\/3;\"><\/a>\n\t<h2 class=\"entry-title\">\n\t\t<a href=\"https:\/\/www.sassi-llc.eu\/class\/iii-1-wer-sind-botschafter-fur-mobilitat-im-alter\/\" rel=\"bookmark\">\n\t\t\tIII. 1. \u2013 Wer sind Botschafter f\u00fcr Mobilit\u00e4t im Alter?\t\t<\/a>\n\t<\/h2>\n\n\t<div class=\"entry-excerpt\">Die wichtigsten Merkmale eines Botschafters f\u00fcr Mobilit\u00e4t im Alter verstehen.<\/div><a class=\"entry-button\" data-type=\"simple\" href=\"https:\/\/www.sassi-llc.eu\/class\/iii-1-wer-sind-botschafter-fur-mobilitat-im-alter\/\">Read More<svg width=\"17px\" height=\"17px\" viewBox=\"0 0 32 32\"><path d=\"M 21.1875 9.28125 L 19.78125 10.71875 L 24.0625 15 L 4 15 L 4 17 L 24.0625 17 L 19.78125 21.28125 L 21.1875 22.71875 L 27.90625 16 Z \"><\/path><\/svg><span class=\"screen-reader-text\">III. 1. \u2013 Wer sind Botschafter f\u00fcr Mobilit\u00e4t im Alter?<\/span><\/a><\/article><article id=\"post-3169\" class=\"entry-card post-3169 class type-class status-publish format-standard has-post-thumbnail hentry en-GB\" data-reveal=\"yes:2\"><a class=\"ct-image-container\" href=\"https:\/\/www.sassi-llc.eu\/class\/iii-2-verantwortlichkeiten-und-konkrete-aufgaben-eines-botschafters-die-vorteile-der-mobilitat\/\" aria-label=\"III. 2 \u2013 Verantwortlichkeiten und konkrete Aufgaben eines Botschafters \u2013 Die Vorteile der Mobilit\u00e4t\" tabindex=\"-1\"><img loading=\"lazy\" decoding=\"async\" width=\"768\" height=\"512\" src=\"https:\/\/www.sassi-llc.eu\/wp-content\/uploads\/2023\/10\/man-in-his-late-fifties-sitting-on-a-coach-reading-a-scientific-book.jpeg\" class=\"attachment-medium_large size-medium_large wp-post-image\" alt=\"\" srcset=\"https:\/\/www.sassi-llc.eu\/wp-content\/uploads\/2023\/10\/man-in-his-late-fifties-sitting-on-a-coach-reading-a-scientific-book.jpeg 768w, https:\/\/www.sassi-llc.eu\/wp-content\/uploads\/2023\/10\/man-in-his-late-fifties-sitting-on-a-coach-reading-a-scientific-book-300x300.jpeg 300w, https:\/\/www.sassi-llc.eu\/wp-content\/uploads\/2023\/10\/man-in-his-late-fifties-sitting-on-a-coach-reading-a-scientific-book-150x150.jpeg 1024w, https:\/\/www.sassi-llc.eu\/wp-content\/uploads\/2023\/10\/man-in-his-late-fifties-sitting-on-a-coach-reading-a-scientific-book.jpeg 1280w\" sizes=\"auto, (max-width: 768px) 100vw, 768px\" itemprop=\"image\" style=\"aspect-ratio: 4\/3;\"><\/a>\n\t<h2 class=\"entry-title\">\n\t\t<a href=\"https:\/\/www.sassi-llc.eu\/class\/iii-2-verantwortlichkeiten-und-konkrete-aufgaben-eines-botschafters-die-vorteile-der-mobilitat\/\" rel=\"bookmark\">\n\t\t\tIII. 2 \u2013 Verantwortlichkeiten und konkrete Aufgaben eines Botschafters \u2013 Die Vorteile der Mobilit\u00e4t\t\t<\/a>\n\t<\/h2>\n\n\t<div class=\"entry-excerpt\">Ein besserer Botschafter werden, indem man sich das Wissen \u00fcber kognitive Voreingenommenheit aneignet.<\/div><a class=\"entry-button\" data-type=\"simple\" href=\"https:\/\/www.sassi-llc.eu\/class\/iii-2-verantwortlichkeiten-und-konkrete-aufgaben-eines-botschafters-die-vorteile-der-mobilitat\/\">Read More<svg width=\"17px\" height=\"17px\" viewBox=\"0 0 32 32\"><path d=\"M 21.1875 9.28125 L 19.78125 10.71875 L 24.0625 15 L 4 15 L 4 17 L 24.0625 17 L 19.78125 21.28125 L 21.1875 22.71875 L 27.90625 16 Z \"><\/path><\/svg><span class=\"screen-reader-text\">III. 2 \u2013 Verantwortlichkeiten und konkrete Aufgaben eines Botschafters \u2013 Die Vorteile der Mobilit\u00e4t<\/span><\/a><\/article><article id=\"post-3170\" class=\"entry-card post-3170 class type-class status-publish format-standard has-post-thumbnail hentry en-GB\" data-reveal=\"yes:3\"><a class=\"ct-image-container\" href=\"https:\/\/www.sassi-llc.eu\/class\/iii-3-zustandigkeiten-und-konkrete-aufgaben-eines-botschafters-uberwindung-von-barrieren\/\" aria-label=\"III. 3 \u2013 Zust\u00e4ndigkeiten und konkrete Aufgaben eines Botschafters \u2013 \u00dcberwindung von Barrieren\" tabindex=\"-1\"><img loading=\"lazy\" decoding=\"async\" width=\"768\" height=\"512\" src=\"https:\/\/www.sassi-llc.eu\/wp-content\/uploads\/2023\/10\/three-ladies-in-their-late-fifties-sitting-on-a-coach-and-looking-on-one-smartphone-screen.jpeg\" class=\"attachment-medium_large size-medium_large wp-post-image\" alt=\"\" srcset=\"https:\/\/www.sassi-llc.eu\/wp-content\/uploads\/2023\/10\/three-ladies-in-their-late-fifties-sitting-on-a-coach-and-looking-on-one-smartphone-screen.jpeg 768w, https:\/\/www.sassi-llc.eu\/wp-content\/uploads\/2023\/10\/three-ladies-in-their-late-fifties-sitting-on-a-coach-and-looking-on-one-smartphone-screen-300x300.jpeg 300w, https:\/\/www.sassi-llc.eu\/wp-content\/uploads\/2023\/10\/three-ladies-in-their-late-fifties-sitting-on-a-coach-and-looking-on-one-smartphone-screen-150x150.jpeg 1024w, https:\/\/www.sassi-llc.eu\/wp-content\/uploads\/2023\/10\/three-ladies-in-their-late-fifties-sitting-on-a-coach-and-looking-on-one-smartphone-screen.jpeg 1280w\" sizes=\"auto, (max-width: 768px) 100vw, 768px\" itemprop=\"image\" style=\"aspect-ratio: 4\/3;\"><\/a>\n\t<h2 class=\"entry-title\">\n\t\t<a href=\"https:\/\/www.sassi-llc.eu\/class\/iii-3-zustandigkeiten-und-konkrete-aufgaben-eines-botschafters-uberwindung-von-barrieren\/\" rel=\"bookmark\">\n\t\t\tIII. 3 \u2013 Zust\u00e4ndigkeiten und konkrete Aufgaben eines Botschafters \u2013 \u00dcberwindung von Barrieren\t\t<\/a>\n\t<\/h2>\n\n\t<div class=\"entry-excerpt\">Gehen wir n\u00e4her auf die Stereotypen und potenziellen Hindernisse ein, auf die Menschen im Zusammenhang mit Mobilit\u00e4tsprogrammen sto\u00dfen k\u00f6nnen.<\/div><a class=\"entry-button\" data-type=\"simple\" href=\"https:\/\/www.sassi-llc.eu\/class\/iii-3-zustandigkeiten-und-konkrete-aufgaben-eines-botschafters-uberwindung-von-barrieren\/\">Read More<svg width=\"17px\" height=\"17px\" viewBox=\"0 0 32 32\"><path d=\"M 21.1875 9.28125 L 19.78125 10.71875 L 24.0625 15 L 4 15 L 4 17 L 24.0625 17 L 19.78125 21.28125 L 21.1875 22.71875 L 27.90625 16 Z \"><\/path><\/svg><span class=\"screen-reader-text\">III. 3 \u2013 Zust\u00e4ndigkeiten und konkrete Aufgaben eines Botschafters \u2013 \u00dcberwindung von Barrieren<\/span><\/a><\/article><article id=\"post-3171\" class=\"entry-card post-3171 class type-class status-publish format-standard has-post-thumbnail hentry en-GB\" data-reveal=\"yes:4\"><a class=\"ct-image-container\" href=\"https:\/\/www.sassi-llc.eu\/class\/iii-4-zustandigkeiten-und-konkrete-aufgaben-eines-botschafters-planung-und-umsetzung-von-mobilitat\/\" aria-label=\"III. 4 \u2013 Zust\u00e4ndigkeiten und konkrete Aufgaben eines Botschafters \u2013 Planung und Umsetzung von Mobilit\u00e4t\" tabindex=\"-1\"><img loading=\"lazy\" decoding=\"async\" width=\"768\" height=\"1152\" src=\"https:\/\/www.sassi-llc.eu\/wp-content\/uploads\/2023\/10\/55-years-old-man-with-a-distant-gaze-business-casual-look-making-a-smartphone-call-768x768.jpeg\" class=\"attachment-medium_large size-medium_large wp-post-image\" alt=\"\" srcset=\"https:\/\/www.sassi-llc.eu\/wp-content\/uploads\/2023\/10\/55-years-old-man-with-a-distant-gaze-business-casual-look-making-a-smartphone-call-768x768.jpeg 768w, https:\/\/www.sassi-llc.eu\/wp-content\/uploads\/2023\/10\/55-years-old-man-with-a-distant-gaze-business-casual-look-making-a-smartphone-call-300x300.jpeg 200w, https:\/\/www.sassi-llc.eu\/wp-content\/uploads\/2023\/10\/55-years-old-man-with-a-distant-gaze-business-casual-look-making-a-smartphone-call-150x150.jpeg 683w, https:\/\/www.sassi-llc.eu\/wp-content\/uploads\/2023\/10\/55-years-old-man-with-a-distant-gaze-business-casual-look-making-a-smartphone-call.jpeg 1024w, https:\/\/www.sassi-llc.eu\/wp-content\/uploads\/2023\/10\/55-years-old-man-with-a-distant-gaze-business-casual-look-making-a-smartphone-call.jpeg 1280w\" sizes=\"auto, (max-width: 768px) 100vw, 768px\" itemprop=\"image\" style=\"aspect-ratio: 4\/3;\"><\/a>\n\t<h2 class=\"entry-title\">\n\t\t<a href=\"https:\/\/www.sassi-llc.eu\/class\/iii-4-zustandigkeiten-und-konkrete-aufgaben-eines-botschafters-planung-und-umsetzung-von-mobilitat\/\" rel=\"bookmark\">\n\t\t\tIII. 4 \u2013 Zust\u00e4ndigkeiten und konkrete Aufgaben eines Botschafters \u2013 Planung und Umsetzung von Mobilit\u00e4t\t\t<\/a>\n\t<\/h2>\n\n\t<div class=\"entry-excerpt\">Planung und Durchf\u00fchrung unterst\u00fctzen &#8211; Wissen, wie man eine Mobilit\u00e4tsma\u00dfnahme optimal vorbereitet und begleitet<\/div><a class=\"entry-button\" data-type=\"simple\" href=\"https:\/\/www.sassi-llc.eu\/class\/iii-4-zustandigkeiten-und-konkrete-aufgaben-eines-botschafters-planung-und-umsetzung-von-mobilitat\/\">Read More<svg width=\"17px\" height=\"17px\" viewBox=\"0 0 32 32\"><path d=\"M 21.1875 9.28125 L 19.78125 10.71875 L 24.0625 15 L 4 15 L 4 17 L 24.0625 17 L 19.78125 21.28125 L 21.1875 22.71875 L 27.90625 16 Z \"><\/path><\/svg><span class=\"screen-reader-text\">III. 4 \u2013 Zust\u00e4ndigkeiten und konkrete Aufgaben eines Botschafters \u2013 Planung und Umsetzung von Mobilit\u00e4t<\/span><\/a><\/article><article id=\"post-3172\" class=\"entry-card post-3172 class type-class status-publish format-standard has-post-thumbnail hentry en-GB\" data-reveal=\"yes:1\"><a class=\"ct-image-container\" href=\"https:\/\/www.sassi-llc.eu\/class\/iii-5-der-botschafter-als-geschichtenerzahler\/\" aria-label=\"III. 5 \u2013 Der Botschafter als Geschichtenerz\u00e4hler\" tabindex=\"-1\"><img loading=\"lazy\" decoding=\"async\" width=\"768\" height=\"470\" src=\"https:\/\/www.sassi-llc.eu\/wp-content\/uploads\/2023\/10\/classical-typewriter-view-on-the-sheet-of-paper-with-wording-22Stories-matter22.jpeg\" class=\"attachment-medium_large size-medium_large wp-post-image\" alt=\"\" srcset=\"https:\/\/www.sassi-llc.eu\/wp-content\/uploads\/2023\/10\/classical-typewriter-view-on-the-sheet-of-paper-with-wording-22Stories-matter22.jpeg 768w, https:\/\/www.sassi-llc.eu\/wp-content\/uploads\/2023\/10\/classical-typewriter-view-on-the-sheet-of-paper-with-wording-22Stories-matter22-300x300.jpeg 300w, https:\/\/www.sassi-llc.eu\/wp-content\/uploads\/2023\/10\/classical-typewriter-view-on-the-sheet-of-paper-with-wording-22Stories-matter22-150x150.jpeg 1024w, https:\/\/www.sassi-llc.eu\/wp-content\/uploads\/2023\/10\/classical-typewriter-view-on-the-sheet-of-paper-with-wording-22Stories-matter22.jpeg 1279w\" sizes=\"auto, (max-width: 768px) 100vw, 768px\" itemprop=\"image\" style=\"aspect-ratio: 4\/3;\"><\/a>\n\t<h2 class=\"entry-title\">\n\t\t<a href=\"https:\/\/www.sassi-llc.eu\/class\/iii-5-der-botschafter-als-geschichtenerzahler\/\" rel=\"bookmark\">\n\t\t\tIII. 5 \u2013 Der Botschafter als Geschichtenerz\u00e4hler\t\t<\/a>\n\t<\/h2>\n\n\t<div class=\"entry-excerpt\">Geschichten sind vielmehr das Gef\u00e4\u00df, das die Denkweise Ihres Kunden\/Mandanten weg von der abstrakten Angst vor Mobilit\u00e4t oder Unternehmertum hin zu einem konkreteren Bild davon lenkt.<\/div><a class=\"entry-button\" data-type=\"simple\" href=\"https:\/\/www.sassi-llc.eu\/class\/iii-5-der-botschafter-als-geschichtenerzahler\/\">Read More<svg width=\"17px\" height=\"17px\" viewBox=\"0 0 32 32\"><path d=\"M 21.1875 9.28125 L 19.78125 10.71875 L 24.0625 15 L 4 15 L 4 17 L 24.0625 17 L 19.78125 21.28125 L 21.1875 22.71875 L 27.90625 16 Z \"><\/path><\/svg><span class=\"screen-reader-text\">III. 5 \u2013 Der Botschafter als Geschichtenerz\u00e4hler<\/span><\/a><\/article><article id=\"post-3173\" class=\"entry-card post-3173 class type-class status-publish format-standard has-post-thumbnail hentry en-GB\" data-reveal=\"yes:2\"><a class=\"ct-image-container\" href=\"https:\/\/www.sassi-llc.eu\/class\/iii-6-die-bedeutung-der-interkulturellen-kompetenz\/\" aria-label=\"III. 6 \u2013 Die Bedeutung der interkulturellen Kompetenz\" tabindex=\"-1\"><img loading=\"lazy\" decoding=\"async\" width=\"768\" height=\"512\" src=\"https:\/\/www.sassi-llc.eu\/wp-content\/uploads\/2023\/10\/symbolic-image-for-22-The-Importance-of-Intercultural-Competence22.jpeg\" class=\"attachment-medium_large size-medium_large wp-post-image\" alt=\"\" srcset=\"https:\/\/www.sassi-llc.eu\/wp-content\/uploads\/2023\/10\/symbolic-image-for-22-The-Importance-of-Intercultural-Competence22.jpeg 768w, https:\/\/www.sassi-llc.eu\/wp-content\/uploads\/2023\/10\/symbolic-image-for-22-The-Importance-of-Intercultural-Competence22-300x300.jpeg 300w, https:\/\/www.sassi-llc.eu\/wp-content\/uploads\/2023\/10\/symbolic-image-for-22-The-Importance-of-Intercultural-Competence22-150x150.jpeg 1024w, https:\/\/www.sassi-llc.eu\/wp-content\/uploads\/2023\/10\/symbolic-image-for-22-The-Importance-of-Intercultural-Competence22.jpeg 1280w\" sizes=\"auto, (max-width: 768px) 100vw, 768px\" itemprop=\"image\" style=\"aspect-ratio: 4\/3;\"><\/a>\n\t<h2 class=\"entry-title\">\n\t\t<a href=\"https:\/\/www.sassi-llc.eu\/class\/iii-6-die-bedeutung-der-interkulturellen-kompetenz\/\" rel=\"bookmark\">\n\t\t\tIII. 6 \u2013 Die Bedeutung der interkulturellen Kompetenz\t\t<\/a>\n\t<\/h2>\n\n\t<div class=\"entry-excerpt\">Lernen Sie verstehen, wie die Kultur die Wahrnehmung pr\u00e4gt, und werden Sie sich der eigenen, kulturell gepr\u00e4gten Werte, \u00dcberzeugungen und Vorurteile bewusst.<\/div><a class=\"entry-button\" data-type=\"simple\" href=\"https:\/\/www.sassi-llc.eu\/class\/iii-6-die-bedeutung-der-interkulturellen-kompetenz\/\">Read More<svg width=\"17px\" height=\"17px\" viewBox=\"0 0 32 32\"><path d=\"M 21.1875 9.28125 L 19.78125 10.71875 L 24.0625 15 L 4 15 L 4 17 L 24.0625 17 L 19.78125 21.28125 L 21.1875 22.71875 L 27.90625 16 Z \"><\/path><\/svg><span class=\"screen-reader-text\">III. 6 \u2013 Die Bedeutung der interkulturellen Kompetenz<\/span><\/a><\/article><\/div><\/div>\n\n\n\n<div style=\"height:100px\" aria-hidden=\"true\" class=\"wp-block-spacer\"><\/div>\n","protected":false},"excerpt":{"rendered":"<p>III. 1. \u2013 Wer sind Botschafter f\u00fcr Mobilit\u00e4t im Alter? Die wichtigsten Merkmale eines Botschafters f\u00fcr Mobilit\u00e4t im Alter verstehen. Read MoreIII. 1. \u2013 Wer sind Botschafter f\u00fcr Mobilit\u00e4t im Alter? III. 2 \u2013 Verantwortlichkeiten und konkrete Aufgaben eines Botschafters \u2013 Die Vorteile der Mobilit\u00e4t Ein besserer Botschafter werden, indem man sich das Wissen \u00fcber [&hellip;]<\/p>\n","protected":false},"author":4,"featured_media":4857,"parent":3178,"menu_order":3,"comment_status":"closed","ping_status":"closed","template":"","meta":{"inline_featured_image":false,"_locale":"de_DE_formal","_original_post":"https:\/\/www.sassi-llc.eu\/?page_id=2640","footnotes":""},"class_list":["post-3191","page","type-page","status-publish","has-post-thumbnail","hentry","de-DE"],"blocksy_meta":[],"_links":{"self":[{"href":"https:\/\/www.sassi-llc.eu\/wp-json\/wp\/v2\/pages\/3191","targetHints":{"allow":["GET"]}}],"collection":[{"href":"https:\/\/www.sassi-llc.eu\/wp-json\/wp\/v2\/pages"}],"about":[{"href":"https:\/\/www.sassi-llc.eu\/wp-json\/wp\/v2\/types\/page"}],"author":[{"embeddable":true,"href":"https:\/\/www.sassi-llc.eu\/wp-json\/wp\/v2\/users\/4"}],"replies":[{"embeddable":true,"href":"https:\/\/www.sassi-llc.eu\/wp-json\/wp\/v2\/comments?post=3191"}],"version-history":[{"count":3,"href":"https:\/\/www.sassi-llc.eu\/wp-json\/wp\/v2\/pages\/3191\/revisions"}],"predecessor-version":[{"id":3855,"href":"https:\/\/www.sassi-llc.eu\/wp-json\/wp\/v2\/pages\/3191\/revisions\/3855"}],"up":[{"embeddable":true,"href":"https:\/\/www.sassi-llc.eu\/wp-json\/wp\/v2\/pages\/3178"}],"wp:featuredmedia":[{"embeddable":true,"href":"https:\/\/www.sassi-llc.eu\/wp-json\/wp\/v2\/media\/4857"}],"wp:attachment":[{"href":"https:\/\/www.sassi-llc.eu\/wp-json\/wp\/v2\/media?parent=3191"}],"curies":[{"name":"wp","href":"https:\/\/api.w.org\/{rel}","templated":true}]}}