{"id":3193,"date":"2023-11-19T23:48:12","date_gmt":"2023-11-19T23:48:12","guid":{"rendered":"https:\/\/www.sassi-llc.eu\/?page_id=3193"},"modified":"2023-11-20T22:21:28","modified_gmt":"2023-11-20T22:21:28","slug":"chapter-iv-mobility-in-practice","status":"publish","type":"page","link":"https:\/\/www.sassi-llc.eu\/de\/chapter-iv-mobility-in-practice\/","title":{"rendered":"KAPITEL 4 \u2013 Mobilit\u00e4t in der Praxis"},"content":{"rendered":"\n<div class=\"ct-posts-shortcode\" data-prefix=\"class_archive\"><div class=\"entries\" data-archive=\"default\" data-layout=\"grid\" data-cards=\"simple\"><article id=\"post-3174\" class=\"entry-card post-3174 class type-class status-publish format-standard has-post-thumbnail hentry en-GB\" data-reveal=\"yes:1\"><a class=\"ct-image-container\" href=\"https:\/\/www.sassi-llc.eu\/class\/iv-1-eine-geeignete-mobilitat-auswahlen\/\" aria-label=\"IV. 1. Eine geeignete Mobilit\u00e4t ausw\u00e4hlen\" tabindex=\"-1\"><img loading=\"lazy\" decoding=\"async\" width=\"768\" height=\"511\" src=\"https:\/\/www.sassi-llc.eu\/wp-content\/uploads\/2023\/10\/pixabay-269790-768x511.webp\" class=\"attachment-medium_large size-medium_large wp-post-image\" alt=\"\" srcset=\"https:\/\/www.sassi-llc.eu\/wp-content\/uploads\/2023\/10\/pixabay-269790-768x511.webp 768w, https:\/\/www.sassi-llc.eu\/wp-content\/uploads\/2023\/10\/pixabay-269790-300x200.webp 300w, https:\/\/www.sassi-llc.eu\/wp-content\/uploads\/2023\/10\/pixabay-269790-1024x682.webp 1024w, https:\/\/www.sassi-llc.eu\/wp-content\/uploads\/2023\/10\/pixabay-269790.webp 1280w\" sizes=\"auto, (max-width: 768px) 100vw, 768px\" itemprop=\"image\" style=\"aspect-ratio: 4\/3;\"><\/a>\n\t<h2 class=\"entry-title\">\n\t\t<a href=\"https:\/\/www.sassi-llc.eu\/class\/iv-1-eine-geeignete-mobilitat-auswahlen\/\" rel=\"bookmark\">\n\t\t\tIV. 1. Eine geeignete Mobilit\u00e4t ausw\u00e4hlen\t\t<\/a>\n\t<\/h2>\n\n\t<div class=\"entry-excerpt\">Die Mobilit\u00e4t am Arbeitsplatz kann ein Element der beruflichen Entwicklung sein, die als eine Reihe von Aktivit\u00e4ten oder als lebenslanger Prozess der beruflichen Entwicklung definiert werden kann.<\/div><a class=\"entry-button\" data-type=\"simple\" href=\"https:\/\/www.sassi-llc.eu\/class\/iv-1-eine-geeignete-mobilitat-auswahlen\/\">Read More<svg width=\"17px\" height=\"17px\" viewBox=\"0 0 32 32\"><path d=\"M 21.1875 9.28125 L 19.78125 10.71875 L 24.0625 15 L 4 15 L 4 17 L 24.0625 17 L 19.78125 21.28125 L 21.1875 22.71875 L 27.90625 16 Z \"><\/path><\/svg><span class=\"screen-reader-text\">IV. 1. Eine geeignete Mobilit\u00e4t ausw\u00e4hlen<\/span><\/a><\/article><article id=\"post-3175\" class=\"entry-card post-3175 class type-class status-publish format-standard has-post-thumbnail hentry en-GB\" data-reveal=\"yes:2\"><a class=\"ct-image-container\" href=\"https:\/\/www.sassi-llc.eu\/class\/iv-2-rechtliche-aspekte-einer-mobilitat\/\" aria-label=\"IV. 2 \u2013 Rechtliche Aspekte einer Mobilit\u00e4t\" tabindex=\"-1\"><img loading=\"lazy\" decoding=\"async\" width=\"768\" height=\"512\" src=\"https:\/\/www.sassi-llc.eu\/wp-content\/uploads\/2023\/10\/one-person-coaches-about-legal-aspects-with-coachee-about-60-years-old-business-casual-look.jpeg\" class=\"attachment-medium_large size-medium_large wp-post-image\" alt=\"\" srcset=\"https:\/\/www.sassi-llc.eu\/wp-content\/uploads\/2023\/10\/one-person-coaches-about-legal-aspects-with-coachee-about-60-years-old-business-casual-look.jpeg 768w, https:\/\/www.sassi-llc.eu\/wp-content\/uploads\/2023\/10\/one-person-coaches-about-legal-aspects-with-coachee-about-60-years-old-business-casual-look-300x300.jpeg 300w, https:\/\/www.sassi-llc.eu\/wp-content\/uploads\/2023\/10\/one-person-coaches-about-legal-aspects-with-coachee-about-60-years-old-business-casual-look-150x150.jpeg 1024w, https:\/\/www.sassi-llc.eu\/wp-content\/uploads\/2023\/10\/one-person-coaches-about-legal-aspects-with-coachee-about-60-years-old-business-casual-look.jpeg 1280w\" sizes=\"auto, (max-width: 768px) 100vw, 768px\" itemprop=\"image\" style=\"aspect-ratio: 4\/3;\"><\/a>\n\t<h2 class=\"entry-title\">\n\t\t<a href=\"https:\/\/www.sassi-llc.eu\/class\/iv-2-rechtliche-aspekte-einer-mobilitat\/\" rel=\"bookmark\">\n\t\t\tIV. 2 \u2013 Rechtliche Aspekte einer Mobilit\u00e4t\t\t<\/a>\n\t<\/h2>\n\n\t<div class=\"entry-excerpt\">Informieren Sie sich \u00fcber die relevanten rechtlichen Anforderungen f\u00fcr eine Mobilit\u00e4tsplanung und wo Sie Ressourcen finden<\/div><a class=\"entry-button\" data-type=\"simple\" href=\"https:\/\/www.sassi-llc.eu\/class\/iv-2-rechtliche-aspekte-einer-mobilitat\/\">Read More<svg width=\"17px\" height=\"17px\" viewBox=\"0 0 32 32\"><path d=\"M 21.1875 9.28125 L 19.78125 10.71875 L 24.0625 15 L 4 15 L 4 17 L 24.0625 17 L 19.78125 21.28125 L 21.1875 22.71875 L 27.90625 16 Z \"><\/path><\/svg><span class=\"screen-reader-text\">IV. 2 \u2013 Rechtliche Aspekte einer Mobilit\u00e4t<\/span><\/a><\/article><article id=\"post-3176\" class=\"entry-card post-3176 class type-class status-publish format-standard has-post-thumbnail hentry en-GB\" data-reveal=\"yes:3\"><a class=\"ct-image-container\" href=\"https:\/\/www.sassi-llc.eu\/class\/iv-3-selbstgesteuertes-lernen-im-bereich-der-mobilitaten\/\" aria-label=\"IV. 3 \u2013 Selbstgesteuertes Lernen im Bereich der Mobilit\u00e4ten\" tabindex=\"-1\"><img loading=\"lazy\" decoding=\"async\" width=\"768\" height=\"515\" src=\"https:\/\/www.sassi-llc.eu\/wp-content\/uploads\/2023\/10\/pile-of-books-on-a-desk-topic-of-books-business-administration-start-up.jpeg\" class=\"attachment-medium_large size-medium_large wp-post-image\" alt=\"\" srcset=\"https:\/\/www.sassi-llc.eu\/wp-content\/uploads\/2023\/10\/pile-of-books-on-a-desk-topic-of-books-business-administration-start-up.jpeg 768w, https:\/\/www.sassi-llc.eu\/wp-content\/uploads\/2023\/10\/pile-of-books-on-a-desk-topic-of-books-business-administration-start-up-300x300.jpeg 300w, https:\/\/www.sassi-llc.eu\/wp-content\/uploads\/2023\/10\/pile-of-books-on-a-desk-topic-of-books-business-administration-start-up-150x150.jpeg 1024w, https:\/\/www.sassi-llc.eu\/wp-content\/uploads\/2023\/10\/pile-of-books-on-a-desk-topic-of-books-business-administration-start-up.jpeg 1279w\" sizes=\"auto, (max-width: 768px) 100vw, 768px\" itemprop=\"image\" style=\"aspect-ratio: 4\/3;\"><\/a>\n\t<h2 class=\"entry-title\">\n\t\t<a href=\"https:\/\/www.sassi-llc.eu\/class\/iv-3-selbstgesteuertes-lernen-im-bereich-der-mobilitaten\/\" rel=\"bookmark\">\n\t\t\tIV. 3 \u2013 Selbstgesteuertes Lernen im Bereich der Mobilit\u00e4ten\t\t<\/a>\n\t<\/h2>\n\n\t<div class=\"entry-excerpt\">Wenn Sie gerne die Verantwortung f\u00fcr das, was Sie lernen und meistern, \u00fcbernehmen, k\u00f6nnte ein selbstgesteuertes Lernen der richtige Weg f\u00fcr Sie sein.<\/div><a class=\"entry-button\" data-type=\"simple\" href=\"https:\/\/www.sassi-llc.eu\/class\/iv-3-selbstgesteuertes-lernen-im-bereich-der-mobilitaten\/\">Read More<svg width=\"17px\" height=\"17px\" viewBox=\"0 0 32 32\"><path d=\"M 21.1875 9.28125 L 19.78125 10.71875 L 24.0625 15 L 4 15 L 4 17 L 24.0625 17 L 19.78125 21.28125 L 21.1875 22.71875 L 27.90625 16 Z \"><\/path><\/svg><span class=\"screen-reader-text\">IV. 3 \u2013 Selbstgesteuertes Lernen im Bereich der Mobilit\u00e4ten<\/span><\/a><\/article><article id=\"post-3177\" class=\"entry-card post-3177 class type-class status-publish format-standard has-post-thumbnail hentry en-GB\" data-reveal=\"yes:4\"><a class=\"ct-image-container\" href=\"https:\/\/www.sassi-llc.eu\/class\/iv-4-uberwachung-und-nachweis-der-kompetenzentwicklung\/\" aria-label=\"IV. 4 \u2013 \u00dcberwachung und Nachweis der Kompetenzentwicklung\" tabindex=\"-1\"><img loading=\"lazy\" decoding=\"async\" width=\"768\" height=\"1152\" src=\"https:\/\/www.sassi-llc.eu\/wp-content\/uploads\/2023\/10\/shorthaired-lady-in-her-midfifties-working-at-her-laptop-casual-768x768.jpeg\" class=\"attachment-medium_large size-medium_large wp-post-image\" alt=\"\" srcset=\"https:\/\/www.sassi-llc.eu\/wp-content\/uploads\/2023\/10\/shorthaired-lady-in-her-midfifties-working-at-her-laptop-casual-768x768.jpeg 768w, https:\/\/www.sassi-llc.eu\/wp-content\/uploads\/2023\/10\/shorthaired-lady-in-her-midfifties-working-at-her-laptop-casual-300x300.jpeg 200w, https:\/\/www.sassi-llc.eu\/wp-content\/uploads\/2023\/10\/shorthaired-lady-in-her-midfifties-working-at-her-laptop-casual-150x150.jpeg 683w, https:\/\/www.sassi-llc.eu\/wp-content\/uploads\/2023\/10\/shorthaired-lady-in-her-midfifties-working-at-her-laptop-casual.jpeg 1024w, https:\/\/www.sassi-llc.eu\/wp-content\/uploads\/2023\/10\/shorthaired-lady-in-her-midfifties-working-at-her-laptop-casual.jpeg 1280w\" sizes=\"auto, (max-width: 768px) 100vw, 768px\" itemprop=\"image\" style=\"aspect-ratio: 4\/3;\"><\/a>\n\t<h2 class=\"entry-title\">\n\t\t<a href=\"https:\/\/www.sassi-llc.eu\/class\/iv-4-uberwachung-und-nachweis-der-kompetenzentwicklung\/\" rel=\"bookmark\">\n\t\t\tIV. 4 \u2013 \u00dcberwachung und Nachweis der Kompetenzentwicklung\t\t<\/a>\n\t<\/h2>\n\n\t<div class=\"entry-excerpt\">Wenn Sie sich vor der Mobilit\u00e4tsma\u00dfnahme \u00fcber die von Ihnen angestrebten Verbesserungen im Klaren sind, k\u00f6nnen Sie die erzielten Fortschritte besser beurteilen. Die Beweisf\u00fchrung hilft Ihnen auf verschiedene Weise.<\/div><a class=\"entry-button\" data-type=\"simple\" href=\"https:\/\/www.sassi-llc.eu\/class\/iv-4-uberwachung-und-nachweis-der-kompetenzentwicklung\/\">Read More<svg width=\"17px\" height=\"17px\" viewBox=\"0 0 32 32\"><path d=\"M 21.1875 9.28125 L 19.78125 10.71875 L 24.0625 15 L 4 15 L 4 17 L 24.0625 17 L 19.78125 21.28125 L 21.1875 22.71875 L 27.90625 16 Z \"><\/path><\/svg><span class=\"screen-reader-text\">IV. 4 \u2013 \u00dcberwachung und Nachweis der Kompetenzentwicklung<\/span><\/a><\/article><\/div><\/div>\n\n\n\n<div style=\"height:100px\" aria-hidden=\"true\" class=\"wp-block-spacer\"><\/div>\n","protected":false},"excerpt":{"rendered":"<p>IV. 1. Eine geeignete Mobilit\u00e4t ausw\u00e4hlen Die Mobilit\u00e4t am Arbeitsplatz kann ein Element der beruflichen Entwicklung sein, die als eine Reihe von Aktivit\u00e4ten oder als lebenslanger Prozess der beruflichen Entwicklung definiert werden kann. Read MoreIV. 1. Eine geeignete Mobilit\u00e4t ausw\u00e4hlen IV. 2 \u2013 Rechtliche Aspekte einer Mobilit\u00e4t Informieren Sie sich \u00fcber die relevanten rechtlichen Anforderungen [&hellip;]<\/p>\n","protected":false},"author":4,"featured_media":0,"parent":0,"menu_order":0,"comment_status":"closed","ping_status":"closed","template":"","meta":{"inline_featured_image":false,"_locale":"de_DE_formal","_original_post":"https:\/\/www.sassi-llc.eu\/?page_id=2642","footnotes":""},"class_list":["post-3193","page","type-page","status-publish","hentry","de-DE"],"blocksy_meta":[],"_links":{"self":[{"href":"https:\/\/www.sassi-llc.eu\/wp-json\/wp\/v2\/pages\/3193","targetHints":{"allow":["GET"]}}],"collection":[{"href":"https:\/\/www.sassi-llc.eu\/wp-json\/wp\/v2\/pages"}],"about":[{"href":"https:\/\/www.sassi-llc.eu\/wp-json\/wp\/v2\/types\/page"}],"author":[{"embeddable":true,"href":"https:\/\/www.sassi-llc.eu\/wp-json\/wp\/v2\/users\/4"}],"replies":[{"embeddable":true,"href":"https:\/\/www.sassi-llc.eu\/wp-json\/wp\/v2\/comments?post=3193"}],"version-history":[{"count":2,"href":"https:\/\/www.sassi-llc.eu\/wp-json\/wp\/v2\/pages\/3193\/revisions"}],"predecessor-version":[{"id":3220,"href":"https:\/\/www.sassi-llc.eu\/wp-json\/wp\/v2\/pages\/3193\/revisions\/3220"}],"wp:attachment":[{"href":"https:\/\/www.sassi-llc.eu\/wp-json\/wp\/v2\/media?parent=3193"}],"curies":[{"name":"wp","href":"https:\/\/api.w.org\/{rel}","templated":true}]}}