{"id":3866,"date":"2024-06-05T14:10:59","date_gmt":"2024-06-05T14:10:59","guid":{"rendered":"https:\/\/www.sassi-llc.eu\/?page_id=3866"},"modified":"2024-10-02T11:16:34","modified_gmt":"2024-10-02T11:16:34","slug":"courses-2","status":"publish","type":"page","link":"https:\/\/www.sassi-llc.eu\/de\/courses-2\/","title":{"rendered":"Ressourcen"},"content":{"rendered":"\n<div class=\"wp-block-cover\"><span aria-hidden=\"true\" class=\"wp-block-cover__background has-background-dim\" style=\"background-color:#827d7b\"><\/span><img loading=\"lazy\" decoding=\"async\" width=\"1024\" height=\"1024\" class=\"wp-block-cover__image-background wp-image-2781\" alt=\"vocational training, group of people sitting at a table, focus on a greyhaired lady in a black turtleneck\" src=\"https:\/\/www.sassi-llc.eu\/wp-content\/uploads\/2023\/10\/vocational-training-group-of-people-sitting-at-a-table-focus-on-a-greyhaired-lady-in-a-black-turtleneck.jpeg\" style=\"object-position:51% 25%\" data-object-fit=\"cover\" data-object-position=\"51% 25%\" srcset=\"https:\/\/www.sassi-llc.eu\/wp-content\/uploads\/2023\/10\/vocational-training-group-of-people-sitting-at-a-table-focus-on-a-greyhaired-lady-in-a-black-turtleneck.jpeg 1024w, https:\/\/www.sassi-llc.eu\/wp-content\/uploads\/2023\/10\/vocational-training-group-of-people-sitting-at-a-table-focus-on-a-greyhaired-lady-in-a-black-turtleneck-300x300.jpeg 300w, https:\/\/www.sassi-llc.eu\/wp-content\/uploads\/2023\/10\/vocational-training-group-of-people-sitting-at-a-table-focus-on-a-greyhaired-lady-in-a-black-turtleneck-150x150.jpeg 150w, https:\/\/www.sassi-llc.eu\/wp-content\/uploads\/2023\/10\/vocational-training-group-of-people-sitting-at-a-table-focus-on-a-greyhaired-lady-in-a-black-turtleneck-768x768.jpeg 768w\" sizes=\"auto, (max-width: 1024px) 100vw, 1024px\" \/><div class=\"wp-block-cover__inner-container is-layout-constrained wp-block-cover-is-layout-constrained\">\n<p class=\"has-text-align-center has-palette-color-8-color has-text-color has-link-color has-x-large-font-size wp-elements-f0423844ece02c072c4844678ffa954c\"><a href=\"https:\/\/www.sassi-llc.eu\/de\/courses\/training-for-supporting-later-life-career-choices\/\">Ausbildung zur Unterst\u00fctzung der Berufswahl im sp\u00e4teren Leben<\/a><\/p>\n<\/div><\/div>\n\n\n\n<div class=\"wp-block-cover is-light\"><span aria-hidden=\"true\" class=\"wp-block-cover__background has-background-dim\" style=\"background-color:#9e9892\"><\/span><img loading=\"lazy\" decoding=\"async\" width=\"1024\" height=\"1024\" class=\"wp-block-cover__image-background wp-image-3465\" alt=\"\" src=\"https:\/\/www.sassi-llc.eu\/wp-content\/uploads\/2023\/11\/group-of-older-people-with-diverse-intercultural-background-chatting-business-casual.jpeg\" style=\"object-position:51% 27%\" data-object-fit=\"cover\" data-object-position=\"51% 27%\" srcset=\"https:\/\/www.sassi-llc.eu\/wp-content\/uploads\/2023\/11\/group-of-older-people-with-diverse-intercultural-background-chatting-business-casual.jpeg 1024w, https:\/\/www.sassi-llc.eu\/wp-content\/uploads\/2023\/11\/group-of-older-people-with-diverse-intercultural-background-chatting-business-casual-300x300.jpeg 300w, https:\/\/www.sassi-llc.eu\/wp-content\/uploads\/2023\/11\/group-of-older-people-with-diverse-intercultural-background-chatting-business-casual-150x150.jpeg 150w, https:\/\/www.sassi-llc.eu\/wp-content\/uploads\/2023\/11\/group-of-older-people-with-diverse-intercultural-background-chatting-business-casual-768x768.jpeg 768w\" sizes=\"auto, (max-width: 1024px) 100vw, 1024px\" \/><div class=\"wp-block-cover__inner-container is-layout-constrained wp-block-cover-is-layout-constrained\">\n<p class=\"has-text-align-center has-palette-color-8-color has-text-color has-link-color has-x-large-font-size wp-elements-563e2d3fef46dd635a01fb1332d8acf8\"><a href=\"https:\/\/www.sassi-llc.eu\/de\/courses\/ambassadors-for-mobility-in-later-life\/\">Botschafter f\u00fcr Mobilit\u00e4t im sp\u00e4teren Lebensalter<\/a><\/p>\n<\/div><\/div>\n\n\n\n<div class=\"wp-block-cover\"><span aria-hidden=\"true\" class=\"wp-block-cover__background has-background-dim\" style=\"background-color:#7e766c\"><\/span><img loading=\"lazy\" decoding=\"async\" width=\"1024\" height=\"1024\" class=\"wp-block-cover__image-background wp-image-967\" alt=\"evaluationg soft skills old person i60 years business casual in cafe\" src=\"https:\/\/www.sassi-llc.eu\/wp-content\/uploads\/2022\/12\/evaluationg-soft-skills-old-person-i60-years-business-casual-in-cafe.jpeg\" style=\"object-position:59% 18%\" data-object-fit=\"cover\" data-object-position=\"59% 18%\" srcset=\"https:\/\/www.sassi-llc.eu\/wp-content\/uploads\/2022\/12\/evaluationg-soft-skills-old-person-i60-years-business-casual-in-cafe.jpeg 1024w, https:\/\/www.sassi-llc.eu\/wp-content\/uploads\/2022\/12\/evaluationg-soft-skills-old-person-i60-years-business-casual-in-cafe-300x300.jpeg 300w, https:\/\/www.sassi-llc.eu\/wp-content\/uploads\/2022\/12\/evaluationg-soft-skills-old-person-i60-years-business-casual-in-cafe-150x150.jpeg 150w, https:\/\/www.sassi-llc.eu\/wp-content\/uploads\/2022\/12\/evaluationg-soft-skills-old-person-i60-years-business-casual-in-cafe-768x768.jpeg 768w\" sizes=\"auto, (max-width: 1024px) 100vw, 1024px\" \/><div class=\"wp-block-cover__inner-container is-layout-constrained wp-block-cover-is-layout-constrained\">\n<p class=\"has-text-align-center has-palette-color-8-color has-text-color has-link-color has-x-large-font-size wp-elements-7f29ab7bd604d12bef0ece85566ea50d\"><a href=\"https:\/\/www.sassi-llc.eu\/de\/courses\/course-olderpreneurship\/\">Leitfaden f\u00fcr die Entwicklung zum Olderpreneur<\/a><\/p>\n<\/div><\/div>\n\n\n\n<div class=\"wp-block-cover is-light\"><span aria-hidden=\"true\" class=\"wp-block-cover__background has-background-dim\" style=\"background-color:#7e766c\"><\/span><img loading=\"lazy\" decoding=\"async\" width=\"1024\" height=\"1024\" class=\"wp-block-cover__image-background wp-image-2691\" alt=\"advocating innovative working experience incl. mobility for older workers, no text\" src=\"https:\/\/www.sassi-llc.eu\/wp-content\/uploads\/2023\/09\/advocating-innovative-working-experience-incl.-mobility-for-older-workers-no-text.jpeg\" data-object-fit=\"cover\" srcset=\"https:\/\/www.sassi-llc.eu\/wp-content\/uploads\/2023\/09\/advocating-innovative-working-experience-incl.-mobility-for-older-workers-no-text.jpeg 1024w, https:\/\/www.sassi-llc.eu\/wp-content\/uploads\/2023\/09\/advocating-innovative-working-experience-incl.-mobility-for-older-workers-no-text-300x300.jpeg 300w, https:\/\/www.sassi-llc.eu\/wp-content\/uploads\/2023\/09\/advocating-innovative-working-experience-incl.-mobility-for-older-workers-no-text-150x150.jpeg 150w, https:\/\/www.sassi-llc.eu\/wp-content\/uploads\/2023\/09\/advocating-innovative-working-experience-incl.-mobility-for-older-workers-no-text-768x768.jpeg 768w\" sizes=\"auto, (max-width: 1024px) 100vw, 1024px\" \/><div class=\"wp-block-cover__inner-container is-layout-constrained wp-block-cover-is-layout-constrained\">\n<p class=\"has-text-align-center has-palette-color-8-color has-text-color has-link-color has-x-large-font-size wp-elements-219dd8156278ecb59da82bd9275e1ec8\">Kurse von den <a href=\"https:\/\/www.sassi-llc.eu\/sassi-1-2-courses-2\/\">SASSI 1\/2  Projekten (Englisch)<\/a><\/p>\n<\/div><\/div>\n","protected":false},"excerpt":{"rendered":"","protected":false},"author":4,"featured_media":3632,"parent":0,"menu_order":0,"comment_status":"closed","ping_status":"closed","template":"","meta":{"inline_featured_image":false,"_locale":"de_DE_formal","_original_post":"https:\/\/www.sassi-llc.eu\/?page_id=3809","footnotes":""},"class_list":["post-3866","page","type-page","status-publish","has-post-thumbnail","hentry","de-DE"],"blocksy_meta":[],"_links":{"self":[{"href":"https:\/\/www.sassi-llc.eu\/wp-json\/wp\/v2\/pages\/3866","targetHints":{"allow":["GET"]}}],"collection":[{"href":"https:\/\/www.sassi-llc.eu\/wp-json\/wp\/v2\/pages"}],"about":[{"href":"https:\/\/www.sassi-llc.eu\/wp-json\/wp\/v2\/types\/page"}],"author":[{"embeddable":true,"href":"https:\/\/www.sassi-llc.eu\/wp-json\/wp\/v2\/users\/4"}],"replies":[{"embeddable":true,"href":"https:\/\/www.sassi-llc.eu\/wp-json\/wp\/v2\/comments?post=3866"}],"version-history":[{"count":4,"href":"https:\/\/www.sassi-llc.eu\/wp-json\/wp\/v2\/pages\/3866\/revisions"}],"predecessor-version":[{"id":5810,"href":"https:\/\/www.sassi-llc.eu\/wp-json\/wp\/v2\/pages\/3866\/revisions\/5810"}],"wp:featuredmedia":[{"embeddable":true,"href":"https:\/\/www.sassi-llc.eu\/wp-json\/wp\/v2\/media\/3632"}],"wp:attachment":[{"href":"https:\/\/www.sassi-llc.eu\/wp-json\/wp\/v2\/media?parent=3866"}],"curies":[{"name":"wp","href":"https:\/\/api.w.org\/{rel}","templated":true}]}}