{"id":4103,"date":"2024-09-16T12:27:34","date_gmt":"2024-09-16T12:27:34","guid":{"rendered":"https:\/\/www.sassi-llc.eu\/?page_id=4103"},"modified":"2024-09-17T09:44:32","modified_gmt":"2024-09-17T09:44:32","slug":"competence-assessment","status":"publish","type":"page","link":"https:\/\/www.sassi-llc.eu\/de\/toolbox-2\/competence-assessment\/","title":{"rendered":"Online-Tools"},"content":{"rendered":"\n<p>Finden Sie Talentscan-Tools, psychometrische Diagnostik und Online-Frageb\u00f6gen in verschiedenen Sprachen<\/p>\n\n\n\n<figure class=\"wp-block-table\"><table class=\"has-fixed-layout\"><tbody><tr><td><strong>Titel<\/strong><\/td><td><strong>Beschreibung<\/strong><\/td><td><strong>Sprache<\/strong><\/td><td><strong>Link<\/strong><\/td><\/tr><tr><td>Verbatoria Talent Quotient <\/td><td>Die Neurometrie der F\u00e4higkeiten oder die Diagnostik des Talentquotienten (TQ) ist eine einzigartige Methode zur Analyse des nat\u00fcrlichen Potenzials einer Person. Die Studie besteht aus einem Hightech-(Neuro-)Test, der mit Hilfe eines speziellen Ger\u00e4ts (Neurointerface) die Gehirnaktivit\u00e4t w\u00e4hrend der L\u00f6sung bestimmter Aufgaben unterschiedlicher Art misst.<\/td><td>Bulgarisch<\/td><td><a href=\"https:\/\/www.verbatoriabg.com\/about\">https:\/\/www.verbatoriabg.com\/about <br><\/a><\/td><\/tr><tr><td>Neuro-agility Advanced+ Profile<\/td><td>Das Profil misst, erkl\u00e4rt und gibt praktische Anleitungen f\u00fcr das Training und die Entwicklung der Flexibilit\u00e4t unseres Gehirns. Das macht es extrem leicht umsetzbar und bringt einen hohen praktischen Nutzen.<\/td><td>Bulgarisch, Englisch<\/td><td><a href=\"https:\/\/catrobg.com\/neuro-agility\/\">https:\/\/catrobg.com\/neuro-agility\/<\/a><\/td><\/tr><tr><td>SAP SuccessFactors Talent Management<\/td><td>Die einheitliche Talentmanagement-Software von SAP hilft Ihnen dabei, Ihre Mitarbeiter auf die Zukunft vorzubereiten und ihnen die M\u00f6glichkeit zu geben, die gew\u00fcnschte Karriere zu machen. Mit KI-gest\u00fctzten Erkenntnissen \u00fcber Talente k\u00f6nnen Sie jede Talententscheidung verbessern.<\/td><td>Slowakisch<\/td><td><a href=\"https:\/\/www.sap.com\/sk\/products\/hcm\/what-is-a-talent-management-system.html\">https:\/\/www.sap.com\/sk\/products\/hcm\/what-is-a-talent-management-system.html<br><\/a><\/td><\/tr><tr><td>TalentPulse &#8211; Talent Intelligence Platform<\/td><td>TalentPulse ist eine Talent-Intelligence-Plattform, die der Personalabteilung hilft, ihre Talentakquisitions- und Talentmanagementprozesse zu optimieren.<\/td><td>Englisch<\/td><td><a href=\"https:\/\/accendotechnologies.com\/\">https:\/\/accendotechnologies.com\/<\/a><\/td><\/tr><tr><td>Personality Assessment at Work<\/td><td>NEO-PI-3 ist die neueste Ausgabe des NEO-PI und der weltweit beliebteste Pers\u00f6nlichkeitstest, der auf dem Goldstandard der Fragebogenmessung des F\u00fcnf-Faktoren-Modells (FFM) basiert, auch bekannt als OCEAN-Modell oder die Big Five Pers\u00f6nlichkeitsmerkmale. Wie sein Vorg\u00e4nger (NEO-PI-R) bietet der NEO-PI-3 eine detaillierte Bewertung aller wichtigen Merkmale, die das Verhalten und die Reaktionen einer Person im Beruf und im Alltag bestimmen k\u00f6nnen. Ob bei der Auswahl neuer Mitarbeiter oder bei der Entwicklung bereits eingestellter Mitarbeiter, dieses Instrument liefert unverzichtbare Informationen, die die pers\u00f6nliche Entscheidungsfindung erleichtern und das effektive Management der eigenen Karriere unterst\u00fctzen.<\/td><td>Bulgarisch, Englisch<\/td><td><a href=\"https:\/\/prometriks.com\/test-neo-pi-3\">https:\/\/prometriks.com\/test-neo-pi-3<\/a><\/td><\/tr><tr><td>6 Factor Business-Focused Inventory of Personality<\/td><td>BIP-6F ist die Kurzversion des gesch\u00e4ftsorientierten Fragebogens (BIP), der in vielen deutschen, \u00f6sterreichischen und schweizerischen Organisationen zur Erforschung der verschiedenen Pers\u00f6nlichkeitsmerkmale einer Person eingesetzt wird. Der Test wurde speziell f\u00fcr Bulgarien angepasst, standardisiert und normalisiert. Er bewertet 6 globale Pers\u00f6nlichkeitsindikatoren, die einzeln oder in Kombination die Herangehensweise und die Reaktionen des Mitarbeiters in einem breiten Spektrum von Situationen am Arbeitsplatz bestimmen k\u00f6nnen.<\/td><td>Bulgarisch, Englisch<\/td><td><a href=\"https:\/\/prometriks.com\/6-factor-business-focused-inventory-of-personality\">https:\/\/prometriks.com\/6-factor-business-focused-inventory-of-personality<\/a><\/td><\/tr><tr><td>Job Fit Quest<\/td><td>Job Fit Quest ist ein Pers\u00f6nlichkeitsfragebogen, der speziell zur Beurteilung von Menschen in Unternehmen entwickelt wurde. Er misst 11 pers\u00f6nliche Eigenschaften, die in direktem Zusammenhang mit dem Arbeitsverhalten, der Motivation und der Produktivit\u00e4t von Mitarbeitern in verschiedenen Funktionen stehen. Der JFQ gibt auch Aufschluss \u00fcber die Kompatibilit\u00e4t zwischen der eigenen Pers\u00f6nlichkeit und 5 gro\u00dfen Gruppen von Berufsrollen, darunter Manager, Verk\u00e4ufer, technische Assistenten, Mitarbeiter im Kundendienst und Mitarbeiter mit Forschungs- oder kreativen Aufgaben.<\/td><td>Bulgarisch, Englisch<\/td><td><a href=\"https:\/\/prometriks.com\/job-fit-quest\">https:\/\/prometriks.com\/job-fit-quest<\/a><\/td><\/tr><tr><td>Multifactor Personality Profile<\/td><td>Das Multifaktorielle Pers\u00f6nlichkeitsprofil ist ein grundlegender Fragebogen, der sich auf die Pers\u00f6nlichkeit des Befragten konzentriert und in allen Bereichen des Personalwesens eine breite Anwendung findet. Er ist der Baustein f\u00fcr komplexere Diagnosebatterien.<\/td><td>Bulgarisch, Deutsch, Englisch, Slowakisch<\/td><td><a href=\"https:\/\/www.tcconline.eu\/questionnaires-tests\/multifactor-personality-profile\/\">https:\/\/www.tcconline.eu\/questionnaires-tests\/multifactor-personality-profile\/<\/a><\/td><\/tr><tr><td>Career Compass<\/td><td>Der Career Compass Fragebogen konzentriert sich auf die Arbeitsmotivation und ist ein hervorragendes Instrument zur Diagnose von Einstiegspositionen und Mitarbeitern in unteren und mittleren F\u00fchrungspositionen. Er eignet sich auch gut f\u00fcr die Talentdiagnostik und die Diagnostik von neu eingestellten Mitarbeitern.<\/td><td>Bulgarisch, Deutsch, Englisch, Slowakisch<\/td><td><a href=\"https:\/\/www.tcconline.eu\/questionnaires-tests\/career-compass\/\">https:\/\/www.tcconline.eu\/questionnaires-tests\/career-compass\/<\/a><\/td><\/tr><tr><td>Work Style<\/td><td>Der Fragebogen zum Arbeitsstil beantwortet Fragen dazu, welche Art von Arbeitseinstellung und Aufgabenerf\u00fcllung wir von einer Person erwarten k\u00f6nnen. Er zeigt auf, wie eine Person arbeitet, identifiziert ihre wichtigsten St\u00e4rken und Vorteile, wo m\u00f6gliche Nachteile und Risiken liegen, was sie f\u00fcr eine optimale Leistung braucht und wie sie an Aufgaben herangeht. Dazu geh\u00f6ren acht bipolare Skalen wie Gr\u00fcndlichkeit vs. Schnelligkeit oder Disziplin vs. Improvisation.<\/td><td>Bulgarisch, Deutsch, Englisch, Slowakisch<\/td><td><a href=\"https:\/\/www.tcconline.eu\/questionnaires-tests\/work-style\/\">https:\/\/www.tcconline.eu\/questionnaires-tests\/work-style\/<\/a><\/td><\/tr><tr><td>Stress Management Questionnaire<\/td><td>Der Fragebogen zur Stressbew\u00e4ltigung beschreibt die F\u00e4higkeit des Teilnehmers, mit schwierigen und stressigen Situationen umzugehen. Er richtet sich vor allem an Mitarbeiter in sehr anspruchsvollen Positionen und Rollen, die ein hohes Ma\u00df an Stressresistenz erfordern.<\/td><td>Deutsch, Englisch, Slowakisch<\/td><td><a href=\"https:\/\/www.tcconline.eu\/questionnaires-tests\/stress-management-questionnaire\/\">https:\/\/www.tcconline.eu\/questionnaires-tests\/stress-management-questionnaire\/<\/a><\/td><\/tr><tr><td>Communication Style \u2013 Assertiveness Questionnaire (LIFE)<\/td><td>Der Fragebogen zum Kommunikationsstil &#8211; Durchsetzungsverm\u00f6gen (LIFE) erfasst die vier grundlegenden Bereiche des Einsatzes von Durchsetzungsverm\u00f6gen bei der L\u00f6sung von Standard- oder anspruchsvollen Kommunikationsszenarien:<br>Angemessene Selbstbehauptung<br>Die F\u00e4higkeit, zu seinen Entscheidungen oder Meinungen zu stehen und sich nicht manipulieren zu lassen<br>Die F\u00e4higkeit, Feedback zu geben und zu erhalten<br>Die Kunst, soziale Beziehungen aufzubauen und zu entwickelnDer Fragebogen zum Kommunikationsstil &#8211; Durchsetzungsverm\u00f6gen (LIFE) erfasst die vier grundlegenden Bereiche des Einsatzes von Durchsetzungsverm\u00f6gen bei der L\u00f6sung von Standard- oder anspruchsvollen Kommunikationsszenarien:<br>&#8211; Angemessene Selbstbehauptung<br>&#8211; Die F\u00e4higkeit, zu seinen Entscheidungen oder Meinungen zu stehen und sich nicht manipulieren zu lassen<br>&#8211; Die F\u00e4higkeit, Feedback zu geben und zu erhalten<br>&#8211; Die Kunst, soziale Beziehungen aufzubauen und zu entwickeln<\/td><td>Bulgarisch, Deutsch, Englisch, Slowakisch<\/td><td><a href=\"https:\/\/www.tcconline.eu\/questionnaires-tests\/communication-style-assertiveness-questionnaire-life\/\">https:\/\/www.tcconline.eu\/questionnaires-tests\/communication-style-assertiveness-questionnaire-life\/<\/a><br><\/td><\/tr><tr><td>Managerial Style QUICK<\/td><td>Der Fragebogen Managerial Style QUICK untersucht, inwieweit der Teilnehmer verschiedene F\u00fchrungsstile oder deren Kombinationen bevorzugt. Er ist in erster Linie ein Diagnoseinstrument f\u00fcr Mitarbeiter in F\u00fchrungspositionen, Teamleiter oder Projektmanager. Es kann jedoch auch dazu verwendet werden, die Pr\u00e4ferenzen des F\u00fchrungsstils im gesamten Unternehmen zu \u00fcberwachen.<\/td><td>Bulgarisch, Deutsch, Englisch, Slowakisch<\/td><td><a href=\"https:\/\/www.tcconline.eu\/questionnaires-tests\/managerial-style-quick\/\">https:\/\/www.tcconline.eu\/questionnaires-tests\/managerial-style-quick\/<\/a><\/td><\/tr><\/tbody><\/table><\/figure>\n","protected":false},"excerpt":{"rendered":"<p>Finden Sie Talentscan-Tools, psychometrische Diagnostik und Online-Frageb\u00f6gen in verschiedenen Sprachen<\/p>\n","protected":false},"author":4,"featured_media":3630,"parent":4028,"menu_order":911,"comment_status":"closed","ping_status":"closed","template":"","meta":{"inline_featured_image":false,"_locale":"de_DE_formal","_original_post":"https:\/\/www.sassi-llc.eu\/toolbox\/competence-assessment\/","footnotes":""},"class_list":["post-4103","page","type-page","status-publish","has-post-thumbnail","hentry","de-DE"],"blocksy_meta":[],"_links":{"self":[{"href":"https:\/\/www.sassi-llc.eu\/wp-json\/wp\/v2\/pages\/4103","targetHints":{"allow":["GET"]}}],"collection":[{"href":"https:\/\/www.sassi-llc.eu\/wp-json\/wp\/v2\/pages"}],"about":[{"href":"https:\/\/www.sassi-llc.eu\/wp-json\/wp\/v2\/types\/page"}],"author":[{"embeddable":true,"href":"https:\/\/www.sassi-llc.eu\/wp-json\/wp\/v2\/users\/4"}],"replies":[{"embeddable":true,"href":"https:\/\/www.sassi-llc.eu\/wp-json\/wp\/v2\/comments?post=4103"}],"version-history":[{"count":3,"href":"https:\/\/www.sassi-llc.eu\/wp-json\/wp\/v2\/pages\/4103\/revisions"}],"predecessor-version":[{"id":5381,"href":"https:\/\/www.sassi-llc.eu\/wp-json\/wp\/v2\/pages\/4103\/revisions\/5381"}],"up":[{"embeddable":true,"href":"https:\/\/www.sassi-llc.eu\/wp-json\/wp\/v2\/pages\/4028"}],"wp:featuredmedia":[{"embeddable":true,"href":"https:\/\/www.sassi-llc.eu\/wp-json\/wp\/v2\/media\/3630"}],"wp:attachment":[{"href":"https:\/\/www.sassi-llc.eu\/wp-json\/wp\/v2\/media?parent=4103"}],"curies":[{"name":"wp","href":"https:\/\/api.w.org\/{rel}","templated":true}]}}