{"id":4586,"date":"2024-09-05T10:54:05","date_gmt":"2024-09-05T10:54:05","guid":{"rendered":"https:\/\/www.sassi-llc.eu\/?page_id=4586"},"modified":"2024-09-27T11:48:54","modified_gmt":"2024-09-27T11:48:54","slug":"national-resources","status":"publish","type":"page","link":"https:\/\/www.sassi-llc.eu\/de\/toolbox-2\/national-resources\/","title":{"rendered":"Nationale Ressourcen"},"content":{"rendered":"\n<p>Finden Sie die Kontakte lokalen Organisationen.<\/p>\n\n\n\n<p class=\"has-text-align-center has-large-font-size\"><span style=\"color: var(--theme-palette-color-2, #4b7878);\" class=\"stk-highlight\"><strong>Deutschland<\/strong><\/span><\/p>\n\n\n\n<p><strong><a href=\"https:\/\/www.arbeitsagentur.de\/vor-ort\/goettingen\">Bundesagentur f\u00fcr Arbeit G\u00f6ttingen<\/a><\/strong> \u2013 Die BA ist ein kompetenter Ansprechpartner f\u00fcr die Arbeits- und Ausbildungsvermittlung. Jeden Tag beraten sie Menschen zu Themen rund um den Beruf. T\u00e4glich unterst\u00fctzen sie B\u00fcrgerinnen und B\u00fcrger mit finanziellen Leistungen wie Arbeitslosengeld und Kindergeld.<\/p>\n\n\n\n<p><strong><a href=\"https:\/\/bildungsgenossenschaft.de\/\">Bildungsgenossenschaft S\u00fcdniedersachsen eG<\/a> &#8211; <\/strong>Die gemeinn\u00fctzige Bildungsgenossenschaft S\u00fcdniedersachsen ist ein Zusammenschluss von derzeit 30 Einrichtungen des Bildungssektors, die gemeinsam die Bildungslandschaft S\u00fcdniedersachsen st\u00e4rken wollen. Mitglieder der Bildungsgenossenschaft sind Bildungsanbieter und soziale Initiativen aus den Landkreisen G\u00f6ttingen, Northeim und Osterode.<\/p>\n\n\n\n<p><strong><a href=\"https:\/\/caspo-ev.de\/\">Caspo E.V.<\/a><\/strong> \u2013 Die Organisation will in dem Umfeld Altwarmb\u00fcchen\/Isernhagen gesellschaftliche und pers\u00f6nliche Verantwortung \u00fcbernehmen. Neben dem sozialen Boutique 2.HeimArt mit Secondhand und Kunsthandwerk engagieren sie uns sich in der Fl\u00fcchtlingshilfe.<\/p>\n\n\n\n<p><strong><a href=\"https:\/\/www.nachbarschaftszentrum-grone.de\/index.html\">Nachbarschaftszentrum Gr\u00f6ne<\/a><\/strong> &#8211; Im Nachbarschaftszentrum Mehrgenerationenhaus k\u00f6nnen sich Menschen begegnen, aktiv werden, helfen und Hilfe bekommen. Hier treffen sich Menschen aus der Nachbarschaft f\u00fcr verschiedenste Aktivit\u00e4ten. Gemeinsames Kochen und Essen, N\u00e4hen und Malen, Sprach- und EDV-Kurse, Rechtsberatung stehen auf der Tagesordnung. Ebenso gibt es Raum f\u00fcr Vortr\u00e4ge, Diskussionen und Feste.<\/p>\n\n\n\n<p><strong><a href=\"https:\/\/reveal-eu.org\/\">REVEAL Netzwerk<\/a><\/strong> &#8211; REVEAL ist ein europ\u00e4isches Bildungsnetzwerk f\u00fcr kompetenzorientiertes Lernen und Validierung.<\/p>\n\n\n\n<p><strong><a href=\"https:\/\/www.uni-goettingen.de\/de\/12491.html\">Universit\u00e4t des Dritten Lebensalters<\/a><\/strong> &#8211;&nbsp; Die Universit\u00e4t des Dritten Lebensalters, kurz \u201eUDL\u201c, wurde vor mehr als 25 Jahren mit dem Ziel gegr\u00fcndet, Erwachsenen im Alter ab 50 ohne Voraussetzung eines bestimmten Schulabschlusses eine Fortbildung im wissenschaftlichen Rahmen zu erm\u00f6glichen. Die UDL ist Kooperationspartner der Universit\u00e4t G\u00f6ttingen.<\/p>\n\n\n\n<p><strong><a href=\"https:\/\/weststadt-goettingen.de\/weststadtkonferenz\/\">Weststadtkonferenz G\u00f6ttingen<\/a><\/strong> &#8211; Die Weststadtkonferenz ist ein Zusammenschluss von sozialen Einrichtungen, Vereinen, Initiativen und engagierten Bewohner\/ Innen aus der G\u00f6ttinger Weststadt. Die Weststadtkonferenz gibt es seit dem Jahr 1995. Sie trifft sich ein Mal pro Monat im Weststadtzentrum<\/p>\n\n\n\n<p><\/p>\n\n\n\n<p class=\"has-text-align-center has-large-font-size\"><span style=\"color: var(--theme-palette-color-2, #4b7878);\" class=\"stk-highlight\"><strong>\u00d6sterreich<\/strong><\/span><\/p>\n\n\n\n<p>Die <a href=\"https:\/\/www.abzaustria.at\/de\/projekte-abz-austria\/abz-beratung-fuer-frauen\"><strong>ABZ*Beratung f\u00fcr Frauen<\/strong><\/a> ist die erste Anlaufstelle in Wien, wenn es um berufliche Neuorientierung, Wiedereinstieg, Weiterbildung oder den Erhalt des Arbeitsplatzes geht.<\/p>\n\n\n\n<p><a href=\"https:\/\/www.bfi.wien\/arbeitssuchende\/service-und-beratung\/information-und-kontakt\"><strong>BFI Wien<\/strong>.<\/a> Das Berufsf\u00f6rderungsinstitut \u00d6sterreich umfasst Volksbildung, Erwachsenenbildung, Aus-, Fort- und Weiterbildung, Berufsorientierung und -beratung, Arbeitsmarktschulung, Qualifizierung und Rehabilitation.<\/p>\n\n\n\n<p><strong><a href=\"https:\/\/www.fab.at\/de\/unsere-angebote\/bbe-55-zentrum-fuer-kompetenz-und-erfahrung.html\">FAB Verein zur F\u00f6rderung von Arbeit und Besch\u00e4ftigung BBE 55+<\/a><\/strong>. Das Zentrum f\u00fcr Kompetenz und Erfahrung ist eine Beratungs- und Betreuungseinrichtung f\u00fcr Personen 55+, die beim AMS Wien als arbeitssuchend vorgemerkt sind.<\/p>\n\n\n\n<p><a href=\"https:\/\/www.waff.at\/beruf-weiterbildung\/beratung-2\/\"><strong>WAFF<\/strong>. <\/a>Der unterst\u00fctzt Wiener Arbeitnehmer*innen beim Weiterkommen im Beruf durch zahlreiche finanzielle und beratende Angebote. Zudem informieren sie \u00fcber die Joboffensive 50plus, eine Besch\u00e4ftigungsf\u00f6rderung von Stadt Wien und AMS Wien.<\/p>\n\n\n\n<p><a href=\"https:\/\/www.wifi.at\/ueber-uns\/kundenservice\/kundenservice_lernplattform\"><strong>WIFI Wien<\/strong>.<\/a> Das Wirtschaftsf\u00f6rderungsinstitut (WIFI) ist eine \u00f6sterreichische Organisation der beruflichen Erwachsenenbildung. Pro Jahr werden \u00fcber 30.000 Kurse von rund 350.000 Teilnehmern besucht.<\/p>\n\n\n\n<p><a href=\"https:\/\/www.wko.at\/service\/dienststelle.html?orgid=15541\"><strong>KO Karrierecenter<\/strong>.<\/a> Das WKO Karriere-Center ist die Informations- und Beratungsstelle der Wirtschaftskammer O\u00d6 f\u00fcr Menschen, die Berufs- und Bildungswegentscheidungen treffen wollen sowie f\u00fcr Unternehmer:innen bei Personalfragen.<\/p>\n","protected":false},"excerpt":{"rendered":"<p>Finden Sie die Kontakte lokalen Organisationen. Deutschland Bundesagentur f\u00fcr Arbeit G\u00f6ttingen \u2013 Die BA ist ein kompetenter Ansprechpartner f\u00fcr die Arbeits- und Ausbildungsvermittlung. Jeden Tag beraten sie Menschen zu Themen rund um den Beruf. T\u00e4glich unterst\u00fctzen sie B\u00fcrgerinnen und B\u00fcrger mit finanziellen Leistungen wie Arbeitslosengeld und Kindergeld. Bildungsgenossenschaft S\u00fcdniedersachsen eG &#8211; Die gemeinn\u00fctzige Bildungsgenossenschaft S\u00fcdniedersachsen [&hellip;]<\/p>\n","protected":false},"author":4,"featured_media":1090,"parent":4028,"menu_order":916,"comment_status":"closed","ping_status":"closed","template":"","meta":{"inline_featured_image":false,"_locale":"de_DE_formal","_original_post":"https:\/\/www.sassi-llc.eu\/toolbox\/national-resources\/","footnotes":""},"class_list":["post-4586","page","type-page","status-publish","has-post-thumbnail","hentry","de-DE"],"blocksy_meta":[],"_links":{"self":[{"href":"https:\/\/www.sassi-llc.eu\/wp-json\/wp\/v2\/pages\/4586","targetHints":{"allow":["GET"]}}],"collection":[{"href":"https:\/\/www.sassi-llc.eu\/wp-json\/wp\/v2\/pages"}],"about":[{"href":"https:\/\/www.sassi-llc.eu\/wp-json\/wp\/v2\/types\/page"}],"author":[{"embeddable":true,"href":"https:\/\/www.sassi-llc.eu\/wp-json\/wp\/v2\/users\/4"}],"replies":[{"embeddable":true,"href":"https:\/\/www.sassi-llc.eu\/wp-json\/wp\/v2\/comments?post=4586"}],"version-history":[{"count":4,"href":"https:\/\/www.sassi-llc.eu\/wp-json\/wp\/v2\/pages\/4586\/revisions"}],"predecessor-version":[{"id":5757,"href":"https:\/\/www.sassi-llc.eu\/wp-json\/wp\/v2\/pages\/4586\/revisions\/5757"}],"up":[{"embeddable":true,"href":"https:\/\/www.sassi-llc.eu\/wp-json\/wp\/v2\/pages\/4028"}],"wp:featuredmedia":[{"embeddable":true,"href":"https:\/\/www.sassi-llc.eu\/wp-json\/wp\/v2\/media\/1090"}],"wp:attachment":[{"href":"https:\/\/www.sassi-llc.eu\/wp-json\/wp\/v2\/media?parent=4586"}],"curies":[{"name":"wp","href":"https:\/\/api.w.org\/{rel}","templated":true}]}}