{"id":4706,"date":"2024-09-10T11:20:11","date_gmt":"2024-09-10T11:20:11","guid":{"rendered":"https:\/\/www.sassi-llc.eu\/?page_id=4706"},"modified":"2024-09-17T12:08:11","modified_gmt":"2024-09-17T12:08:11","slug":"module-ii-age-specific-career-counselling","status":"publish","type":"page","link":"https:\/\/www.sassi-llc.eu\/de\/courses\/training-for-supporting-later-life-career-choices\/module-ii-age-specific-career-counselling\/","title":{"rendered":"Modul II \u2013 Altersspezifische Berufsberatung"},"content":{"rendered":"\n<div class=\"wp-block-group is-layout-constrained wp-block-group-is-layout-constrained\">\n<h3 class=\"wp-block-heading\">Modul II \u2013 Altersspezifische Berufsberatung<\/h3>\n\n<div class=\"ct-posts-shortcode\" data-prefix=\"class_archive\"><div class=\"entries\" data-archive=\"default\" data-layout=\"grid\" data-cards=\"simple\"><article class=\"entry-card card-content post-4680 class type-class status-publish format-standard has-post-thumbnail hentry en-GB\" data-reveal=\"bottom:no\"><a class=\"ct-media-container\" href=\"https:\/\/www.sassi-llc.eu\/class\/m-ii-u-1-der-begriff-des-alters\/\" aria-label=\"M II &#8211; U 1 &#8211; Der Begriff des Alters\"><img decoding=\"async\" width=\"768\" height=\"768\" src=\"https:\/\/www.sassi-llc.eu\/wp-content\/uploads\/2023\/10\/girl-shows-her-60-year-old-grandmother-something-on-her-smartphone.jpg-768x768.jpeg\" class=\"attachment-medium_large size-medium_large wp-post-image\" alt=\"girl shows her 60 year old grandmother something on her smartphone\" loading=\"lazy\" srcset=\"https:\/\/www.sassi-llc.eu\/wp-content\/uploads\/2023\/10\/girl-shows-her-60-year-old-grandmother-something-on-her-smartphone.jpg-768x768.jpeg 768w, https:\/\/www.sassi-llc.eu\/wp-content\/uploads\/2023\/10\/girl-shows-her-60-year-old-grandmother-something-on-her-smartphone.jpg-300x300.jpeg 300w, https:\/\/www.sassi-llc.eu\/wp-content\/uploads\/2023\/10\/girl-shows-her-60-year-old-grandmother-something-on-her-smartphone.jpg-150x150.jpeg 150w, https:\/\/www.sassi-llc.eu\/wp-content\/uploads\/2023\/10\/girl-shows-her-60-year-old-grandmother-something-on-her-smartphone.jpg.jpeg 1024w\" sizes=\"auto, (max-width: 768px) 100vw, 768px\" itemprop=\"image\" style=\"aspect-ratio: 4\/3;\" \/><\/a><h2 class=\"entry-title\"><a href=\"https:\/\/www.sassi-llc.eu\/class\/m-ii-u-1-der-begriff-des-alters\/\" rel=\"bookmark\">M II &#8211; U 1 &#8211; Der Begriff des Alters<\/a><\/h2><div class=\"entry-excerpt\"><p>Den Prozess des Alterns und das multidimensionale Konzept des Alterns verstehen<\/p>\n<\/div><a class=\"entry-button\" href=\"https:\/\/www.sassi-llc.eu\/class\/m-ii-u-1-der-begriff-des-alters\/\">Weiterlesen<svg width=\"17px\" height=\"17px\" viewBox=\"0 0 32 32\" fill=\"currentColor\"><path d=\"M 21.1875 9.28125 L 19.78125 10.71875 L 24.0625 15 L 4 15 L 4 17 L 24.0625 17 L 19.78125 21.28125 L 21.1875 22.71875 L 27.90625 16 Z \"><\/path><\/svg><span class=\"screen-reader-text\">M II &#8211; U 1 &#8211; Der Begriff des Alters<\/span><\/a><\/article><article class=\"entry-card card-content post-4681 class type-class status-publish format-standard has-post-thumbnail hentry en-GB\" data-reveal=\"bottom:no\"><a class=\"ct-media-container\" href=\"https:\/\/www.sassi-llc.eu\/class\/m-ii-u-2-altersdiskriminierung-und-stereotypen\/\" aria-label=\"M II &#8211; U 2 &#8211; Altersdiskriminierung und Stereotypen\"><img decoding=\"async\" width=\"768\" height=\"768\" src=\"https:\/\/www.sassi-llc.eu\/wp-content\/uploads\/2022\/12\/birds-view-on-a-desk-with-a-computer-and-a-keyboard-hands-of-a-older-persons-typing-768x768.jpeg\" class=\"attachment-medium_large size-medium_large wp-post-image\" alt=\"birds view on a desk with a computer and a keyboard, hands of a older persons typing\" loading=\"lazy\" srcset=\"https:\/\/www.sassi-llc.eu\/wp-content\/uploads\/2022\/12\/birds-view-on-a-desk-with-a-computer-and-a-keyboard-hands-of-a-older-persons-typing-768x768.jpeg 768w, https:\/\/www.sassi-llc.eu\/wp-content\/uploads\/2022\/12\/birds-view-on-a-desk-with-a-computer-and-a-keyboard-hands-of-a-older-persons-typing-300x300.jpeg 300w, https:\/\/www.sassi-llc.eu\/wp-content\/uploads\/2022\/12\/birds-view-on-a-desk-with-a-computer-and-a-keyboard-hands-of-a-older-persons-typing-150x150.jpeg 150w, https:\/\/www.sassi-llc.eu\/wp-content\/uploads\/2022\/12\/birds-view-on-a-desk-with-a-computer-and-a-keyboard-hands-of-a-older-persons-typing.jpeg 1024w\" sizes=\"auto, (max-width: 768px) 100vw, 768px\" itemprop=\"image\" style=\"aspect-ratio: 4\/3;\" \/><\/a><h2 class=\"entry-title\"><a href=\"https:\/\/www.sassi-llc.eu\/class\/m-ii-u-2-altersdiskriminierung-und-stereotypen\/\" rel=\"bookmark\">M II &#8211; U 2 &#8211; Altersdiskriminierung und Stereotypen<\/a><\/h2><div class=\"entry-excerpt\"><p>\u00dcber Altersdiskriminierung, g\u00e4ngige Vorurteile und wie man negativen Stereotypen begegnet<\/p>\n<\/div><a class=\"entry-button\" href=\"https:\/\/www.sassi-llc.eu\/class\/m-ii-u-2-altersdiskriminierung-und-stereotypen\/\">Weiterlesen<svg width=\"17px\" height=\"17px\" viewBox=\"0 0 32 32\" fill=\"currentColor\"><path d=\"M 21.1875 9.28125 L 19.78125 10.71875 L 24.0625 15 L 4 15 L 4 17 L 24.0625 17 L 19.78125 21.28125 L 21.1875 22.71875 L 27.90625 16 Z \"><\/path><\/svg><span class=\"screen-reader-text\">M II &#8211; U 2 &#8211; Altersdiskriminierung und Stereotypen<\/span><\/a><\/article><article class=\"entry-card card-content post-4682 class type-class status-publish format-standard has-post-thumbnail hentry en-GB\" data-reveal=\"bottom:no\"><a class=\"ct-media-container\" href=\"https:\/\/www.sassi-llc.eu\/class\/m-ii-u-3-beruflicher-ubergang-im-hoheren-lebensalter\/\" aria-label=\"M II &#8211; U 3 &#8211; Beruflicher \u00dcbergang im h\u00f6heren Lebensalter\"><img decoding=\"async\" width=\"768\" height=\"768\" src=\"https:\/\/www.sassi-llc.eu\/wp-content\/uploads\/2023\/05\/couple-in-their-sixties-business-casual-discovering-their-superpowers-768x768.jpeg\" class=\"attachment-medium_large size-medium_large wp-post-image\" alt=\"couple in their sixties, business casual, discovering their superpowers\" loading=\"lazy\" srcset=\"https:\/\/www.sassi-llc.eu\/wp-content\/uploads\/2023\/05\/couple-in-their-sixties-business-casual-discovering-their-superpowers-768x768.jpeg 768w, https:\/\/www.sassi-llc.eu\/wp-content\/uploads\/2023\/05\/couple-in-their-sixties-business-casual-discovering-their-superpowers-300x300.jpeg 300w, https:\/\/www.sassi-llc.eu\/wp-content\/uploads\/2023\/05\/couple-in-their-sixties-business-casual-discovering-their-superpowers-150x150.jpeg 150w, https:\/\/www.sassi-llc.eu\/wp-content\/uploads\/2023\/05\/couple-in-their-sixties-business-casual-discovering-their-superpowers.jpeg 1024w\" sizes=\"auto, (max-width: 768px) 100vw, 768px\" itemprop=\"image\" style=\"aspect-ratio: 4\/3;\" \/><\/a><h2 class=\"entry-title\"><a href=\"https:\/\/www.sassi-llc.eu\/class\/m-ii-u-3-beruflicher-ubergang-im-hoheren-lebensalter\/\" rel=\"bookmark\">M II &#8211; U 3 &#8211; Beruflicher \u00dcbergang im h\u00f6heren Lebensalter<\/a><\/h2><div class=\"entry-excerpt\"><p>Warum wechseln \u00e4ltere Arbeitnehmer ihre berufliche Laufbahn? Was sind Karrieren im h\u00f6heren Lebensalter? Was sind die Vorteile eines beruflichen \u00dcbergangs im sp\u00e4teren Leben?<\/p>\n<\/div><a class=\"entry-button\" href=\"https:\/\/www.sassi-llc.eu\/class\/m-ii-u-3-beruflicher-ubergang-im-hoheren-lebensalter\/\">Weiterlesen<svg width=\"17px\" height=\"17px\" viewBox=\"0 0 32 32\" fill=\"currentColor\"><path d=\"M 21.1875 9.28125 L 19.78125 10.71875 L 24.0625 15 L 4 15 L 4 17 L 24.0625 17 L 19.78125 21.28125 L 21.1875 22.71875 L 27.90625 16 Z \"><\/path><\/svg><span class=\"screen-reader-text\">M II &#8211; U 3 &#8211; Beruflicher \u00dcbergang im h\u00f6heren Lebensalter<\/span><\/a><\/article><article class=\"entry-card card-content post-4687 class type-class status-publish format-standard has-post-thumbnail hentry en-GB\" data-reveal=\"bottom:no\"><a class=\"ct-media-container\" href=\"https:\/\/www.sassi-llc.eu\/class\/m-ii-u-4-lernen-im-hoheren-lebensalter\/\" aria-label=\"M II &#8211; U 4 &#8211; Lernen im h\u00f6heren Lebensalter\"><img decoding=\"async\" width=\"768\" height=\"768\" src=\"https:\/\/www.sassi-llc.eu\/wp-content\/uploads\/2023\/09\/age-sensitive-approach-to-learning-and-development-older-person-in-a-library-1-768x768.jpeg\" class=\"attachment-medium_large size-medium_large wp-post-image\" alt=\"age-sensitive approach to learning and development - older person in a library\" loading=\"lazy\" srcset=\"https:\/\/www.sassi-llc.eu\/wp-content\/uploads\/2023\/09\/age-sensitive-approach-to-learning-and-development-older-person-in-a-library-1-768x768.jpeg 768w, https:\/\/www.sassi-llc.eu\/wp-content\/uploads\/2023\/09\/age-sensitive-approach-to-learning-and-development-older-person-in-a-library-1-300x300.jpeg 300w, https:\/\/www.sassi-llc.eu\/wp-content\/uploads\/2023\/09\/age-sensitive-approach-to-learning-and-development-older-person-in-a-library-1-150x150.jpeg 150w, https:\/\/www.sassi-llc.eu\/wp-content\/uploads\/2023\/09\/age-sensitive-approach-to-learning-and-development-older-person-in-a-library-1.jpeg 1024w\" sizes=\"auto, (max-width: 768px) 100vw, 768px\" itemprop=\"image\" style=\"aspect-ratio: 4\/3;\" \/><\/a><h2 class=\"entry-title\"><a href=\"https:\/\/www.sassi-llc.eu\/class\/m-ii-u-4-lernen-im-hoheren-lebensalter\/\" rel=\"bookmark\">M II &#8211; U 4 &#8211; Lernen im h\u00f6heren Lebensalter<\/a><\/h2><div class=\"entry-excerpt\"><p>Verstehen der kognitiven Auswirkungen des Alterns und Einf\u00fchrung in die Lernstrategien f\u00fcr Menschen \u00fcber 55<\/p>\n<\/div><a class=\"entry-button\" href=\"https:\/\/www.sassi-llc.eu\/class\/m-ii-u-4-lernen-im-hoheren-lebensalter\/\">Weiterlesen<svg width=\"17px\" height=\"17px\" viewBox=\"0 0 32 32\" fill=\"currentColor\"><path d=\"M 21.1875 9.28125 L 19.78125 10.71875 L 24.0625 15 L 4 15 L 4 17 L 24.0625 17 L 19.78125 21.28125 L 21.1875 22.71875 L 27.90625 16 Z \"><\/path><\/svg><span class=\"screen-reader-text\">M II &#8211; U 4 &#8211; Lernen im h\u00f6heren Lebensalter<\/span><\/a><\/article><\/div><\/div>\n\n<div style=\"height:100px\" aria-hidden=\"true\" class=\"wp-block-spacer\"><\/div>\n\n\n\n<hr class=\"wp-block-separator has-alpha-channel-opacity\">\n<\/div>\n","protected":false},"excerpt":{"rendered":"<p>Modul II \u2013 Altersspezifische Berufsberatung<\/p>\n","protected":false},"author":4,"featured_media":2778,"parent":4730,"menu_order":2,"comment_status":"closed","ping_status":"closed","template":"","meta":{"inline_featured_image":false,"_locale":"de_DE_formal","_original_post":"https:\/\/www.sassi-llc.eu\/?page_id=3788","footnotes":""},"class_list":["post-4706","page","type-page","status-publish","has-post-thumbnail","hentry","de-DE"],"blocksy_meta":[],"_links":{"self":[{"href":"https:\/\/www.sassi-llc.eu\/wp-json\/wp\/v2\/pages\/4706","targetHints":{"allow":["GET"]}}],"collection":[{"href":"https:\/\/www.sassi-llc.eu\/wp-json\/wp\/v2\/pages"}],"about":[{"href":"https:\/\/www.sassi-llc.eu\/wp-json\/wp\/v2\/types\/page"}],"author":[{"embeddable":true,"href":"https:\/\/www.sassi-llc.eu\/wp-json\/wp\/v2\/users\/4"}],"replies":[{"embeddable":true,"href":"https:\/\/www.sassi-llc.eu\/wp-json\/wp\/v2\/comments?post=4706"}],"version-history":[{"count":1,"href":"https:\/\/www.sassi-llc.eu\/wp-json\/wp\/v2\/pages\/4706\/revisions"}],"predecessor-version":[{"id":4707,"href":"https:\/\/www.sassi-llc.eu\/wp-json\/wp\/v2\/pages\/4706\/revisions\/4707"}],"up":[{"embeddable":true,"href":"https:\/\/www.sassi-llc.eu\/wp-json\/wp\/v2\/pages\/4730"}],"wp:featuredmedia":[{"embeddable":true,"href":"https:\/\/www.sassi-llc.eu\/wp-json\/wp\/v2\/media\/2778"}],"wp:attachment":[{"href":"https:\/\/www.sassi-llc.eu\/wp-json\/wp\/v2\/media?parent=4706"}],"curies":[{"name":"wp","href":"https:\/\/api.w.org\/{rel}","templated":true}]}}