{"id":4708,"date":"2024-09-10T11:23:41","date_gmt":"2024-09-10T11:23:41","guid":{"rendered":"https:\/\/www.sassi-llc.eu\/?page_id=4708"},"modified":"2024-09-17T12:10:08","modified_gmt":"2024-09-17T12:10:08","slug":"module-iii-managing-later-life-careers","status":"publish","type":"page","link":"https:\/\/www.sassi-llc.eu\/de\/courses\/training-for-supporting-later-life-career-choices\/module-iii-managing-later-life-careers\/","title":{"rendered":"Modul III \u2013 Management von Karrieren im sp\u00e4teren Leben"},"content":{"rendered":"\n<div class=\"wp-block-group is-layout-constrained wp-block-group-is-layout-constrained\">\n<h3 class=\"wp-block-heading\">Modul III \u2013 Management von Karrieren im sp\u00e4teren Leben<\/h3>\n\n<div class=\"ct-posts-shortcode\" data-prefix=\"class_archive\"><div class=\"entries\" data-archive=\"default\" data-layout=\"grid\" data-cards=\"simple\"><article class=\"entry-card card-content post-4688 class type-class status-publish format-standard has-post-thumbnail hentry en-GB\" data-reveal=\"bottom:no\"><a class=\"ct-media-container\" href=\"https:\/\/www.sassi-llc.eu\/class\/m-iii-u-1-uberprufung-der-beruflichen-laufbahn\/\" aria-label=\"M III &#8211; U 1 &#8211; \u00dcberpr\u00fcfung der beruflichen Laufbahn\"><img decoding=\"async\" width=\"768\" height=\"768\" src=\"https:\/\/www.sassi-llc.eu\/wp-content\/uploads\/2024\/03\/70-year-old-man-sitting-at-a-table-in-front-of-a-computer-profile-view-and-plain-light-background-3-768x768.jpeg\" class=\"attachment-medium_large size-medium_large wp-post-image\" alt=\"\" loading=\"lazy\" srcset=\"https:\/\/www.sassi-llc.eu\/wp-content\/uploads\/2024\/03\/70-year-old-man-sitting-at-a-table-in-front-of-a-computer-profile-view-and-plain-light-background-3-768x768.jpeg 768w, https:\/\/www.sassi-llc.eu\/wp-content\/uploads\/2024\/03\/70-year-old-man-sitting-at-a-table-in-front-of-a-computer-profile-view-and-plain-light-background-3-300x300.jpeg 300w, https:\/\/www.sassi-llc.eu\/wp-content\/uploads\/2024\/03\/70-year-old-man-sitting-at-a-table-in-front-of-a-computer-profile-view-and-plain-light-background-3-150x150.jpeg 150w, https:\/\/www.sassi-llc.eu\/wp-content\/uploads\/2024\/03\/70-year-old-man-sitting-at-a-table-in-front-of-a-computer-profile-view-and-plain-light-background-3.jpeg 1024w\" sizes=\"auto, (max-width: 768px) 100vw, 768px\" itemprop=\"image\" style=\"aspect-ratio: 4\/3;\" \/><\/a><h2 class=\"entry-title\"><a href=\"https:\/\/www.sassi-llc.eu\/class\/m-iii-u-1-uberprufung-der-beruflichen-laufbahn\/\" rel=\"bookmark\">M III &#8211; U 1 &#8211; \u00dcberpr\u00fcfung der beruflichen Laufbahn<\/a><\/h2><div class=\"entry-excerpt\"><p>Verstehen Sie, warum Later-Life Careers (LLC) in der heutigen Realit\u00e4t eine Notwendigkeit ist, und verstehen das Konzept der Karriere\u00fcberpr\u00fcfung<\/p>\n<\/div><a class=\"entry-button\" href=\"https:\/\/www.sassi-llc.eu\/class\/m-iii-u-1-uberprufung-der-beruflichen-laufbahn\/\">Weiterlesen<svg width=\"17px\" height=\"17px\" viewBox=\"0 0 32 32\" fill=\"currentColor\"><path d=\"M 21.1875 9.28125 L 19.78125 10.71875 L 24.0625 15 L 4 15 L 4 17 L 24.0625 17 L 19.78125 21.28125 L 21.1875 22.71875 L 27.90625 16 Z \"><\/path><\/svg><span class=\"screen-reader-text\">M III &#8211; U 1 &#8211; \u00dcberpr\u00fcfung der beruflichen Laufbahn<\/span><\/a><\/article><article class=\"entry-card card-content post-4689 class type-class status-publish format-standard has-post-thumbnail hentry en-GB\" data-reveal=\"bottom:no\"><a class=\"ct-media-container\" href=\"https:\/\/www.sassi-llc.eu\/class\/m-iii-u-2-wechsel-der-beruflichen-laufbahn\/\" aria-label=\"M III &#8211; U 2 &#8211; Wechsel der beruflichen Laufbahn\"><img decoding=\"async\" width=\"768\" height=\"768\" src=\"https:\/\/www.sassi-llc.eu\/wp-content\/uploads\/2023\/05\/lady-with-very-short-grey-hair-and-bold-glasses-points-in-two-different-directions-business-casual-768x768.jpeg\" class=\"attachment-medium_large size-medium_large wp-post-image\" alt=\"lady with very short grey hair and bold glasses points in two different directions, business casual\" loading=\"lazy\" srcset=\"https:\/\/www.sassi-llc.eu\/wp-content\/uploads\/2023\/05\/lady-with-very-short-grey-hair-and-bold-glasses-points-in-two-different-directions-business-casual-768x768.jpeg 768w, https:\/\/www.sassi-llc.eu\/wp-content\/uploads\/2023\/05\/lady-with-very-short-grey-hair-and-bold-glasses-points-in-two-different-directions-business-casual-300x300.jpeg 300w, https:\/\/www.sassi-llc.eu\/wp-content\/uploads\/2023\/05\/lady-with-very-short-grey-hair-and-bold-glasses-points-in-two-different-directions-business-casual-150x150.jpeg 150w, https:\/\/www.sassi-llc.eu\/wp-content\/uploads\/2023\/05\/lady-with-very-short-grey-hair-and-bold-glasses-points-in-two-different-directions-business-casual.jpeg 1024w\" sizes=\"auto, (max-width: 768px) 100vw, 768px\" itemprop=\"image\" style=\"aspect-ratio: 4\/3;\" \/><\/a><h2 class=\"entry-title\"><a href=\"https:\/\/www.sassi-llc.eu\/class\/m-iii-u-2-wechsel-der-beruflichen-laufbahn\/\" rel=\"bookmark\">M III &#8211; U 2 &#8211; Wechsel der beruflichen Laufbahn<\/a><\/h2><div class=\"entry-excerpt\"><p>Einf\u00fchrung: Weiterarbeiten ohne Ruhestand. M\u00f6gliche Karrierewege f\u00fcr \u00e4ltere Menschen.<\/p>\n<\/div><a class=\"entry-button\" href=\"https:\/\/www.sassi-llc.eu\/class\/m-iii-u-2-wechsel-der-beruflichen-laufbahn\/\">Weiterlesen<svg width=\"17px\" height=\"17px\" viewBox=\"0 0 32 32\" fill=\"currentColor\"><path d=\"M 21.1875 9.28125 L 19.78125 10.71875 L 24.0625 15 L 4 15 L 4 17 L 24.0625 17 L 19.78125 21.28125 L 21.1875 22.71875 L 27.90625 16 Z \"><\/path><\/svg><span class=\"screen-reader-text\">M III &#8211; U 2 &#8211; Wechsel der beruflichen Laufbahn<\/span><\/a><\/article><article class=\"entry-card card-content post-4690 class type-class status-publish format-standard has-post-thumbnail hentry en-GB\" data-reveal=\"bottom:no\"><a class=\"ct-media-container\" href=\"https:\/\/www.sassi-llc.eu\/class\/m-iii-u-3-entwicklung-einer-personlichen-geschichte\/\" aria-label=\"M III &#8211; U 3 &#8211; Entwicklung einer pers\u00f6nlichen Geschichte\"><img decoding=\"async\" width=\"768\" height=\"768\" src=\"https:\/\/www.sassi-llc.eu\/wp-content\/uploads\/2023\/10\/bald-man-in-his-sixties-with-beard-is-thinking-dark-background-768x768.jpeg\" class=\"attachment-medium_large size-medium_large wp-post-image\" alt=\"bald man in his sixties with beard is thinking dark background\" loading=\"lazy\" srcset=\"https:\/\/www.sassi-llc.eu\/wp-content\/uploads\/2023\/10\/bald-man-in-his-sixties-with-beard-is-thinking-dark-background-768x768.jpeg 768w, https:\/\/www.sassi-llc.eu\/wp-content\/uploads\/2023\/10\/bald-man-in-his-sixties-with-beard-is-thinking-dark-background-300x300.jpeg 300w, https:\/\/www.sassi-llc.eu\/wp-content\/uploads\/2023\/10\/bald-man-in-his-sixties-with-beard-is-thinking-dark-background-150x150.jpeg 150w, https:\/\/www.sassi-llc.eu\/wp-content\/uploads\/2023\/10\/bald-man-in-his-sixties-with-beard-is-thinking-dark-background.jpeg 1024w\" sizes=\"auto, (max-width: 768px) 100vw, 768px\" itemprop=\"image\" style=\"aspect-ratio: 4\/3;\" \/><\/a><h2 class=\"entry-title\"><a href=\"https:\/\/www.sassi-llc.eu\/class\/m-iii-u-3-entwicklung-einer-personlichen-geschichte\/\" rel=\"bookmark\">M III &#8211; U 3 &#8211; Entwicklung einer pers\u00f6nlichen Geschichte<\/a><\/h2><div class=\"entry-excerpt\"><p>Lernen Sie die Bedeutung des Geschichtenerz\u00e4hlens als Instrument kennen und erlernen Sie eine Technik des Geschichtenerz\u00e4hlens, um einen authentischen Karriereweg zu finden.<\/p>\n<\/div><a class=\"entry-button\" href=\"https:\/\/www.sassi-llc.eu\/class\/m-iii-u-3-entwicklung-einer-personlichen-geschichte\/\">Weiterlesen<svg width=\"17px\" height=\"17px\" viewBox=\"0 0 32 32\" fill=\"currentColor\"><path d=\"M 21.1875 9.28125 L 19.78125 10.71875 L 24.0625 15 L 4 15 L 4 17 L 24.0625 17 L 19.78125 21.28125 L 21.1875 22.71875 L 27.90625 16 Z \"><\/path><\/svg><span class=\"screen-reader-text\">M III &#8211; U 3 &#8211; Entwicklung einer pers\u00f6nlichen Geschichte<\/span><\/a><\/article><\/div><\/div>\n\n<div style=\"height:100px\" aria-hidden=\"true\" class=\"wp-block-spacer\"><\/div>\n\n<hr class=\"wp-block-separator has-alpha-channel-opacity\">\n<\/div>\n\n","protected":false},"excerpt":{"rendered":"<p>Modul III \u2013 Management von Karrieren im sp\u00e4teren Leben<\/p>\n","protected":false},"author":4,"featured_media":3473,"parent":4730,"menu_order":3,"comment_status":"closed","ping_status":"closed","template":"","meta":{"inline_featured_image":false,"_locale":"de_DE_formal","_original_post":"https:\/\/www.sassi-llc.eu\/?page_id=3790","footnotes":""},"class_list":["post-4708","page","type-page","status-publish","has-post-thumbnail","hentry","de-DE"],"blocksy_meta":[],"_links":{"self":[{"href":"https:\/\/www.sassi-llc.eu\/wp-json\/wp\/v2\/pages\/4708","targetHints":{"allow":["GET"]}}],"collection":[{"href":"https:\/\/www.sassi-llc.eu\/wp-json\/wp\/v2\/pages"}],"about":[{"href":"https:\/\/www.sassi-llc.eu\/wp-json\/wp\/v2\/types\/page"}],"author":[{"embeddable":true,"href":"https:\/\/www.sassi-llc.eu\/wp-json\/wp\/v2\/users\/4"}],"replies":[{"embeddable":true,"href":"https:\/\/www.sassi-llc.eu\/wp-json\/wp\/v2\/comments?post=4708"}],"version-history":[{"count":1,"href":"https:\/\/www.sassi-llc.eu\/wp-json\/wp\/v2\/pages\/4708\/revisions"}],"predecessor-version":[{"id":4709,"href":"https:\/\/www.sassi-llc.eu\/wp-json\/wp\/v2\/pages\/4708\/revisions\/4709"}],"up":[{"embeddable":true,"href":"https:\/\/www.sassi-llc.eu\/wp-json\/wp\/v2\/pages\/4730"}],"wp:featuredmedia":[{"embeddable":true,"href":"https:\/\/www.sassi-llc.eu\/wp-json\/wp\/v2\/media\/3473"}],"wp:attachment":[{"href":"https:\/\/www.sassi-llc.eu\/wp-json\/wp\/v2\/media?parent=4708"}],"curies":[{"name":"wp","href":"https:\/\/api.w.org\/{rel}","templated":true}]}}