{"id":4712,"date":"2024-09-10T11:32:08","date_gmt":"2024-09-10T11:32:08","guid":{"rendered":"https:\/\/www.sassi-llc.eu\/?page_id=4712"},"modified":"2024-09-17T12:12:12","modified_gmt":"2024-09-17T12:12:12","slug":"module-v-becoming-an-olderpreneur","status":"publish","type":"page","link":"https:\/\/www.sassi-llc.eu\/de\/courses\/training-for-supporting-later-life-career-choices\/module-v-becoming-an-olderpreneur\/","title":{"rendered":"Modul V \u2013 Ein \u00e4lterer Unternehmer werden"},"content":{"rendered":"\n<div class=\"wp-block-group is-layout-constrained wp-block-group-is-layout-constrained\">\n<h3 class=\"wp-block-heading\">Modul V \u2013 Ein \u00e4lterer Unternehmer werden<\/h3>\n\n<div class=\"ct-posts-shortcode\" data-prefix=\"class_archive\"><div class=\"entries\" data-archive=\"default\" data-layout=\"grid\" data-cards=\"simple\"><article class=\"entry-card card-content post-4696 class type-class status-publish format-standard has-post-thumbnail hentry en-GB\" data-reveal=\"bottom:no\"><a class=\"ct-media-container\" href=\"https:\/\/www.sassi-llc.eu\/class\/m-v-u-i-alteres-unternehmertum-wachstum-innovation-und-vermachtnis-im-spateren-leben\/\" aria-label=\"M V &#8211; U I &#8211; \u00c4lteres Unternehmertum: Wachstum, Innovation und Verm\u00e4chtnis im sp\u00e4teren Leben\"><img decoding=\"async\" width=\"768\" height=\"768\" src=\"https:\/\/www.sassi-llc.eu\/wp-content\/uploads\/2022\/12\/evaluationg-soft-skills-old-person-i60-years-business-casual-in-cafe-768x768.jpeg\" class=\"attachment-medium_large size-medium_large wp-post-image\" alt=\"evaluationg soft skills old person i60 years business casual in cafe\" loading=\"lazy\" srcset=\"https:\/\/www.sassi-llc.eu\/wp-content\/uploads\/2022\/12\/evaluationg-soft-skills-old-person-i60-years-business-casual-in-cafe-768x768.jpeg 768w, https:\/\/www.sassi-llc.eu\/wp-content\/uploads\/2022\/12\/evaluationg-soft-skills-old-person-i60-years-business-casual-in-cafe-300x300.jpeg 300w, https:\/\/www.sassi-llc.eu\/wp-content\/uploads\/2022\/12\/evaluationg-soft-skills-old-person-i60-years-business-casual-in-cafe-150x150.jpeg 150w, https:\/\/www.sassi-llc.eu\/wp-content\/uploads\/2022\/12\/evaluationg-soft-skills-old-person-i60-years-business-casual-in-cafe.jpeg 1024w\" sizes=\"auto, (max-width: 768px) 100vw, 768px\" itemprop=\"image\" style=\"aspect-ratio: 4\/3;\" \/><\/a><h2 class=\"entry-title\"><a href=\"https:\/\/www.sassi-llc.eu\/class\/m-v-u-i-alteres-unternehmertum-wachstum-innovation-und-vermachtnis-im-spateren-leben\/\" rel=\"bookmark\">M V &#8211; U I &#8211; \u00c4lteres Unternehmertum: Wachstum, Innovation und Verm\u00e4chtnis im sp\u00e4teren Leben<\/a><\/h2><div class=\"entry-excerpt\"><p>Wir sind der Meinung, dass Sie bei der F\u00f6rderung von Karrieren im sp\u00e4teren Erwachsenenalter einen wichtigen Beitrag zur Zukunft \u00e4lterer Arbeitnehmer leisten k\u00f6nnen, indem Sie ihnen helfen, Olderpreneure zu werden.<\/p>\n<\/div><a class=\"entry-button\" href=\"https:\/\/www.sassi-llc.eu\/class\/m-v-u-i-alteres-unternehmertum-wachstum-innovation-und-vermachtnis-im-spateren-leben\/\">Weiterlesen<svg width=\"17px\" height=\"17px\" viewBox=\"0 0 32 32\" fill=\"currentColor\"><path d=\"M 21.1875 9.28125 L 19.78125 10.71875 L 24.0625 15 L 4 15 L 4 17 L 24.0625 17 L 19.78125 21.28125 L 21.1875 22.71875 L 27.90625 16 Z \"><\/path><\/svg><span class=\"screen-reader-text\">M V &#8211; U I &#8211; \u00c4lteres Unternehmertum: Wachstum, Innovation und Verm\u00e4chtnis im sp\u00e4teren Leben<\/span><\/a><\/article><article class=\"entry-card card-content post-4697 class type-class status-publish format-standard has-post-thumbnail hentry en-GB\" data-reveal=\"bottom:no\"><a class=\"ct-media-container\" href=\"https:\/\/www.sassi-llc.eu\/class\/m-v-u-2-eine-treppe-von-weich-zu-hart-die-fahigkeiten-eines-alteren-unternehmers\/\" aria-label=\"M V &#8211; U 2 &#8211; Eine Treppe von weich zu hart: Die F\u00e4higkeiten eines \u00e4lteren Unternehmers\"><img decoding=\"async\" width=\"768\" height=\"768\" src=\"https:\/\/www.sassi-llc.eu\/wp-content\/uploads\/2024\/04\/8a5ffbe4-470d-48bb-95bc-03ab8a7565b8-768x768.jpeg\" class=\"attachment-medium_large size-medium_large wp-post-image\" alt=\"case studies\" loading=\"lazy\" srcset=\"https:\/\/www.sassi-llc.eu\/wp-content\/uploads\/2024\/04\/8a5ffbe4-470d-48bb-95bc-03ab8a7565b8-768x768.jpeg 768w, https:\/\/www.sassi-llc.eu\/wp-content\/uploads\/2024\/04\/8a5ffbe4-470d-48bb-95bc-03ab8a7565b8-300x300.jpeg 300w, https:\/\/www.sassi-llc.eu\/wp-content\/uploads\/2024\/04\/8a5ffbe4-470d-48bb-95bc-03ab8a7565b8-150x150.jpeg 150w, https:\/\/www.sassi-llc.eu\/wp-content\/uploads\/2024\/04\/8a5ffbe4-470d-48bb-95bc-03ab8a7565b8.jpeg 1024w\" sizes=\"auto, (max-width: 768px) 100vw, 768px\" itemprop=\"image\" style=\"aspect-ratio: 4\/3;\" \/><\/a><h2 class=\"entry-title\"><a href=\"https:\/\/www.sassi-llc.eu\/class\/m-v-u-2-eine-treppe-von-weich-zu-hart-die-fahigkeiten-eines-alteren-unternehmers\/\" rel=\"bookmark\">M V &#8211; U 2 &#8211; Eine Treppe von weich zu hart: Die F\u00e4higkeiten eines \u00e4lteren Unternehmers<\/a><\/h2><div class=\"entry-excerpt\"><p>Diese Einheit beginnt mit den Soft Skills und erforscht die Neurowissenschaften, um zu verstehen, wie das Gehirn unsere Entscheidungen und Verhaltensweisen beeinflusst. Als N\u00e4chstes werden in dieser Einheit anhand von \"Hard Skills\" auch praktische Werkzeuge vorgestellt!<\/p>\n<\/div><a class=\"entry-button\" href=\"https:\/\/www.sassi-llc.eu\/class\/m-v-u-2-eine-treppe-von-weich-zu-hart-die-fahigkeiten-eines-alteren-unternehmers\/\">Weiterlesen<svg width=\"17px\" height=\"17px\" viewBox=\"0 0 32 32\" fill=\"currentColor\"><path d=\"M 21.1875 9.28125 L 19.78125 10.71875 L 24.0625 15 L 4 15 L 4 17 L 24.0625 17 L 19.78125 21.28125 L 21.1875 22.71875 L 27.90625 16 Z \"><\/path><\/svg><span class=\"screen-reader-text\">M V &#8211; U 2 &#8211; Eine Treppe von weich zu hart: Die F\u00e4higkeiten eines \u00e4lteren Unternehmers<\/span><\/a><\/article><article class=\"entry-card card-content post-4698 class type-class status-publish format-standard has-post-thumbnail hentry en-GB\" data-reveal=\"bottom:no\"><a class=\"ct-media-container\" href=\"https:\/\/www.sassi-llc.eu\/class\/m-v-u-3-moglichkeiten-erschliesen-von-der-freiwilligenarbeit-zum-digitalen-unternehmen\/\" aria-label=\"M V &#8211; U 3 &#8211; M\u00f6glichkeiten erschlie\u00dfen: Von der Freiwilligenarbeit zum digitalen Unternehmen\"><img decoding=\"async\" width=\"768\" height=\"768\" src=\"https:\/\/www.sassi-llc.eu\/wp-content\/uploads\/2023\/05\/70-year-old-lady-sitting-on-a-sofa-and-a-laptop-in-her-lap-profile-view-and-plain-light-background-768x768.jpeg\" class=\"attachment-medium_large size-medium_large wp-post-image\" alt=\"70 year old lady sitting on a sofa and a laptop in her lap, profile view and plain light\" loading=\"lazy\" srcset=\"https:\/\/www.sassi-llc.eu\/wp-content\/uploads\/2023\/05\/70-year-old-lady-sitting-on-a-sofa-and-a-laptop-in-her-lap-profile-view-and-plain-light-background-768x768.jpeg 768w, https:\/\/www.sassi-llc.eu\/wp-content\/uploads\/2023\/05\/70-year-old-lady-sitting-on-a-sofa-and-a-laptop-in-her-lap-profile-view-and-plain-light-background-300x300.jpeg 300w, https:\/\/www.sassi-llc.eu\/wp-content\/uploads\/2023\/05\/70-year-old-lady-sitting-on-a-sofa-and-a-laptop-in-her-lap-profile-view-and-plain-light-background-150x150.jpeg 150w, https:\/\/www.sassi-llc.eu\/wp-content\/uploads\/2023\/05\/70-year-old-lady-sitting-on-a-sofa-and-a-laptop-in-her-lap-profile-view-and-plain-light-background.jpeg 1024w\" sizes=\"auto, (max-width: 768px) 100vw, 768px\" itemprop=\"image\" style=\"aspect-ratio: 4\/3;\" \/><\/a><h2 class=\"entry-title\"><a href=\"https:\/\/www.sassi-llc.eu\/class\/m-v-u-3-moglichkeiten-erschliesen-von-der-freiwilligenarbeit-zum-digitalen-unternehmen\/\" rel=\"bookmark\">M V &#8211; U 3 &#8211; M\u00f6glichkeiten erschlie\u00dfen: Von der Freiwilligenarbeit zum digitalen Unternehmen<\/a><\/h2><div class=\"entry-excerpt\"><p>Durch diese Untersuchung werden Sie praktische Strategien und F\u00e4higkeiten entdecken, die Sie an \u00e4ltere Unternehmer weitergeben k\u00f6nnen, damit diese sie in ihren unternehmerischen Bem\u00fchungen anwenden k\u00f6nnen<\/p>\n<\/div><a class=\"entry-button\" href=\"https:\/\/www.sassi-llc.eu\/class\/m-v-u-3-moglichkeiten-erschliesen-von-der-freiwilligenarbeit-zum-digitalen-unternehmen\/\">Weiterlesen<svg width=\"17px\" height=\"17px\" viewBox=\"0 0 32 32\" fill=\"currentColor\"><path d=\"M 21.1875 9.28125 L 19.78125 10.71875 L 24.0625 15 L 4 15 L 4 17 L 24.0625 17 L 19.78125 21.28125 L 21.1875 22.71875 L 27.90625 16 Z \"><\/path><\/svg><span class=\"screen-reader-text\">M V &#8211; U 3 &#8211; M\u00f6glichkeiten erschlie\u00dfen: Von der Freiwilligenarbeit zum digitalen Unternehmen<\/span><\/a><\/article><\/div><\/div>\n\n<div style=\"height:100px\" aria-hidden=\"true\" class=\"wp-block-spacer\"><\/div>\n\n<hr class=\"wp-block-separator has-alpha-channel-opacity\">\n<\/div>\n\n","protected":false},"excerpt":{"rendered":"<p>Modul V \u2013 Ein \u00e4lterer Unternehmer werden<\/p>\n","protected":false},"author":4,"featured_media":967,"parent":4730,"menu_order":5,"comment_status":"closed","ping_status":"closed","template":"","meta":{"inline_featured_image":false,"_locale":"de_DE_formal","_original_post":"https:\/\/www.sassi-llc.eu\/?page_id=3794","footnotes":""},"class_list":["post-4712","page","type-page","status-publish","has-post-thumbnail","hentry","de-DE"],"blocksy_meta":[],"_links":{"self":[{"href":"https:\/\/www.sassi-llc.eu\/wp-json\/wp\/v2\/pages\/4712","targetHints":{"allow":["GET"]}}],"collection":[{"href":"https:\/\/www.sassi-llc.eu\/wp-json\/wp\/v2\/pages"}],"about":[{"href":"https:\/\/www.sassi-llc.eu\/wp-json\/wp\/v2\/types\/page"}],"author":[{"embeddable":true,"href":"https:\/\/www.sassi-llc.eu\/wp-json\/wp\/v2\/users\/4"}],"replies":[{"embeddable":true,"href":"https:\/\/www.sassi-llc.eu\/wp-json\/wp\/v2\/comments?post=4712"}],"version-history":[{"count":1,"href":"https:\/\/www.sassi-llc.eu\/wp-json\/wp\/v2\/pages\/4712\/revisions"}],"predecessor-version":[{"id":4713,"href":"https:\/\/www.sassi-llc.eu\/wp-json\/wp\/v2\/pages\/4712\/revisions\/4713"}],"up":[{"embeddable":true,"href":"https:\/\/www.sassi-llc.eu\/wp-json\/wp\/v2\/pages\/4730"}],"wp:featuredmedia":[{"embeddable":true,"href":"https:\/\/www.sassi-llc.eu\/wp-json\/wp\/v2\/media\/967"}],"wp:attachment":[{"href":"https:\/\/www.sassi-llc.eu\/wp-json\/wp\/v2\/media?parent=4712"}],"curies":[{"name":"wp","href":"https:\/\/api.w.org\/{rel}","templated":true}]}}