{"id":5028,"date":"2024-09-13T12:10:26","date_gmt":"2024-09-13T12:10:26","guid":{"rendered":"https:\/\/www.sassi-llc.eu\/?page_id=5028"},"modified":"2024-09-13T12:10:26","modified_gmt":"2024-09-13T12:10:26","slug":"chapter-v-finding-the-mobility","status":"publish","type":"page","link":"https:\/\/www.sassi-llc.eu\/de\/courses\/ambassadors-for-mobility-in-later-life\/chapter-v-finding-the-mobility\/","title":{"rendered":"Kapitel V &#8211; Botschafter:innen f\u00fcr Mobilit\u00e4t im sp\u00e4teren Lebensalter"},"content":{"rendered":"\n<div class=\"wp-block-group is-layout-constrained wp-block-group-is-layout-constrained\">\n<h3 class=\"wp-block-heading\">Kapitel V &#8211; Botschafter:innen f\u00fcr Mobilit\u00e4t im sp\u00e4teren Lebensalter<\/h3>\n\n<div class=\"ct-posts-shortcode\" data-prefix=\"class_archive\"><div class=\"entries\" data-archive=\"default\" data-layout=\"grid\" data-cards=\"simple\"><article class=\"entry-card card-content post-4380 class type-class status-publish format-standard has-post-thumbnail hentry en-GB\" data-reveal=\"bottom:no\"><a class=\"ct-media-container\" href=\"https:\/\/www.sassi-llc.eu\/class\/v-1-untersuchung-der-mobilitatsmoglichkeiten-in-der-europaischen-union\/\" aria-label=\"V. 1 &#8211; Untersuchung der Mobilit\u00e4tsm\u00f6glichkeiten in der Europ\u00e4ischen Union\"><img decoding=\"async\" width=\"768\" height=\"768\" src=\"https:\/\/www.sassi-llc.eu\/wp-content\/uploads\/2023\/05\/two-ladies-in-their-60ies-with-one-lady-explaining-her-friend-something-on-a-whiteboard-business-casual-no-text-768x768.jpeg\" class=\"attachment-medium_large size-medium_large wp-post-image\" alt=\"two ladies in their 60ies with one lady explaining her friend something on a whiteboard business casual no text\" loading=\"lazy\" srcset=\"https:\/\/www.sassi-llc.eu\/wp-content\/uploads\/2023\/05\/two-ladies-in-their-60ies-with-one-lady-explaining-her-friend-something-on-a-whiteboard-business-casual-no-text-768x768.jpeg 768w, https:\/\/www.sassi-llc.eu\/wp-content\/uploads\/2023\/05\/two-ladies-in-their-60ies-with-one-lady-explaining-her-friend-something-on-a-whiteboard-business-casual-no-text-300x300.jpeg 300w, https:\/\/www.sassi-llc.eu\/wp-content\/uploads\/2023\/05\/two-ladies-in-their-60ies-with-one-lady-explaining-her-friend-something-on-a-whiteboard-business-casual-no-text-150x150.jpeg 150w, https:\/\/www.sassi-llc.eu\/wp-content\/uploads\/2023\/05\/two-ladies-in-their-60ies-with-one-lady-explaining-her-friend-something-on-a-whiteboard-business-casual-no-text.jpeg 1024w\" sizes=\"auto, (max-width: 768px) 100vw, 768px\" itemprop=\"image\" style=\"aspect-ratio: 4\/3;\" \/><\/a><h2 class=\"entry-title\"><a href=\"https:\/\/www.sassi-llc.eu\/class\/v-1-untersuchung-der-mobilitatsmoglichkeiten-in-der-europaischen-union\/\" rel=\"bookmark\">V. 1 &#8211; Untersuchung der Mobilit\u00e4tsm\u00f6glichkeiten in der Europ\u00e4ischen Union<\/a><\/h2><div class=\"entry-excerpt\"><p>Welche Mobilit\u00e4tsm\u00f6glichkeiten gibt es in der EU?<br \/>\nWelche Schritte sollten \u00e4ltere Unternehmer unternehmen<br \/>\num die Mobilit\u00e4tsm\u00f6glichkeiten effektiv zu nutzen?<\/p>\n<\/div><a class=\"entry-button\" href=\"https:\/\/www.sassi-llc.eu\/class\/v-1-untersuchung-der-mobilitatsmoglichkeiten-in-der-europaischen-union\/\">Weiterlesen<svg width=\"17px\" height=\"17px\" viewBox=\"0 0 32 32\" fill=\"currentColor\"><path d=\"M 21.1875 9.28125 L 19.78125 10.71875 L 24.0625 15 L 4 15 L 4 17 L 24.0625 17 L 19.78125 21.28125 L 21.1875 22.71875 L 27.90625 16 Z \"><\/path><\/svg><span class=\"screen-reader-text\">V. 1 &#8211; Untersuchung der Mobilit\u00e4tsm\u00f6glichkeiten in der Europ\u00e4ischen Union<\/span><\/a><\/article><article class=\"entry-card card-content post-4381 class type-class status-publish format-standard has-post-thumbnail hentry en-GB\" data-reveal=\"bottom:no\"><a class=\"ct-media-container\" href=\"https:\/\/www.sassi-llc.eu\/class\/v-2-untersuchung-und-teilhabe-an-der-internationalen-mobilitatsdatenbank\/\" aria-label=\"V. 2 &#8211; Untersuchung und Teilhabe an der Internationalen Mobilit\u00e4tsdatenbank\"><img decoding=\"async\" width=\"768\" height=\"768\" src=\"https:\/\/www.sassi-llc.eu\/wp-content\/uploads\/2023\/09\/grandma-working-at-a-computer-in-a-library-768x768.jpeg\" class=\"attachment-medium_large size-medium_large wp-post-image\" alt=\"grandma working at a computer in a library\" loading=\"lazy\" srcset=\"https:\/\/www.sassi-llc.eu\/wp-content\/uploads\/2023\/09\/grandma-working-at-a-computer-in-a-library-768x768.jpeg 768w, https:\/\/www.sassi-llc.eu\/wp-content\/uploads\/2023\/09\/grandma-working-at-a-computer-in-a-library-300x300.jpeg 300w, https:\/\/www.sassi-llc.eu\/wp-content\/uploads\/2023\/09\/grandma-working-at-a-computer-in-a-library-150x150.jpeg 150w, https:\/\/www.sassi-llc.eu\/wp-content\/uploads\/2023\/09\/grandma-working-at-a-computer-in-a-library.jpeg 1024w\" sizes=\"auto, (max-width: 768px) 100vw, 768px\" itemprop=\"image\" style=\"aspect-ratio: 4\/3;\" \/><\/a><h2 class=\"entry-title\"><a href=\"https:\/\/www.sassi-llc.eu\/class\/v-2-untersuchung-und-teilhabe-an-der-internationalen-mobilitatsdatenbank\/\" rel=\"bookmark\">V. 2 &#8211; Untersuchung und Teilhabe an der Internationalen Mobilit\u00e4tsdatenbank<\/a><\/h2><div class=\"entry-excerpt\"><p>Finden Sie heraus, was unsere Mobilit\u00e4tsdatenbank im Zusammenhang mit SASSI LLC ist, wie sie f\u00fcr Sie n\u00fctzlich sein kann und wie Sie sie nutzen k\u00f6nnen. <\/p>\n<\/div><a class=\"entry-button\" href=\"https:\/\/www.sassi-llc.eu\/class\/v-2-untersuchung-und-teilhabe-an-der-internationalen-mobilitatsdatenbank\/\">Weiterlesen<svg width=\"17px\" height=\"17px\" viewBox=\"0 0 32 32\" fill=\"currentColor\"><path d=\"M 21.1875 9.28125 L 19.78125 10.71875 L 24.0625 15 L 4 15 L 4 17 L 24.0625 17 L 19.78125 21.28125 L 21.1875 22.71875 L 27.90625 16 Z \"><\/path><\/svg><span class=\"screen-reader-text\">V. 2 &#8211; Untersuchung und Teilhabe an der Internationalen Mobilit\u00e4tsdatenbank<\/span><\/a><\/article><article class=\"entry-card card-content post-4157 class type-class status-publish format-standard has-post-thumbnail hentry en-GB\" data-reveal=\"bottom:no\"><a class=\"ct-media-container\" href=\"https:\/\/www.sassi-llc.eu\/class\/v-3-begleitung-auf-dem-weg-kommunikationsstrategie-der-botschafterinnen-fur-altere-arbeitnehmerinnen\/\" aria-label=\"V. 3 &#8211; Begleitung auf dem Weg: Kommunikationsstrategie der Botschafter:innen f\u00fcr \u00e4ltere Arbeitnehmer:innen\"><img decoding=\"async\" width=\"768\" height=\"768\" src=\"https:\/\/www.sassi-llc.eu\/wp-content\/uploads\/2023\/11\/swedish-forester-who-is-60-years-old-going-with-italian-students-on-fieldtrip-into-a-forest-768x768.jpeg\" class=\"attachment-medium_large size-medium_large wp-post-image\" alt=\"swedish forester who is 60 years old going with italian students on fieldtrip into a forest\" loading=\"lazy\" srcset=\"https:\/\/www.sassi-llc.eu\/wp-content\/uploads\/2023\/11\/swedish-forester-who-is-60-years-old-going-with-italian-students-on-fieldtrip-into-a-forest-768x768.jpeg 768w, https:\/\/www.sassi-llc.eu\/wp-content\/uploads\/2023\/11\/swedish-forester-who-is-60-years-old-going-with-italian-students-on-fieldtrip-into-a-forest-300x300.jpeg 300w, https:\/\/www.sassi-llc.eu\/wp-content\/uploads\/2023\/11\/swedish-forester-who-is-60-years-old-going-with-italian-students-on-fieldtrip-into-a-forest-150x150.jpeg 150w, https:\/\/www.sassi-llc.eu\/wp-content\/uploads\/2023\/11\/swedish-forester-who-is-60-years-old-going-with-italian-students-on-fieldtrip-into-a-forest.jpeg 1024w\" sizes=\"auto, (max-width: 768px) 100vw, 768px\" itemprop=\"image\" style=\"aspect-ratio: 4\/3;\" \/><\/a><h2 class=\"entry-title\"><a href=\"https:\/\/www.sassi-llc.eu\/class\/v-3-begleitung-auf-dem-weg-kommunikationsstrategie-der-botschafterinnen-fur-altere-arbeitnehmerinnen\/\" rel=\"bookmark\">V. 3 &#8211; Begleitung auf dem Weg: Kommunikationsstrategie der Botschafter:innen f\u00fcr \u00e4ltere Arbeitnehmer:innen<\/a><\/h2><div class=\"entry-excerpt\"><p>In diesem letzten Abschnitt erfahren Sie, was ein Kommunikationsplan ist und welche Ziele er verfolgt. <\/p>\n<\/div><a class=\"entry-button\" href=\"https:\/\/www.sassi-llc.eu\/class\/v-3-begleitung-auf-dem-weg-kommunikationsstrategie-der-botschafterinnen-fur-altere-arbeitnehmerinnen\/\">Weiterlesen<svg width=\"17px\" height=\"17px\" viewBox=\"0 0 32 32\" fill=\"currentColor\"><path d=\"M 21.1875 9.28125 L 19.78125 10.71875 L 24.0625 15 L 4 15 L 4 17 L 24.0625 17 L 19.78125 21.28125 L 21.1875 22.71875 L 27.90625 16 Z \"><\/path><\/svg><span class=\"screen-reader-text\">V. 3 &#8211; Begleitung auf dem Weg: Kommunikationsstrategie der Botschafter:innen f\u00fcr \u00e4ltere Arbeitnehmer:innen<\/span><\/a><\/article><\/div><\/div>\n\n<div style=\"height:100px\" aria-hidden=\"true\" class=\"wp-block-spacer\"><\/div>\n\n<hr class=\"wp-block-separator has-alpha-channel-opacity\">\n<\/div>\n\n\n\n\n<div style=\"height:100px\" aria-hidden=\"true\" class=\"wp-block-spacer\"><\/div>\n","protected":false},"excerpt":{"rendered":"<p>Exploring Mobility Possibilities in the European Union: Cultural Exchange Programms, Volunteering, Courses and Workshops, Exchange Programs<\/p>\n","protected":false},"author":4,"featured_media":923,"parent":3178,"menu_order":5,"comment_status":"closed","ping_status":"closed","template":"","meta":{"inline_featured_image":false,"_locale":"de_DE_formal","_original_post":"https:\/\/www.sassi-llc.eu\/?page_id=3580","footnotes":""},"class_list":["post-5028","page","type-page","status-publish","has-post-thumbnail","hentry","de-DE"],"blocksy_meta":[],"_links":{"self":[{"href":"https:\/\/www.sassi-llc.eu\/wp-json\/wp\/v2\/pages\/5028","targetHints":{"allow":["GET"]}}],"collection":[{"href":"https:\/\/www.sassi-llc.eu\/wp-json\/wp\/v2\/pages"}],"about":[{"href":"https:\/\/www.sassi-llc.eu\/wp-json\/wp\/v2\/types\/page"}],"author":[{"embeddable":true,"href":"https:\/\/www.sassi-llc.eu\/wp-json\/wp\/v2\/users\/4"}],"replies":[{"embeddable":true,"href":"https:\/\/www.sassi-llc.eu\/wp-json\/wp\/v2\/comments?post=5028"}],"version-history":[{"count":1,"href":"https:\/\/www.sassi-llc.eu\/wp-json\/wp\/v2\/pages\/5028\/revisions"}],"predecessor-version":[{"id":5029,"href":"https:\/\/www.sassi-llc.eu\/wp-json\/wp\/v2\/pages\/5028\/revisions\/5029"}],"up":[{"embeddable":true,"href":"https:\/\/www.sassi-llc.eu\/wp-json\/wp\/v2\/pages\/3178"}],"wp:featuredmedia":[{"embeddable":true,"href":"https:\/\/www.sassi-llc.eu\/wp-json\/wp\/v2\/media\/923"}],"wp:attachment":[{"href":"https:\/\/www.sassi-llc.eu\/wp-json\/wp\/v2\/media?parent=5028"}],"curies":[{"name":"wp","href":"https:\/\/api.w.org\/{rel}","templated":true}]}}