{"id":5460,"date":"2024-09-17T09:55:11","date_gmt":"2024-09-17T09:55:11","guid":{"rendered":"https:\/\/www.sassi-llc.eu\/?page_id=5460"},"modified":"2024-09-18T07:26:20","modified_gmt":"2024-09-18T07:26:20","slug":"podcasts","status":"publish","type":"page","link":"https:\/\/www.sassi-llc.eu\/de\/toolbox-2\/library\/podcasts\/","title":{"rendered":"Podcasts (de)"},"content":{"rendered":"\n<p>H\u00f6ren Sie sich Podcasts \u00fcber das \u00c4lterwerden und einen aktiven Lebensstil in verschiedenen Sprachen an.<\/p>\n\n\n\n<div class=\"wp-block-stackable-columns stk-block-columns stk-block stk-5a9e720\" data-block-id=\"5a9e720\"><div class=\"stk-row stk-inner-blocks stk-block-content stk-content-align stk-5a9e720-column\">\n<div class=\"wp-block-stackable-column stk-block-column stk-column stk-block stk-ef41211\" data-v=\"4\" data-block-id=\"ef41211\"><div class=\"stk-column-wrapper stk-block-column__content stk-container stk-ef41211-container stk--no-background stk--no-padding\"><div class=\"stk-block-content stk-inner-blocks stk-ef41211-inner-blocks\">\n<figure class=\"wp-block-table\"><table class=\"has-fixed-layout\"><tbody><tr><td><strong>Sprache<\/strong><\/td><td><strong>Titel<\/strong><\/td><td><strong>Beschreibung<\/strong><\/td><td><strong>Link<\/strong><\/td><\/tr><tr><td>Englisch<\/td><td>Dr. David Sinclair: The Biology of Slowing &amp; Reversing Aging<\/td><td>In diesem Interview er\u00f6rtern wir die zellul\u00e4ren und molekularen Mechanismen des Alterns und was wir alle tun k\u00f6nnen, um den Alterungsprozess zu verlangsamen oder umzukehren. Wir sprechen \u00fcber Fasten und die Supplementierung mit Resveratrol, NAD, Metformin und NMN. Wir diskutieren auch die Verwendung von Koffein, Bewegung,<\/td><td><a href=\"https:\/\/www.youtube.com\/watch?v=n9IxomBusuw\">https:\/\/www.youtube.com\/watch?v=n9IxomBusuw<\/a><\/td><\/tr><tr><td>Englisch<\/td><td>Second Act Success Career Podcast<\/td><td>Willkommen beim Second Act Success Career Podcast, Ihrer Anlaufstelle f\u00fcr Inspiration und Ratschl\u00e4ge, wie Sie Karriere\u00fcberg\u00e4nge bew\u00e4ltigen und ein eigenes Unternehmen gr\u00fcnden k\u00f6nnen. Dieser Podcast wird von Shannon Russell moderiert, einer ehemaligen Fernsehproduzentin, die zur Unternehmerin und Karriere-Coach geworden ist. Er soll Sie auf dem Weg des Karrierewechsels und der Gr\u00fcndung eines Unternehmens begleiten und inspirieren, um Ihren zweiten Akt im Leben zu verfolgen.<\/td><td><a href=\"https:\/\/open.spotify.com\/show\/2bQTkm7ZjuvEa6JGLc48xi\">https:\/\/open.spotify.com\/show\/2bQTkm7ZjuvEa6JGLc48xi<\/a><\/td><\/tr><tr><td>Englisch<\/td><td>The Over 50 Entrepreneur<\/td><td>Wer sagt, dass wir nach 50 fertig sind? The Over 50 Entrepreneur ist ein Podcast, der sich sowohl an erfahrene als auch an neue Unternehmer wendet, die Unternehmen aufbauen, wenn die meisten Menschen ihre Karriere beenden. Wir teilen Geschichten, Ideen und echte Techniken von erfolgreichen Unternehmern, um Ihnen dabei zu helfen, Unternehmen aufzubauen, die Ihnen mehr Wert und Freiheit verschaffen k\u00f6nnen. Sind Sie bereit, aus dem Alltagstrott auszusteigen, endlich Zeit zum Auftanken und Nachdenken zu haben und noch gr\u00f6\u00dfere Ziele zu verfolgen? Dann sind Sie hier genau richtig.<\/td><td><a href=\"https:\/\/open.spotify.com\/show\/3gj4U8BtmNwGemrdZi7sgi\">https:\/\/open.spotify.com\/show\/3gj4U8BtmNwGemrdZi7sgi<\/a><\/td><\/tr><tr><td>Bulgarisch<\/td><td>\u041f\u0420\u0415\u0414\u041f\u0420\u0418\u0415\u041c\u0410\u0427\u0415\u0421\u0422\u0412\u041e \u0417\u0410 \u041c\u0410\u041b\u041a\u0418 \u0418 \u0413\u041e\u041b\u0415\u041c\u0418 &#8211; \u0434\u0438\u0441\u043a\u0443\u0441\u0438\u044f<\/td><td>Diskussionsrunde zum Thema &#8222;Unternehmer im Unterricht&#8220; mit Mira Krasteva, Ina Toncheva, Lyubomir Novkov und Boryana Gerasimova<\/td><td><a href=\"https:\/\/www.youtube.com\/watch?v=4qGfomZW72c\">https:\/\/www.youtube.com\/watch?v=4qGfomZW72c<\/a><\/td><\/tr><tr><td>Deutsch<\/td><td>Gelassen \u00e4lter werden<\/td><td>Willkommen beim Podcast &#8222;Gelassen \u00e4lter werden&#8220; \u2013 ein einf\u00fchlsames H\u00f6rmagazin von und f\u00fcr die Best Ager, Silver Ager und Babyboomer, pr\u00e4sentiert von Euren Gastgebern Bertram Kasper und Catharina Maria Klein. Dieser Podcast ist eine inspirierende Informationsquelle rund um das Altern, speziell abgestimmt auf Themen, die Menschen in der dritten Lebensphase bewegen und bereichern. Mit spannenden G\u00e4sten wie Tamara Dietl, Anselm Gr\u00fcn und Gerald H\u00fcther sprechen wir \u00fcber die Herausforderungen und Freuden des \u00c4lterwerdens. Wir erkunden Lebensqualit\u00e4t im Alter, liebevolle Beziehungen und gesundes Altern. Ihr erfahrt dar\u00fcber hinaus, wie Ihr die Endlichkeit annehmen, Krisen bew\u00e4ltigen und Euren Ruhestand genie\u00dfen k\u00f6nnen. Doch wir besprechen nicht nur die leise Seite des Alters: Ob es nun der Marathon mit 66 Jahren, die ehrenamtliche T\u00e4tigkeit bei einer Tafel oder die Weltreise mit 70 Jahren ist \u2013 dieses H\u00f6rmagazin feiert die aktive Seite des Seniorenlebens! Dieser Sozialwissenschaften-Podcast lehrt Gelassenheit, innere Zufriedenheit und bietet Euch zahlreiche Hinweise, um k\u00f6rperliche und geistige Gesundheit im Alter zu f\u00f6rdern. Es geht darum, eine Pro Aging Kultur zu etablieren und zu zeigen, dass jede Lebensphase ihre einzigartige Sch\u00f6nheit und Weisheit hat. &#8222;Gelassen \u00e4lter werden&#8220; \u2013 weil das verbleibende Lebensdrittel zu den besten Zeiten geh\u00f6ren sollte!<\/td><td><a href=\"https:\/\/open.spotify.com\/show\/1u4Zi4j2DdzGWUpWOQtHFa\">https:\/\/open.spotify.com\/show\/1u4Zi4j2DdzGWUpWOQtHFa<\/a><\/td><\/tr><tr><td>Portugiesisch<\/td><td>Gera\u00e7\u00e3o 70<\/td><td>Es handelt sich nicht um einen Podcast \u00fcber Politik oder Wirtschaft, Kunst oder Wissenschaft. Es ist ein lockeres Gespr\u00e4ch mit den Protagonisten von heute, die in den 70er Jahren geboren wurden. Die Generation, die an der Spitze des Landes steht oder auf dem Weg dorthin ist. Hier sprechen wir \u00fcber Erwartungen und Frustrationen. Von Tr\u00e4umen, die verwirklicht wurden, und solchen, die verloren gingen. Ein Portr\u00e4t aus erster Hand \u00fcber den unausl\u00f6schlichen Lauf der Zeit, eine von Bernardo Ferr\u00e3o gef\u00fchrte Reise von den 1970er Jahren bis in die heutige Zeit.<\/td><td><a href=\"https:\/\/open.spotify.com\/show\/3G705i14N8bwWoyB0h0OmH\">https:\/\/open.spotify.com\/show\/3G705i14N8bwWoyB0h0OmH<\/a><\/td><\/tr><tr><td>Slovac<\/td><td>Podcast: Family Business E10: Mlad\u00ed vs. star\u00ed<\/td><td>Zum ersten Mal haben wir 4 Generationen auf dem Arbeitsmarkt. Was ist dagegen zu tun? Warum ist das junge dynamische Kollektiv ein Problem? Wo ist die Grenze zwischen Alt und Jung? Wir freuen uns, dass Ihnen unsere voreingenommenen generations\u00fcbergreifenden Gespr\u00e4che gefallen. Bitte senden Sie uns weiterhin Vorschl\u00e4ge f\u00fcr zus\u00e4tzliche Themen, neue G\u00e4ste und Kommentare, damit wir uns st\u00e4ndig verbessern k\u00f6nnen. Wir werden alles lesen und einarbeiten.<\/td><td><a href=\"https:\/\/podmaz.sk\/podcast\/family-business\/5296532902-e10-mladi-vs-stari\">https:\/\/podmaz.sk\/podcast\/family-business\/5296532902-e10-mladi-vs-stari<\/a><\/td><\/tr><\/tbody><\/table><\/figure>\n<\/div><\/div><\/div>\n<\/div><\/div>\n","protected":false},"excerpt":{"rendered":"<p>H\u00f6ren Sie sich Podcasts \u00fcber das \u00c4lterwerden und einen aktiven Lebensstil in verschiedenen Sprachen an. Sprache Titel Beschreibung Link Englisch Dr. David Sinclair: The Biology of Slowing &amp; Reversing Aging In diesem Interview er\u00f6rtern wir die zellul\u00e4ren und molekularen Mechanismen des Alterns und was wir alle tun k\u00f6nnen, um den Alterungsprozess zu verlangsamen oder umzukehren. [&hellip;]<\/p>\n","protected":false},"author":4,"featured_media":3648,"parent":4141,"menu_order":919,"comment_status":"closed","ping_status":"closed","template":"","meta":{"inline_featured_image":false,"_locale":"de_DE_formal","_original_post":"https:\/\/www.sassi-llc.eu\/toolbox\/library\/podcasts\/","footnotes":""},"class_list":["post-5460","page","type-page","status-publish","has-post-thumbnail","hentry","de-DE"],"blocksy_meta":[],"_links":{"self":[{"href":"https:\/\/www.sassi-llc.eu\/wp-json\/wp\/v2\/pages\/5460","targetHints":{"allow":["GET"]}}],"collection":[{"href":"https:\/\/www.sassi-llc.eu\/wp-json\/wp\/v2\/pages"}],"about":[{"href":"https:\/\/www.sassi-llc.eu\/wp-json\/wp\/v2\/types\/page"}],"author":[{"embeddable":true,"href":"https:\/\/www.sassi-llc.eu\/wp-json\/wp\/v2\/users\/4"}],"replies":[{"embeddable":true,"href":"https:\/\/www.sassi-llc.eu\/wp-json\/wp\/v2\/comments?post=5460"}],"version-history":[{"count":2,"href":"https:\/\/www.sassi-llc.eu\/wp-json\/wp\/v2\/pages\/5460\/revisions"}],"predecessor-version":[{"id":5581,"href":"https:\/\/www.sassi-llc.eu\/wp-json\/wp\/v2\/pages\/5460\/revisions\/5581"}],"up":[{"embeddable":true,"href":"https:\/\/www.sassi-llc.eu\/wp-json\/wp\/v2\/pages\/4141"}],"wp:featuredmedia":[{"embeddable":true,"href":"https:\/\/www.sassi-llc.eu\/wp-json\/wp\/v2\/media\/3648"}],"wp:attachment":[{"href":"https:\/\/www.sassi-llc.eu\/wp-json\/wp\/v2\/media?parent=5460"}],"curies":[{"name":"wp","href":"https:\/\/api.w.org\/{rel}","templated":true}]}}