{"id":1906,"date":"2023-09-27T22:13:54","date_gmt":"2023-09-27T22:13:54","guid":{"rendered":"https:\/\/www.sassi-llc.eu\/?page_id=1906"},"modified":"2024-01-10T14:19:30","modified_gmt":"2024-01-10T14:19:30","slug":"about","status":"publish","type":"page","link":"https:\/\/www.sassi-llc.eu\/pt\/about\/","title":{"rendered":"Sobre"},"content":{"rendered":"\n<h2 class=\"wp-block-heading\"><strong>O projeto SASSI LLC<\/strong><\/h2>\n\n\n\n<p><strong>O projeto Erasmus+ SASSI LLC \u00e9 coordenado pela organiza\u00e7\u00e3o alem\u00e3 blinc e por v\u00e1rios parceiros de cinco pa\u00edses (\u00c1ustria, Bulg\u00e1ria, Alemanha, Portugal e Eslov\u00e1quia).<\/strong><\/p>\n\n\n\n<p>Um dos desafios que a Europa enfrenta no seu futuro \u00e9 a competitividade e a prosperidade econ\u00f3micas. Tal depende crucialmente da sua capacidade de utilizar plenamente os seus recursos laborais. Uma forma de atingir este objetivo \u00e9 alargar os per\u00edodos de emprego ao longo da vida. O envelhecimento demogr\u00e1fico \u00e9 uma das for\u00e7as subjacentes ao objetivo de emprego da estrat\u00e9gia Europa 2020 de aumentar a participa\u00e7\u00e3o da for\u00e7a de trabalho em toda a UE. Para manter os sistemas de apoio social vi\u00e1veis \u00e0 medida que a popula\u00e7\u00e3o europeia envelhece, acredita-se que mais pessoas precisam de trabalhar e at\u00e9 de permanecer no mercado de trabalho durante mais tempo ao longo da sua vida. A ado\u00e7\u00e3o de pol\u00edticas e pr\u00e1ticas adequadas e sens\u00edveis \u00e0 idade visa permitir e incentivar os trabalhadores mais velhos a permanecerem ou mesmo a reentrarem no mercado de trabalho.<\/p>\n\n\n\n<p>Saiba mais sobre o SASSI LLC:<\/p>\n\n\n\n<ul class=\"wp-block-list\">\n<li><a href=\"https:\/\/www.sassi-llc.eu\/about\/the-history\/\" data-type=\"page\" data-id=\"672\">A hist\u00f3ria<\/a><\/li>\n\n\n\n<li><a href=\"https:\/\/www.sassi-llc.eu\/about\/who-is-it-for\/\" data-type=\"page\" data-id=\"673\">Destinat\u00e1rios<\/a><\/li>\n\n\n\n<li><a href=\"https:\/\/www.sassi-llc.eu\/about\/partners\/\" data-type=\"page\" data-id=\"674\">Parceiros<\/a><\/li>\n<\/ul>\n","protected":false},"excerpt":{"rendered":"<p>O projeto SASSI LLC O projeto Erasmus+ SASSI LLC \u00e9 coordenado pela organiza\u00e7\u00e3o alem\u00e3 blinc e por v\u00e1rios parceiros de cinco pa\u00edses (\u00c1ustria, Bulg\u00e1ria, Alemanha, Portugal e Eslov\u00e1quia). Um dos desafios que a Europa enfrenta no seu futuro \u00e9 a competitividade e a prosperidade econ\u00f3micas. Tal depende crucialmente da sua capacidade de utilizar plenamente os [&hellip;]<\/p>\n","protected":false},"author":4,"featured_media":860,"parent":0,"menu_order":2,"comment_status":"closed","ping_status":"closed","template":"","meta":{"inline_featured_image":false,"_locale":"pt_PT","_original_post":"https:\/\/www.sassi-llc.eu\/about-2\/","footnotes":""},"class_list":["post-1906","page","type-page","status-publish","has-post-thumbnail","hentry","pt-PT"],"blocksy_meta":{"styles_descriptor":{"styles":{"desktop":"","tablet":"","mobile":""},"google_fonts":[],"version":6}},"_links":{"self":[{"href":"https:\/\/www.sassi-llc.eu\/wp-json\/wp\/v2\/pages\/1906","targetHints":{"allow":["GET"]}}],"collection":[{"href":"https:\/\/www.sassi-llc.eu\/wp-json\/wp\/v2\/pages"}],"about":[{"href":"https:\/\/www.sassi-llc.eu\/wp-json\/wp\/v2\/types\/page"}],"author":[{"embeddable":true,"href":"https:\/\/www.sassi-llc.eu\/wp-json\/wp\/v2\/users\/4"}],"replies":[{"embeddable":true,"href":"https:\/\/www.sassi-llc.eu\/wp-json\/wp\/v2\/comments?post=1906"}],"version-history":[{"count":5,"href":"https:\/\/www.sassi-llc.eu\/wp-json\/wp\/v2\/pages\/1906\/revisions"}],"predecessor-version":[{"id":3390,"href":"https:\/\/www.sassi-llc.eu\/wp-json\/wp\/v2\/pages\/1906\/revisions\/3390"}],"wp:featuredmedia":[{"embeddable":true,"href":"https:\/\/www.sassi-llc.eu\/wp-json\/wp\/v2\/media\/860"}],"wp:attachment":[{"href":"https:\/\/www.sassi-llc.eu\/wp-json\/wp\/v2\/media?parent=1906"}],"curies":[{"name":"wp","href":"https:\/\/api.w.org\/{rel}","templated":true}]}}