{"id":1912,"date":"2023-09-28T19:35:21","date_gmt":"2023-09-28T19:35:21","guid":{"rendered":"https:\/\/www.sassi-llc.eu\/?page_id=1912"},"modified":"2024-01-10T14:41:00","modified_gmt":"2024-01-10T14:41:00","slug":"who-is-it-for","status":"publish","type":"page","link":"https:\/\/www.sassi-llc.eu\/pt\/about\/who-is-it-for\/","title":{"rendered":"Destinat\u00e1rios"},"content":{"rendered":"\n<h2 class=\"wp-block-heading\">Se \u00e9 um profissional de EFP-C (formador, conselheiro de carreira, etc.), os materiais desta plataforma ajud\u00e1-lo-\u00e3o a:<\/h2>\n\n\n\n<ul class=\"wp-block-list\">\n<li>compreender melhor os imperativos econ\u00f3micos e sociais de manter um trabalho gratificante e significativo na velhice &#8211; e por que raz\u00e3o as pessoas querem ou t\u00eam de continuar a trabalhar<\/li>\n\n\n\n<li>compreender as vantagens de utilizar os talentos e a experi\u00eancia dos trabalhadores mais velhos<\/li>\n\n\n\n<li>conhecer novas abordagens em mat\u00e9ria de orienta\u00e7\u00e3o profissional<\/li>\n\n\n\n<li>apoiar um trabalho significativo e gratificante<\/li>\n\n\n\n<li>aprender sobre pr\u00e1ticas de trabalho flex\u00edveis para apoiar os trabalhadores mais velhos no trabalho e na transi\u00e7\u00e3o<\/li>\n\n\n\n<li>adquirir conhecimentos, aptid\u00f5es e compet\u00eancias adicionais para o aconselhamento de carreiras na velhice e melhorar as compet\u00eancias das pessoas mais velhas para se tornarem empreendedores mais velhos<\/li>\n\n\n\n<li>adaptar conte\u00fados e materiais de forma\u00e7\u00e3o inovadores<\/li>\n\n\n\n<li>desenvolver estrat\u00e9gias de apoio aos empres\u00e1rios mais velhos<\/li>\n\n\n\n<li>ajudar os formandos no trabalho e com\u00e9rcio interculturais<\/li>\n\n\n\n<li>evidenciar o desenvolvimento de compet\u00eancias dos seus formandos<\/li>\n\n\n\n<li>criar uma rede alargada com um grupo internacional de profissionais de orienta\u00e7\u00e3o<\/li>\n<\/ul>\n\n\n\n<h2 class=\"wp-block-heading\">Se \u00e9 um trabalhador mais velho, poder\u00e1:<\/h2>\n\n\n\n<ul class=\"wp-block-list\">\n<li>aprender sobre os benef\u00edcios e as vantagens do aconselhamento e da atualiza\u00e7\u00e3o de compet\u00eancias para &#8220;carreiras em idade avan\u00e7ada&#8221; e para uma vida profissional mais longa e produtiva<\/li>\n\n\n\n<li>sentir-se motivado para aprender novas compet\u00eancias, melhorar as suas qualifica\u00e7\u00f5es, fazer uma nova forma\u00e7\u00e3o ou atualizar os seus conhecimentos atrav\u00e9s de CPD<\/li>\n\n\n\n<li>explorar novas formas de atividade empresarial, incluindo o trabalho por conta pr\u00f3pria, o setor social, o com\u00e9rcio digital\/e-commerce<\/li>\n\n\n\n<li>melhorar as suas decis\u00f5es de carreira<\/li>\n\n\n\n<li>considerar a possibilidade de se tornar um empreendedor s\u00e9nior<\/li>\n\n\n\n<li>desenvolver um interesse pelo com\u00e9rcio transnacional e pela mobilidade em idades avan\u00e7adas<\/li>\n\n\n\n<li>desenvolver contactos e redes para obter mais apoio e\/ou desenvolvimento<\/li>\n<\/ul>\n","protected":false},"excerpt":{"rendered":"<p>Se \u00e9 um profissional de EFP-C (formador, conselheiro de carreira, etc.), os materiais desta plataforma ajud\u00e1-lo-\u00e3o a: Se \u00e9 um trabalhador mais velho, poder\u00e1:<\/p>\n","protected":false},"author":4,"featured_media":860,"parent":1906,"menu_order":5,"comment_status":"closed","ping_status":"closed","template":"","meta":{"inline_featured_image":false,"_locale":"pt_PT","_original_post":"https:\/\/www.sassi-llc.eu\/about-2\/who-is-it-for\/","footnotes":""},"class_list":["post-1912","page","type-page","status-publish","has-post-thumbnail","hentry","pt-PT"],"blocksy_meta":{"styles_descriptor":{"styles":{"desktop":"","tablet":"","mobile":""},"google_fonts":[],"version":6}},"_links":{"self":[{"href":"https:\/\/www.sassi-llc.eu\/wp-json\/wp\/v2\/pages\/1912","targetHints":{"allow":["GET"]}}],"collection":[{"href":"https:\/\/www.sassi-llc.eu\/wp-json\/wp\/v2\/pages"}],"about":[{"href":"https:\/\/www.sassi-llc.eu\/wp-json\/wp\/v2\/types\/page"}],"author":[{"embeddable":true,"href":"https:\/\/www.sassi-llc.eu\/wp-json\/wp\/v2\/users\/4"}],"replies":[{"embeddable":true,"href":"https:\/\/www.sassi-llc.eu\/wp-json\/wp\/v2\/comments?post=1912"}],"version-history":[{"count":3,"href":"https:\/\/www.sassi-llc.eu\/wp-json\/wp\/v2\/pages\/1912\/revisions"}],"predecessor-version":[{"id":3398,"href":"https:\/\/www.sassi-llc.eu\/wp-json\/wp\/v2\/pages\/1912\/revisions\/3398"}],"up":[{"embeddable":true,"href":"https:\/\/www.sassi-llc.eu\/wp-json\/wp\/v2\/pages\/1906"}],"wp:featuredmedia":[{"embeddable":true,"href":"https:\/\/www.sassi-llc.eu\/wp-json\/wp\/v2\/media\/860"}],"wp:attachment":[{"href":"https:\/\/www.sassi-llc.eu\/wp-json\/wp\/v2\/media?parent=1912"}],"curies":[{"name":"wp","href":"https:\/\/api.w.org\/{rel}","templated":true}]}}