{"id":1914,"date":"2023-10-06T21:11:12","date_gmt":"2023-10-06T21:11:12","guid":{"rendered":"https:\/\/www.sassi-llc.eu\/?page_id=1914"},"modified":"2024-01-10T14:58:56","modified_gmt":"2024-01-10T14:58:56","slug":"partners","status":"publish","type":"page","link":"https:\/\/www.sassi-llc.eu\/pt\/about\/partners\/","title":{"rendered":"Parceiros"},"content":{"rendered":"<nav class=\"is-responsive wp-block-navigation is-layout-flex wp-block-navigation-is-layout-flex\" aria-label=\"Partners\" \n\t\t data-wp-interactive=\"core\/navigation\" data-wp-context='{\"overlayOpenedBy\":{\"click\":false,\"hover\":false,\"focus\":false},\"type\":\"overlay\",\"roleAttribute\":\"\",\"ariaLabel\":\"Menu\"}'><button aria-haspopup=\"dialog\" aria-label=\"Abrir menu\" class=\"wp-block-navigation__responsive-container-open\" \n\t\t\t\tdata-wp-on--click=\"actions.openMenuOnClick\"\n\t\t\t\tdata-wp-on--keydown=\"actions.handleMenuKeydown\"\n\t\t\t><svg width=\"24\" height=\"24\" xmlns=\"http:\/\/www.w3.org\/2000\/svg\" viewBox=\"0 0 24 24\" aria-hidden=\"true\" focusable=\"false\"><path d=\"M4 7.5h16v1.5H4z\"><\/path><path d=\"M4 15h16v1.5H4z\"><\/path><\/svg><\/button>\n\t\t\t\t<div class=\"wp-block-navigation__responsive-container\"  id=\"modal-1\" \n\t\t\t\tdata-wp-class--has-modal-open=\"state.isMenuOpen\"\n\t\t\t\tdata-wp-class--is-menu-open=\"state.isMenuOpen\"\n\t\t\t\tdata-wp-watch=\"callbacks.initMenu\"\n\t\t\t\tdata-wp-on--keydown=\"actions.handleMenuKeydown\"\n\t\t\t\tdata-wp-on--focusout=\"actions.handleMenuFocusout\"\n\t\t\t\ttabindex=\"-1\"\n\t\t\t>\n\t\t\t\t\t<div class=\"wp-block-navigation__responsive-close\" tabindex=\"-1\">\n\t\t\t\t\t\t<div class=\"wp-block-navigation__responsive-dialog\" \n\t\t\t\tdata-wp-bind--aria-modal=\"state.ariaModal\"\n\t\t\t\tdata-wp-bind--aria-label=\"state.ariaLabel\"\n\t\t\t\tdata-wp-bind--role=\"state.roleAttribute\"\n\t\t\t>\n\t\t\t\t\t\t\t<button aria-label=\"Fechar menu\" class=\"wp-block-navigation__responsive-container-close\" \n\t\t\t\tdata-wp-on--click=\"actions.closeMenuOnClick\"\n\t\t\t><svg xmlns=\"http:\/\/www.w3.org\/2000\/svg\" viewBox=\"0 0 24 24\" width=\"24\" height=\"24\" aria-hidden=\"true\" focusable=\"false\"><path d=\"m13.06 12 6.47-6.47-1.06-1.06L12 10.94 5.53 4.47 4.47 5.53 10.94 12l-6.47 6.47 1.06 1.06L12 13.06l6.47 6.47 1.06-1.06L13.06 12Z\"><\/path><\/svg><\/button>\n\t\t\t\t\t\t\t<div class=\"wp-block-navigation__responsive-container-content\" \n\t\t\t\tdata-wp-watch=\"callbacks.focusFirstElement\"\n\t\t\t id=\"modal-1-content\">\n\t\t\t\t\t\t\t\t<ul class=\"wp-block-navigation__container is-responsive wp-block-navigation\"><li class=\" wp-block-navigation-item wp-block-navigation-link\"><a class=\"wp-block-navigation-item__content\"  href=\"#blinc\"><span class=\"wp-block-navigation-item__label\">blinc<\/span><\/a><\/li><li class=\" wp-block-navigation-item wp-block-navigation-link\"><a class=\"wp-block-navigation-item__content\"  href=\"#bupnet\"><span class=\"wp-block-navigation-item__label\">BUPNET<\/span><\/a><\/li><li class=\" wp-block-navigation-item wp-block-navigation-link\"><a class=\"wp-block-navigation-item__content\"  href=\"#catro\"><span class=\"wp-block-navigation-item__label\">CATRO BG<\/span><\/a><\/li><li class=\" wp-block-navigation-item wp-block-navigation-link\"><a class=\"wp-block-navigation-item__content\"  href=\"#cvno\"><span class=\"wp-block-navigation-item__label\">CVNO<\/span><\/a><\/li><li class=\" wp-block-navigation-item wp-block-navigation-link\"><a class=\"wp-block-navigation-item__content\"  href=\"#die_berater\"><span class=\"wp-block-navigation-item__label\">die Berater<\/span><\/a><\/li><li class=\" wp-block-navigation-item wp-block-navigation-link\"><a class=\"wp-block-navigation-item__content\"  href=\"#inova\"><span class=\"wp-block-navigation-item__label\">INOVA+<\/span><\/a><\/li><\/ul>\n\t\t\t\t\t\t\t<\/div>\n\t\t\t\t\t\t<\/div>\n\t\t\t\t\t<\/div>\n\t\t\t\t<\/div><\/nav>\n\n\n<div style=\"height:100px\" aria-hidden=\"true\" class=\"wp-block-spacer\"><\/div>\n\n\n\n<div id=\"blinc\" class=\"wp-block-group is-layout-constrained wp-block-group-is-layout-constrained\">\n<h2 class=\"wp-block-heading\"><strong>Blinc<\/strong><\/h2>\n\n\n\n<p>Website: <a href=\"https:\/\/blinc-eu.org\/\" target=\"_blank\" rel=\"noreferrer noopener\">https:\/\/blinc-eu.org\/<\/a><\/p>\n\n\n\n<div class=\"wp-block-columns is-layout-flex wp-container-core-columns-is-layout-28f84493 wp-block-columns-is-layout-flex\">\n<div class=\"wp-block-column is-layout-flow wp-block-column-is-layout-flow\" style=\"flex-basis:30%\">\n<figure class=\"wp-block-image size-full\"><img loading=\"lazy\" decoding=\"async\" width=\"313\" height=\"300\" src=\"https:\/\/www.sassi-llc.eu\/wp-content\/uploads\/2022\/11\/blinc.webp\" alt=\"blinc eg\" class=\"wp-image-770\" srcset=\"https:\/\/www.sassi-llc.eu\/wp-content\/uploads\/2022\/11\/blinc.webp 313w, https:\/\/www.sassi-llc.eu\/wp-content\/uploads\/2022\/11\/blinc-300x288.webp 300w\" sizes=\"auto, (max-width: 313px) 100vw, 313px\" \/><\/figure>\n<\/div>\n\n\n\n<div class=\"wp-block-column is-layout-flow wp-block-column-is-layout-flow\" style=\"flex-basis:70%\">\n<p>Fundada em 2005, a Blended Learning Institutions&#8217; Cooperative \u00e9 uma rede de organiza\u00e7\u00f5es que estiveram anteriormente envolvidas nos projectos LIFE e e-learning financiados pela UE nos setores da sa\u00fade, social e ambiental. Em 2015, a blinc era composta por mais de 30 organiza\u00e7\u00f5es e indiv\u00edduos de 22 pa\u00edses europeus. A blinc dedica-se a melhorar o interc\u00e2mbio entre investigadores educativos e acad\u00e9micos e oferece uma plataforma para a partilha de conhecimentos e experi\u00eancias, incluindo avalia\u00e7\u00e3o, valoriza\u00e7\u00e3o e networking. A rede fornece apoio especializado nos dom\u00ednios de:<\/p>\n\n\n\n<ul class=\"wp-block-list\">\n<li>forma\u00e7\u00e3o e desenvolvimento organizacional<\/li>\n\n\n\n<li>networking<\/li>\n\n\n\n<li>avalia\u00e7\u00e3o (interna e externa)<\/li>\n<\/ul>\n<\/div>\n<\/div>\n\n\n\n<div style=\"height:100px\" aria-hidden=\"true\" class=\"wp-block-spacer\"><\/div>\n\n\n\n<div class=\"wp-block-stackable-divider stk-block-divider stk-block stk-34c9434\" data-block-id=\"34c9434\"><hr class=\"stk-block-divider__hr\"\/><\/div>\n\n\n\n<div style=\"height:100px\" aria-hidden=\"true\" class=\"wp-block-spacer\"><\/div>\n<\/div>\n\n\n\n<div id=\"bupnet\" class=\"wp-block-group is-layout-constrained wp-block-group-is-layout-constrained\">\n<h2 class=\"wp-block-heading\"><strong><strong>BUPNET<\/strong><\/strong><\/h2>\n\n\n\n<p>Website: <a href=\"https:\/\/www.bupnet.eu\/\" target=\"_blank\" rel=\"noreferrer noopener\">https:\/\/blinc-eu.org\/<\/a><\/p>\n\n\n\n<div class=\"wp-block-columns is-layout-flex wp-container-core-columns-is-layout-28f84493 wp-block-columns-is-layout-flex\">\n<div class=\"wp-block-column is-layout-flow wp-block-column-is-layout-flow\" style=\"flex-basis:30%\">\n<figure class=\"wp-block-image size-large\"><img loading=\"lazy\" decoding=\"async\" width=\"1024\" height=\"291\" src=\"https:\/\/www.sassi-llc.eu\/wp-content\/uploads\/2022\/11\/BUPNET-1024x291.webp\" alt=\"BUPNET\" class=\"wp-image-769\" srcset=\"https:\/\/www.sassi-llc.eu\/wp-content\/uploads\/2022\/11\/BUPNET-1024x291.webp 1024w, https:\/\/www.sassi-llc.eu\/wp-content\/uploads\/2022\/11\/BUPNET-300x85.webp 300w, https:\/\/www.sassi-llc.eu\/wp-content\/uploads\/2022\/11\/BUPNET-768x218.webp 768w, https:\/\/www.sassi-llc.eu\/wp-content\/uploads\/2022\/11\/BUPNET.webp 1055w\" sizes=\"auto, (max-width: 1024px) 100vw, 1024px\" \/><\/figure>\n<\/div>\n\n\n\n<div class=\"wp-block-column is-layout-flow wp-block-column-is-layout-flow\" style=\"flex-basis:70%\">\n<div class=\"wp-block-group is-layout-constrained wp-block-group-is-layout-constrained\">\n<p>Bildung und Project Netzwerk (BUPNET) \u00e9 uma empresa de educa\u00e7\u00e3o de adultos com uma vasta experi\u00eancia no apoio a formandos adultos de todos os setores na Alemanha. Fundada em 1985 como um fornecedor de educa\u00e7\u00e3o de adultos nas \u00e1reas de gest\u00e3o de projeto, forma\u00e7\u00e3o profissional e aconselhamento, a BUPNET tem uma forte equipa multidisciplinar que desenvolve e implementa projetos inovadores de forma\u00e7\u00e3o e consultoria a n\u00edvel local, nacional e europeu. O foco principal destes projectos \u00e9:<\/p>\n\n\n\n<ul class=\"wp-block-list\">\n<li>a seguran\u00e7a do emprego e o desenvolvimento da carreira dos trabalhadores, principalmente das pequenas e m\u00e9dias empresas, e a consequente promo\u00e7\u00e3o das empresas<\/li>\n\n\n\n<li>a reintegra\u00e7\u00e3o profissional dos candidatos a emprego<\/li>\n\n\n\n<li>o desenvolvimento e teste de abordagens e m\u00e9todos educativos inovadores<\/li>\n<\/ul>\n\n\n\n<p>Com um forte compromisso no apoio \u00e0 forma\u00e7\u00e3o profissional cont\u00ednua, a BUPNET tem ajudado muitos milhares de pessoas a responder com \u00eaxito \u00e0s exig\u00eancias de um mundo do trabalho em constante mudan\u00e7a. A BUPNET tem uma extensa rede de parceiros de coopera\u00e7\u00e3o, por exemplo, c\u00e2maras e associa\u00e7\u00f5es, universidades, munic\u00edpios e institui\u00e7\u00f5es profissionais, tanto na Alemanha como em toda a Europa.<\/p>\n<\/div>\n<\/div>\n<\/div>\n\n\n\n<div style=\"height:100px\" aria-hidden=\"true\" class=\"wp-block-spacer\"><\/div>\n\n\n\n<div class=\"wp-block-stackable-divider stk-block-divider stk-block stk-da8f5ca\" data-block-id=\"da8f5ca\"><hr class=\"stk-block-divider__hr\"\/><\/div>\n\n\n\n<div style=\"height:100px\" aria-hidden=\"true\" class=\"wp-block-spacer\"><\/div>\n<\/div>\n\n\n\n<div id=\"catro\" class=\"wp-block-group is-layout-constrained wp-block-group-is-layout-constrained\">\n<h2 class=\"wp-block-heading\"><strong><strong><strong>CATRO Bulgaria<\/strong><\/strong><\/strong><\/h2>\n\n\n\n<p>Website: <a href=\"https:\/\/www.catrobg.com\" target=\"_blank\" rel=\"noreferrer noopener\">https:\/\/www.catrobg.com<\/a><\/p>\n\n\n\n<div class=\"wp-block-columns is-layout-flex wp-container-core-columns-is-layout-28f84493 wp-block-columns-is-layout-flex\">\n<div class=\"wp-block-column is-layout-flow wp-block-column-is-layout-flow\" style=\"flex-basis:30%\">\n<figure class=\"wp-block-image size-full\"><img loading=\"lazy\" decoding=\"async\" width=\"527\" height=\"300\" src=\"https:\/\/www.sassi-llc.eu\/wp-content\/uploads\/2022\/11\/CATRO.webp\" alt=\"CATRO BG\" class=\"wp-image-768\" srcset=\"https:\/\/www.sassi-llc.eu\/wp-content\/uploads\/2022\/11\/CATRO.webp 527w, https:\/\/www.sassi-llc.eu\/wp-content\/uploads\/2022\/11\/CATRO-300x171.webp 300w\" sizes=\"auto, (max-width: 527px) 100vw, 527px\" \/><\/figure>\n<\/div>\n\n\n\n<div class=\"wp-block-column is-layout-flow wp-block-column-is-layout-flow\" style=\"flex-basis:70%\">\n<div class=\"wp-block-group is-layout-constrained wp-block-group-is-layout-constrained\">\n<p>A CATRO Bulg\u00e1ria faz parte de uma empresa austr\u00edaca l\u00edder em consultoria para a educa\u00e7\u00e3o e forma\u00e7\u00e3o &#8211; dieBerater\u00ae &#8211; que oferece v\u00e1rias forma\u00e7\u00f5es para indiv\u00edduos e organiza\u00e7\u00f5es. A CATRO fornece know-how de ponta em todas as \u00e1reas relacionadas com a gest\u00e3o e desenvolvimento de recursos humanos.<\/p>\n\n\n\n<p>A sua equipa \u00e9 constitu\u00edda por especialistas com experi\u00eancia internacional e conhecimentos especializados no recrutamento de novos talentos, no desenvolvimento do potencial dos trabalhadores, na consultoria de RH e no apoio a causas sociais atrav\u00e9s de atividades de RSE. T\u00eam em conta as especificidades do mercado e da cultura locais, acreditando que s\u00e3o os mais \u00fateis para os seus clientes ao combinarem as vantagens da experi\u00eancia e do know-how global e local. Os seus principais objectivos s\u00e3o motivar e qualificar as pessoas para que possam utilizar plenamente o seu potencial na economia, no mercado de trabalho e na sua vida pessoal.<\/p>\n<\/div>\n<\/div>\n<\/div>\n\n\n\n<div style=\"height:100px\" aria-hidden=\"true\" class=\"wp-block-spacer\"><\/div>\n\n\n\n<div class=\"wp-block-stackable-divider stk-block-divider stk-block stk-7f3eec2\" data-block-id=\"7f3eec2\"><hr class=\"stk-block-divider__hr\"\/><\/div>\n\n\n\n<div style=\"height:100px\" aria-hidden=\"true\" class=\"wp-block-spacer\"><\/div>\n<\/div>\n\n\n\n<div id=\"cvno\" class=\"wp-block-group is-layout-constrained wp-block-group-is-layout-constrained\">\n<h2 class=\"wp-block-heading\"><strong><strong><strong>CVNO<\/strong><\/strong><\/strong><\/h2>\n\n\n\n<p>Website: <\/p>\n\n\n\n<div class=\"wp-block-columns is-layout-flex wp-container-core-columns-is-layout-28f84493 wp-block-columns-is-layout-flex\">\n<div class=\"wp-block-column is-layout-flow wp-block-column-is-layout-flow\" style=\"flex-basis:30%\">\n<figure class=\"wp-block-image size-full\"><img loading=\"lazy\" decoding=\"async\" width=\"533\" height=\"300\" src=\"https:\/\/www.sassi-llc.eu\/wp-content\/uploads\/2022\/11\/CVNO.webp\" alt=\"CVNO\" class=\"wp-image-767\" srcset=\"https:\/\/www.sassi-llc.eu\/wp-content\/uploads\/2022\/11\/CVNO.webp 533w, https:\/\/www.sassi-llc.eu\/wp-content\/uploads\/2022\/11\/CVNO-300x169.webp 300w\" sizes=\"auto, (max-width: 533px) 100vw, 533px\" \/><\/figure>\n<\/div>\n\n\n\n<div class=\"wp-block-column is-layout-flow wp-block-column-is-layout-flow\" style=\"flex-basis:70%\">\n<p>A CVNO \u00e9 uma organiza\u00e7\u00e3o educativa e de consultoria com 18 anos de experi\u00eancia nas \u00e1reas da gest\u00e3o de projeto de desenvolvimento de recursos humanos. A organiza\u00e7\u00e3o tem especial experi\u00eancia na an\u00e1lise das necessidades educativas e de forma\u00e7\u00e3o, na forma\u00e7\u00e3o de pol\u00edticas de DRH e na orienta\u00e7\u00e3o e forma\u00e7\u00e3o de gestores. Os servi\u00e7os do CNVO s\u00e3o utilizados por ONGs nacionais e estrangeiras, empres\u00e1rios, empresas e uma s\u00e9rie de organiza\u00e7\u00f5es do setor p\u00fablico, incluindo minist\u00e9rios, centros de emprego, escolas, col\u00e9gios e universidades.<\/p>\n<\/div>\n<\/div>\n\n\n\n<div style=\"height:100px\" aria-hidden=\"true\" class=\"wp-block-spacer\"><\/div>\n\n\n\n<div class=\"wp-block-stackable-divider stk-block-divider stk-block stk-b9febdc\" data-block-id=\"b9febdc\"><hr class=\"stk-block-divider__hr\"\/><\/div>\n\n\n\n<div style=\"height:100px\" aria-hidden=\"true\" class=\"wp-block-spacer\"><\/div>\n<\/div>\n\n\n\n<div id=\"die_berater\" class=\"wp-block-group is-layout-constrained wp-block-group-is-layout-constrained\">\n<h2 class=\"wp-block-heading\"><strong><strong><strong>die Berater<\/strong><\/strong><\/strong><\/h2>\n\n\n\n<p>Website: <a href=\"https:\/\/dieberater.com\/\" target=\"_blank\" rel=\"noreferrer noopener\">https:\/\/dieberater.com\/<\/a><\/p>\n\n\n\n<div class=\"wp-block-columns is-layout-flex wp-container-core-columns-is-layout-28f84493 wp-block-columns-is-layout-flex\">\n<div class=\"wp-block-column is-layout-flow wp-block-column-is-layout-flow\" style=\"flex-basis:30%\">\n<figure class=\"wp-block-image size-large\"><img loading=\"lazy\" decoding=\"async\" width=\"1024\" height=\"272\" src=\"https:\/\/www.sassi-llc.eu\/wp-content\/uploads\/2022\/11\/die_Berater-1024x272.webp\" alt=\"die Berater\" class=\"wp-image-766\" srcset=\"https:\/\/www.sassi-llc.eu\/wp-content\/uploads\/2022\/11\/die_Berater-1024x272.webp 1024w, https:\/\/www.sassi-llc.eu\/wp-content\/uploads\/2022\/11\/die_Berater-300x80.webp 300w, https:\/\/www.sassi-llc.eu\/wp-content\/uploads\/2022\/11\/die_Berater-768x204.webp 768w, https:\/\/www.sassi-llc.eu\/wp-content\/uploads\/2022\/11\/die_Berater.webp 1130w\" sizes=\"auto, (max-width: 1024px) 100vw, 1024px\" \/><\/figure>\n<\/div>\n\n\n\n<div class=\"wp-block-column is-layout-flow wp-block-column-is-layout-flow\" style=\"flex-basis:70%\">\n<p>die Berater \u00e9 um prestador de servi\u00e7os de educa\u00e7\u00e3o de adultos que se centra na forma\u00e7\u00e3o profissional e no desenvolvimento de recursos humanos. Tem mais de 50 centros na \u00c1ustria e tamb\u00e9m centros na Eslov\u00e1quia, Eslov\u00e9nia e Bulg\u00e1ria. Com um vasto portf\u00f3lio de educa\u00e7\u00e3o e forma\u00e7\u00e3o cont\u00ednua, a die Berater \u00e9 um dos maiores institutos privados de educa\u00e7\u00e3o na \u00c1ustria. A die Berater apoia mais de 20.000 alunos por ano, muitos deles em programas de orienta\u00e7\u00e3o profissional e de qualifica\u00e7\u00e3o profissional, ministrados em nome do servi\u00e7o de emprego austr\u00edaco.<\/p>\n<\/div>\n<\/div>\n\n\n\n<p><\/p>\n\n\n\n<div style=\"height:100px\" aria-hidden=\"true\" class=\"wp-block-spacer\"><\/div>\n\n\n\n<div class=\"wp-block-stackable-divider stk-block-divider stk-block stk-c92fffc\" data-block-id=\"c92fffc\"><hr class=\"stk-block-divider__hr\"\/><\/div>\n\n\n\n<div style=\"height:100px\" aria-hidden=\"true\" class=\"wp-block-spacer\"><\/div>\n<\/div>\n\n\n\n<div id=\"inova\" class=\"wp-block-group is-layout-constrained wp-block-group-is-layout-constrained\">\n<h2 class=\"wp-block-heading\"><strong><strong><strong><strong>Inova+<\/strong><\/strong><\/strong><\/strong><\/h2>\n\n\n\n<p>Website: <a href=\"https:\/\/inova.business\/\" target=\"_blank\" rel=\"noreferrer noopener\">https:\/\/inova.business\/<\/a><\/p>\n\n\n\n<div class=\"wp-block-columns is-layout-flex wp-container-core-columns-is-layout-28f84493 wp-block-columns-is-layout-flex\">\n<div class=\"wp-block-column is-layout-flow wp-block-column-is-layout-flow\" style=\"flex-basis:30%\">\n<figure class=\"wp-block-image size-full\"><img loading=\"lazy\" decoding=\"async\" width=\"743\" height=\"300\" src=\"https:\/\/www.sassi-llc.eu\/wp-content\/uploads\/2022\/11\/INOVA_purple.webp\" alt=\"INOVA+\" class=\"wp-image-765\" srcset=\"https:\/\/www.sassi-llc.eu\/wp-content\/uploads\/2022\/11\/INOVA_purple.webp 743w, https:\/\/www.sassi-llc.eu\/wp-content\/uploads\/2022\/11\/INOVA_purple-300x121.webp 300w\" sizes=\"auto, (max-width: 743px) 100vw, 743px\" \/><\/figure>\n<\/div>\n\n\n\n<div class=\"wp-block-column is-layout-flow wp-block-column-is-layout-flow\" style=\"flex-basis:70%\">\n<div class=\"wp-block-group is-layout-constrained wp-block-group-is-layout-constrained\">\n<p>A INOVA+ \u00e9 uma empresa portuguesa l\u00edder na promo\u00e7\u00e3o e gest\u00e3o de projetos internacionais de Inova\u00e7\u00e3o, Educa\u00e7\u00e3o e Forma\u00e7\u00e3o, e Investiga\u00e7\u00e3o e Desenvolvimento Tecnol\u00f3gico. A empresa procura transformar ideias em inova\u00e7\u00e3o, apresentando solu\u00e7\u00f5es efectivas e sustent\u00e1veis em coopera\u00e7\u00e3o com os seus parceiros. A nossa miss\u00e3o \u00e9 promover e gerir projectos de coopera\u00e7\u00e3o internacional e fornecer o conhecimento, a capacidade de gest\u00e3o, o apoio t\u00e9cnico e financeiro necess\u00e1rios para garantir o sucesso de realiza\u00e7\u00f5es em diversas \u00e1reas, nomeadamente na Educa\u00e7\u00e3o e Forma\u00e7\u00e3o.<\/p>\n\n\n\n<p>Com uma equipa de mais de 40 consultores espalhados por toda a Europa, a INOVA+ tem uma vasta experi\u00eancia na conce\u00e7\u00e3o e desenvolvimento de processos de avalia\u00e7\u00e3o de materiais de forma\u00e7\u00e3o, Gest\u00e3o de Recursos Humanos, Gest\u00e3o da Informa\u00e7\u00e3o e Comunica\u00e7\u00e3o e Empreendedorismo.<\/p>\n<\/div>\n<\/div>\n<\/div>\n\n\n\n<div style=\"height:100px\" aria-hidden=\"true\" class=\"wp-block-spacer\"><\/div>\n\n\n\n<div class=\"wp-block-stackable-divider stk-block-divider stk-block stk-08dd6a6\" data-block-id=\"08dd6a6\"><hr class=\"stk-block-divider__hr\"\/><\/div>\n\n\n\n<div style=\"height:100px\" aria-hidden=\"true\" class=\"wp-block-spacer\"><\/div>\n<\/div>\n","protected":false},"excerpt":{"rendered":"<p>Saiba mais sobre os parceiros envolvidos no projeto Erasmus+ SASSI LLC que trabalham na \u00e1rea da consultoria e da educa\u00e7\u00e3o.<\/p>\n","protected":false},"author":4,"featured_media":860,"parent":1906,"menu_order":6,"comment_status":"closed","ping_status":"closed","template":"","meta":{"inline_featured_image":false,"_locale":"pt_PT","_original_post":"https:\/\/www.sassi-llc.eu\/about-2\/partners\/","footnotes":""},"class_list":["post-1914","page","type-page","status-publish","has-post-thumbnail","hentry","pt-PT"],"blocksy_meta":{"styles_descriptor":{"styles":{"desktop":"","tablet":"","mobile":""},"google_fonts":[],"version":6}},"_links":{"self":[{"href":"https:\/\/www.sassi-llc.eu\/wp-json\/wp\/v2\/pages\/1914","targetHints":{"allow":["GET"]}}],"collection":[{"href":"https:\/\/www.sassi-llc.eu\/wp-json\/wp\/v2\/pages"}],"about":[{"href":"https:\/\/www.sassi-llc.eu\/wp-json\/wp\/v2\/types\/page"}],"author":[{"embeddable":true,"href":"https:\/\/www.sassi-llc.eu\/wp-json\/wp\/v2\/users\/4"}],"replies":[{"embeddable":true,"href":"https:\/\/www.sassi-llc.eu\/wp-json\/wp\/v2\/comments?post=1914"}],"version-history":[{"count":4,"href":"https:\/\/www.sassi-llc.eu\/wp-json\/wp\/v2\/pages\/1914\/revisions"}],"predecessor-version":[{"id":3404,"href":"https:\/\/www.sassi-llc.eu\/wp-json\/wp\/v2\/pages\/1914\/revisions\/3404"}],"up":[{"embeddable":true,"href":"https:\/\/www.sassi-llc.eu\/wp-json\/wp\/v2\/pages\/1906"}],"wp:featuredmedia":[{"embeddable":true,"href":"https:\/\/www.sassi-llc.eu\/wp-json\/wp\/v2\/media\/860"}],"wp:attachment":[{"href":"https:\/\/www.sassi-llc.eu\/wp-json\/wp\/v2\/media?parent=1914"}],"curies":[{"name":"wp","href":"https:\/\/api.w.org\/{rel}","templated":true}]}}