{"id":1916,"date":"2023-09-28T19:48:20","date_gmt":"2023-09-28T19:48:20","guid":{"rendered":"https:\/\/www.sassi-llc.eu\/?page_id=1916"},"modified":"2024-02-28T13:35:05","modified_gmt":"2024-02-28T13:35:05","slug":"glossary","status":"publish","type":"page","link":"https:\/\/www.sassi-llc.eu\/pt\/glossary\/","title":{"rendered":"Gloss\u00e1rio"},"content":{"rendered":"\n<div class=\"glossary\">\n            <h2>A<\/h2>\n            <details id=\"ageism\" open>\n                <summary>&#8220;Anjo Investidor&#8221;, tamb\u00e9m conhecido como &#8220;Anjo de Neg\u00f3cio&#8221;<\/summary>\n                <div>Um indiv\u00edduo privado com elevada capacidade econ\u00f3mica que investe tempo e dinheiro em pequenas empresas em fase de arranque ou em empres\u00e1rios, normalmente em troca de uma participa\u00e7\u00e3o no capital da empresa.<\/div>\n            <\/details>\n            <details id=\"ambassador\">\n                <summary>Aprendizagem ao longo da vida<\/summary>\n                <div>Aprendizagem sob todas as suas formas, formal, n\u00e3o formal ou informal, que ocorra em todas as fases da vida e resulte numa melhoria ou atualiza\u00e7\u00e3o dos conhecimentos, aptid\u00f5es, compet\u00eancias e atitudes ou na participa\u00e7\u00e3o na sociedade numa perspetiva pessoal, c\u00edvica, cultural, social ou relacionada com o emprego, incluindo a presta\u00e7\u00e3o de servi\u00e7os de aconselhamento e orienta\u00e7\u00e3o.<\/div>\n            <\/details>\n            <details id=\"angel-investor-business-angel\">\n                <summary>Aprendizagem digital<\/summary>\n                <div>Capacidade de articular e pesquisar dados online, analis\u00e1-los, armazen\u00e1-los corretamente e criar informa\u00e7\u00f5es de forma cr\u00edtica e segura a partir desses dados.<\/div>\n            <\/details>\n            <details id=\"bootstrapping\">\n                <summary>Arranque\/Inicializa\u00e7\u00e3o<\/summary>\n                <div>O processo de utilizar apenas os recursos existentes (como poupan\u00e7as pessoais, equipamento inform\u00e1tico pessoal e espa\u00e7o de garagem) para iniciar e desenvolver uma empresa. (O termo tamb\u00e9m \u00e9 utilizado para construir uma empresa principalmente atrav\u00e9s do fluxo de caixa &#8211; quando uma empresa em fase de arranque tem como objetivo vender um produto ou servi\u00e7o com um capital m\u00ednimo e apenas fazer crescer a empresa com o rendimento que obt\u00e9m da venda do produto\/servi\u00e7o).<\/div>\n            <\/details>\n            <h2>B<\/h2>\n            <details id=\"business-incubator\">\n                <summary>Base de dados de mobilidade<\/summary>\n                <div>Uma cole\u00e7\u00e3o online explor\u00e1vel de ofertas de diferentes tipos de mobilidade.<\/div>\n            <\/details>\n            <h2>C<\/h2>\n            <details id=\"continuous-professional-development\">\n                <summary>Capital de risco<\/summary>\n                <div>Uma forma de capital privado e um tipo de financiamento que os investidores fornecem a empresas em fase de arranque e a pequenas empresas nas fases iniciais, acreditando que t\u00eam potencial de crescimento a longo prazo.<\/div>\n            <\/details>\n            <details id=\"digital-business\">\n                <summary>Carreira de legado\/Carreira de continuidade<\/summary>\n                <div>Trabalho na segunda metade da vida que combina rendimento cont\u00ednuo, maior significado pessoal e impacto social.<\/div>\n            <\/details>\n            <details id=\"digital-competence\">\n                <summary>Compet\u00eancia digital<\/summary>\n                <div>Capacidade de utilizar as tecnologias digitais com confian\u00e7a, esp\u00edrito cr\u00edtico e responsabilidade, e de as utilizar para fins de aprendizagem, de trabalho e de participa\u00e7\u00e3o na sociedade.<\/div>\n            <\/details>\n            <details id=\"startup\">\n                <summary>Cria\u00e7\u00e3o de contactos<\/summary>\n                <div>A a\u00e7\u00e3o ou processo de interagir com outros para trocar informa\u00e7\u00f5es e desenvolver contactos profissionais ou sociais.<\/div>\n            <\/details>\n            <h2>D<\/h2>\n            <details id=\"digital-learning\">\n                <summary>Desenvolvimento profissional cont\u00ednuo<\/summary>\n                <div>Qualquer a\u00e7\u00e3o de educa\u00e7\u00e3o e forma\u00e7\u00e3o empreendida por uma pessoa ap\u00f3s a entrada na vida ativa, para atualizar as suas compet\u00eancias e qualifica\u00e7\u00f5es &#8211; ou adquirir novas compet\u00eancias -, melhorar o seu desempenho e progredir na carreira.<\/div>\n            <\/details>\n            <details id=\"digital-transformation\">\n                <summary>Destacamento tempor\u00e1rio<\/summary>\n                <div>A transfer\u00eancia tempor\u00e1ria de um trabalhador para outro posto de trabalho ou emprego.<\/div>\n            <\/details>\n            <h2>E<\/h2>\n            <details id=\"e-learning\">\n                <summary>e-learning<\/summary>\n                <div>Estrat\u00e9gias e m\u00e9todos did\u00e1cticos de ensino e aprendizagem em que os principais elementos incluem a utiliza\u00e7\u00e3o das tecnologias da informa\u00e7\u00e3o e da comunica\u00e7\u00e3o (TIC).<\/div>\n            <\/details>\n            <details id=\"entrepreneurship\">\n                <summary>Embaixador<\/summary>\n                <div>Um representante ou promotor de uma atividade espec\u00edfica.<\/div>\n            <\/details>\n            <details id=\"fixed-mindset\">\n                <summary>Empreendedor s\u00e9nior<\/summary>\n                <div>Algu\u00e9m que inicia o seu pr\u00f3prio neg\u00f3cio, especialmente quando se trata de uma nova oportunidade, com mais de 50 anos de idade.<\/div>\n            <\/details>\n            <details id=\"growth-mindset\">\n                <summary>Empreendedorismo<\/summary>\n                <div>Capacidade de agir em fun\u00e7\u00e3o de oportunidades e ideias e de as transformar em valores para os outros, com base na criatividade, no pensamento cr\u00edtico, na resolu\u00e7\u00e3o de problemas, na inova\u00e7\u00e3o e na assun\u00e7\u00e3o de riscos.<\/div>\n            <\/details>\n            <details id=\"learning-mobility\">\n                <summary>Empreendedorismo s\u00e9nior<\/summary>\n                <div>Uma combina\u00e7\u00e3o de um estado de esp\u00edrito e de um conjunto de compet\u00eancias que permite aos trabalhadores mais velhos identificar e aproveitar ao m\u00e1ximo as oportunidades, ultrapassar e aprender com os contratempos e ter \u00eaxito numa variedade de contextos.<\/div>\n            <\/details>\n            <details id=\"learning-outcomes\">\n                <summary>Empresa social<\/summary>\n                <div>Uma empresa que tem como principal finalidade determinados objectivos sociais, mas que utiliza uma estrutura comercial para gerir a organiza\u00e7\u00e3o. (As empresas sociais tentam geralmente ter um forte impacto social, maximizando simultaneamente o seu lucro, que \u00e9 depois utilizado para financiar os seus programas sociais).<\/div>\n            <\/details>\n            <details id=\"legacy-career-encore-career\">\n                <summary>Experi\u00eancia profissional baseada em projectos<\/summary>\n                <div>Projeto de curta dura\u00e7\u00e3o realizado \u00e0 dist\u00e2ncia ou em pessoa, de forma independente ou em colabora\u00e7\u00e3o com uma equipa, para estabelecer contactos, ganhar experi\u00eancia e desenvolver novas compet\u00eancias.<\/div>\n            <\/details>\n            <h2>I<\/h2>\n            <details id=\"lifelong-learning\">\n                <summary>Idadismo<\/summary>\n                <div>O idadismo refere-se aos estere\u00f3tipos (como pensamos), preconceitos (como sentimos) e discrimina\u00e7\u00e3o (como agimos) em rela\u00e7\u00e3o aos outros ou a n\u00f3s pr\u00f3prios com base na idade.<\/div>\n            <\/details>\n            <details id=\"mobility-database\">\n                    <summary>Identificar oportunidades<\/summary>\n                    <div>O ato de identificar, avaliar e depois agir sobre uma oportunidade.<\/div>\n            <\/details>\n            <details id=\"networking\">\n                <summary>Incubadora de neg\u00f3cios<\/summary>\n                <div>Uma organiza\u00e7\u00e3o que fornece \u00e0s empresas em fase de arranque e \u00e0s empresas em fase inicial o apoio e os recursos a que as jovens empresas t\u00eam dificuldade em aceder.<\/div>\n            <\/details>\n            <h2>M<\/h2>\n            <details id=\"olderpreneur\">\n                <summary>Mentalidade de crescimento<\/summary>\n                <div>A cren\u00e7a de que as capacidades mais b\u00e1sicas podem ser desenvolvidas atrav\u00e9s da dedica\u00e7\u00e3o e do trabalho \u00e1rduo.<\/div>\n            <\/details>\n            <details id=\"olderprenership\">\n                <summary>Mentalidade fixa<\/summary>\n                <div>A cren\u00e7a de que as qualidades b\u00e1sicas das pessoas, como a sua intelig\u00eancia ou talento, s\u00e3o caracter\u00edsticas fixas e n\u00e3o podem ser alteradas atrav\u00e9s do esfor\u00e7o.<\/div>\n            <\/details>\n            <details id=\"proactive\">\n                <summary>Mobilidade no local de trabalho<\/summary>\n                <div>A participa\u00e7\u00e3o dos trabalhadores em a\u00e7\u00f5es de forma\u00e7\u00e3o, projetos, voluntariado, destacamentos ou outras iniciativas num local diferente do seu local de trabalho, a fim de adquirirem novas compet\u00eancias, conhecimentos e contactos.<\/div>\n            <\/details>\n            <details id=\"project-based-work-experience\">\n                <summary>Mobilidade para a aprendizagem<\/summary>\n                <div>Desloca\u00e7\u00e3o f\u00edsica para um pa\u00eds diferente do pa\u00eds de resid\u00eancia, eventualmente combinada com um per\u00edodo de participa\u00e7\u00e3o virtual, a fim de efetuar estudos, forma\u00e7\u00e3o ou aprendizagem n\u00e3o formal ou informal.<\/div>\n            <\/details>\n            <h2>N<\/h2>\n            <details id=\"reactive\">\n                <summary>N\u00e3o-reformados<\/summary>\n                <div>Pessoas (mais velhas) que deixam a reforma e voltam a trabalhar.<\/div>\n            <\/details>\n            <details id=\"secondment\">\n                <summary>Neg\u00f3cio digital<\/summary>\n                <div>Utilizar a tecnologia para criar novo valor nos modelos de neg\u00f3cio, nas experi\u00eancias dos clientes e nas capacidades internas que suportam as suas opera\u00e7\u00f5es principais.<\/div>\n            <\/details>\n            <h2>P<\/h2>\n            <details id=\"social-enterprise\">\n                <summary>Proativo<\/summary>\n                <div>Criar ou controlar uma situa\u00e7\u00e3o em vez de apenas responder a ela depois de ter acontecido.<\/div>\n            <\/details>\n            <h2>R<\/h2>\n            <details id=\"spotting-opportunities\">\n                <summary>Reativo<\/summary>\n                <div>Agir em resposta a uma situa\u00e7\u00e3o em vez de a criar ou controlar.<\/div>\n            <\/details>\n            <details>\n                <summary id=\"unretirees\">Resultados de aprendizagem<\/summary>\n                <div>Declara\u00e7\u00f5es sobre o que um formando sabe, compreende e \u00e9 capaz de fazer ap\u00f3s a conclus\u00e3o de um processo de aprendizagem, definidas em termos de conhecimentos, aptid\u00f5es e compet\u00eancias.<\/div>\n            <\/details>\n            <h2>S<\/h2>\n            <details id=\"venture-capital\">\n                <summary>Startup<\/summary>\n                <div>Empresa na primeira fase de atividade, fundada por um ou mais empres\u00e1rios que pretendem desenvolver um produto ou servi\u00e7o. Estas empresas come\u00e7am geralmente com custos elevados e receitas limitadas, raz\u00e3o pela qual procuram obter capital de v\u00e1rias fontes.<\/div>\n            <\/details>\n            <h2>T<\/h2>\n            <details id=\"virtual-volunteering\">\n                <summary>Transforma\u00e7\u00e3o digital<\/summary>\n                <div>Integra\u00e7\u00e3o das tecnologias digitais em todas as \u00e1reas de uma empresa, resultando na cria\u00e7\u00e3o de novos processos empresariais ou na modifica\u00e7\u00e3o dos existentes, na cultura e nas experi\u00eancias dos clientes, de modo a satisfazer os requisitos empresariais e de mercado em constante evolu\u00e7\u00e3o.<\/div>\n            <\/details>\n            <h2>V<\/h2>\n            <details id=\"workplace-mobility\">\n                <summary>Voluntariado virtual<\/summary>\n                <div>Atividades de voluntariado realizadas, no todo ou em parte, utilizando a Internet e um computador de casa, da escola, de um telecentro ou do trabalho ou outro dispositivo ligado \u00e0 Internet, como um smartphone ou um tablet.<\/div>\n            <\/details>\n            \n            <hr>\n    \n            <small>\n                <h6>Fontes:<\/h6>\n                <ul>\n                    <li>European Commission, Glossary of terms &#8211; Common terms, available here: <a href=\"https:\/\/erasmus-plus.ec.europa.eu\/programme-guide\/part-d\/glossary-common-terms\" target=\"_blank\" rel=\"noopener\">https:\/\/erasmus-plus.ec.europa.eu\/programme-guide\/part-d\/glossary-common-terms<\/a><\/li>\n                    <li>European Commission, LLLGlossary &#8211; Review of Lifelong Learning Terminology (2022), available here: <a href=\"https:\/\/lllplatform.eu\/lll\/wp-content\/uploads\/2022\/10\/LLLGlossary.pdf\" target=\"_blank\" rel=\"noopener\">https:\/\/lllplatform.eu\/lll\/wp-content\/uploads\/2022\/10\/LLLGlossary.pdf<\/a><\/li>\n                <\/ul>\n            <\/small>\n<\/div><!-- .glossary -->\n\n\n\n\n<div style=\"height:100px\" aria-hidden=\"true\" class=\"wp-block-spacer\"><\/div>\n","protected":false},"excerpt":{"rendered":"<p>A &#8220;Anjo Investidor&#8221;, tamb\u00e9m conhecido como &#8220;Anjo de Neg\u00f3cio&#8221; Um indiv\u00edduo privado com elevada capacidade econ\u00f3mica que investe tempo e dinheiro em pequenas empresas em fase de arranque ou em empres\u00e1rios, normalmente em troca de uma participa\u00e7\u00e3o no capital da empresa. Aprendizagem ao longo da vida Aprendizagem sob todas as suas formas, formal, n\u00e3o formal [&hellip;]<\/p>\n","protected":false},"author":4,"featured_media":0,"parent":0,"menu_order":4,"comment_status":"closed","ping_status":"closed","template":"","meta":{"inline_featured_image":false,"_locale":"pt_PT","_original_post":"https:\/\/www.sassi-llc.eu\/?page_id=1228","footnotes":""},"class_list":["post-1916","page","type-page","status-publish","hentry","pt-PT"],"blocksy_meta":[],"_links":{"self":[{"href":"https:\/\/www.sassi-llc.eu\/wp-json\/wp\/v2\/pages\/1916","targetHints":{"allow":["GET"]}}],"collection":[{"href":"https:\/\/www.sassi-llc.eu\/wp-json\/wp\/v2\/pages"}],"about":[{"href":"https:\/\/www.sassi-llc.eu\/wp-json\/wp\/v2\/types\/page"}],"author":[{"embeddable":true,"href":"https:\/\/www.sassi-llc.eu\/wp-json\/wp\/v2\/users\/4"}],"replies":[{"embeddable":true,"href":"https:\/\/www.sassi-llc.eu\/wp-json\/wp\/v2\/comments?post=1916"}],"version-history":[{"count":4,"href":"https:\/\/www.sassi-llc.eu\/wp-json\/wp\/v2\/pages\/1916\/revisions"}],"predecessor-version":[{"id":3442,"href":"https:\/\/www.sassi-llc.eu\/wp-json\/wp\/v2\/pages\/1916\/revisions\/3442"}],"wp:attachment":[{"href":"https:\/\/www.sassi-llc.eu\/wp-json\/wp\/v2\/media?parent=1916"}],"curies":[{"name":"wp","href":"https:\/\/api.w.org\/{rel}","templated":true}]}}