{"id":2472,"date":"2023-10-17T19:54:52","date_gmt":"2023-10-17T19:54:52","guid":{"rendered":"https:\/\/www.sassi-llc.eu\/?page_id=2472"},"modified":"2024-08-28T08:16:18","modified_gmt":"2024-08-28T08:16:18","slug":"chapter-i-why-olderpreneurship","status":"publish","type":"page","link":"https:\/\/www.sassi-llc.eu\/pt\/courses\/course-olderpreneurship\/chapter-i-why-olderpreneurship\/","title":{"rendered":"Cap\u00edtulo 1 &#8211; O porqu\u00ea do empreendedorismo s\u00e9nior"},"content":{"rendered":"\n<div class=\"ct-posts-shortcode\" data-prefix=\"class_archive\"><div class=\"entries\" data-archive=\"default\" data-layout=\"grid\" data-cards=\"simple\"><article class=\"entry-card post-1932 class type-class status-publish format-standard has-post-thumbnail hentry en-GB\" data-reveal=\"yes:1\"><a class=\"ct-media-container\" href=\"https:\/\/www.sassi-llc.eu\/class\/i-1-porque-e-que-o-empreendedorismo-na-terceira-idade-e-importante-pt\/\" aria-label=\"I. 1. Porqu\u00ea que o empreendedorismo s\u00e9nior \u00e9 importante?\" tabindex=\"-1\"><img decoding=\"async\" width=\"768\" height=\"512\" src=\"https:\/\/www.sassi-llc.eu\/wp-content\/uploads\/2022\/11\/happy-couple-in-their-midfifties-reading-on-one-tablet-business-casual.jpeg\" class=\"attachment-medium_large size-medium_large wp-post-image\" alt=\"lonely road in the mountains\" loading=\"lazy\" srcset=\"https:\/\/www.sassi-llc.eu\/wp-content\/uploads\/2022\/11\/happy-couple-in-their-midfifties-reading-on-one-tablet-business-casual.jpeg 768w, https:\/\/www.sassi-llc.eu\/wp-content\/uploads\/2022\/11\/happy-couple-in-their-midfifties-reading-on-one-tablet-business-casual-300x300.jpeg 300w, https:\/\/www.sassi-llc.eu\/wp-content\/uploads\/2022\/11\/happy-couple-in-their-midfifties-reading-on-one-tablet-business-casual-150x150.jpeg 1024w, https:\/\/www.sassi-llc.eu\/wp-content\/uploads\/2022\/11\/happy-couple-in-their-midfifties-reading-on-one-tablet-business-casual.jpeg 1536w, https:\/\/www.sassi-llc.eu\/wp-content\/uploads\/2022\/11\/happy-couple-in-their-midfifties-reading-on-one-tablet-business-casual.jpeg 1920w\" sizes=\"auto, (max-width: 768px) 100vw, 768px\" itemprop=\"image\" style=\"aspect-ratio: 4\/3;\"><\/a>\n    <h2 class=\"entry-title\">\n        <a href=\"https:\/\/www.sassi-llc.eu\/class\/i-1-porque-e-que-o-empreendedorismo-na-terceira-idade-e-importante-pt\/\" rel=\"bookmark\">\n            I. 1. Porqu\u00ea que o empreendedorismo s\u00e9nior \u00e9 importante?\t\t<\/a>\n    <\/h2>\n\n    <div class=\"entry-excerpt\">Compreender o conceito de empreendedorismo s\u00e9nior e distinguir entre empreendedorismo e empreendedorismo s\u00e9nior.\n<\/div><a class=\"entry-button\" href=\"https:\/\/www.sassi-llc.eu\/class\/i-1-porque-e-que-o-empreendedorismo-na-terceira-idade-e-importante-pt\/\">Ler mais<svg width=\"17px\" height=\"17px\" viewBox=\"0 0 32 32\" fill=\"currentColor\"><path d=\"M 21.1875 9.28125 L 19.78125 10.71875 L 24.0625 15 L 4 15 L 4 17 L 24.0625 17 L 19.78125 21.28125 L 21.1875 22.71875 L 27.90625 16 Z \"><\/path><\/svg><span class=\"screen-reader-text\">I. 1. Porqu\u00ea que o empreendedorismo s\u00e9nior \u00e9 importante?<\/span><\/a><\/article><article class=\"entry-card post-1933 class type-class status-publish format-standard has-post-thumbnail hentry en-GB\" data-reveal=\"yes:2\"><a class=\"ct-media-container\" href=\"https:\/\/www.sassi-llc.eu\/class\/i-2-%d0%b5mpreendedorismo\/\" aria-label=\"I. 2. Mentalidade Empreendedora\" tabindex=\"-1\"><img decoding=\"async\" width=\"768\" height=\"1152\" src=\"https:\/\/www.sassi-llc.eu\/wp-content\/uploads\/2022\/11\/\u0415ntrepreneural-mindset-768x768.jpeg\" class=\"attachment-medium_large size-medium_large wp-post-image\" alt=\"\" loading=\"lazy\" srcset=\"https:\/\/www.sassi-llc.eu\/wp-content\/uploads\/2022\/11\/\u0415ntrepreneural-mindset-768x768.jpeg 768w, https:\/\/www.sassi-llc.eu\/wp-content\/uploads\/2022\/11\/\u0415ntrepreneural-mindset-300x300.jpeg 200w, https:\/\/www.sassi-llc.eu\/wp-content\/uploads\/2022\/11\/\u0415ntrepreneural-mindset-150x150.jpeg 683w, https:\/\/www.sassi-llc.eu\/wp-content\/uploads\/2022\/11\/\u0415ntrepreneural-mindset.jpeg 1024w, https:\/\/www.sassi-llc.eu\/wp-content\/uploads\/2022\/11\/\u0415ntrepreneural-mindset.jpeg 1365w, https:\/\/www.sassi-llc.eu\/wp-content\/uploads\/2022\/11\/\u0415ntrepreneural-mindset.jpeg 1707w\" sizes=\"auto, (max-width: 768px) 100vw, 768px\" itemprop=\"image\" style=\"aspect-ratio: 4\/3;\"><\/a>\n    <h2 class=\"entry-title\">\n        <a href=\"https:\/\/www.sassi-llc.eu\/class\/i-2-%d0%b5mpreendedorismo\/\" rel=\"bookmark\">\n            I. 2. Mentalidade Empreendedora\t\t<\/a>\n    <\/h2>\n\n    <div class=\"entry-excerpt\">Compreender a diferen\u00e7a entre uma mentalidade de crescimento e uma mentalidade fixa e aprender a distinguir os comportamentos que conduzem a cada mentalidade.<\/div><a class=\"entry-button\" href=\"https:\/\/www.sassi-llc.eu\/class\/i-2-%d0%b5mpreendedorismo\/\">Ler mais<svg width=\"17px\" height=\"17px\" viewBox=\"0 0 32 32\" fill=\"currentColor\"><path d=\"M 21.1875 9.28125 L 19.78125 10.71875 L 24.0625 15 L 4 15 L 4 17 L 24.0625 17 L 19.78125 21.28125 L 21.1875 22.71875 L 27.90625 16 Z \"><\/path><\/svg><span class=\"screen-reader-text\">I. 2. Mentalidade Empreendedora<\/span><\/a><\/article><article class=\"entry-card post-1934 class type-class status-publish format-standard has-post-thumbnail hentry en-GB\" data-reveal=\"yes:3\"><a class=\"ct-media-container\" href=\"https:\/\/www.sassi-llc.eu\/class\/i-3-melhor-do-que-nunca\/\" aria-label=\"I. 3. Melhor que nunca!\" tabindex=\"-1\"><img decoding=\"async\" width=\"768\" height=\"513\" src=\"https:\/\/www.sassi-llc.eu\/wp-content\/uploads\/2022\/11\/older-workers-have-many-advantages-and-experiences-casual.jpeg\" class=\"attachment-medium_large size-medium_large wp-post-image\" alt=\"mountains covered by fog\" loading=\"lazy\" srcset=\"https:\/\/www.sassi-llc.eu\/wp-content\/uploads\/2022\/11\/older-workers-have-many-advantages-and-experiences-casual.jpeg 768w, https:\/\/www.sassi-llc.eu\/wp-content\/uploads\/2022\/11\/older-workers-have-many-advantages-and-experiences-casual-300x300.jpeg 300w, https:\/\/www.sassi-llc.eu\/wp-content\/uploads\/2022\/11\/older-workers-have-many-advantages-and-experiences-casual-150x150.jpeg 1024w, https:\/\/www.sassi-llc.eu\/wp-content\/uploads\/2022\/11\/older-workers-have-many-advantages-and-experiences-casual.jpeg 1536w, https:\/\/www.sassi-llc.eu\/wp-content\/uploads\/2022\/11\/older-workers-have-many-advantages-and-experiences-casual.jpeg 1920w\" sizes=\"auto, (max-width: 768px) 100vw, 768px\" itemprop=\"image\" style=\"aspect-ratio: 4\/3;\"><\/a>\n    <h2 class=\"entry-title\">\n        <a href=\"https:\/\/www.sassi-llc.eu\/class\/i-3-melhor-do-que-nunca\/\" rel=\"bookmark\">\n            I. 3. Melhor que nunca!\t\t<\/a>\n    <\/h2>\n\n    <div class=\"entry-excerpt\">Compreender as vantagens espec\u00edficas que os trabalhadores mais velhos t\u00eam quando se trata de iniciar novos projectos.<\/div><a class=\"entry-button\" href=\"https:\/\/www.sassi-llc.eu\/class\/i-3-melhor-do-que-nunca\/\">Ler mais<svg width=\"17px\" height=\"17px\" viewBox=\"0 0 32 32\" fill=\"currentColor\"><path d=\"M 21.1875 9.28125 L 19.78125 10.71875 L 24.0625 15 L 4 15 L 4 17 L 24.0625 17 L 19.78125 21.28125 L 21.1875 22.71875 L 27.90625 16 Z \"><\/path><\/svg><span class=\"screen-reader-text\">I. 3. Melhor que nunca!<\/span><\/a><\/article><article class=\"entry-card post-1935 class type-class status-publish format-standard has-post-thumbnail hentry en-GB\" data-reveal=\"yes:4\"><a class=\"ct-media-container\" href=\"https:\/\/www.sassi-llc.eu\/class\/i-4-uma-carreira-de-legado\/\" aria-label=\"I. 4. Uma carreira de legado\" tabindex=\"-1\"><img decoding=\"async\" width=\"768\" height=\"512\" src=\"https:\/\/www.sassi-llc.eu\/wp-content\/uploads\/2022\/12\/older-person-barely-visible-behind-a-book-reading-business-casual.jpeg\" class=\"attachment-medium_large size-medium_large wp-post-image\" alt=\"behind books, studying\" loading=\"lazy\" srcset=\"https:\/\/www.sassi-llc.eu\/wp-content\/uploads\/2022\/12\/older-person-barely-visible-behind-a-book-reading-business-casual.jpeg 768w, https:\/\/www.sassi-llc.eu\/wp-content\/uploads\/2022\/12\/older-person-barely-visible-behind-a-book-reading-business-casual-300x300.jpeg 300w, https:\/\/www.sassi-llc.eu\/wp-content\/uploads\/2022\/12\/older-person-barely-visible-behind-a-book-reading-business-casual-150x150.jpeg 1024w, https:\/\/www.sassi-llc.eu\/wp-content\/uploads\/2022\/12\/older-person-barely-visible-behind-a-book-reading-business-casual.jpeg 1536w, https:\/\/www.sassi-llc.eu\/wp-content\/uploads\/2022\/12\/older-person-barely-visible-behind-a-book-reading-business-casual.jpeg 1920w\" sizes=\"auto, (max-width: 768px) 100vw, 768px\" itemprop=\"image\" style=\"aspect-ratio: 4\/3;\"><\/a>\n    <h2 class=\"entry-title\">\n        <a href=\"https:\/\/www.sassi-llc.eu\/class\/i-4-uma-carreira-de-legado\/\" rel=\"bookmark\">\n            I. 4. Uma carreira de legado\t\t<\/a>\n    <\/h2>\n\n    <div class=\"entry-excerpt\">Compreender o conceito de carreira de legado e identificar os factores que ajudam a criar um legado.<\/div><a class=\"entry-button\" href=\"https:\/\/www.sassi-llc.eu\/class\/i-4-uma-carreira-de-legado\/\">Ler mais<svg width=\"17px\" height=\"17px\" viewBox=\"0 0 32 32\" fill=\"currentColor\"><path d=\"M 21.1875 9.28125 L 19.78125 10.71875 L 24.0625 15 L 4 15 L 4 17 L 24.0625 17 L 19.78125 21.28125 L 21.1875 22.71875 L 27.90625 16 Z \"><\/path><\/svg><span class=\"screen-reader-text\">I. 4. Uma carreira de legado<\/span><\/a><\/article><article class=\"entry-card post-1936 class type-class status-publish format-standard has-post-thumbnail hentry en-GB\" data-reveal=\"yes:1\"><a class=\"ct-media-container\" href=\"https:\/\/www.sassi-llc.eu\/class\/i-5-sonhar-em-grande\/\" aria-label=\"I. 5. Sonhar alto!\" tabindex=\"-1\"><img decoding=\"async\" width=\"768\" height=\"391\" src=\"https:\/\/www.sassi-llc.eu\/wp-content\/uploads\/2022\/12\/older-bearded-hipster-man-with-dreamy-gaze-into-the-far.jpeg\" class=\"attachment-medium_large size-medium_large wp-post-image\" alt=\"bearded hipster business man\" loading=\"lazy\" srcset=\"https:\/\/www.sassi-llc.eu\/wp-content\/uploads\/2022\/12\/older-bearded-hipster-man-with-dreamy-gaze-into-the-far.jpeg 768w, https:\/\/www.sassi-llc.eu\/wp-content\/uploads\/2022\/12\/older-bearded-hipster-man-with-dreamy-gaze-into-the-far-300x300.jpeg 300w, https:\/\/www.sassi-llc.eu\/wp-content\/uploads\/2022\/12\/older-bearded-hipster-man-with-dreamy-gaze-into-the-far-150x150.jpeg 1024w, https:\/\/www.sassi-llc.eu\/wp-content\/uploads\/2022\/12\/older-bearded-hipster-man-with-dreamy-gaze-into-the-far.jpeg 1536w, https:\/\/www.sassi-llc.eu\/wp-content\/uploads\/2022\/12\/older-bearded-hipster-man-with-dreamy-gaze-into-the-far.jpeg 2048w\" sizes=\"auto, (max-width: 768px) 100vw, 768px\" itemprop=\"image\" style=\"aspect-ratio: 4\/3;\"><\/a>\n    <h2 class=\"entry-title\">\n        <a href=\"https:\/\/www.sassi-llc.eu\/class\/i-5-sonhar-em-grande\/\" rel=\"bookmark\">\n            I. 5. Sonhar alto!\t\t<\/a>\n    <\/h2>\n\n    <div class=\"entry-excerpt\">Analisar um exemplo do in\u00edcio de uma iniciativa de empreendedorismo s\u00e9nior e visualizar um futuro potencial onde o seu pr\u00f3prio impacto j\u00e1 existe.<\/div><a class=\"entry-button\" href=\"https:\/\/www.sassi-llc.eu\/class\/i-5-sonhar-em-grande\/\">Ler mais<svg width=\"17px\" height=\"17px\" viewBox=\"0 0 32 32\" fill=\"currentColor\"><path d=\"M 21.1875 9.28125 L 19.78125 10.71875 L 24.0625 15 L 4 15 L 4 17 L 24.0625 17 L 19.78125 21.28125 L 21.1875 22.71875 L 27.90625 16 Z \"><\/path><\/svg><span class=\"screen-reader-text\">I. 5. Sonhar alto!<\/span><\/a><\/article><\/div><\/div>\n","protected":false},"excerpt":{"rendered":"<p>I. 1. Porqu\u00ea que o empreendedorismo s\u00e9nior \u00e9 importante? Compreender o conceito de empreendedorismo s\u00e9nior e distinguir entre empreendedorismo e empreendedorismo s\u00e9nior. Ler maisI. 1. Porqu\u00ea que o empreendedorismo s\u00e9nior \u00e9 importante? I. 2. Mentalidade Empreendedora Compreender a diferen\u00e7a entre uma mentalidade de crescimento e uma mentalidade fixa e aprender a distinguir os comportamentos que [&hellip;]<\/p>\n","protected":false},"author":4,"featured_media":4545,"parent":1528,"menu_order":1,"comment_status":"closed","ping_status":"closed","template":"","meta":{"inline_featured_image":false,"_locale":"pt_PT","_original_post":"https:\/\/www.sassi-llc.eu\/?page_id=2427","footnotes":""},"class_list":["post-2472","page","type-page","status-publish","has-post-thumbnail","hentry","pt-PT"],"blocksy_meta":[],"_links":{"self":[{"href":"https:\/\/www.sassi-llc.eu\/wp-json\/wp\/v2\/pages\/2472","targetHints":{"allow":["GET"]}}],"collection":[{"href":"https:\/\/www.sassi-llc.eu\/wp-json\/wp\/v2\/pages"}],"about":[{"href":"https:\/\/www.sassi-llc.eu\/wp-json\/wp\/v2\/types\/page"}],"author":[{"embeddable":true,"href":"https:\/\/www.sassi-llc.eu\/wp-json\/wp\/v2\/users\/4"}],"replies":[{"embeddable":true,"href":"https:\/\/www.sassi-llc.eu\/wp-json\/wp\/v2\/comments?post=2472"}],"version-history":[{"count":4,"href":"https:\/\/www.sassi-llc.eu\/wp-json\/wp\/v2\/pages\/2472\/revisions"}],"predecessor-version":[{"id":3458,"href":"https:\/\/www.sassi-llc.eu\/wp-json\/wp\/v2\/pages\/2472\/revisions\/3458"}],"up":[{"embeddable":true,"href":"https:\/\/www.sassi-llc.eu\/wp-json\/wp\/v2\/pages\/1528"}],"wp:featuredmedia":[{"embeddable":true,"href":"https:\/\/www.sassi-llc.eu\/wp-json\/wp\/v2\/media\/4545"}],"wp:attachment":[{"href":"https:\/\/www.sassi-llc.eu\/wp-json\/wp\/v2\/media?parent=2472"}],"curies":[{"name":"wp","href":"https:\/\/api.w.org\/{rel}","templated":true}]}}