{"id":2474,"date":"2023-10-17T19:57:00","date_gmt":"2023-10-17T19:57:00","guid":{"rendered":"https:\/\/www.sassi-llc.eu\/?page_id=2474"},"modified":"2024-08-28T08:17:59","modified_gmt":"2024-08-28T08:17:59","slug":"chapter-ii-the-various-ways-of-becoming-entrepreneurial","status":"publish","type":"page","link":"https:\/\/www.sassi-llc.eu\/pt\/courses\/course-olderpreneurship\/chapter-ii-the-various-ways-of-becoming-entrepreneurial\/","title":{"rendered":"Cap\u00edtulo II &#8211; As v\u00e1rias formas de se tornar um empreendedor"},"content":{"rendered":"\n<div class=\"ct-posts-shortcode\" data-prefix=\"class_archive\"><div class=\"entries\" data-archive=\"default\" data-layout=\"grid\" data-cards=\"simple\"><article class=\"entry-card post-1937 class type-class status-publish format-standard has-post-thumbnail hentry en-GB\" data-reveal=\"yes:1\"><a class=\"ct-media-container\" href=\"https:\/\/www.sassi-llc.eu\/class\/ii-1-as-diferentes-formas-de-se-tornar-empreendedor\/\" aria-label=\"II. 1. Tornar-se Volunt\u00e1rio\" tabindex=\"-1\"><img decoding=\"async\" width=\"768\" height=\"512\" src=\"https:\/\/www.sassi-llc.eu\/wp-content\/uploads\/2023\/05\/lady-with-very-short-grey-hair-and-bold-glasses-points-in-two-different-directions-business-casual.jpeg\" class=\"attachment-medium_large size-medium_large wp-post-image\" alt=\"entrepreneur\" loading=\"lazy\" srcset=\"https:\/\/www.sassi-llc.eu\/wp-content\/uploads\/2023\/05\/lady-with-very-short-grey-hair-and-bold-glasses-points-in-two-different-directions-business-casual.jpeg 768w, https:\/\/www.sassi-llc.eu\/wp-content\/uploads\/2023\/05\/lady-with-very-short-grey-hair-and-bold-glasses-points-in-two-different-directions-business-casual-300x300.jpeg 300w, https:\/\/www.sassi-llc.eu\/wp-content\/uploads\/2023\/05\/lady-with-very-short-grey-hair-and-bold-glasses-points-in-two-different-directions-business-casual-150x150.jpeg 1024w, https:\/\/www.sassi-llc.eu\/wp-content\/uploads\/2023\/05\/lady-with-very-short-grey-hair-and-bold-glasses-points-in-two-different-directions-business-casual.jpeg 1536w, https:\/\/www.sassi-llc.eu\/wp-content\/uploads\/2023\/05\/lady-with-very-short-grey-hair-and-bold-glasses-points-in-two-different-directions-business-casual.jpeg 2048w\" sizes=\"auto, (max-width: 768px) 100vw, 768px\" itemprop=\"image\" style=\"aspect-ratio: 4\/3;\"><\/a>\n    <h2 class=\"entry-title\">\n        <a href=\"https:\/\/www.sassi-llc.eu\/class\/ii-1-as-diferentes-formas-de-se-tornar-empreendedor\/\" rel=\"bookmark\">\n            II. 1. Tornar-se Volunt\u00e1rio\t\t<\/a>\n    <\/h2>\n\n    <div class=\"entry-excerpt\">Tornar-se um empreendedor s\u00e9nior pode ser frequentemente associado \u00e0 &#8220;cria\u00e7\u00e3o de uma empresa&#8221; e pode ser bastante complicado para algumas pessoas. Existem diferentes op\u00e7\u00f5es para fazer a transi\u00e7\u00e3o para uma forma de trabalho empresarial.<\/div><a class=\"entry-button\" href=\"https:\/\/www.sassi-llc.eu\/class\/ii-1-as-diferentes-formas-de-se-tornar-empreendedor\/\">Ler mais<svg width=\"17px\" height=\"17px\" viewBox=\"0 0 32 32\" fill=\"currentColor\"><path d=\"M 21.1875 9.28125 L 19.78125 10.71875 L 24.0625 15 L 4 15 L 4 17 L 24.0625 17 L 19.78125 21.28125 L 21.1875 22.71875 L 27.90625 16 Z \"><\/path><\/svg><span class=\"screen-reader-text\">II. 1. Tornar-se Volunt\u00e1rio<\/span><\/a><\/article><article class=\"entry-card post-1938 class type-class status-publish format-standard has-post-thumbnail hentry en-GB\" data-reveal=\"yes:2\"><a class=\"ct-media-container\" href=\"https:\/\/www.sassi-llc.eu\/class\/ii-2-transformar-o-seu-passatempo-numa-carreira-de-freelancer\/\" aria-label=\"II. 2. Transformar o seu passatempo numa carreira de freelancer\" tabindex=\"-1\"><img decoding=\"async\" width=\"768\" height=\"1270\" src=\"https:\/\/www.sassi-llc.eu\/wp-content\/uploads\/2022\/12\/d5f706da-3549-45e5-a813-d8bb21ab4c14-768x768.jpeg\" class=\"attachment-medium_large size-medium_large wp-post-image\" alt=\"working senior man\" loading=\"lazy\" srcset=\"https:\/\/www.sassi-llc.eu\/wp-content\/uploads\/2022\/12\/d5f706da-3549-45e5-a813-d8bb21ab4c14-768x768.jpeg 768w, https:\/\/www.sassi-llc.eu\/wp-content\/uploads\/2022\/12\/d5f706da-3549-45e5-a813-d8bb21ab4c14-300x300.jpeg 181w, https:\/\/www.sassi-llc.eu\/wp-content\/uploads\/2022\/12\/d5f706da-3549-45e5-a813-d8bb21ab4c14-150x150.jpeg 619w, https:\/\/www.sassi-llc.eu\/wp-content\/uploads\/2022\/12\/d5f706da-3549-45e5-a813-d8bb21ab4c14.jpeg 929w, https:\/\/www.sassi-llc.eu\/wp-content\/uploads\/2022\/12\/d5f706da-3549-45e5-a813-d8bb21ab4c14.jpeg 1238w, https:\/\/www.sassi-llc.eu\/wp-content\/uploads\/2022\/12\/d5f706da-3549-45e5-a813-d8bb21ab4c14.jpeg 1548w\" sizes=\"auto, (max-width: 768px) 100vw, 768px\" itemprop=\"image\" style=\"aspect-ratio: 4\/3;\"><\/a>\n    <h2 class=\"entry-title\">\n        <a href=\"https:\/\/www.sassi-llc.eu\/class\/ii-2-transformar-o-seu-passatempo-numa-carreira-de-freelancer\/\" rel=\"bookmark\">\n            II. 2. Transformar o seu passatempo numa carreira de freelancer\t\t<\/a>\n    <\/h2>\n\n    <div class=\"entry-excerpt\">Breve introdu\u00e7\u00e3o \u00e0s condi\u00e7\u00f5es b\u00e1sicas do freelancing &#8211; transformar o seu passatempo numa carreira de freelancer. Damos-lhe exemplos de diferentes projetos enquanto trabalhador independente e exploramos se o freelancing \u00e9 o ideal para si.<\/div><a class=\"entry-button\" href=\"https:\/\/www.sassi-llc.eu\/class\/ii-2-transformar-o-seu-passatempo-numa-carreira-de-freelancer\/\">Ler mais<svg width=\"17px\" height=\"17px\" viewBox=\"0 0 32 32\" fill=\"currentColor\"><path d=\"M 21.1875 9.28125 L 19.78125 10.71875 L 24.0625 15 L 4 15 L 4 17 L 24.0625 17 L 19.78125 21.28125 L 21.1875 22.71875 L 27.90625 16 Z \"><\/path><\/svg><span class=\"screen-reader-text\">II. 2. Transformar o seu passatempo numa carreira de freelancer<\/span><\/a><\/article><article class=\"entry-card post-1939 class type-class status-publish format-standard has-post-thumbnail hentry en-GB\" data-reveal=\"yes:3\"><a class=\"ct-media-container\" href=\"https:\/\/www.sassi-llc.eu\/class\/ii-3-transformar-os-seus-conhecimentos-e-experiencia-em-consultoria-mentoria\/\" aria-label=\"II. 3. Transformar os seus conhecimentos e experi\u00eancia em consultoria\/mentoria\" tabindex=\"-1\"><img decoding=\"async\" width=\"768\" height=\"513\" src=\"https:\/\/www.sassi-llc.eu\/wp-content\/uploads\/2023\/05\/Turning-your-knowledge-and-expertise-into-consulting-mentoring-gentleman-in-his-sixties-business-casual-768x768.jpeg\" class=\"attachment-medium_large size-medium_large wp-post-image\" alt=\"mentor\" loading=\"lazy\" srcset=\"https:\/\/www.sassi-llc.eu\/wp-content\/uploads\/2023\/05\/Turning-your-knowledge-and-expertise-into-consulting-mentoring-gentleman-in-his-sixties-business-casual-768x768.jpeg 768w, https:\/\/www.sassi-llc.eu\/wp-content\/uploads\/2023\/05\/Turning-your-knowledge-and-expertise-into-consulting-mentoring-gentleman-in-his-sixties-business-casual-300x300.jpeg 300w, https:\/\/www.sassi-llc.eu\/wp-content\/uploads\/2023\/05\/Turning-your-knowledge-and-expertise-into-consulting-mentoring-gentleman-in-his-sixties-business-casual.jpeg 1017w\" sizes=\"auto, (max-width: 768px) 100vw, 768px\" itemprop=\"image\" style=\"aspect-ratio: 4\/3;\"><\/a>\n    <h2 class=\"entry-title\">\n        <a href=\"https:\/\/www.sassi-llc.eu\/class\/ii-3-transformar-os-seus-conhecimentos-e-experiencia-em-consultoria-mentoria\/\" rel=\"bookmark\">\n            II. 3. Transformar os seus conhecimentos e experi\u00eancia em consultoria\/mentoria\t\t<\/a>\n    <\/h2>\n\n    <div class=\"entry-excerpt\">Compreender o conceito de consultoria e mentoria e aprender a diferen\u00e7a entre os dois conceitos.<\/div><a class=\"entry-button\" href=\"https:\/\/www.sassi-llc.eu\/class\/ii-3-transformar-os-seus-conhecimentos-e-experiencia-em-consultoria-mentoria\/\">Ler mais<svg width=\"17px\" height=\"17px\" viewBox=\"0 0 32 32\" fill=\"currentColor\"><path d=\"M 21.1875 9.28125 L 19.78125 10.71875 L 24.0625 15 L 4 15 L 4 17 L 24.0625 17 L 19.78125 21.28125 L 21.1875 22.71875 L 27.90625 16 Z \"><\/path><\/svg><span class=\"screen-reader-text\">II. 3. Transformar os seus conhecimentos e experi\u00eancia em consultoria\/mentoria<\/span><\/a><\/article><article class=\"entry-card post-1940 class type-class status-publish format-standard has-post-thumbnail hentry en-GB\" data-reveal=\"yes:4\"><a class=\"ct-media-container\" href=\"https:\/\/www.sassi-llc.eu\/class\/ii-4-transformar-a-sua-missao-numa-empresa-social\/\" aria-label=\"II. 4. Transformar a sua miss\u00e3o num neg\u00f3cio social\" tabindex=\"-1\"><img decoding=\"async\" width=\"768\" height=\"512\" src=\"https:\/\/www.sassi-llc.eu\/wp-content\/uploads\/2023\/05\/Turning-your-mission-into-a-social-business-lady-in-her-sixties-business-casual.jpeg\" class=\"attachment-medium_large size-medium_large wp-post-image\" alt=\"demonstrate\" loading=\"lazy\" srcset=\"https:\/\/www.sassi-llc.eu\/wp-content\/uploads\/2023\/05\/Turning-your-mission-into-a-social-business-lady-in-her-sixties-business-casual.jpeg 768w, https:\/\/www.sassi-llc.eu\/wp-content\/uploads\/2023\/05\/Turning-your-mission-into-a-social-business-lady-in-her-sixties-business-casual-300x300.jpeg 300w, https:\/\/www.sassi-llc.eu\/wp-content\/uploads\/2023\/05\/Turning-your-mission-into-a-social-business-lady-in-her-sixties-business-casual-150x150.jpeg 1024w, https:\/\/www.sassi-llc.eu\/wp-content\/uploads\/2023\/05\/Turning-your-mission-into-a-social-business-lady-in-her-sixties-business-casual.jpeg 1536w, https:\/\/www.sassi-llc.eu\/wp-content\/uploads\/2023\/05\/Turning-your-mission-into-a-social-business-lady-in-her-sixties-business-casual.jpeg 2048w\" sizes=\"auto, (max-width: 768px) 100vw, 768px\" itemprop=\"image\" style=\"aspect-ratio: 4\/3;\"><\/a>\n    <h2 class=\"entry-title\">\n        <a href=\"https:\/\/www.sassi-llc.eu\/class\/ii-4-transformar-a-sua-missao-numa-empresa-social\/\" rel=\"bookmark\">\n            II. 4. Transformar a sua miss\u00e3o num neg\u00f3cio social\t\t<\/a>\n    <\/h2>\n\n    <div class=\"entry-excerpt\">Compreender os princ\u00edpios do empreendedorismo social e aprender a conhecer as condi\u00e7\u00f5es de cria\u00e7\u00e3o e manuten\u00e7\u00e3o de uma empresa social.<\/div><a class=\"entry-button\" href=\"https:\/\/www.sassi-llc.eu\/class\/ii-4-transformar-a-sua-missao-numa-empresa-social\/\">Ler mais<svg width=\"17px\" height=\"17px\" viewBox=\"0 0 32 32\" fill=\"currentColor\"><path d=\"M 21.1875 9.28125 L 19.78125 10.71875 L 24.0625 15 L 4 15 L 4 17 L 24.0625 17 L 19.78125 21.28125 L 21.1875 22.71875 L 27.90625 16 Z \"><\/path><\/svg><span class=\"screen-reader-text\">II. 4. Transformar a sua miss\u00e3o num neg\u00f3cio social<\/span><\/a><\/article><\/div><\/div>\n","protected":false},"excerpt":{"rendered":"<p>II. 1. Tornar-se Volunt\u00e1rio Tornar-se um empreendedor s\u00e9nior pode ser frequentemente associado \u00e0 &#8220;cria\u00e7\u00e3o de uma empresa&#8221; e pode ser bastante complicado para algumas pessoas. Existem diferentes op\u00e7\u00f5es para fazer a transi\u00e7\u00e3o para uma forma de trabalho empresarial. Ler maisII. 1. Tornar-se Volunt\u00e1rio II. 2. Transformar o seu passatempo numa carreira de freelancer Breve introdu\u00e7\u00e3o [&hellip;]<\/p>\n","protected":false},"author":4,"featured_media":4543,"parent":1528,"menu_order":2,"comment_status":"closed","ping_status":"closed","template":"","meta":{"inline_featured_image":false,"_locale":"pt_PT","_original_post":"https:\/\/www.sassi-llc.eu\/?page_id=2429","footnotes":""},"class_list":["post-2474","page","type-page","status-publish","has-post-thumbnail","hentry","pt-PT"],"blocksy_meta":[],"_links":{"self":[{"href":"https:\/\/www.sassi-llc.eu\/wp-json\/wp\/v2\/pages\/2474","targetHints":{"allow":["GET"]}}],"collection":[{"href":"https:\/\/www.sassi-llc.eu\/wp-json\/wp\/v2\/pages"}],"about":[{"href":"https:\/\/www.sassi-llc.eu\/wp-json\/wp\/v2\/types\/page"}],"author":[{"embeddable":true,"href":"https:\/\/www.sassi-llc.eu\/wp-json\/wp\/v2\/users\/4"}],"replies":[{"embeddable":true,"href":"https:\/\/www.sassi-llc.eu\/wp-json\/wp\/v2\/comments?post=2474"}],"version-history":[{"count":3,"href":"https:\/\/www.sassi-llc.eu\/wp-json\/wp\/v2\/pages\/2474\/revisions"}],"predecessor-version":[{"id":3459,"href":"https:\/\/www.sassi-llc.eu\/wp-json\/wp\/v2\/pages\/2474\/revisions\/3459"}],"up":[{"embeddable":true,"href":"https:\/\/www.sassi-llc.eu\/wp-json\/wp\/v2\/pages\/1528"}],"wp:featuredmedia":[{"embeddable":true,"href":"https:\/\/www.sassi-llc.eu\/wp-json\/wp\/v2\/media\/4543"}],"wp:attachment":[{"href":"https:\/\/www.sassi-llc.eu\/wp-json\/wp\/v2\/media?parent=2474"}],"curies":[{"name":"wp","href":"https:\/\/api.w.org\/{rel}","templated":true}]}}