{"id":2480,"date":"2023-10-17T20:01:22","date_gmt":"2023-10-17T20:01:22","guid":{"rendered":"https:\/\/www.sassi-llc.eu\/?page_id=2480"},"modified":"2024-08-28T08:19:48","modified_gmt":"2024-08-28T08:19:48","slug":"chapter-iii-the-soft-skills-of-entrepreneurship","status":"publish","type":"page","link":"https:\/\/www.sassi-llc.eu\/pt\/courses\/course-olderpreneurship\/chapter-iii-the-soft-skills-of-entrepreneurship\/","title":{"rendered":"Cap\u00edtulo III \u2013 As compet\u00eancias transversais do empreendedorismo"},"content":{"rendered":"\n<div class=\"ct-posts-shortcode\" data-prefix=\"class_archive\"><div class=\"entries\" data-archive=\"default\" data-layout=\"grid\" data-cards=\"simple\"><article class=\"entry-card post-1941 class type-class status-publish format-standard has-post-thumbnail hentry en-GB\" data-reveal=\"yes:1\"><a class=\"ct-media-container\" href=\"https:\/\/www.sassi-llc.eu\/class\/iii-1-as-competencias-transversais-do-espirito-empresarial\/\" aria-label=\"III. 1. De dentro para fora: o papel do mundo interior\" tabindex=\"-1\"><img decoding=\"async\" width=\"768\" height=\"513\" src=\"https:\/\/www.sassi-llc.eu\/wp-content\/uploads\/2023\/05\/The-\u2018soft-skills-of-entrepreneurship-person-55-years-business-casual-no-text.jpeg\" class=\"attachment-medium_large size-medium_large wp-post-image\" alt=\"\" loading=\"lazy\" srcset=\"https:\/\/www.sassi-llc.eu\/wp-content\/uploads\/2023\/05\/The-\u2018soft-skills-of-entrepreneurship-person-55-years-business-casual-no-text.jpeg 768w, https:\/\/www.sassi-llc.eu\/wp-content\/uploads\/2023\/05\/The-\u2018soft-skills-of-entrepreneurship-person-55-years-business-casual-no-text-300x300.jpeg 300w, https:\/\/www.sassi-llc.eu\/wp-content\/uploads\/2023\/05\/The-\u2018soft-skills-of-entrepreneurship-person-55-years-business-casual-no-text-150x150.jpeg 1024w, https:\/\/www.sassi-llc.eu\/wp-content\/uploads\/2023\/05\/The-\u2018soft-skills-of-entrepreneurship-person-55-years-business-casual-no-text.jpeg 1536w, https:\/\/www.sassi-llc.eu\/wp-content\/uploads\/2023\/05\/The-\u2018soft-skills-of-entrepreneurship-person-55-years-business-casual-no-text.jpeg 2048w\" sizes=\"auto, (max-width: 768px) 100vw, 768px\" itemprop=\"image\" style=\"aspect-ratio: 4\/3;\"><\/a>\n    <h2 class=\"entry-title\">\n        <a href=\"https:\/\/www.sassi-llc.eu\/class\/iii-1-as-competencias-transversais-do-espirito-empresarial\/\" rel=\"bookmark\">\n            III. 1. De dentro para fora: o papel do mundo interior\t\t<\/a>\n    <\/h2>\n\n    <div class=\"entry-excerpt\">O que s\u00e3o compet\u00eancias transversais e porque \u00e9 que nos devemos preocupar com elas? Qual \u00e9 a mais-valia da autorreflex\u00e3o e ser\u00e1 que ela acontece FORA do gabinete do terapeuta?<\/div><a class=\"entry-button\" href=\"https:\/\/www.sassi-llc.eu\/class\/iii-1-as-competencias-transversais-do-espirito-empresarial\/\">Ler mais<svg width=\"17px\" height=\"17px\" viewBox=\"0 0 32 32\" fill=\"currentColor\"><path d=\"M 21.1875 9.28125 L 19.78125 10.71875 L 24.0625 15 L 4 15 L 4 17 L 24.0625 17 L 19.78125 21.28125 L 21.1875 22.71875 L 27.90625 16 Z \"><\/path><\/svg><span class=\"screen-reader-text\">III. 1. De dentro para fora: o papel do mundo interior<\/span><\/a><\/article><article class=\"entry-card post-1942 class type-class status-publish format-standard has-post-thumbnail hentry en-GB\" data-reveal=\"yes:2\"><a class=\"ct-media-container\" href=\"https:\/\/www.sassi-llc.eu\/class\/iii-2-o-cavaleiro-e-o-elefante-o-motor-por-detras-das-competencias-transversais\/\" aria-label=\"III. 2. O cavaleiro e o elefante \u2013 o motor por detr\u00e1s das compet\u00eancias transversais\" tabindex=\"-1\"><img decoding=\"async\" width=\"768\" height=\"512\" src=\"https:\/\/www.sassi-llc.eu\/wp-content\/uploads\/2022\/12\/birds-view-on-a-desk-with-a-computer-and-a-keyboard-hands-of-a-older-persons-typing.jpeg\" class=\"attachment-medium_large size-medium_large wp-post-image\" alt=\"\" loading=\"lazy\" srcset=\"https:\/\/www.sassi-llc.eu\/wp-content\/uploads\/2022\/12\/birds-view-on-a-desk-with-a-computer-and-a-keyboard-hands-of-a-older-persons-typing.jpeg 768w, https:\/\/www.sassi-llc.eu\/wp-content\/uploads\/2022\/12\/birds-view-on-a-desk-with-a-computer-and-a-keyboard-hands-of-a-older-persons-typing-300x300.jpeg 300w, https:\/\/www.sassi-llc.eu\/wp-content\/uploads\/2022\/12\/birds-view-on-a-desk-with-a-computer-and-a-keyboard-hands-of-a-older-persons-typing-150x150.jpeg 1024w, https:\/\/www.sassi-llc.eu\/wp-content\/uploads\/2022\/12\/birds-view-on-a-desk-with-a-computer-and-a-keyboard-hands-of-a-older-persons-typing.jpeg 1536w, https:\/\/www.sassi-llc.eu\/wp-content\/uploads\/2022\/12\/birds-view-on-a-desk-with-a-computer-and-a-keyboard-hands-of-a-older-persons-typing.jpeg 1920w\" sizes=\"auto, (max-width: 768px) 100vw, 768px\" itemprop=\"image\" style=\"aspect-ratio: 4\/3;\"><\/a>\n    <h2 class=\"entry-title\">\n        <a href=\"https:\/\/www.sassi-llc.eu\/class\/iii-2-o-cavaleiro-e-o-elefante-o-motor-por-detras-das-competencias-transversais\/\" rel=\"bookmark\">\n            III. 2. O cavaleiro e o elefante \u2013 o motor por detr\u00e1s das compet\u00eancias transversais\t\t<\/a>\n    <\/h2>\n\n    <div class=\"entry-excerpt\">Qual \u00e9 o \u00f3rg\u00e3o mais pregui\u00e7oso do nosso corpo e como lidar com ele?\n<\/div><a class=\"entry-button\" href=\"https:\/\/www.sassi-llc.eu\/class\/iii-2-o-cavaleiro-e-o-elefante-o-motor-por-detras-das-competencias-transversais\/\">Ler mais<svg width=\"17px\" height=\"17px\" viewBox=\"0 0 32 32\" fill=\"currentColor\"><path d=\"M 21.1875 9.28125 L 19.78125 10.71875 L 24.0625 15 L 4 15 L 4 17 L 24.0625 17 L 19.78125 21.28125 L 21.1875 22.71875 L 27.90625 16 Z \"><\/path><\/svg><span class=\"screen-reader-text\">III. 2. O cavaleiro e o elefante \u2013 o motor por detr\u00e1s das compet\u00eancias transversais<\/span><\/a><\/article><article class=\"entry-card post-1943 class type-class status-publish format-standard has-post-thumbnail hentry en-GB\" data-reveal=\"yes:3\"><a class=\"ct-media-container\" href=\"https:\/\/www.sassi-llc.eu\/class\/iii-3-olderpreneurship-medo-e-resistencia\/\" aria-label=\"III. 3. Empreendedorismo S\u00e9nior, medo e resist\u00eancia \u2013 como nos tornarmos mestres da mudan\u00e7a\" tabindex=\"-1\"><img decoding=\"async\" width=\"768\" height=\"512\" src=\"https:\/\/www.sassi-llc.eu\/wp-content\/uploads\/2022\/12\/older-person-barely-visible-behind-a-book-reading-business-casual.jpeg\" class=\"attachment-medium_large size-medium_large wp-post-image\" alt=\"behind books, studying\" loading=\"lazy\" srcset=\"https:\/\/www.sassi-llc.eu\/wp-content\/uploads\/2022\/12\/older-person-barely-visible-behind-a-book-reading-business-casual.jpeg 768w, https:\/\/www.sassi-llc.eu\/wp-content\/uploads\/2022\/12\/older-person-barely-visible-behind-a-book-reading-business-casual-300x300.jpeg 300w, https:\/\/www.sassi-llc.eu\/wp-content\/uploads\/2022\/12\/older-person-barely-visible-behind-a-book-reading-business-casual-150x150.jpeg 1024w, https:\/\/www.sassi-llc.eu\/wp-content\/uploads\/2022\/12\/older-person-barely-visible-behind-a-book-reading-business-casual.jpeg 1536w, https:\/\/www.sassi-llc.eu\/wp-content\/uploads\/2022\/12\/older-person-barely-visible-behind-a-book-reading-business-casual.jpeg 1920w\" sizes=\"auto, (max-width: 768px) 100vw, 768px\" itemprop=\"image\" style=\"aspect-ratio: 4\/3;\"><\/a>\n    <h2 class=\"entry-title\">\n        <a href=\"https:\/\/www.sassi-llc.eu\/class\/iii-3-olderpreneurship-medo-e-resistencia\/\" rel=\"bookmark\">\n            III. 3. Empreendedorismo S\u00e9nior, medo e resist\u00eancia \u2013 como nos tornarmos mestres da mudan\u00e7a\t\t<\/a>\n    <\/h2>\n\n    <div class=\"entry-excerpt\">Aprenda a tornar-se um mestre da mudan\u00e7a, gerindo a ansiedade e o medo de novos empreendimentos. Incluindo uma atividade pr\u00e1tica.<\/div><a class=\"entry-button\" href=\"https:\/\/www.sassi-llc.eu\/class\/iii-3-olderpreneurship-medo-e-resistencia\/\">Ler mais<svg width=\"17px\" height=\"17px\" viewBox=\"0 0 32 32\" fill=\"currentColor\"><path d=\"M 21.1875 9.28125 L 19.78125 10.71875 L 24.0625 15 L 4 15 L 4 17 L 24.0625 17 L 19.78125 21.28125 L 21.1875 22.71875 L 27.90625 16 Z \"><\/path><\/svg><span class=\"screen-reader-text\">III. 3. Empreendedorismo S\u00e9nior, medo e resist\u00eancia \u2013 como nos tornarmos mestres da mudan\u00e7a<\/span><\/a><\/article><article class=\"entry-card post-1944 class type-class status-publish format-standard has-post-thumbnail hentry en-GB\" data-reveal=\"yes:4\"><a class=\"ct-media-container\" href=\"https:\/\/www.sassi-llc.eu\/class\/iii-4-avaliacao-das-competencias-transversais\/\" aria-label=\"III. 4. Avaliar as compet\u00eancias transversais\" tabindex=\"-1\"><img decoding=\"async\" width=\"768\" height=\"512\" src=\"https:\/\/www.sassi-llc.eu\/wp-content\/uploads\/2022\/12\/evaluationg-soft-skills-old-person-i60-years-business-casual-in-cafe.jpeg\" class=\"attachment-medium_large size-medium_large wp-post-image\" alt=\"Cappuccino and Smartphone\" loading=\"lazy\" srcset=\"https:\/\/www.sassi-llc.eu\/wp-content\/uploads\/2022\/12\/evaluationg-soft-skills-old-person-i60-years-business-casual-in-cafe.jpeg 768w, https:\/\/www.sassi-llc.eu\/wp-content\/uploads\/2022\/12\/evaluationg-soft-skills-old-person-i60-years-business-casual-in-cafe-300x300.jpeg 300w, https:\/\/www.sassi-llc.eu\/wp-content\/uploads\/2022\/12\/evaluationg-soft-skills-old-person-i60-years-business-casual-in-cafe-150x150.jpeg 1024w, https:\/\/www.sassi-llc.eu\/wp-content\/uploads\/2022\/12\/evaluationg-soft-skills-old-person-i60-years-business-casual-in-cafe.jpeg 1536w, https:\/\/www.sassi-llc.eu\/wp-content\/uploads\/2022\/12\/evaluationg-soft-skills-old-person-i60-years-business-casual-in-cafe.jpeg 1920w\" sizes=\"auto, (max-width: 768px) 100vw, 768px\" itemprop=\"image\" style=\"aspect-ratio: 4\/3;\"><\/a>\n    <h2 class=\"entry-title\">\n        <a href=\"https:\/\/www.sassi-llc.eu\/class\/iii-4-avaliacao-das-competencias-transversais\/\" rel=\"bookmark\">\n            III. 4. Avaliar as compet\u00eancias transversais\t\t<\/a>\n    <\/h2>\n\n    <div class=\"entry-excerpt\">Ser\u00e1 que conhe\u00e7o todos os lados do diamante? Refletir sobre experi\u00eancias passadas.<\/div><a class=\"entry-button\" href=\"https:\/\/www.sassi-llc.eu\/class\/iii-4-avaliacao-das-competencias-transversais\/\">Ler mais<svg width=\"17px\" height=\"17px\" viewBox=\"0 0 32 32\" fill=\"currentColor\"><path d=\"M 21.1875 9.28125 L 19.78125 10.71875 L 24.0625 15 L 4 15 L 4 17 L 24.0625 17 L 19.78125 21.28125 L 21.1875 22.71875 L 27.90625 16 Z \"><\/path><\/svg><span class=\"screen-reader-text\">III. 4. Avaliar as compet\u00eancias transversais<\/span><\/a><\/article><\/div><\/div>\n","protected":false},"excerpt":{"rendered":"<p>III. 1. De dentro para fora: o papel do mundo interior O que s\u00e3o compet\u00eancias transversais e porque \u00e9 que nos devemos preocupar com elas? Qual \u00e9 a mais-valia da autorreflex\u00e3o e ser\u00e1 que ela acontece FORA do gabinete do terapeuta? Ler maisIII. 1. De dentro para fora: o papel do mundo interior III. 2. [&hellip;]<\/p>\n","protected":false},"author":4,"featured_media":4541,"parent":1528,"menu_order":3,"comment_status":"closed","ping_status":"closed","template":"","meta":{"inline_featured_image":false,"_locale":"pt_PT","_original_post":"https:\/\/www.sassi-llc.eu\/?page_id=2431","footnotes":""},"class_list":["post-2480","page","type-page","status-publish","has-post-thumbnail","hentry","pt-PT"],"blocksy_meta":[],"_links":{"self":[{"href":"https:\/\/www.sassi-llc.eu\/wp-json\/wp\/v2\/pages\/2480","targetHints":{"allow":["GET"]}}],"collection":[{"href":"https:\/\/www.sassi-llc.eu\/wp-json\/wp\/v2\/pages"}],"about":[{"href":"https:\/\/www.sassi-llc.eu\/wp-json\/wp\/v2\/types\/page"}],"author":[{"embeddable":true,"href":"https:\/\/www.sassi-llc.eu\/wp-json\/wp\/v2\/users\/4"}],"replies":[{"embeddable":true,"href":"https:\/\/www.sassi-llc.eu\/wp-json\/wp\/v2\/comments?post=2480"}],"version-history":[{"count":3,"href":"https:\/\/www.sassi-llc.eu\/wp-json\/wp\/v2\/pages\/2480\/revisions"}],"predecessor-version":[{"id":3460,"href":"https:\/\/www.sassi-llc.eu\/wp-json\/wp\/v2\/pages\/2480\/revisions\/3460"}],"up":[{"embeddable":true,"href":"https:\/\/www.sassi-llc.eu\/wp-json\/wp\/v2\/pages\/1528"}],"wp:featuredmedia":[{"embeddable":true,"href":"https:\/\/www.sassi-llc.eu\/wp-json\/wp\/v2\/media\/4541"}],"wp:attachment":[{"href":"https:\/\/www.sassi-llc.eu\/wp-json\/wp\/v2\/media?parent=2480"}],"curies":[{"name":"wp","href":"https:\/\/api.w.org\/{rel}","templated":true}]}}