{"id":2482,"date":"2023-10-17T20:02:50","date_gmt":"2023-10-17T20:02:50","guid":{"rendered":"https:\/\/www.sassi-llc.eu\/?page_id=2482"},"modified":"2024-08-28T08:25:57","modified_gmt":"2024-08-28T08:25:57","slug":"chapter-iv-from-ideas-to-practice-hard-business-skills","status":"publish","type":"page","link":"https:\/\/www.sassi-llc.eu\/pt\/courses\/course-olderpreneurship\/chapter-iv-from-ideas-to-practice-hard-business-skills\/","title":{"rendered":"Cap\u00edtulo IV \u2013 Das ideias \u00e0 pr\u00e1tica: compet\u00eancias empresariais t\u00e9cnicas"},"content":{"rendered":"\n<div class=\"ct-posts-shortcode\" data-prefix=\"class_archive\"><div class=\"entries\" data-archive=\"default\" data-layout=\"grid\" data-cards=\"simple\"><article class=\"entry-card post-1945 class type-class status-publish format-standard has-post-thumbnail hentry en-GB\" data-reveal=\"yes:1\"><a class=\"ct-media-container\" href=\"https:\/\/www.sassi-llc.eu\/class\/iv-1-das-ideias-a-pratica-competencias-empresariais-dificeis\/\" aria-label=\"IV. 1. \u2013 Das ideias \u00e0 pr\u00e1tica: compet\u00eancias empresariais t\u00e9cnicas\" tabindex=\"-1\"><img decoding=\"async\" width=\"768\" height=\"513\" src=\"https:\/\/www.sassi-llc.eu\/wp-content\/uploads\/2023\/08\/open-suitcase-with-stationary-paper-pens-no-text.jpeg\" class=\"attachment-medium_large size-medium_large wp-post-image\" alt=\"suitcase with moderation and planning tools\" loading=\"lazy\" srcset=\"https:\/\/www.sassi-llc.eu\/wp-content\/uploads\/2023\/08\/open-suitcase-with-stationary-paper-pens-no-text.jpeg 768w, https:\/\/www.sassi-llc.eu\/wp-content\/uploads\/2023\/08\/open-suitcase-with-stationary-paper-pens-no-text-300x300.jpeg 300w, https:\/\/www.sassi-llc.eu\/wp-content\/uploads\/2023\/08\/open-suitcase-with-stationary-paper-pens-no-text-150x150.jpeg 1024w, https:\/\/www.sassi-llc.eu\/wp-content\/uploads\/2023\/08\/open-suitcase-with-stationary-paper-pens-no-text.jpeg 1536w, https:\/\/www.sassi-llc.eu\/wp-content\/uploads\/2023\/08\/open-suitcase-with-stationary-paper-pens-no-text.jpeg 1920w\" sizes=\"auto, (max-width: 768px) 100vw, 768px\" itemprop=\"image\" style=\"aspect-ratio: 4\/3;\"><\/a>\n    <h2 class=\"entry-title\">\n        <a href=\"https:\/\/www.sassi-llc.eu\/class\/iv-1-das-ideias-a-pratica-competencias-empresariais-dificeis\/\" rel=\"bookmark\">\n            IV. 1. \u2013 Das ideias \u00e0 pr\u00e1tica: compet\u00eancias empresariais t\u00e9cnicas\t\t<\/a>\n    <\/h2>\n\n    <div class=\"entry-excerpt\">Fica a conhecer o conceito de design thinking e a raz\u00e3o do seu sucesso.<\/div><a class=\"entry-button\" href=\"https:\/\/www.sassi-llc.eu\/class\/iv-1-das-ideias-a-pratica-competencias-empresariais-dificeis\/\">Ler mais<svg width=\"17px\" height=\"17px\" viewBox=\"0 0 32 32\" fill=\"currentColor\"><path d=\"M 21.1875 9.28125 L 19.78125 10.71875 L 24.0625 15 L 4 15 L 4 17 L 24.0625 17 L 19.78125 21.28125 L 21.1875 22.71875 L 27.90625 16 Z \"><\/path><\/svg><span class=\"screen-reader-text\">IV. 1. \u2013 Das ideias \u00e0 pr\u00e1tica: compet\u00eancias empresariais t\u00e9cnicas<\/span><\/a><\/article><article class=\"entry-card post-1946 class type-class status-publish format-standard has-post-thumbnail hentry en-GB\" data-reveal=\"yes:2\"><a class=\"ct-media-container\" href=\"https:\/\/www.sassi-llc.eu\/class\/iv-2-das-ideias-a-pratica-competencias-empresariais-dificeis\/\" aria-label=\"IV. 2. Das ideias \u00e0 pr\u00e1tica: compet\u00eancias empresariais t\u00e9cnicas\" tabindex=\"-1\"><img decoding=\"async\" width=\"768\" height=\"512\" src=\"https:\/\/www.sassi-llc.eu\/wp-content\/uploads\/2023\/08\/three-stacks-of-coins.jpeg\" class=\"attachment-medium_large size-medium_large wp-post-image\" alt=\"stacked coins\" loading=\"lazy\" srcset=\"https:\/\/www.sassi-llc.eu\/wp-content\/uploads\/2023\/08\/three-stacks-of-coins.jpeg 768w, https:\/\/www.sassi-llc.eu\/wp-content\/uploads\/2023\/08\/three-stacks-of-coins-300x300.jpeg 300w, https:\/\/www.sassi-llc.eu\/wp-content\/uploads\/2023\/08\/three-stacks-of-coins-150x150.jpeg 1024w, https:\/\/www.sassi-llc.eu\/wp-content\/uploads\/2023\/08\/three-stacks-of-coins.jpeg 1536w, https:\/\/www.sassi-llc.eu\/wp-content\/uploads\/2023\/08\/three-stacks-of-coins.jpeg 1920w\" sizes=\"auto, (max-width: 768px) 100vw, 768px\" itemprop=\"image\" style=\"aspect-ratio: 4\/3;\"><\/a>\n    <h2 class=\"entry-title\">\n        <a href=\"https:\/\/www.sassi-llc.eu\/class\/iv-2-das-ideias-a-pratica-competencias-empresariais-dificeis\/\" rel=\"bookmark\">\n            IV. 2. Das ideias \u00e0 pr\u00e1tica: compet\u00eancias empresariais t\u00e9cnicas\t\t<\/a>\n    <\/h2>\n\n    <div class=\"entry-excerpt\">Ser capaz de visualizar, analisar e avaliar o potencial da sua ideia de neg\u00f3cio e conceber um modelo de neg\u00f3cio de qualquer tipo de organiza\u00e7\u00e3o.<\/div><a class=\"entry-button\" href=\"https:\/\/www.sassi-llc.eu\/class\/iv-2-das-ideias-a-pratica-competencias-empresariais-dificeis\/\">Ler mais<svg width=\"17px\" height=\"17px\" viewBox=\"0 0 32 32\" fill=\"currentColor\"><path d=\"M 21.1875 9.28125 L 19.78125 10.71875 L 24.0625 15 L 4 15 L 4 17 L 24.0625 17 L 19.78125 21.28125 L 21.1875 22.71875 L 27.90625 16 Z \"><\/path><\/svg><span class=\"screen-reader-text\">IV. 2. Das ideias \u00e0 pr\u00e1tica: compet\u00eancias empresariais t\u00e9cnicas<\/span><\/a><\/article><article class=\"entry-card post-1947 class type-class status-publish format-standard has-post-thumbnail hentry en-GB\" data-reveal=\"yes:3\"><a class=\"ct-media-container\" href=\"https:\/\/www.sassi-llc.eu\/class\/iv-3-financiar-a-minha-empresa-principios-basicos\/\" aria-label=\"IV. 3. Financiamento do meu neg\u00f3cio: quest\u00f5es fundamentais\" tabindex=\"-1\"><img decoding=\"async\" width=\"768\" height=\"513\" src=\"https:\/\/www.sassi-llc.eu\/wp-content\/uploads\/2023\/08\/happy-couple-in-their-midfifties-reading-on-one-tablet-business-casual.jpeg\" class=\"attachment-medium_large size-medium_large wp-post-image\" alt=\"\" loading=\"lazy\" srcset=\"https:\/\/www.sassi-llc.eu\/wp-content\/uploads\/2023\/08\/happy-couple-in-their-midfifties-reading-on-one-tablet-business-casual.jpeg 768w, https:\/\/www.sassi-llc.eu\/wp-content\/uploads\/2023\/08\/happy-couple-in-their-midfifties-reading-on-one-tablet-business-casual-300x300.jpeg 300w, https:\/\/www.sassi-llc.eu\/wp-content\/uploads\/2023\/08\/happy-couple-in-their-midfifties-reading-on-one-tablet-business-casual-150x150.jpeg 1024w, https:\/\/www.sassi-llc.eu\/wp-content\/uploads\/2023\/08\/happy-couple-in-their-midfifties-reading-on-one-tablet-business-casual.jpeg 1536w, https:\/\/www.sassi-llc.eu\/wp-content\/uploads\/2023\/08\/happy-couple-in-their-midfifties-reading-on-one-tablet-business-casual.jpeg 2048w\" sizes=\"auto, (max-width: 768px) 100vw, 768px\" itemprop=\"image\" style=\"aspect-ratio: 4\/3;\"><\/a>\n    <h2 class=\"entry-title\">\n        <a href=\"https:\/\/www.sassi-llc.eu\/class\/iv-3-financiar-a-minha-empresa-principios-basicos\/\" rel=\"bookmark\">\n            IV. 3. Financiamento do meu neg\u00f3cio: quest\u00f5es fundamentais\t\t<\/a>\n    <\/h2>\n\n    <div class=\"entry-excerpt\">Aprender sobre os diferentes tipos de financiamento, dependendo da fase da sua atividade e conhecer os empr\u00e9stimos banc\u00e1rios dispon\u00edveis.<\/div><a class=\"entry-button\" href=\"https:\/\/www.sassi-llc.eu\/class\/iv-3-financiar-a-minha-empresa-principios-basicos\/\">Ler mais<svg width=\"17px\" height=\"17px\" viewBox=\"0 0 32 32\" fill=\"currentColor\"><path d=\"M 21.1875 9.28125 L 19.78125 10.71875 L 24.0625 15 L 4 15 L 4 17 L 24.0625 17 L 19.78125 21.28125 L 21.1875 22.71875 L 27.90625 16 Z \"><\/path><\/svg><span class=\"screen-reader-text\">IV. 3. Financiamento do meu neg\u00f3cio: quest\u00f5es fundamentais<\/span><\/a><\/article><article class=\"entry-card post-1948 class type-class status-publish format-standard has-post-thumbnail hentry en-GB\" data-reveal=\"yes:4\"><a class=\"ct-media-container\" href=\"https:\/\/www.sassi-llc.eu\/class\/iv-4-aspectos-juridicos-da-criacao-de-uma-empresa-fundamentos\/\" aria-label=\"IV. 4. Aspetos jur\u00eddicos da cria\u00e7\u00e3o de uma empresa: fundamentos\" tabindex=\"-1\"><img decoding=\"async\" width=\"768\" height=\"512\" src=\"https:\/\/www.sassi-llc.eu\/wp-content\/uploads\/2023\/08\/laptop-on-a-wooden-desk-and-a-book-no-text.jpeg\" class=\"attachment-medium_large size-medium_large wp-post-image\" alt=\"desk with laptop from above, man typing\" loading=\"lazy\" srcset=\"https:\/\/www.sassi-llc.eu\/wp-content\/uploads\/2023\/08\/laptop-on-a-wooden-desk-and-a-book-no-text.jpeg 768w, https:\/\/www.sassi-llc.eu\/wp-content\/uploads\/2023\/08\/laptop-on-a-wooden-desk-and-a-book-no-text-300x300.jpeg 300w, https:\/\/www.sassi-llc.eu\/wp-content\/uploads\/2023\/08\/laptop-on-a-wooden-desk-and-a-book-no-text-150x150.jpeg 1024w, https:\/\/www.sassi-llc.eu\/wp-content\/uploads\/2023\/08\/laptop-on-a-wooden-desk-and-a-book-no-text.jpeg 1536w, https:\/\/www.sassi-llc.eu\/wp-content\/uploads\/2023\/08\/laptop-on-a-wooden-desk-and-a-book-no-text.jpeg 1920w\" sizes=\"auto, (max-width: 768px) 100vw, 768px\" itemprop=\"image\" style=\"aspect-ratio: 4\/3;\"><\/a>\n    <h2 class=\"entry-title\">\n        <a href=\"https:\/\/www.sassi-llc.eu\/class\/iv-4-aspectos-juridicos-da-criacao-de-uma-empresa-fundamentos\/\" rel=\"bookmark\">\n            IV. 4. Aspetos jur\u00eddicos da cria\u00e7\u00e3o de uma empresa: fundamentos\t\t<\/a>\n    <\/h2>\n\n    <div class=\"entry-excerpt\">Familiarizar-se com os requisitos legais para criar uma empresa no seu pa\u00eds e dominar os termos-chave mais importantes.<\/div><a class=\"entry-button\" href=\"https:\/\/www.sassi-llc.eu\/class\/iv-4-aspectos-juridicos-da-criacao-de-uma-empresa-fundamentos\/\">Ler mais<svg width=\"17px\" height=\"17px\" viewBox=\"0 0 32 32\" fill=\"currentColor\"><path d=\"M 21.1875 9.28125 L 19.78125 10.71875 L 24.0625 15 L 4 15 L 4 17 L 24.0625 17 L 19.78125 21.28125 L 21.1875 22.71875 L 27.90625 16 Z \"><\/path><\/svg><span class=\"screen-reader-text\">IV. 4. Aspetos jur\u00eddicos da cria\u00e7\u00e3o de uma empresa: fundamentos<\/span><\/a><\/article><\/div><\/div>\n","protected":false},"excerpt":{"rendered":"<p>IV. 1. \u2013 Das ideias \u00e0 pr\u00e1tica: compet\u00eancias empresariais t\u00e9cnicas Fica a conhecer o conceito de design thinking e a raz\u00e3o do seu sucesso. Ler maisIV. 1. \u2013 Das ideias \u00e0 pr\u00e1tica: compet\u00eancias empresariais t\u00e9cnicas IV. 2. Das ideias \u00e0 pr\u00e1tica: compet\u00eancias empresariais t\u00e9cnicas Ser capaz de visualizar, analisar e avaliar o potencial da sua [&hellip;]<\/p>\n","protected":false},"author":4,"featured_media":4542,"parent":1528,"menu_order":4,"comment_status":"closed","ping_status":"closed","template":"","meta":{"inline_featured_image":false,"_locale":"pt_PT","_original_post":"https:\/\/www.sassi-llc.eu\/?page_id=2433","footnotes":""},"class_list":["post-2482","page","type-page","status-publish","has-post-thumbnail","hentry","pt-PT"],"blocksy_meta":[],"_links":{"self":[{"href":"https:\/\/www.sassi-llc.eu\/wp-json\/wp\/v2\/pages\/2482","targetHints":{"allow":["GET"]}}],"collection":[{"href":"https:\/\/www.sassi-llc.eu\/wp-json\/wp\/v2\/pages"}],"about":[{"href":"https:\/\/www.sassi-llc.eu\/wp-json\/wp\/v2\/types\/page"}],"author":[{"embeddable":true,"href":"https:\/\/www.sassi-llc.eu\/wp-json\/wp\/v2\/users\/4"}],"replies":[{"embeddable":true,"href":"https:\/\/www.sassi-llc.eu\/wp-json\/wp\/v2\/comments?post=2482"}],"version-history":[{"count":3,"href":"https:\/\/www.sassi-llc.eu\/wp-json\/wp\/v2\/pages\/2482\/revisions"}],"predecessor-version":[{"id":3461,"href":"https:\/\/www.sassi-llc.eu\/wp-json\/wp\/v2\/pages\/2482\/revisions\/3461"}],"up":[{"embeddable":true,"href":"https:\/\/www.sassi-llc.eu\/wp-json\/wp\/v2\/pages\/1528"}],"wp:featuredmedia":[{"embeddable":true,"href":"https:\/\/www.sassi-llc.eu\/wp-json\/wp\/v2\/media\/4542"}],"wp:attachment":[{"href":"https:\/\/www.sassi-llc.eu\/wp-json\/wp\/v2\/media?parent=2482"}],"curies":[{"name":"wp","href":"https:\/\/api.w.org\/{rel}","templated":true}]}}