{"id":2484,"date":"2023-10-17T20:04:49","date_gmt":"2023-10-17T20:04:49","guid":{"rendered":"https:\/\/www.sassi-llc.eu\/?page_id=2484"},"modified":"2024-08-28T08:28:11","modified_gmt":"2024-08-28T08:28:11","slug":"chapter-v-going-digital","status":"publish","type":"page","link":"https:\/\/www.sassi-llc.eu\/pt\/courses\/course-olderpreneurship\/chapter-v-going-digital\/","title":{"rendered":"Cap\u00edtulo V \u2013 Como se tornar digital"},"content":{"rendered":"\n<div class=\"ct-posts-shortcode\" data-prefix=\"class_archive\"><div class=\"entries\" data-archive=\"default\" data-layout=\"grid\" data-cards=\"simple\"><article class=\"entry-card post-1952 class type-class status-publish format-standard has-post-thumbnail hentry en-GB\" data-reveal=\"yes:1\"><a class=\"ct-media-container\" href=\"https:\/\/www.sassi-llc.eu\/class\/v-1-o-mundo-digital\/\" aria-label=\"V. 1. O Mundo do Digital\" tabindex=\"-1\"><img decoding=\"async\" width=\"768\" height=\"512\" src=\"https:\/\/www.sassi-llc.eu\/wp-content\/uploads\/2023\/05\/two-ladies-in-their-60ies-with-one-lady-explaining-her-friend-something-on-a-whiteboard-business-casual-no-text.jpeg\" class=\"attachment-medium_large size-medium_large wp-post-image\" alt=\"celebrating people\" loading=\"lazy\" srcset=\"https:\/\/www.sassi-llc.eu\/wp-content\/uploads\/2023\/05\/two-ladies-in-their-60ies-with-one-lady-explaining-her-friend-something-on-a-whiteboard-business-casual-no-text.jpeg 768w, https:\/\/www.sassi-llc.eu\/wp-content\/uploads\/2023\/05\/two-ladies-in-their-60ies-with-one-lady-explaining-her-friend-something-on-a-whiteboard-business-casual-no-text-300x300.jpeg 300w, https:\/\/www.sassi-llc.eu\/wp-content\/uploads\/2023\/05\/two-ladies-in-their-60ies-with-one-lady-explaining-her-friend-something-on-a-whiteboard-business-casual-no-text-150x150.jpeg 1024w, https:\/\/www.sassi-llc.eu\/wp-content\/uploads\/2023\/05\/two-ladies-in-their-60ies-with-one-lady-explaining-her-friend-something-on-a-whiteboard-business-casual-no-text.jpeg 1536w, https:\/\/www.sassi-llc.eu\/wp-content\/uploads\/2023\/05\/two-ladies-in-their-60ies-with-one-lady-explaining-her-friend-something-on-a-whiteboard-business-casual-no-text.jpeg 2048w\" sizes=\"auto, (max-width: 768px) 100vw, 768px\" itemprop=\"image\" style=\"aspect-ratio: 4\/3;\"><\/a>\n    <h2 class=\"entry-title\">\n        <a href=\"https:\/\/www.sassi-llc.eu\/class\/v-1-o-mundo-digital\/\" rel=\"bookmark\">\n            V. 1. O Mundo do Digital\t\t<\/a>\n    <\/h2>\n\n    <div class=\"entry-excerpt\">Sabia que a transforma\u00e7\u00e3o digital \u00e9 uma das principais prioridades das pol\u00edticas Europeias?<\/div><a class=\"entry-button\" href=\"https:\/\/www.sassi-llc.eu\/class\/v-1-o-mundo-digital\/\">Ler mais<svg width=\"17px\" height=\"17px\" viewBox=\"0 0 32 32\" fill=\"currentColor\"><path d=\"M 21.1875 9.28125 L 19.78125 10.71875 L 24.0625 15 L 4 15 L 4 17 L 24.0625 17 L 19.78125 21.28125 L 21.1875 22.71875 L 27.90625 16 Z \"><\/path><\/svg><span class=\"screen-reader-text\">V. 1. O Mundo do Digital<\/span><\/a><\/article><article class=\"entry-card post-1951 class type-class status-publish format-standard has-post-thumbnail hentry en-GB\" data-reveal=\"yes:2\"><a class=\"ct-media-container\" href=\"https:\/\/www.sassi-llc.eu\/class\/v-2-modelos-de-negocio-digitais\/\" aria-label=\"V. 2. Modelos de neg\u00f3cio digital\" tabindex=\"-1\"><img decoding=\"async\" width=\"768\" height=\"512\" src=\"https:\/\/www.sassi-llc.eu\/wp-content\/uploads\/2023\/05\/digital-business-models-no-text.jpeg\" class=\"attachment-medium_large size-medium_large wp-post-image\" alt=\"digital business models\" loading=\"lazy\" srcset=\"https:\/\/www.sassi-llc.eu\/wp-content\/uploads\/2023\/05\/digital-business-models-no-text.jpeg 768w, https:\/\/www.sassi-llc.eu\/wp-content\/uploads\/2023\/05\/digital-business-models-no-text-300x300.jpeg 300w, https:\/\/www.sassi-llc.eu\/wp-content\/uploads\/2023\/05\/digital-business-models-no-text-150x150.jpeg 1024w, https:\/\/www.sassi-llc.eu\/wp-content\/uploads\/2023\/05\/digital-business-models-no-text.jpeg 1536w, https:\/\/www.sassi-llc.eu\/wp-content\/uploads\/2023\/05\/digital-business-models-no-text.jpeg 2048w\" sizes=\"auto, (max-width: 768px) 100vw, 768px\" itemprop=\"image\" style=\"aspect-ratio: 4\/3;\"><\/a>\n    <h2 class=\"entry-title\">\n        <a href=\"https:\/\/www.sassi-llc.eu\/class\/v-2-modelos-de-negocio-digitais\/\" rel=\"bookmark\">\n            V. 2. Modelos de neg\u00f3cio digital\t\t<\/a>\n    <\/h2>\n\n    <div class=\"entry-excerpt\">Se est\u00e1 a pensar em criar a sua pr\u00f3pria empresa, \u00e9 importante saber o que \u00e9 uma empresa digital!<\/div><a class=\"entry-button\" href=\"https:\/\/www.sassi-llc.eu\/class\/v-2-modelos-de-negocio-digitais\/\">Ler mais<svg width=\"17px\" height=\"17px\" viewBox=\"0 0 32 32\" fill=\"currentColor\"><path d=\"M 21.1875 9.28125 L 19.78125 10.71875 L 24.0625 15 L 4 15 L 4 17 L 24.0625 17 L 19.78125 21.28125 L 21.1875 22.71875 L 27.90625 16 Z \"><\/path><\/svg><span class=\"screen-reader-text\">V. 2. Modelos de neg\u00f3cio digital<\/span><\/a><\/article><article class=\"entry-card post-1950 class type-class status-publish format-standard has-post-thumbnail hentry en-GB\" data-reveal=\"yes:3\"><a class=\"ct-media-container\" href=\"https:\/\/www.sassi-llc.eu\/class\/v-3-construir-um-negocio-digital-de-sucesso\/\" aria-label=\"V. 3. Como construir um neg\u00f3cio digital de sucesso\" tabindex=\"-1\"><img decoding=\"async\" width=\"768\" height=\"1024\" src=\"https:\/\/www.sassi-llc.eu\/wp-content\/uploads\/2023\/05\/tough-lady-55-years-business-casual-making-a-phonecall-in-background-computerscreen-150x150.jpeg\" class=\"attachment-medium_large size-medium_large wp-post-image\" alt=\"senior with tablet and smartphone\" loading=\"lazy\" srcset=\"https:\/\/www.sassi-llc.eu\/wp-content\/uploads\/2023\/05\/tough-lady-55-years-business-casual-making-a-phonecall-in-background-computerscreen-150x150.jpeg 768w, https:\/\/www.sassi-llc.eu\/wp-content\/uploads\/2023\/05\/tough-lady-55-years-business-casual-making-a-phonecall-in-background-computerscreen-300x300.jpeg 225w, https:\/\/www.sassi-llc.eu\/wp-content\/uploads\/2023\/05\/tough-lady-55-years-business-casual-making-a-phonecall-in-background-computerscreen.jpeg 1152w, https:\/\/www.sassi-llc.eu\/wp-content\/uploads\/2023\/05\/tough-lady-55-years-business-casual-making-a-phonecall-in-background-computerscreen.jpeg 1207w\" sizes=\"auto, (max-width: 768px) 100vw, 768px\" itemprop=\"image\" style=\"aspect-ratio: 4\/3;\"><\/a>\n    <h2 class=\"entry-title\">\n        <a href=\"https:\/\/www.sassi-llc.eu\/class\/v-3-construir-um-negocio-digital-de-sucesso\/\" rel=\"bookmark\">\n            V. 3. Como construir um neg\u00f3cio digital de sucesso\t\t<\/a>\n    <\/h2>\n\n    <div class=\"entry-excerpt\">Os termos &#8220;estrat\u00e9gia digital&#8221; e &#8220;estrat\u00e9gia empresarial&#8221; n\u00e3o podem ser separados e, por isso, as organiza\u00e7\u00f5es precisam de trabalhar na sua estrat\u00e9gia empresarial digital.<\/div><a class=\"entry-button\" href=\"https:\/\/www.sassi-llc.eu\/class\/v-3-construir-um-negocio-digital-de-sucesso\/\">Ler mais<svg width=\"17px\" height=\"17px\" viewBox=\"0 0 32 32\" fill=\"currentColor\"><path d=\"M 21.1875 9.28125 L 19.78125 10.71875 L 24.0625 15 L 4 15 L 4 17 L 24.0625 17 L 19.78125 21.28125 L 21.1875 22.71875 L 27.90625 16 Z \"><\/path><\/svg><span class=\"screen-reader-text\">V. 3. Como construir um neg\u00f3cio digital de sucesso<\/span><\/a><\/article><article class=\"entry-card post-1949 class type-class status-publish format-standard has-post-thumbnail hentry en-GB\" data-reveal=\"yes:4\"><a class=\"ct-media-container\" href=\"https:\/\/www.sassi-llc.eu\/class\/v-4-casos-de-sucesso\/\" aria-label=\"V. 4. Casos de Sucesso\" tabindex=\"-1\"><img decoding=\"async\" width=\"768\" height=\"391\" src=\"https:\/\/www.sassi-llc.eu\/wp-content\/uploads\/2022\/12\/man-in-his-sixties-business-casual-sitting-on-a-modern-couch-reading-a-sports-bike-in-the-background.jpeg\" class=\"attachment-medium_large size-medium_large wp-post-image\" alt=\"Office-lady-and-bike\" loading=\"lazy\" srcset=\"https:\/\/www.sassi-llc.eu\/wp-content\/uploads\/2022\/12\/man-in-his-sixties-business-casual-sitting-on-a-modern-couch-reading-a-sports-bike-in-the-background.jpeg 768w, https:\/\/www.sassi-llc.eu\/wp-content\/uploads\/2022\/12\/man-in-his-sixties-business-casual-sitting-on-a-modern-couch-reading-a-sports-bike-in-the-background-300x300.jpeg 300w, https:\/\/www.sassi-llc.eu\/wp-content\/uploads\/2022\/12\/man-in-his-sixties-business-casual-sitting-on-a-modern-couch-reading-a-sports-bike-in-the-background-150x150.jpeg 1024w, https:\/\/www.sassi-llc.eu\/wp-content\/uploads\/2022\/12\/man-in-his-sixties-business-casual-sitting-on-a-modern-couch-reading-a-sports-bike-in-the-background.jpeg 1536w, https:\/\/www.sassi-llc.eu\/wp-content\/uploads\/2022\/12\/man-in-his-sixties-business-casual-sitting-on-a-modern-couch-reading-a-sports-bike-in-the-background.jpeg 2048w\" sizes=\"auto, (max-width: 768px) 100vw, 768px\" itemprop=\"image\" style=\"aspect-ratio: 4\/3;\"><\/a>\n    <h2 class=\"entry-title\">\n        <a href=\"https:\/\/www.sassi-llc.eu\/class\/v-4-casos-de-sucesso\/\" rel=\"bookmark\">\n            V. 4. Casos de Sucesso\t\t<\/a>\n    <\/h2>\n\n    <div class=\"entry-excerpt\">Inspire-se nos casos de sucesso de empreendedores s\u00e9niores, muitas empresas foram fundadas por empres\u00e1rios mais velhos.<\/div><a class=\"entry-button\" href=\"https:\/\/www.sassi-llc.eu\/class\/v-4-casos-de-sucesso\/\">Ler mais<svg width=\"17px\" height=\"17px\" viewBox=\"0 0 32 32\" fill=\"currentColor\"><path d=\"M 21.1875 9.28125 L 19.78125 10.71875 L 24.0625 15 L 4 15 L 4 17 L 24.0625 17 L 19.78125 21.28125 L 21.1875 22.71875 L 27.90625 16 Z \"><\/path><\/svg><span class=\"screen-reader-text\">V. 4. Casos de Sucesso<\/span><\/a><\/article><\/div><\/div>\n","protected":false},"excerpt":{"rendered":"<p>V. 1. O Mundo do Digital Sabia que a transforma\u00e7\u00e3o digital \u00e9 uma das principais prioridades das pol\u00edticas Europeias? Ler maisV. 1. O Mundo do Digital V. 2. Modelos de neg\u00f3cio digital Se est\u00e1 a pensar em criar a sua pr\u00f3pria empresa, \u00e9 importante saber o que \u00e9 uma empresa digital! Ler maisV. 2. Modelos [&hellip;]<\/p>\n","protected":false},"author":4,"featured_media":4540,"parent":1528,"menu_order":5,"comment_status":"closed","ping_status":"closed","template":"","meta":{"inline_featured_image":false,"_locale":"pt_PT","_original_post":"https:\/\/www.sassi-llc.eu\/?page_id=2437","footnotes":""},"class_list":["post-2484","page","type-page","status-publish","has-post-thumbnail","hentry","pt-PT"],"blocksy_meta":[],"_links":{"self":[{"href":"https:\/\/www.sassi-llc.eu\/wp-json\/wp\/v2\/pages\/2484","targetHints":{"allow":["GET"]}}],"collection":[{"href":"https:\/\/www.sassi-llc.eu\/wp-json\/wp\/v2\/pages"}],"about":[{"href":"https:\/\/www.sassi-llc.eu\/wp-json\/wp\/v2\/types\/page"}],"author":[{"embeddable":true,"href":"https:\/\/www.sassi-llc.eu\/wp-json\/wp\/v2\/users\/4"}],"replies":[{"embeddable":true,"href":"https:\/\/www.sassi-llc.eu\/wp-json\/wp\/v2\/comments?post=2484"}],"version-history":[{"count":4,"href":"https:\/\/www.sassi-llc.eu\/wp-json\/wp\/v2\/pages\/2484\/revisions"}],"predecessor-version":[{"id":4563,"href":"https:\/\/www.sassi-llc.eu\/wp-json\/wp\/v2\/pages\/2484\/revisions\/4563"}],"up":[{"embeddable":true,"href":"https:\/\/www.sassi-llc.eu\/wp-json\/wp\/v2\/pages\/1528"}],"wp:featuredmedia":[{"embeddable":true,"href":"https:\/\/www.sassi-llc.eu\/wp-json\/wp\/v2\/media\/4540"}],"wp:attachment":[{"href":"https:\/\/www.sassi-llc.eu\/wp-json\/wp\/v2\/media?parent=2484"}],"curies":[{"name":"wp","href":"https:\/\/api.w.org\/{rel}","templated":true}]}}