{"id":2486,"date":"2023-10-17T20:06:33","date_gmt":"2023-10-17T20:06:33","guid":{"rendered":"https:\/\/www.sassi-llc.eu\/?page_id=2486"},"modified":"2024-03-13T22:49:30","modified_gmt":"2024-03-13T22:49:30","slug":"chapter-vi-social-benefits-of-olderpreneurship","status":"publish","type":"page","link":"https:\/\/www.sassi-llc.eu\/pt\/courses\/course-olderpreneurship\/chapter-vi-social-benefits-of-olderpreneurship\/","title":{"rendered":"Cap\u00edtulo VI \u2013 Benef\u00edcios sociais do empreendedorismo s\u00e9nior"},"content":{"rendered":"\n<div class=\"ct-posts-shortcode\" data-prefix=\"class_archive\"><div class=\"entries\" data-archive=\"default\" data-layout=\"grid\" data-cards=\"simple\"><article class=\"entry-card post-1953 class type-class status-publish format-standard has-post-thumbnail hentry en-GB\" data-reveal=\"yes:1\"><a class=\"ct-media-container\" href=\"https:\/\/www.sassi-llc.eu\/class\/vi-1-descubra-os-seus-superpoderes\/\" aria-label=\"VI. 1. Descobre os teus super-poderes!\" tabindex=\"-1\"><img decoding=\"async\" width=\"768\" height=\"512\" src=\"https:\/\/www.sassi-llc.eu\/wp-content\/uploads\/2023\/05\/couple-in-their-sixties-business-casual-discovering-their-superpowers.jpeg\" class=\"attachment-medium_large size-medium_large wp-post-image\" alt=\"couple working at desk\" loading=\"lazy\" srcset=\"https:\/\/www.sassi-llc.eu\/wp-content\/uploads\/2023\/05\/couple-in-their-sixties-business-casual-discovering-their-superpowers.jpeg 768w, https:\/\/www.sassi-llc.eu\/wp-content\/uploads\/2023\/05\/couple-in-their-sixties-business-casual-discovering-their-superpowers-300x300.jpeg 300w, https:\/\/www.sassi-llc.eu\/wp-content\/uploads\/2023\/05\/couple-in-their-sixties-business-casual-discovering-their-superpowers-150x150.jpeg 1024w, https:\/\/www.sassi-llc.eu\/wp-content\/uploads\/2023\/05\/couple-in-their-sixties-business-casual-discovering-their-superpowers.jpeg 1536w, https:\/\/www.sassi-llc.eu\/wp-content\/uploads\/2023\/05\/couple-in-their-sixties-business-casual-discovering-their-superpowers.jpeg 2048w\" sizes=\"auto, (max-width: 768px) 100vw, 768px\" itemprop=\"image\" style=\"aspect-ratio: 4\/3;\"><\/a>\n    <h2 class=\"entry-title\">\n        <a href=\"https:\/\/www.sassi-llc.eu\/class\/vi-1-descubra-os-seus-superpoderes\/\" rel=\"bookmark\">\n            VI. 1. Descobre os teus super-poderes!\t\t<\/a>\n    <\/h2>\n\n    <div class=\"entry-excerpt\">Reflita sobre os seus valores e pontos fortes pessoais que o podem levar a tornar-se um empreendedor s\u00e9nior.<\/div><a class=\"entry-button\" href=\"https:\/\/www.sassi-llc.eu\/class\/vi-1-descubra-os-seus-superpoderes\/\">Ler mais<svg width=\"17px\" height=\"17px\" viewBox=\"0 0 32 32\" fill=\"currentColor\"><path d=\"M 21.1875 9.28125 L 19.78125 10.71875 L 24.0625 15 L 4 15 L 4 17 L 24.0625 17 L 19.78125 21.28125 L 21.1875 22.71875 L 27.90625 16 Z \"><\/path><\/svg><span class=\"screen-reader-text\">VI. 1. Descobre os teus super-poderes!<\/span><\/a><\/article><article class=\"entry-card post-1954 class type-class status-publish format-standard has-post-thumbnail hentry en-GB\" data-reveal=\"yes:2\"><a class=\"ct-media-container\" href=\"https:\/\/www.sassi-llc.eu\/class\/vi-2-beneficios-sociais-do-empreendedorismo-na-terceira-idade-responsabilidade-social\/\" aria-label=\"VI. 2. Responsabilidade Social\" tabindex=\"-1\"><img decoding=\"async\" width=\"768\" height=\"512\" src=\"https:\/\/www.sassi-llc.eu\/wp-content\/uploads\/2023\/05\/60-year-old-diverse-people-who-are-networking-at-a-table-business-casual.jpeg\" class=\"attachment-medium_large size-medium_large wp-post-image\" alt=\"seniors networking\" loading=\"lazy\" srcset=\"https:\/\/www.sassi-llc.eu\/wp-content\/uploads\/2023\/05\/60-year-old-diverse-people-who-are-networking-at-a-table-business-casual.jpeg 768w, https:\/\/www.sassi-llc.eu\/wp-content\/uploads\/2023\/05\/60-year-old-diverse-people-who-are-networking-at-a-table-business-casual-300x300.jpeg 300w, https:\/\/www.sassi-llc.eu\/wp-content\/uploads\/2023\/05\/60-year-old-diverse-people-who-are-networking-at-a-table-business-casual-150x150.jpeg 1024w, https:\/\/www.sassi-llc.eu\/wp-content\/uploads\/2023\/05\/60-year-old-diverse-people-who-are-networking-at-a-table-business-casual.jpeg 1536w, https:\/\/www.sassi-llc.eu\/wp-content\/uploads\/2023\/05\/60-year-old-diverse-people-who-are-networking-at-a-table-business-casual.jpeg 2048w\" sizes=\"auto, (max-width: 768px) 100vw, 768px\" itemprop=\"image\" style=\"aspect-ratio: 4\/3;\"><\/a>\n    <h2 class=\"entry-title\">\n        <a href=\"https:\/\/www.sassi-llc.eu\/class\/vi-2-beneficios-sociais-do-empreendedorismo-na-terceira-idade-responsabilidade-social\/\" rel=\"bookmark\">\n            VI. 2. Responsabilidade Social\t\t<\/a>\n    <\/h2>\n\n    <div class=\"entry-excerpt\">As empresas devem preocupar-se com o bem-estar da sociedade e estar atentas \u00e0 forma como as suas ac\u00e7\u00f5es podem afetar a sociedade no seu conjunto.<\/div><a class=\"entry-button\" href=\"https:\/\/www.sassi-llc.eu\/class\/vi-2-beneficios-sociais-do-empreendedorismo-na-terceira-idade-responsabilidade-social\/\">Ler mais<svg width=\"17px\" height=\"17px\" viewBox=\"0 0 32 32\" fill=\"currentColor\"><path d=\"M 21.1875 9.28125 L 19.78125 10.71875 L 24.0625 15 L 4 15 L 4 17 L 24.0625 17 L 19.78125 21.28125 L 21.1875 22.71875 L 27.90625 16 Z \"><\/path><\/svg><span class=\"screen-reader-text\">VI. 2. Responsabilidade Social<\/span><\/a><\/article><article class=\"entry-card post-1955 class type-class status-publish format-standard has-post-thumbnail hentry en-GB\" data-reveal=\"yes:3\"><a class=\"ct-media-container\" href=\"https:\/\/www.sassi-llc.eu\/class\/vi-3-beneficios-sociais-do-empreendedorismo-na-terceira-idade-networking\/\" aria-label=\"VI. 3. Networking\" tabindex=\"-1\"><img decoding=\"async\" width=\"768\" height=\"1152\" src=\"https:\/\/www.sassi-llc.eu\/wp-content\/uploads\/2022\/11\/\u0415ntrepreneural-mindset-768x768.jpeg\" class=\"attachment-medium_large size-medium_large wp-post-image\" alt=\"\" loading=\"lazy\" srcset=\"https:\/\/www.sassi-llc.eu\/wp-content\/uploads\/2022\/11\/\u0415ntrepreneural-mindset-768x768.jpeg 768w, https:\/\/www.sassi-llc.eu\/wp-content\/uploads\/2022\/11\/\u0415ntrepreneural-mindset-300x300.jpeg 200w, https:\/\/www.sassi-llc.eu\/wp-content\/uploads\/2022\/11\/\u0415ntrepreneural-mindset-150x150.jpeg 683w, https:\/\/www.sassi-llc.eu\/wp-content\/uploads\/2022\/11\/\u0415ntrepreneural-mindset.jpeg 1024w, https:\/\/www.sassi-llc.eu\/wp-content\/uploads\/2022\/11\/\u0415ntrepreneural-mindset.jpeg 1365w, https:\/\/www.sassi-llc.eu\/wp-content\/uploads\/2022\/11\/\u0415ntrepreneural-mindset.jpeg 1707w\" sizes=\"auto, (max-width: 768px) 100vw, 768px\" itemprop=\"image\" style=\"aspect-ratio: 4\/3;\"><\/a>\n    <h2 class=\"entry-title\">\n        <a href=\"https:\/\/www.sassi-llc.eu\/class\/vi-3-beneficios-sociais-do-empreendedorismo-na-terceira-idade-networking\/\" rel=\"bookmark\">\n            VI. 3. Networking\t\t<\/a>\n    <\/h2>\n\n    <div class=\"entry-excerpt\">Quando se estabelece uma rede de contactos, a sua idade pode ser o seu maior trunfo ou o seu maior risco, dependendo da sua abordagem e atitude.<\/div><a class=\"entry-button\" href=\"https:\/\/www.sassi-llc.eu\/class\/vi-3-beneficios-sociais-do-empreendedorismo-na-terceira-idade-networking\/\">Ler mais<svg width=\"17px\" height=\"17px\" viewBox=\"0 0 32 32\" fill=\"currentColor\"><path d=\"M 21.1875 9.28125 L 19.78125 10.71875 L 24.0625 15 L 4 15 L 4 17 L 24.0625 17 L 19.78125 21.28125 L 21.1875 22.71875 L 27.90625 16 Z \"><\/path><\/svg><span class=\"screen-reader-text\">VI. 3. Networking<\/span><\/a><\/article><\/div><\/div>\n","protected":false},"excerpt":{"rendered":"<p>VI. 1. Descobre os teus super-poderes! Reflita sobre os seus valores e pontos fortes pessoais que o podem levar a tornar-se um empreendedor s\u00e9nior. Ler maisVI. 1. Descobre os teus super-poderes! VI. 2. Responsabilidade Social As empresas devem preocupar-se com o bem-estar da sociedade e estar atentas \u00e0 forma como as suas ac\u00e7\u00f5es podem afetar [&hellip;]<\/p>\n","protected":false},"author":4,"featured_media":0,"parent":1528,"menu_order":6,"comment_status":"closed","ping_status":"closed","template":"","meta":{"inline_featured_image":false,"_locale":"pt_PT","_original_post":"https:\/\/www.sassi-llc.eu\/?page_id=2439","footnotes":""},"class_list":["post-2486","page","type-page","status-publish","hentry","pt-PT"],"blocksy_meta":[],"_links":{"self":[{"href":"https:\/\/www.sassi-llc.eu\/wp-json\/wp\/v2\/pages\/2486","targetHints":{"allow":["GET"]}}],"collection":[{"href":"https:\/\/www.sassi-llc.eu\/wp-json\/wp\/v2\/pages"}],"about":[{"href":"https:\/\/www.sassi-llc.eu\/wp-json\/wp\/v2\/types\/page"}],"author":[{"embeddable":true,"href":"https:\/\/www.sassi-llc.eu\/wp-json\/wp\/v2\/users\/4"}],"replies":[{"embeddable":true,"href":"https:\/\/www.sassi-llc.eu\/wp-json\/wp\/v2\/comments?post=2486"}],"version-history":[{"count":3,"href":"https:\/\/www.sassi-llc.eu\/wp-json\/wp\/v2\/pages\/2486\/revisions"}],"predecessor-version":[{"id":3463,"href":"https:\/\/www.sassi-llc.eu\/wp-json\/wp\/v2\/pages\/2486\/revisions\/3463"}],"up":[{"embeddable":true,"href":"https:\/\/www.sassi-llc.eu\/wp-json\/wp\/v2\/pages\/1528"}],"wp:attachment":[{"href":"https:\/\/www.sassi-llc.eu\/wp-json\/wp\/v2\/media?parent=2486"}],"curies":[{"name":"wp","href":"https:\/\/api.w.org\/{rel}","templated":true}]}}