{"id":3331,"date":"2023-11-29T14:03:58","date_gmt":"2023-11-29T14:03:58","guid":{"rendered":"https:\/\/www.sassi-llc.eu\/?page_id=3331"},"modified":"2024-09-12T12:07:51","modified_gmt":"2024-09-12T12:07:51","slug":"chapter-i-the-benefits-of-working-and-studying-abroad","status":"publish","type":"page","link":"https:\/\/www.sassi-llc.eu\/pt\/courses\/ambassadors-for-mobility-in-later-life\/chapter-i-the-benefits-of-working-and-studying-abroad\/","title":{"rendered":"CAP\u00cdTULO 1 \u2013 As Vantagens de Trabalhar e Estudar no Estrangeiro"},"content":{"rendered":"\n<div class=\"ct-posts-shortcode\" data-prefix=\"class_archive\"><div class=\"entries\" data-archive=\"default\" data-layout=\"grid\" data-cards=\"simple\"><article id=\"post-3303\" class=\"entry-card post-3303 class type-class status-publish format-standard has-post-thumbnail hentry en-GB\" data-reveal=\"yes:1\"><a class=\"ct-media-container\" href=\"https:\/\/www.sassi-llc.eu\/class\/i-1-os-trabalhadores-mais-velhos-podem-ter-mobilidade\/\" aria-label=\"I. 1 \u2013 Os trabalhadores mais velhos podem ter mobilidade?\" tabindex=\"-1\"><img decoding=\"async\" width=\"768\" height=\"1270\" src=\"https:\/\/www.sassi-llc.eu\/wp-content\/uploads\/2022\/12\/d5f706da-3549-45e5-a813-d8bb21ab4c14-768x768.jpeg\" class=\"attachment-medium_large size-medium_large wp-post-image\" alt=\"working senior man\" loading=\"lazy\" srcset=\"https:\/\/www.sassi-llc.eu\/wp-content\/uploads\/2022\/12\/d5f706da-3549-45e5-a813-d8bb21ab4c14-768x768.jpeg 768w, https:\/\/www.sassi-llc.eu\/wp-content\/uploads\/2022\/12\/d5f706da-3549-45e5-a813-d8bb21ab4c14-300x300.jpeg 181w, https:\/\/www.sassi-llc.eu\/wp-content\/uploads\/2022\/12\/d5f706da-3549-45e5-a813-d8bb21ab4c14-150x150.jpeg 619w, https:\/\/www.sassi-llc.eu\/wp-content\/uploads\/2022\/12\/d5f706da-3549-45e5-a813-d8bb21ab4c14.jpeg 929w, https:\/\/www.sassi-llc.eu\/wp-content\/uploads\/2022\/12\/d5f706da-3549-45e5-a813-d8bb21ab4c14.jpeg 1238w, https:\/\/www.sassi-llc.eu\/wp-content\/uploads\/2022\/12\/d5f706da-3549-45e5-a813-d8bb21ab4c14.jpeg 1548w\" sizes=\"auto, (max-width: 768px) 100vw, 768px\" itemprop=\"image\" style=\"aspect-ratio: 4\/3;\"><\/a>\n\t<h2 class=\"entry-title\">\n\t\t<a href=\"https:\/\/www.sassi-llc.eu\/class\/i-1-os-trabalhadores-mais-velhos-podem-ter-mobilidade\/\" rel=\"bookmark\">\n\t\t\tI. 1 \u2013 Os trabalhadores mais velhos podem ter mobilidade?\t\t<\/a>\n\t<\/h2>\n\n\t<div class=\"entry-excerpt\">Factores motivadores e obst\u00e1culos As vantagens das medidas de mobilidade para os trabalhadores, os empregadores e os anfitri\u00f5es Os trabalhadores mais velhos e as medidas de mobilidade<\/div><a class=\"entry-button\" href=\"https:\/\/www.sassi-llc.eu\/class\/i-1-os-trabalhadores-mais-velhos-podem-ter-mobilidade\/\">Ler mais<svg width=\"17px\" height=\"17px\" viewBox=\"0 0 32 32\" fill=\"currentColor\"><path d=\"M 21.1875 9.28125 L 19.78125 10.71875 L 24.0625 15 L 4 15 L 4 17 L 24.0625 17 L 19.78125 21.28125 L 21.1875 22.71875 L 27.90625 16 Z \"><\/path><\/svg><span class=\"screen-reader-text\">I. 1 \u2013 Os trabalhadores mais velhos podem ter mobilidade?<\/span><\/a><\/article><article id=\"post-3304\" class=\"entry-card post-3304 class type-class status-publish format-standard has-post-thumbnail hentry en-GB\" data-reveal=\"yes:2\"><a class=\"ct-media-container\" href=\"https:\/\/www.sassi-llc.eu\/class\/i-2-a-mobilidade-como-cpd\/\" aria-label=\"I. 2 \u2013 A mobilidade como CPD\" tabindex=\"-1\"><img decoding=\"async\" width=\"768\" height=\"513\" src=\"https:\/\/www.sassi-llc.eu\/wp-content\/uploads\/2023\/10\/06500875-539e-430c-990c-9f76f170c080.jpeg\" class=\"attachment-medium_large size-medium_large wp-post-image\" alt=\"\" loading=\"lazy\" srcset=\"https:\/\/www.sassi-llc.eu\/wp-content\/uploads\/2023\/10\/06500875-539e-430c-990c-9f76f170c080.jpeg 768w, https:\/\/www.sassi-llc.eu\/wp-content\/uploads\/2023\/10\/06500875-539e-430c-990c-9f76f170c080-300x300.jpeg 300w, https:\/\/www.sassi-llc.eu\/wp-content\/uploads\/2023\/10\/06500875-539e-430c-990c-9f76f170c080-150x150.jpeg 1024w, https:\/\/www.sassi-llc.eu\/wp-content\/uploads\/2023\/10\/06500875-539e-430c-990c-9f76f170c080.jpeg 1279w\" sizes=\"auto, (max-width: 768px) 100vw, 768px\" itemprop=\"image\" style=\"aspect-ratio: 4\/3;\"><\/a>\n\t<h2 class=\"entry-title\">\n\t\t<a href=\"https:\/\/www.sassi-llc.eu\/class\/i-2-a-mobilidade-como-cpd\/\" rel=\"bookmark\">\n\t\t\tI. 2 \u2013 A mobilidade como CPD\t\t<\/a>\n\t<\/h2>\n\n\t<div class=\"entry-excerpt\">O trabalhador do s\u00e9culo XXI \u00e9 um aprendiz ao longo da vida que est\u00e1 constantemente a desenvolver-se profissionalmente (CPD).<\/div><a class=\"entry-button\" href=\"https:\/\/www.sassi-llc.eu\/class\/i-2-a-mobilidade-como-cpd\/\">Ler mais<svg width=\"17px\" height=\"17px\" viewBox=\"0 0 32 32\" fill=\"currentColor\"><path d=\"M 21.1875 9.28125 L 19.78125 10.71875 L 24.0625 15 L 4 15 L 4 17 L 24.0625 17 L 19.78125 21.28125 L 21.1875 22.71875 L 27.90625 16 Z \"><\/path><\/svg><span class=\"screen-reader-text\">I. 2 \u2013 A mobilidade como CPD<\/span><\/a><\/article><article id=\"post-3305\" class=\"entry-card post-3305 class type-class status-publish format-standard has-post-thumbnail hentry en-GB\" data-reveal=\"yes:3\"><a class=\"ct-media-container\" href=\"https:\/\/www.sassi-llc.eu\/class\/i-3-as-mobilidades-como-oportunidades-de-trabalho-em-rede\/\" aria-label=\"I. 3 \u2013 As mobilidades como oportunidades de trabalho em rede\" tabindex=\"-1\"><img decoding=\"async\" width=\"768\" height=\"512\" src=\"https:\/\/www.sassi-llc.eu\/wp-content\/uploads\/2023\/10\/562d4601-87e2-45b3-8182-154eb7de7f9b.jpeg\" class=\"attachment-medium_large size-medium_large wp-post-image\" alt=\"\" loading=\"lazy\" srcset=\"https:\/\/www.sassi-llc.eu\/wp-content\/uploads\/2023\/10\/562d4601-87e2-45b3-8182-154eb7de7f9b.jpeg 768w, https:\/\/www.sassi-llc.eu\/wp-content\/uploads\/2023\/10\/562d4601-87e2-45b3-8182-154eb7de7f9b-300x300.jpeg 300w, https:\/\/www.sassi-llc.eu\/wp-content\/uploads\/2023\/10\/562d4601-87e2-45b3-8182-154eb7de7f9b-150x150.jpeg 1024w, https:\/\/www.sassi-llc.eu\/wp-content\/uploads\/2023\/10\/562d4601-87e2-45b3-8182-154eb7de7f9b.jpeg 1279w\" sizes=\"auto, (max-width: 768px) 100vw, 768px\" itemprop=\"image\" style=\"aspect-ratio: 4\/3;\"><\/a>\n\t<h2 class=\"entry-title\">\n\t\t<a href=\"https:\/\/www.sassi-llc.eu\/class\/i-3-as-mobilidades-como-oportunidades-de-trabalho-em-rede\/\" rel=\"bookmark\">\n\t\t\tI. 3 \u2013 As mobilidades como oportunidades de trabalho em rede\t\t<\/a>\n\t<\/h2>\n\n\t<div class=\"entry-excerpt\">A a\u00e7\u00e3o ou processo de interagir com outros para trocar informa\u00e7\u00f5es e desenvolver contactos profissionais ou sociais.<\/div><a class=\"entry-button\" href=\"https:\/\/www.sassi-llc.eu\/class\/i-3-as-mobilidades-como-oportunidades-de-trabalho-em-rede\/\">Ler mais<svg width=\"17px\" height=\"17px\" viewBox=\"0 0 32 32\" fill=\"currentColor\"><path d=\"M 21.1875 9.28125 L 19.78125 10.71875 L 24.0625 15 L 4 15 L 4 17 L 24.0625 17 L 19.78125 21.28125 L 21.1875 22.71875 L 27.90625 16 Z \"><\/path><\/svg><span class=\"screen-reader-text\">I. 3 \u2013 As mobilidades como oportunidades de trabalho em rede<\/span><\/a><\/article><article id=\"post-3306\" class=\"entry-card post-3306 class type-class status-publish format-standard has-post-thumbnail hentry en-GB\" data-reveal=\"yes:4\"><a class=\"ct-media-container\" href=\"https:\/\/www.sassi-llc.eu\/class\/i-4-mobilidade-e-inovacao\/\" aria-label=\"I. 4 \u2013 Mobilidade e inova\u00e7\u00e3o\" tabindex=\"-1\"><img decoding=\"async\" width=\"768\" height=\"512\" src=\"https:\/\/www.sassi-llc.eu\/wp-content\/uploads\/2023\/10\/girl-shows-her-60-year-old-grandmother-something-on-her-smartphone.jpg.jpeg\" class=\"attachment-medium_large size-medium_large wp-post-image\" alt=\"\" loading=\"lazy\" srcset=\"https:\/\/www.sassi-llc.eu\/wp-content\/uploads\/2023\/10\/girl-shows-her-60-year-old-grandmother-something-on-her-smartphone.jpg.jpeg 768w, https:\/\/www.sassi-llc.eu\/wp-content\/uploads\/2023\/10\/girl-shows-her-60-year-old-grandmother-something-on-her-smartphone.jpg-300x300.jpeg 300w, https:\/\/www.sassi-llc.eu\/wp-content\/uploads\/2023\/10\/girl-shows-her-60-year-old-grandmother-something-on-her-smartphone.jpg-150x150.jpeg 1024w, https:\/\/www.sassi-llc.eu\/wp-content\/uploads\/2023\/10\/girl-shows-her-60-year-old-grandmother-something-on-her-smartphone.jpg.jpeg 1280w\" sizes=\"auto, (max-width: 768px) 100vw, 768px\" itemprop=\"image\" style=\"aspect-ratio: 4\/3;\"><\/a>\n\t<h2 class=\"entry-title\">\n\t\t<a href=\"https:\/\/www.sassi-llc.eu\/class\/i-4-mobilidade-e-inovacao\/\" rel=\"bookmark\">\n\t\t\tI. 4 \u2013 Mobilidade e inova\u00e7\u00e3o\t\t<\/a>\n\t<\/h2>\n\n\t<div class=\"entry-excerpt\">O que \u00e9 exatamente a inova\u00e7\u00e3o e como \u00e9 promovida atrav\u00e9s da participa\u00e7\u00e3o em programas de mobilidade?<\/div><a class=\"entry-button\" href=\"https:\/\/www.sassi-llc.eu\/class\/i-4-mobilidade-e-inovacao\/\">Ler mais<svg width=\"17px\" height=\"17px\" viewBox=\"0 0 32 32\" fill=\"currentColor\"><path d=\"M 21.1875 9.28125 L 19.78125 10.71875 L 24.0625 15 L 4 15 L 4 17 L 24.0625 17 L 19.78125 21.28125 L 21.1875 22.71875 L 27.90625 16 Z \"><\/path><\/svg><span class=\"screen-reader-text\">I. 4 \u2013 Mobilidade e inova\u00e7\u00e3o<\/span><\/a><\/article><\/div><\/div>\n\n\n\n<div style=\"height:100px\" aria-hidden=\"true\" class=\"wp-block-spacer\"><\/div>\n","protected":false},"excerpt":{"rendered":"<p>I. 1 \u2013 Os trabalhadores mais velhos podem ter mobilidade? Factores motivadores e obst\u00e1culos As vantagens das medidas de mobilidade para os trabalhadores, os empregadores e os anfitri\u00f5es Os trabalhadores mais velhos e as medidas de mobilidade Ler maisI. 1 \u2013 Os trabalhadores mais velhos podem ter mobilidade? I. 2 \u2013 A mobilidade como CPD [&hellip;]<\/p>\n","protected":false},"author":4,"featured_media":4860,"parent":3323,"menu_order":1,"comment_status":"closed","ping_status":"closed","template":"","meta":{"inline_featured_image":false,"_locale":"pt_PT","_original_post":"https:\/\/www.sassi-llc.eu\/?page_id=2634","footnotes":""},"class_list":["post-3331","page","type-page","status-publish","has-post-thumbnail","hentry","pt-PT"],"blocksy_meta":[],"_links":{"self":[{"href":"https:\/\/www.sassi-llc.eu\/wp-json\/wp\/v2\/pages\/3331","targetHints":{"allow":["GET"]}}],"collection":[{"href":"https:\/\/www.sassi-llc.eu\/wp-json\/wp\/v2\/pages"}],"about":[{"href":"https:\/\/www.sassi-llc.eu\/wp-json\/wp\/v2\/types\/page"}],"author":[{"embeddable":true,"href":"https:\/\/www.sassi-llc.eu\/wp-json\/wp\/v2\/users\/4"}],"replies":[{"embeddable":true,"href":"https:\/\/www.sassi-llc.eu\/wp-json\/wp\/v2\/comments?post=3331"}],"version-history":[{"count":3,"href":"https:\/\/www.sassi-llc.eu\/wp-json\/wp\/v2\/pages\/3331\/revisions"}],"predecessor-version":[{"id":4862,"href":"https:\/\/www.sassi-llc.eu\/wp-json\/wp\/v2\/pages\/3331\/revisions\/4862"}],"up":[{"embeddable":true,"href":"https:\/\/www.sassi-llc.eu\/wp-json\/wp\/v2\/pages\/3323"}],"wp:featuredmedia":[{"embeddable":true,"href":"https:\/\/www.sassi-llc.eu\/wp-json\/wp\/v2\/media\/4860"}],"wp:attachment":[{"href":"https:\/\/www.sassi-llc.eu\/wp-json\/wp\/v2\/media?parent=3331"}],"curies":[{"name":"wp","href":"https:\/\/api.w.org\/{rel}","templated":true}]}}