{"id":3336,"date":"2023-11-29T14:17:21","date_gmt":"2023-11-29T14:17:21","guid":{"rendered":"https:\/\/www.sassi-llc.eu\/?page_id=3336"},"modified":"2024-09-12T12:12:51","modified_gmt":"2024-09-12T12:12:51","slug":"chapter-iii-the-role-of-an-ambassador","status":"publish","type":"page","link":"https:\/\/www.sassi-llc.eu\/pt\/courses\/ambassadors-for-mobility-in-later-life\/chapter-iii-the-role-of-an-ambassador\/","title":{"rendered":"CAP\u00cdTULO 3 \u2013 O Papel de um\/a Embaixador\/a"},"content":{"rendered":"\n<div class=\"ct-posts-shortcode\" data-prefix=\"class_archive\"><div class=\"entries\" data-archive=\"default\" data-layout=\"grid\" data-cards=\"simple\"><article id=\"post-3311\" class=\"entry-card post-3311 class type-class status-publish format-standard has-post-thumbnail hentry en-GB\" data-reveal=\"yes:1\"><a class=\"ct-media-container\" href=\"https:\/\/www.sassi-llc.eu\/class\/iii-1-quem-sao-os-embaixadores-da-mobilidade-na-velhice\/\" aria-label=\"III. 1 \u2013 Quem s\u00e3o os embaixadores da mobilidade na velhice?\" tabindex=\"-1\"><img decoding=\"async\" width=\"768\" height=\"1152\" src=\"https:\/\/www.sassi-llc.eu\/wp-content\/uploads\/2023\/10\/portrait-of-a-lady-in-her-sixties-bold-glasses-and-dark-background-business-casual-clothes-768x768.jpeg\" class=\"attachment-medium_large size-medium_large wp-post-image\" alt=\"\" loading=\"lazy\" srcset=\"https:\/\/www.sassi-llc.eu\/wp-content\/uploads\/2023\/10\/portrait-of-a-lady-in-her-sixties-bold-glasses-and-dark-background-business-casual-clothes-768x768.jpeg 768w, https:\/\/www.sassi-llc.eu\/wp-content\/uploads\/2023\/10\/portrait-of-a-lady-in-her-sixties-bold-glasses-and-dark-background-business-casual-clothes-300x300.jpeg 200w, https:\/\/www.sassi-llc.eu\/wp-content\/uploads\/2023\/10\/portrait-of-a-lady-in-her-sixties-bold-glasses-and-dark-background-business-casual-clothes-150x150.jpeg 683w, https:\/\/www.sassi-llc.eu\/wp-content\/uploads\/2023\/10\/portrait-of-a-lady-in-her-sixties-bold-glasses-and-dark-background-business-casual-clothes.jpeg 1024w, https:\/\/www.sassi-llc.eu\/wp-content\/uploads\/2023\/10\/portrait-of-a-lady-in-her-sixties-bold-glasses-and-dark-background-business-casual-clothes.jpeg 1280w\" sizes=\"auto, (max-width: 768px) 100vw, 768px\" itemprop=\"image\" style=\"aspect-ratio: 4\/3;\"><\/a>\n\t<h2 class=\"entry-title\">\n\t\t<a href=\"https:\/\/www.sassi-llc.eu\/class\/iii-1-quem-sao-os-embaixadores-da-mobilidade-na-velhice\/\" rel=\"bookmark\">\n\t\t\tIII. 1 \u2013 Quem s\u00e3o os embaixadores da mobilidade na velhice?\t\t<\/a>\n\t<\/h2>\n\n\t<div class=\"entry-excerpt\">Compreender as principais caracter\u00edsticas de um embaixador da mobilidade na velhice.<\/div><a class=\"entry-button\" href=\"https:\/\/www.sassi-llc.eu\/class\/iii-1-quem-sao-os-embaixadores-da-mobilidade-na-velhice\/\">Ler mais<svg width=\"17px\" height=\"17px\" viewBox=\"0 0 32 32\" fill=\"currentColor\"><path d=\"M 21.1875 9.28125 L 19.78125 10.71875 L 24.0625 15 L 4 15 L 4 17 L 24.0625 17 L 19.78125 21.28125 L 21.1875 22.71875 L 27.90625 16 Z \"><\/path><\/svg><span class=\"screen-reader-text\">III. 1 \u2013 Quem s\u00e3o os embaixadores da mobilidade na velhice?<\/span><\/a><\/article><article id=\"post-3312\" class=\"entry-card post-3312 class type-class status-publish format-standard has-post-thumbnail hentry en-GB\" data-reveal=\"yes:2\"><a class=\"ct-media-container\" href=\"https:\/\/www.sassi-llc.eu\/class\/iii-2-responsabilidades-e-tarefas-especificas-de-um-embaixador-as-vantagens-da-mobilidade\/\" aria-label=\"III. 2 \u2013 Responsabilidades e tarefas espec\u00edficas de um embaixador \u2013 As vantagens da mobilidade\" tabindex=\"-1\"><img decoding=\"async\" width=\"768\" height=\"512\" src=\"https:\/\/www.sassi-llc.eu\/wp-content\/uploads\/2023\/10\/man-in-his-late-fifties-sitting-on-a-coach-reading-a-scientific-book.jpeg\" class=\"attachment-medium_large size-medium_large wp-post-image\" alt=\"\" loading=\"lazy\" srcset=\"https:\/\/www.sassi-llc.eu\/wp-content\/uploads\/2023\/10\/man-in-his-late-fifties-sitting-on-a-coach-reading-a-scientific-book.jpeg 768w, https:\/\/www.sassi-llc.eu\/wp-content\/uploads\/2023\/10\/man-in-his-late-fifties-sitting-on-a-coach-reading-a-scientific-book-300x300.jpeg 300w, https:\/\/www.sassi-llc.eu\/wp-content\/uploads\/2023\/10\/man-in-his-late-fifties-sitting-on-a-coach-reading-a-scientific-book-150x150.jpeg 1024w, https:\/\/www.sassi-llc.eu\/wp-content\/uploads\/2023\/10\/man-in-his-late-fifties-sitting-on-a-coach-reading-a-scientific-book.jpeg 1280w\" sizes=\"auto, (max-width: 768px) 100vw, 768px\" itemprop=\"image\" style=\"aspect-ratio: 4\/3;\"><\/a>\n\t<h2 class=\"entry-title\">\n\t\t<a href=\"https:\/\/www.sassi-llc.eu\/class\/iii-2-responsabilidades-e-tarefas-especificas-de-um-embaixador-as-vantagens-da-mobilidade\/\" rel=\"bookmark\">\n\t\t\tIII. 2 \u2013 Responsabilidades e tarefas espec\u00edficas de um embaixador \u2013 As vantagens da mobilidade\t\t<\/a>\n\t<\/h2>\n\n\t<div class=\"entry-excerpt\">Torne-se um melhor embaixador adquirindo conhecimentos sobre preconceitos cognitivos.<\/div><a class=\"entry-button\" href=\"https:\/\/www.sassi-llc.eu\/class\/iii-2-responsabilidades-e-tarefas-especificas-de-um-embaixador-as-vantagens-da-mobilidade\/\">Ler mais<svg width=\"17px\" height=\"17px\" viewBox=\"0 0 32 32\" fill=\"currentColor\"><path d=\"M 21.1875 9.28125 L 19.78125 10.71875 L 24.0625 15 L 4 15 L 4 17 L 24.0625 17 L 19.78125 21.28125 L 21.1875 22.71875 L 27.90625 16 Z \"><\/path><\/svg><span class=\"screen-reader-text\">III. 2 \u2013 Responsabilidades e tarefas espec\u00edficas de um embaixador \u2013 As vantagens da mobilidade<\/span><\/a><\/article><article id=\"post-3313\" class=\"entry-card post-3313 class type-class status-publish format-standard has-post-thumbnail hentry en-GB\" data-reveal=\"yes:3\"><a class=\"ct-media-container\" href=\"https:\/\/www.sassi-llc.eu\/class\/iii-3-responsabilidades-e-tarefas-especificas-de-um-embaixador-ultrapassar-barreiras\/\" aria-label=\"III. 3 \u2013 Responsabilidades e tarefas espec\u00edficas de um embaixador \u2013 Ultrapassar barreiras\" tabindex=\"-1\"><img decoding=\"async\" width=\"768\" height=\"512\" src=\"https:\/\/www.sassi-llc.eu\/wp-content\/uploads\/2023\/10\/three-ladies-in-their-late-fifties-sitting-on-a-coach-and-looking-on-one-smartphone-screen.jpeg\" class=\"attachment-medium_large size-medium_large wp-post-image\" alt=\"\" loading=\"lazy\" srcset=\"https:\/\/www.sassi-llc.eu\/wp-content\/uploads\/2023\/10\/three-ladies-in-their-late-fifties-sitting-on-a-coach-and-looking-on-one-smartphone-screen.jpeg 768w, https:\/\/www.sassi-llc.eu\/wp-content\/uploads\/2023\/10\/three-ladies-in-their-late-fifties-sitting-on-a-coach-and-looking-on-one-smartphone-screen-300x300.jpeg 300w, https:\/\/www.sassi-llc.eu\/wp-content\/uploads\/2023\/10\/three-ladies-in-their-late-fifties-sitting-on-a-coach-and-looking-on-one-smartphone-screen-150x150.jpeg 1024w, https:\/\/www.sassi-llc.eu\/wp-content\/uploads\/2023\/10\/three-ladies-in-their-late-fifties-sitting-on-a-coach-and-looking-on-one-smartphone-screen.jpeg 1280w\" sizes=\"auto, (max-width: 768px) 100vw, 768px\" itemprop=\"image\" style=\"aspect-ratio: 4\/3;\"><\/a>\n\t<h2 class=\"entry-title\">\n\t\t<a href=\"https:\/\/www.sassi-llc.eu\/class\/iii-3-responsabilidades-e-tarefas-especificas-de-um-embaixador-ultrapassar-barreiras\/\" rel=\"bookmark\">\n\t\t\tIII. 3 \u2013 Responsabilidades e tarefas espec\u00edficas de um embaixador \u2013 Ultrapassar barreiras\t\t<\/a>\n\t<\/h2>\n\n\t<div class=\"entry-excerpt\">Vejamos mais de perto os estere\u00f3tipos e os potenciais obst\u00e1culos que as pessoas podem encontrar em rela\u00e7\u00e3o aos programas de mobilidade.<\/div><a class=\"entry-button\" href=\"https:\/\/www.sassi-llc.eu\/class\/iii-3-responsabilidades-e-tarefas-especificas-de-um-embaixador-ultrapassar-barreiras\/\">Ler mais<svg width=\"17px\" height=\"17px\" viewBox=\"0 0 32 32\" fill=\"currentColor\"><path d=\"M 21.1875 9.28125 L 19.78125 10.71875 L 24.0625 15 L 4 15 L 4 17 L 24.0625 17 L 19.78125 21.28125 L 21.1875 22.71875 L 27.90625 16 Z \"><\/path><\/svg><span class=\"screen-reader-text\">III. 3 \u2013 Responsabilidades e tarefas espec\u00edficas de um embaixador \u2013 Ultrapassar barreiras<\/span><\/a><\/article><article id=\"post-3314\" class=\"entry-card post-3314 class type-class status-publish format-standard has-post-thumbnail hentry en-GB\" data-reveal=\"yes:4\"><a class=\"ct-media-container\" href=\"https:\/\/www.sassi-llc.eu\/class\/iii-4-responsabilidades-e-tarefas-especificas-de-um-embaixador-planeamento-e-implementacao-da-mobilidade\/\" aria-label=\"III. 4 \u2013 Responsabilidades e tarefas espec\u00edficas de um embaixador \u2013 Planeamento e implementa\u00e7\u00e3o da mobilidade\" tabindex=\"-1\"><img decoding=\"async\" width=\"768\" height=\"1152\" src=\"https:\/\/www.sassi-llc.eu\/wp-content\/uploads\/2023\/10\/55-years-old-man-with-a-distant-gaze-business-casual-look-making-a-smartphone-call-768x768.jpeg\" class=\"attachment-medium_large size-medium_large wp-post-image\" alt=\"\" loading=\"lazy\" srcset=\"https:\/\/www.sassi-llc.eu\/wp-content\/uploads\/2023\/10\/55-years-old-man-with-a-distant-gaze-business-casual-look-making-a-smartphone-call-768x768.jpeg 768w, https:\/\/www.sassi-llc.eu\/wp-content\/uploads\/2023\/10\/55-years-old-man-with-a-distant-gaze-business-casual-look-making-a-smartphone-call-300x300.jpeg 200w, https:\/\/www.sassi-llc.eu\/wp-content\/uploads\/2023\/10\/55-years-old-man-with-a-distant-gaze-business-casual-look-making-a-smartphone-call-150x150.jpeg 683w, https:\/\/www.sassi-llc.eu\/wp-content\/uploads\/2023\/10\/55-years-old-man-with-a-distant-gaze-business-casual-look-making-a-smartphone-call.jpeg 1024w, https:\/\/www.sassi-llc.eu\/wp-content\/uploads\/2023\/10\/55-years-old-man-with-a-distant-gaze-business-casual-look-making-a-smartphone-call.jpeg 1280w\" sizes=\"auto, (max-width: 768px) 100vw, 768px\" itemprop=\"image\" style=\"aspect-ratio: 4\/3;\"><\/a>\n\t<h2 class=\"entry-title\">\n\t\t<a href=\"https:\/\/www.sassi-llc.eu\/class\/iii-4-responsabilidades-e-tarefas-especificas-de-um-embaixador-planeamento-e-implementacao-da-mobilidade\/\" rel=\"bookmark\">\n\t\t\tIII. 4 \u2013 Responsabilidades e tarefas espec\u00edficas de um embaixador \u2013 Planeamento e implementa\u00e7\u00e3o da mobilidade\t\t<\/a>\n\t<\/h2>\n\n\t<div class=\"entry-excerpt\">Apoiar o planeamento e a execu\u00e7\u00e3o &#8211; saber como preparar e acompanhar da melhor forma um programa de mobilidade<\/div><a class=\"entry-button\" href=\"https:\/\/www.sassi-llc.eu\/class\/iii-4-responsabilidades-e-tarefas-especificas-de-um-embaixador-planeamento-e-implementacao-da-mobilidade\/\">Ler mais<svg width=\"17px\" height=\"17px\" viewBox=\"0 0 32 32\" fill=\"currentColor\"><path d=\"M 21.1875 9.28125 L 19.78125 10.71875 L 24.0625 15 L 4 15 L 4 17 L 24.0625 17 L 19.78125 21.28125 L 21.1875 22.71875 L 27.90625 16 Z \"><\/path><\/svg><span class=\"screen-reader-text\">III. 4 \u2013 Responsabilidades e tarefas espec\u00edficas de um embaixador \u2013 Planeamento e implementa\u00e7\u00e3o da mobilidade<\/span><\/a><\/article><article id=\"post-3315\" class=\"entry-card post-3315 class type-class status-publish format-standard has-post-thumbnail hentry en-GB\" data-reveal=\"yes:1\"><a class=\"ct-media-container\" href=\"https:\/\/www.sassi-llc.eu\/class\/iii-5-o-embaixador-como-contador-de-historias\/\" aria-label=\"III. 5 \u2013 O embaixador como contador de hist\u00f3rias\" tabindex=\"-1\"><img decoding=\"async\" width=\"768\" height=\"470\" src=\"https:\/\/www.sassi-llc.eu\/wp-content\/uploads\/2023\/10\/classical-typewriter-view-on-the-sheet-of-paper-with-wording-22Stories-matter22.jpeg\" class=\"attachment-medium_large size-medium_large wp-post-image\" alt=\"\" loading=\"lazy\" srcset=\"https:\/\/www.sassi-llc.eu\/wp-content\/uploads\/2023\/10\/classical-typewriter-view-on-the-sheet-of-paper-with-wording-22Stories-matter22.jpeg 768w, https:\/\/www.sassi-llc.eu\/wp-content\/uploads\/2023\/10\/classical-typewriter-view-on-the-sheet-of-paper-with-wording-22Stories-matter22-300x300.jpeg 300w, https:\/\/www.sassi-llc.eu\/wp-content\/uploads\/2023\/10\/classical-typewriter-view-on-the-sheet-of-paper-with-wording-22Stories-matter22-150x150.jpeg 1024w, https:\/\/www.sassi-llc.eu\/wp-content\/uploads\/2023\/10\/classical-typewriter-view-on-the-sheet-of-paper-with-wording-22Stories-matter22.jpeg 1279w\" sizes=\"auto, (max-width: 768px) 100vw, 768px\" itemprop=\"image\" style=\"aspect-ratio: 4\/3;\"><\/a>\n\t<h2 class=\"entry-title\">\n\t\t<a href=\"https:\/\/www.sassi-llc.eu\/class\/iii-5-o-embaixador-como-contador-de-historias\/\" rel=\"bookmark\">\n\t\t\tIII. 5 \u2013 O embaixador como contador de hist\u00f3rias\t\t<\/a>\n\t<\/h2>\n\n\t<div class=\"entry-excerpt\">Em vez disso, as hist\u00f3rias s\u00e3o o recipiente que conduz a mentalidade do seu cliente\/consumidor para longe do medo abstrato da mobilidade ou do empreendedorismo e para uma imagem mais concreta do mesmo.<\/div><a class=\"entry-button\" href=\"https:\/\/www.sassi-llc.eu\/class\/iii-5-o-embaixador-como-contador-de-historias\/\">Ler mais<svg width=\"17px\" height=\"17px\" viewBox=\"0 0 32 32\" fill=\"currentColor\"><path d=\"M 21.1875 9.28125 L 19.78125 10.71875 L 24.0625 15 L 4 15 L 4 17 L 24.0625 17 L 19.78125 21.28125 L 21.1875 22.71875 L 27.90625 16 Z \"><\/path><\/svg><span class=\"screen-reader-text\">III. 5 \u2013 O embaixador como contador de hist\u00f3rias<\/span><\/a><\/article><article id=\"post-3316\" class=\"entry-card post-3316 class type-class status-publish format-standard has-post-thumbnail hentry en-GB\" data-reveal=\"yes:2\"><a class=\"ct-media-container\" href=\"https:\/\/www.sassi-llc.eu\/class\/iii-6-a-importancia-da-competencia-intercultural\/\" aria-label=\"III. 6 \u2013 A import\u00e2ncia da compet\u00eancia intercultural\" tabindex=\"-1\"><img decoding=\"async\" width=\"768\" height=\"512\" src=\"https:\/\/www.sassi-llc.eu\/wp-content\/uploads\/2023\/10\/symbolic-image-for-22-The-Importance-of-Intercultural-Competence22.jpeg\" class=\"attachment-medium_large size-medium_large wp-post-image\" alt=\"\" loading=\"lazy\" srcset=\"https:\/\/www.sassi-llc.eu\/wp-content\/uploads\/2023\/10\/symbolic-image-for-22-The-Importance-of-Intercultural-Competence22.jpeg 768w, https:\/\/www.sassi-llc.eu\/wp-content\/uploads\/2023\/10\/symbolic-image-for-22-The-Importance-of-Intercultural-Competence22-300x300.jpeg 300w, https:\/\/www.sassi-llc.eu\/wp-content\/uploads\/2023\/10\/symbolic-image-for-22-The-Importance-of-Intercultural-Competence22-150x150.jpeg 1024w, https:\/\/www.sassi-llc.eu\/wp-content\/uploads\/2023\/10\/symbolic-image-for-22-The-Importance-of-Intercultural-Competence22.jpeg 1280w\" sizes=\"auto, (max-width: 768px) 100vw, 768px\" itemprop=\"image\" style=\"aspect-ratio: 4\/3;\"><\/a>\n\t<h2 class=\"entry-title\">\n\t\t<a href=\"https:\/\/www.sassi-llc.eu\/class\/iii-6-a-importancia-da-competencia-intercultural\/\" rel=\"bookmark\">\n\t\t\tIII. 6 \u2013 A import\u00e2ncia da compet\u00eancia intercultural\t\t<\/a>\n\t<\/h2>\n\n\t<div class=\"entry-excerpt\">Compreender a forma como a cultura molda a perce\u00e7\u00e3o e estar consciente dos seus pr\u00f3prios valores, cren\u00e7as e preconceitos culturalmente moldados.<\/div><a class=\"entry-button\" href=\"https:\/\/www.sassi-llc.eu\/class\/iii-6-a-importancia-da-competencia-intercultural\/\">Ler mais<svg width=\"17px\" height=\"17px\" viewBox=\"0 0 32 32\" fill=\"currentColor\"><path d=\"M 21.1875 9.28125 L 19.78125 10.71875 L 24.0625 15 L 4 15 L 4 17 L 24.0625 17 L 19.78125 21.28125 L 21.1875 22.71875 L 27.90625 16 Z \"><\/path><\/svg><span class=\"screen-reader-text\">III. 6 \u2013 A import\u00e2ncia da compet\u00eancia intercultural<\/span><\/a><\/article><\/div><\/div>\n<div style=\"height:100px\" aria-hidden=\"true\" class=\"wp-block-spacer\"><\/div>\n","protected":false},"excerpt":{"rendered":"<p>III. 1 \u2013 Quem s\u00e3o os embaixadores da mobilidade na velhice? Compreender as principais caracter\u00edsticas de um embaixador da mobilidade na velhice. Ler maisIII. 1 \u2013 Quem s\u00e3o os embaixadores da mobilidade na velhice? III. 2 \u2013 Responsabilidades e tarefas espec\u00edficas de um embaixador \u2013 As vantagens da mobilidade Torne-se um melhor embaixador adquirindo conhecimentos [&hellip;]<\/p>\n","protected":false},"author":4,"featured_media":4857,"parent":3323,"menu_order":3,"comment_status":"closed","ping_status":"closed","template":"","meta":{"inline_featured_image":false,"_locale":"pt_PT","_original_post":"https:\/\/www.sassi-llc.eu\/?page_id=2640","footnotes":""},"class_list":["post-3336","page","type-page","status-publish","has-post-thumbnail","hentry","pt-PT"],"blocksy_meta":[],"_links":{"self":[{"href":"https:\/\/www.sassi-llc.eu\/wp-json\/wp\/v2\/pages\/3336","targetHints":{"allow":["GET"]}}],"collection":[{"href":"https:\/\/www.sassi-llc.eu\/wp-json\/wp\/v2\/pages"}],"about":[{"href":"https:\/\/www.sassi-llc.eu\/wp-json\/wp\/v2\/types\/page"}],"author":[{"embeddable":true,"href":"https:\/\/www.sassi-llc.eu\/wp-json\/wp\/v2\/users\/4"}],"replies":[{"embeddable":true,"href":"https:\/\/www.sassi-llc.eu\/wp-json\/wp\/v2\/comments?post=3336"}],"version-history":[{"count":3,"href":"https:\/\/www.sassi-llc.eu\/wp-json\/wp\/v2\/pages\/3336\/revisions"}],"predecessor-version":[{"id":4867,"href":"https:\/\/www.sassi-llc.eu\/wp-json\/wp\/v2\/pages\/3336\/revisions\/4867"}],"up":[{"embeddable":true,"href":"https:\/\/www.sassi-llc.eu\/wp-json\/wp\/v2\/pages\/3323"}],"wp:featuredmedia":[{"embeddable":true,"href":"https:\/\/www.sassi-llc.eu\/wp-json\/wp\/v2\/media\/4857"}],"wp:attachment":[{"href":"https:\/\/www.sassi-llc.eu\/wp-json\/wp\/v2\/media?parent=3336"}],"curies":[{"name":"wp","href":"https:\/\/api.w.org\/{rel}","templated":true}]}}