{"id":3798,"date":"2024-09-10T17:48:53","date_gmt":"2024-09-10T17:48:53","guid":{"rendered":"https:\/\/www.sassi-llc.eu\/?page_id=3798"},"modified":"2024-09-17T12:13:43","modified_gmt":"2024-09-17T12:13:43","slug":"modulo-vi-avaliacao-de-competencias","status":"publish","type":"page","link":"https:\/\/www.sassi-llc.eu\/pt\/courses\/training-for-supporting-later-life-career-choices\/modulo-vi-avaliacao-de-competencias\/","title":{"rendered":"M\u00f3dulo VI \u2013 Avalia\u00e7\u00e3o de Compet\u00eancias"},"content":{"rendered":"\n<div class=\"wp-block-group is-layout-constrained wp-block-group-is-layout-constrained\">\n<h3 class=\"wp-block-heading\">M\u00f3dulo VI \u2013 Avalia\u00e7\u00e3o de Compet\u00eancias<\/h3>\n\n<div class=\"ct-posts-shortcode\" data-prefix=\"class_archive\"><div class=\"entries\" data-archive=\"default\" data-layout=\"grid\" data-cards=\"simple\"><article class=\"entry-card card-content post-4799 class type-class status-publish format-standard has-post-thumbnail hentry en-GB\" data-reveal=\"bottom:no\"><a class=\"ct-media-container\" href=\"https:\/\/www.sassi-llc.eu\/class\/m-vi-u-1-competencias-e-teoria-da-competencia\/\" aria-label=\"M VI &#8211; U 1 &#8211; Compet\u00eancias e Teoria da Compet\u00eancia\"><img decoding=\"async\" width=\"768\" height=\"768\" src=\"https:\/\/www.sassi-llc.eu\/wp-content\/uploads\/2023\/05\/Turning-your-knowledge-and-expertise-into-consulting-mentoring-gentleman-in-his-sixties-business-casual-768x768.jpeg\" class=\"attachment-medium_large size-medium_large wp-post-image\" alt=\"Turning your knowledge and expertise into consulting mentoring - gentleman in his sixties, business casual\" loading=\"lazy\" srcset=\"https:\/\/www.sassi-llc.eu\/wp-content\/uploads\/2023\/05\/Turning-your-knowledge-and-expertise-into-consulting-mentoring-gentleman-in-his-sixties-business-casual-768x768.jpeg 768w, https:\/\/www.sassi-llc.eu\/wp-content\/uploads\/2023\/05\/Turning-your-knowledge-and-expertise-into-consulting-mentoring-gentleman-in-his-sixties-business-casual-300x300.jpeg 300w, https:\/\/www.sassi-llc.eu\/wp-content\/uploads\/2023\/05\/Turning-your-knowledge-and-expertise-into-consulting-mentoring-gentleman-in-his-sixties-business-casual-150x150.jpeg 150w, https:\/\/www.sassi-llc.eu\/wp-content\/uploads\/2023\/05\/Turning-your-knowledge-and-expertise-into-consulting-mentoring-gentleman-in-his-sixties-business-casual.jpeg 1024w\" sizes=\"auto, (max-width: 768px) 100vw, 768px\" itemprop=\"image\" style=\"aspect-ratio: 4\/3;\" \/><\/a><h2 class=\"entry-title\"><a href=\"https:\/\/www.sassi-llc.eu\/class\/m-vi-u-1-competencias-e-teoria-da-competencia\/\" rel=\"bookmark\">M VI &#8211; U 1 &#8211; Compet\u00eancias e Teoria da Compet\u00eancia<\/a><\/h2><div class=\"entry-excerpt\"><p>Compreender a no\u00e7\u00e3o de \u201ccompet\u00eancia\u201d e introduzir um modelo concreto de todas as componentes da compet\u00eancia<\/p>\n<\/div><a class=\"entry-button\" href=\"https:\/\/www.sassi-llc.eu\/class\/m-vi-u-1-competencias-e-teoria-da-competencia\/\">Ler mais<svg width=\"17px\" height=\"17px\" viewBox=\"0 0 32 32\" fill=\"currentColor\"><path d=\"M 21.1875 9.28125 L 19.78125 10.71875 L 24.0625 15 L 4 15 L 4 17 L 24.0625 17 L 19.78125 21.28125 L 21.1875 22.71875 L 27.90625 16 Z \"><\/path><\/svg><span class=\"screen-reader-text\">M VI &#8211; U 1 &#8211; Compet\u00eancias e Teoria da Compet\u00eancia<\/span><\/a><\/article><article class=\"entry-card card-content post-4800 class type-class status-publish format-standard has-post-thumbnail hentry en-GB\" data-reveal=\"bottom:no\"><a class=\"ct-media-container\" href=\"https:\/\/www.sassi-llc.eu\/class\/m-vi-u-2-avaliacao-de-competencias-level5\/\" aria-label=\"M VI &#8211; U 2 &#8211; Avalia\u00e7\u00e3o de Compet\u00eancias LEVEL5\"><img decoding=\"async\" width=\"768\" height=\"768\" src=\"https:\/\/www.sassi-llc.eu\/wp-content\/uploads\/2022\/12\/70-year-old-lady-sitting-on-a-sofa-and-a-laptop-in-her-lap-profile-view-and-plain-light-background-2-768x768.jpeg\" class=\"attachment-medium_large size-medium_large wp-post-image\" alt=\"\" loading=\"lazy\" srcset=\"https:\/\/www.sassi-llc.eu\/wp-content\/uploads\/2022\/12\/70-year-old-lady-sitting-on-a-sofa-and-a-laptop-in-her-lap-profile-view-and-plain-light-background-2-768x768.jpeg 768w, https:\/\/www.sassi-llc.eu\/wp-content\/uploads\/2022\/12\/70-year-old-lady-sitting-on-a-sofa-and-a-laptop-in-her-lap-profile-view-and-plain-light-background-2-300x300.jpeg 300w, https:\/\/www.sassi-llc.eu\/wp-content\/uploads\/2022\/12\/70-year-old-lady-sitting-on-a-sofa-and-a-laptop-in-her-lap-profile-view-and-plain-light-background-2-150x150.jpeg 150w, https:\/\/www.sassi-llc.eu\/wp-content\/uploads\/2022\/12\/70-year-old-lady-sitting-on-a-sofa-and-a-laptop-in-her-lap-profile-view-and-plain-light-background-2.jpeg 1024w\" sizes=\"auto, (max-width: 768px) 100vw, 768px\" itemprop=\"image\" style=\"aspect-ratio: 4\/3;\" \/><\/a><h2 class=\"entry-title\"><a href=\"https:\/\/www.sassi-llc.eu\/class\/m-vi-u-2-avaliacao-de-competencias-level5\/\" rel=\"bookmark\">M VI &#8211; U 2 &#8211; Avalia\u00e7\u00e3o de Compet\u00eancias LEVEL5<\/a><\/h2><div class=\"entry-excerpt\"><p>Nesta unidade, aprender\u00e1 a compreender os 5 n\u00edveis de avalia\u00e7\u00e3o de compet\u00eancias e ser\u00e1 introduzido na abordagem PLANEAR-FAZER-VERIFICAR-AGIR.<\/p>\n<\/div><a class=\"entry-button\" href=\"https:\/\/www.sassi-llc.eu\/class\/m-vi-u-2-avaliacao-de-competencias-level5\/\">Ler mais<svg width=\"17px\" height=\"17px\" viewBox=\"0 0 32 32\" fill=\"currentColor\"><path d=\"M 21.1875 9.28125 L 19.78125 10.71875 L 24.0625 15 L 4 15 L 4 17 L 24.0625 17 L 19.78125 21.28125 L 21.1875 22.71875 L 27.90625 16 Z \"><\/path><\/svg><span class=\"screen-reader-text\">M VI &#8211; U 2 &#8211; Avalia\u00e7\u00e3o de Compet\u00eancias LEVEL5<\/span><\/a><\/article><article class=\"entry-card card-content post-4801 class type-class status-publish format-standard has-post-thumbnail hentry en-GB\" data-reveal=\"bottom:no\"><a class=\"ct-media-container\" href=\"https:\/\/www.sassi-llc.eu\/class\/m-vi-u-3-autorreflexao-e-o-impacto-na-forma-de-pensar\/\" aria-label=\"M VI &#8211; U 3 &#8211; Autorreflex\u00e3o e o Impacto na forma de Pensar\"><img decoding=\"async\" width=\"768\" height=\"768\" src=\"https:\/\/www.sassi-llc.eu\/wp-content\/uploads\/2022\/12\/man-in-his-sixties-business-casual-sitting-on-a-modern-couch-reading-a-sports-bike-in-the-background-768x768.jpeg\" class=\"attachment-medium_large size-medium_large wp-post-image\" alt=\"man in his sixties, business casual, sitting on a modern couch, reading, a sports bike in the background\" loading=\"lazy\" srcset=\"https:\/\/www.sassi-llc.eu\/wp-content\/uploads\/2022\/12\/man-in-his-sixties-business-casual-sitting-on-a-modern-couch-reading-a-sports-bike-in-the-background-768x768.jpeg 768w, https:\/\/www.sassi-llc.eu\/wp-content\/uploads\/2022\/12\/man-in-his-sixties-business-casual-sitting-on-a-modern-couch-reading-a-sports-bike-in-the-background-300x300.jpeg 300w, https:\/\/www.sassi-llc.eu\/wp-content\/uploads\/2022\/12\/man-in-his-sixties-business-casual-sitting-on-a-modern-couch-reading-a-sports-bike-in-the-background-150x150.jpeg 150w, https:\/\/www.sassi-llc.eu\/wp-content\/uploads\/2022\/12\/man-in-his-sixties-business-casual-sitting-on-a-modern-couch-reading-a-sports-bike-in-the-background.jpeg 1024w\" sizes=\"auto, (max-width: 768px) 100vw, 768px\" itemprop=\"image\" style=\"aspect-ratio: 4\/3;\" \/><\/a><h2 class=\"entry-title\"><a href=\"https:\/\/www.sassi-llc.eu\/class\/m-vi-u-3-autorreflexao-e-o-impacto-na-forma-de-pensar\/\" rel=\"bookmark\">M VI &#8211; U 3 &#8211; Autorreflex\u00e3o e o Impacto na forma de Pensar<\/a><\/h2><div class=\"entry-excerpt\"><p>Perceber os benef\u00edcios de um processo autoRreflexivo e compreender a forte influ\u00eancia da sua mentalidade sobre a forma como aprende e desenvolve compet\u00eancias.<\/p>\n<\/div><a class=\"entry-button\" href=\"https:\/\/www.sassi-llc.eu\/class\/m-vi-u-3-autorreflexao-e-o-impacto-na-forma-de-pensar\/\">Ler mais<svg width=\"17px\" height=\"17px\" viewBox=\"0 0 32 32\" fill=\"currentColor\"><path d=\"M 21.1875 9.28125 L 19.78125 10.71875 L 24.0625 15 L 4 15 L 4 17 L 24.0625 17 L 19.78125 21.28125 L 21.1875 22.71875 L 27.90625 16 Z \"><\/path><\/svg><span class=\"screen-reader-text\">M VI &#8211; U 3 &#8211; Autorreflex\u00e3o e o Impacto na forma de Pensar<\/span><\/a><\/article><\/div><\/div>\n\n<div style=\"height:100px\" aria-hidden=\"true\" class=\"wp-block-spacer\"><\/div>\n\n<hr class=\"wp-block-separator has-alpha-channel-opacity\">\n<\/div>\n\n","protected":false},"excerpt":{"rendered":"<p>M\u00f3dulo VI \u2013 Avalia\u00e7\u00e3o de Compet\u00eancias<\/p>\n","protected":false},"author":4,"featured_media":0,"parent":4809,"menu_order":0,"comment_status":"closed","ping_status":"closed","template":"","meta":{"inline_featured_image":false,"_locale":"pt_PT","_original_post":"https:\/\/www.sassi-llc.eu\/?page_id=3797","footnotes":""},"class_list":["post-3798","page","type-page","status-publish","hentry","pt-PT"],"blocksy_meta":[],"_links":{"self":[{"href":"https:\/\/www.sassi-llc.eu\/wp-json\/wp\/v2\/pages\/3798","targetHints":{"allow":["GET"]}}],"collection":[{"href":"https:\/\/www.sassi-llc.eu\/wp-json\/wp\/v2\/pages"}],"about":[{"href":"https:\/\/www.sassi-llc.eu\/wp-json\/wp\/v2\/types\/page"}],"author":[{"embeddable":true,"href":"https:\/\/www.sassi-llc.eu\/wp-json\/wp\/v2\/users\/4"}],"replies":[{"embeddable":true,"href":"https:\/\/www.sassi-llc.eu\/wp-json\/wp\/v2\/comments?post=3798"}],"version-history":[{"count":2,"href":"https:\/\/www.sassi-llc.eu\/wp-json\/wp\/v2\/pages\/3798\/revisions"}],"predecessor-version":[{"id":4818,"href":"https:\/\/www.sassi-llc.eu\/wp-json\/wp\/v2\/pages\/3798\/revisions\/4818"}],"up":[{"embeddable":true,"href":"https:\/\/www.sassi-llc.eu\/wp-json\/wp\/v2\/pages\/4809"}],"wp:attachment":[{"href":"https:\/\/www.sassi-llc.eu\/wp-json\/wp\/v2\/media?parent=3798"}],"curies":[{"name":"wp","href":"https:\/\/api.w.org\/{rel}","templated":true}]}}