{"id":4804,"date":"2024-09-10T17:17:56","date_gmt":"2024-09-10T17:17:56","guid":{"rendered":"https:\/\/www.sassi-llc.eu\/?page_id=4804"},"modified":"2024-09-17T12:07:17","modified_gmt":"2024-09-17T12:07:17","slug":"module-i-ageing-workers-and-the-labour-market","status":"publish","type":"page","link":"https:\/\/www.sassi-llc.eu\/pt\/courses\/training-for-supporting-later-life-career-choices\/module-i-ageing-workers-and-the-labour-market\/","title":{"rendered":"M\u00f3dulo I \u2013 Trabalhadores\/as S\u00e9niores e o Mercado de Trabalho"},"content":{"rendered":"\n<div class=\"wp-block-group is-layout-constrained wp-block-group-is-layout-constrained\">\n<h3 class=\"wp-block-heading\">M\u00f3dulo I \u2013 Trabalhadores\/as S\u00e9niores e o Mercado de Trabalho<\/h3>\n\n<div class=\"ct-posts-shortcode\" data-prefix=\"class_archive\"><div class=\"entries\" data-archive=\"default\" data-layout=\"grid\" data-cards=\"simple\"><article class=\"entry-card card-content post-4781 class type-class status-publish format-standard has-post-thumbnail hentry en-GB\" data-reveal=\"bottom:no\"><a class=\"ct-media-container\" href=\"https:\/\/www.sassi-llc.eu\/class\/m-i-u-1-as-alteracoes-demograficas-e-o-mercado-de-trabalho\/\" aria-label=\"M I &#8211; U 1 &#8211; As altera\u00e7\u00f5es demogr\u00e1ficas e o mercado de trabalho\"><img decoding=\"async\" width=\"768\" height=\"768\" src=\"https:\/\/www.sassi-llc.eu\/wp-content\/uploads\/2023\/11\/intercultural-team-of-people-in-their-sixties-business-casual-realistic-working-together-at-a-table-768x768.jpeg\" class=\"attachment-medium_large size-medium_large wp-post-image\" alt=\"intercultural team of people in their sixties, business casual, realistic, working together at a table\" loading=\"lazy\" srcset=\"https:\/\/www.sassi-llc.eu\/wp-content\/uploads\/2023\/11\/intercultural-team-of-people-in-their-sixties-business-casual-realistic-working-together-at-a-table-768x768.jpeg 768w, https:\/\/www.sassi-llc.eu\/wp-content\/uploads\/2023\/11\/intercultural-team-of-people-in-their-sixties-business-casual-realistic-working-together-at-a-table-300x300.jpeg 300w, https:\/\/www.sassi-llc.eu\/wp-content\/uploads\/2023\/11\/intercultural-team-of-people-in-their-sixties-business-casual-realistic-working-together-at-a-table-150x150.jpeg 150w, https:\/\/www.sassi-llc.eu\/wp-content\/uploads\/2023\/11\/intercultural-team-of-people-in-their-sixties-business-casual-realistic-working-together-at-a-table.jpeg 1024w\" sizes=\"auto, (max-width: 768px) 100vw, 768px\" itemprop=\"image\" style=\"aspect-ratio: 4\/3;\" \/><\/a><h2 class=\"entry-title\"><a href=\"https:\/\/www.sassi-llc.eu\/class\/m-i-u-1-as-alteracoes-demograficas-e-o-mercado-de-trabalho\/\" rel=\"bookmark\">M I &#8211; U 1 &#8211; As altera\u00e7\u00f5es demogr\u00e1ficas e o mercado de trabalho<\/a><\/h2><div class=\"entry-excerpt\"><p>Ter mais conhecimentos sobre a evolu\u00e7\u00e3o demogr\u00e1fica na Europa e o seu impacto no mercado de trabalho, bem como sobre as rela\u00e7\u00f5es entre o envelhecimento da m\u00e3o de obra e o mercado de trabalho.<\/p>\n<\/div><a class=\"entry-button\" href=\"https:\/\/www.sassi-llc.eu\/class\/m-i-u-1-as-alteracoes-demograficas-e-o-mercado-de-trabalho\/\">Ler mais<svg width=\"17px\" height=\"17px\" viewBox=\"0 0 32 32\" fill=\"currentColor\"><path d=\"M 21.1875 9.28125 L 19.78125 10.71875 L 24.0625 15 L 4 15 L 4 17 L 24.0625 17 L 19.78125 21.28125 L 21.1875 22.71875 L 27.90625 16 Z \"><\/path><\/svg><span class=\"screen-reader-text\">M I &#8211; U 1 &#8211; As altera\u00e7\u00f5es demogr\u00e1ficas e o mercado de trabalho<\/span><\/a><\/article><article class=\"entry-card card-content post-4782 class type-class status-publish format-standard has-post-thumbnail hentry en-GB\" data-reveal=\"bottom:no\"><a class=\"ct-media-container\" href=\"https:\/\/www.sassi-llc.eu\/class\/m-i-u-2-o-potencial-economico-de-trabalhadores-mais-velhos\/\" aria-label=\"M I &#8211; U 2 &#8211; O potencial econ\u00f3mico de trabalhadores mais velhos\"><img decoding=\"async\" width=\"768\" height=\"768\" src=\"https:\/\/www.sassi-llc.eu\/wp-content\/uploads\/2023\/11\/group-of-older-people-with-diverse-intercultural-background-chatting-business-casual-2-768x768.jpeg\" class=\"attachment-medium_large size-medium_large wp-post-image\" alt=\"group of older people, with diverse intercultural background, chatting, business casual\" loading=\"lazy\" srcset=\"https:\/\/www.sassi-llc.eu\/wp-content\/uploads\/2023\/11\/group-of-older-people-with-diverse-intercultural-background-chatting-business-casual-2-768x768.jpeg 768w, https:\/\/www.sassi-llc.eu\/wp-content\/uploads\/2023\/11\/group-of-older-people-with-diverse-intercultural-background-chatting-business-casual-2-300x300.jpeg 300w, https:\/\/www.sassi-llc.eu\/wp-content\/uploads\/2023\/11\/group-of-older-people-with-diverse-intercultural-background-chatting-business-casual-2-150x150.jpeg 150w, https:\/\/www.sassi-llc.eu\/wp-content\/uploads\/2023\/11\/group-of-older-people-with-diverse-intercultural-background-chatting-business-casual-2.jpeg 1024w\" sizes=\"auto, (max-width: 768px) 100vw, 768px\" itemprop=\"image\" style=\"aspect-ratio: 4\/3;\" \/><\/a><h2 class=\"entry-title\"><a href=\"https:\/\/www.sassi-llc.eu\/class\/m-i-u-2-o-potencial-economico-de-trabalhadores-mais-velhos\/\" rel=\"bookmark\">M I &#8211; U 2 &#8211; O potencial econ\u00f3mico de trabalhadores mais velhos<\/a><\/h2><div class=\"entry-excerpt\"><p>Um estere\u00f3tipo comum \u00e9 que uma for\u00e7a de trabalho envelhecida reduz a produtividade e a rentabilidade da empresa. Esta unidade questionar\u00e1 este estere\u00f3tipo e apresentar\u00e1 uma perspetiva diferente.<\/p>\n<\/div><a class=\"entry-button\" href=\"https:\/\/www.sassi-llc.eu\/class\/m-i-u-2-o-potencial-economico-de-trabalhadores-mais-velhos\/\">Ler mais<svg width=\"17px\" height=\"17px\" viewBox=\"0 0 32 32\" fill=\"currentColor\"><path d=\"M 21.1875 9.28125 L 19.78125 10.71875 L 24.0625 15 L 4 15 L 4 17 L 24.0625 17 L 19.78125 21.28125 L 21.1875 22.71875 L 27.90625 16 Z \"><\/path><\/svg><span class=\"screen-reader-text\">M I &#8211; U 2 &#8211; O potencial econ\u00f3mico de trabalhadores mais velhos<\/span><\/a><\/article><article class=\"entry-card card-content post-4783 class type-class status-publish format-standard has-post-thumbnail hentry en-GB\" data-reveal=\"bottom:no\"><a class=\"ct-media-container\" href=\"https:\/\/www.sassi-llc.eu\/class\/m-i-u-3-necessidades-e-preferencias-de-trabalhadores-mais-velhos\/\" aria-label=\"M I &#8211; U 3 &#8211; Necessidades e prefer\u00eancias de trabalhadores mais velhos\"><img decoding=\"async\" width=\"768\" height=\"768\" src=\"https:\/\/www.sassi-llc.eu\/wp-content\/uploads\/2022\/12\/70-year-old-lady-sitting-on-a-sofa-and-a-laptop-in-her-lap-profile-view-and-plain-light-background-2-768x768.jpeg\" class=\"attachment-medium_large size-medium_large wp-post-image\" alt=\"\" loading=\"lazy\" srcset=\"https:\/\/www.sassi-llc.eu\/wp-content\/uploads\/2022\/12\/70-year-old-lady-sitting-on-a-sofa-and-a-laptop-in-her-lap-profile-view-and-plain-light-background-2-768x768.jpeg 768w, https:\/\/www.sassi-llc.eu\/wp-content\/uploads\/2022\/12\/70-year-old-lady-sitting-on-a-sofa-and-a-laptop-in-her-lap-profile-view-and-plain-light-background-2-300x300.jpeg 300w, https:\/\/www.sassi-llc.eu\/wp-content\/uploads\/2022\/12\/70-year-old-lady-sitting-on-a-sofa-and-a-laptop-in-her-lap-profile-view-and-plain-light-background-2-150x150.jpeg 150w, https:\/\/www.sassi-llc.eu\/wp-content\/uploads\/2022\/12\/70-year-old-lady-sitting-on-a-sofa-and-a-laptop-in-her-lap-profile-view-and-plain-light-background-2.jpeg 1024w\" sizes=\"auto, (max-width: 768px) 100vw, 768px\" itemprop=\"image\" style=\"aspect-ratio: 4\/3;\" \/><\/a><h2 class=\"entry-title\"><a href=\"https:\/\/www.sassi-llc.eu\/class\/m-i-u-3-necessidades-e-preferencias-de-trabalhadores-mais-velhos\/\" rel=\"bookmark\">M I &#8211; U 3 &#8211; Necessidades e prefer\u00eancias de trabalhadores mais velhos<\/a><\/h2><div class=\"entry-excerpt\"><p>A forma como os padr\u00f5es de trabalho se alteram com o aumento da idade dos trabalhadores e as principais prefer\u00eancias relacionadas com os padr\u00f5es de trabalho dos trabalhadores mais velhos.<\/p>\n<\/div><a class=\"entry-button\" href=\"https:\/\/www.sassi-llc.eu\/class\/m-i-u-3-necessidades-e-preferencias-de-trabalhadores-mais-velhos\/\">Ler mais<svg width=\"17px\" height=\"17px\" viewBox=\"0 0 32 32\" fill=\"currentColor\"><path d=\"M 21.1875 9.28125 L 19.78125 10.71875 L 24.0625 15 L 4 15 L 4 17 L 24.0625 17 L 19.78125 21.28125 L 21.1875 22.71875 L 27.90625 16 Z \"><\/path><\/svg><span class=\"screen-reader-text\">M I &#8211; U 3 &#8211; Necessidades e prefer\u00eancias de trabalhadores mais velhos<\/span><\/a><\/article><\/div><\/div>\n\n<div style=\"height:100px\" aria-hidden=\"true\" class=\"wp-block-spacer\"><\/div>\n\n<hr class=\"wp-block-separator has-alpha-channel-opacity\">\n<\/div>\n\n","protected":false},"excerpt":{"rendered":"<p>M\u00f3dulo I \u2013 Trabalhadores\/as S\u00e9niores e o Mercado de Trabalho<\/p>\n","protected":false},"author":4,"featured_media":2753,"parent":4809,"menu_order":1,"comment_status":"closed","ping_status":"closed","template":"","meta":{"inline_featured_image":false,"_locale":"pt_PT","_original_post":"https:\/\/www.sassi-llc.eu\/?page_id=3786","footnotes":""},"class_list":["post-4804","page","type-page","status-publish","has-post-thumbnail","hentry","pt-PT"],"blocksy_meta":[],"_links":{"self":[{"href":"https:\/\/www.sassi-llc.eu\/wp-json\/wp\/v2\/pages\/4804","targetHints":{"allow":["GET"]}}],"collection":[{"href":"https:\/\/www.sassi-llc.eu\/wp-json\/wp\/v2\/pages"}],"about":[{"href":"https:\/\/www.sassi-llc.eu\/wp-json\/wp\/v2\/types\/page"}],"author":[{"embeddable":true,"href":"https:\/\/www.sassi-llc.eu\/wp-json\/wp\/v2\/users\/4"}],"replies":[{"embeddable":true,"href":"https:\/\/www.sassi-llc.eu\/wp-json\/wp\/v2\/comments?post=4804"}],"version-history":[{"count":1,"href":"https:\/\/www.sassi-llc.eu\/wp-json\/wp\/v2\/pages\/4804\/revisions"}],"predecessor-version":[{"id":4810,"href":"https:\/\/www.sassi-llc.eu\/wp-json\/wp\/v2\/pages\/4804\/revisions\/4810"}],"up":[{"embeddable":true,"href":"https:\/\/www.sassi-llc.eu\/wp-json\/wp\/v2\/pages\/4809"}],"wp:featuredmedia":[{"embeddable":true,"href":"https:\/\/www.sassi-llc.eu\/wp-json\/wp\/v2\/media\/2753"}],"wp:attachment":[{"href":"https:\/\/www.sassi-llc.eu\/wp-json\/wp\/v2\/media?parent=4804"}],"curies":[{"name":"wp","href":"https:\/\/api.w.org\/{rel}","templated":true}]}}