{"id":4805,"date":"2024-09-10T17:42:03","date_gmt":"2024-09-10T17:42:03","guid":{"rendered":"https:\/\/www.sassi-llc.eu\/?page_id=4805"},"modified":"2024-09-17T12:08:26","modified_gmt":"2024-09-17T12:08:26","slug":"module-ii-age-specific-career-counselling","status":"publish","type":"page","link":"https:\/\/www.sassi-llc.eu\/pt\/courses\/training-for-supporting-later-life-career-choices\/module-ii-age-specific-career-counselling\/","title":{"rendered":"M\u00f3dulo II \u2013 Gest\u00e3o de Carreira adequada \u00e0 Idade"},"content":{"rendered":"\n<div class=\"wp-block-group is-layout-constrained wp-block-group-is-layout-constrained\">\n<h3 class=\"wp-block-heading\">M\u00f3dulo II \u2013 Gest\u00e3o de Carreira adequada \u00e0 Idade<\/h3>\n\n<div class=\"ct-posts-shortcode\" data-prefix=\"class_archive\"><div class=\"entries\" data-archive=\"default\" data-layout=\"grid\" data-cards=\"simple\"><article class=\"entry-card card-content post-4784 class type-class status-publish format-standard has-post-thumbnail hentry en-GB\" data-reveal=\"bottom:no\"><a class=\"ct-media-container\" href=\"https:\/\/www.sassi-llc.eu\/class\/m-ii-u-1-o-conceito-de-idade\/\" aria-label=\"M II &#8211; U 1 &#8211; O Conceito de Idade\"><img decoding=\"async\" width=\"768\" height=\"768\" src=\"https:\/\/www.sassi-llc.eu\/wp-content\/uploads\/2023\/10\/girl-shows-her-60-year-old-grandmother-something-on-her-smartphone.jpg-768x768.jpeg\" class=\"attachment-medium_large size-medium_large wp-post-image\" alt=\"girl shows her 60 year old grandmother something on her smartphone\" loading=\"lazy\" srcset=\"https:\/\/www.sassi-llc.eu\/wp-content\/uploads\/2023\/10\/girl-shows-her-60-year-old-grandmother-something-on-her-smartphone.jpg-768x768.jpeg 768w, https:\/\/www.sassi-llc.eu\/wp-content\/uploads\/2023\/10\/girl-shows-her-60-year-old-grandmother-something-on-her-smartphone.jpg-300x300.jpeg 300w, https:\/\/www.sassi-llc.eu\/wp-content\/uploads\/2023\/10\/girl-shows-her-60-year-old-grandmother-something-on-her-smartphone.jpg-150x150.jpeg 150w, https:\/\/www.sassi-llc.eu\/wp-content\/uploads\/2023\/10\/girl-shows-her-60-year-old-grandmother-something-on-her-smartphone.jpg.jpeg 1024w\" sizes=\"auto, (max-width: 768px) 100vw, 768px\" itemprop=\"image\" style=\"aspect-ratio: 4\/3;\" \/><\/a><h2 class=\"entry-title\"><a href=\"https:\/\/www.sassi-llc.eu\/class\/m-ii-u-1-o-conceito-de-idade\/\" rel=\"bookmark\">M II &#8211; U 1 &#8211; O Conceito de Idade<\/a><\/h2><div class=\"entry-excerpt\"><p>O envelhecimento \u00e9 uma experi\u00eancia muito individual, que desafia uma defini\u00e7\u00e3o universal. Todos n\u00f3s somos \u00fanicos.<\/p>\n<\/div><a class=\"entry-button\" href=\"https:\/\/www.sassi-llc.eu\/class\/m-ii-u-1-o-conceito-de-idade\/\">Ler mais<svg width=\"17px\" height=\"17px\" viewBox=\"0 0 32 32\" fill=\"currentColor\"><path d=\"M 21.1875 9.28125 L 19.78125 10.71875 L 24.0625 15 L 4 15 L 4 17 L 24.0625 17 L 19.78125 21.28125 L 21.1875 22.71875 L 27.90625 16 Z \"><\/path><\/svg><span class=\"screen-reader-text\">M II &#8211; U 1 &#8211; O Conceito de Idade<\/span><\/a><\/article><article class=\"entry-card card-content post-4785 class type-class status-publish format-standard has-post-thumbnail hentry en-GB\" data-reveal=\"bottom:no\"><a class=\"ct-media-container\" href=\"https:\/\/www.sassi-llc.eu\/class\/m-ii-u-2-ideidadismo-e-estereotipos\/\" aria-label=\"M II &#8211; U 2 &#8211; IdeIdadismo e Estere\u00f3tipos\"><img decoding=\"async\" width=\"768\" height=\"768\" src=\"https:\/\/www.sassi-llc.eu\/wp-content\/uploads\/2022\/12\/birds-view-on-a-desk-with-a-computer-and-a-keyboard-hands-of-a-older-persons-typing-768x768.jpeg\" class=\"attachment-medium_large size-medium_large wp-post-image\" alt=\"birds view on a desk with a computer and a keyboard, hands of a older persons typing\" loading=\"lazy\" srcset=\"https:\/\/www.sassi-llc.eu\/wp-content\/uploads\/2022\/12\/birds-view-on-a-desk-with-a-computer-and-a-keyboard-hands-of-a-older-persons-typing-768x768.jpeg 768w, https:\/\/www.sassi-llc.eu\/wp-content\/uploads\/2022\/12\/birds-view-on-a-desk-with-a-computer-and-a-keyboard-hands-of-a-older-persons-typing-300x300.jpeg 300w, https:\/\/www.sassi-llc.eu\/wp-content\/uploads\/2022\/12\/birds-view-on-a-desk-with-a-computer-and-a-keyboard-hands-of-a-older-persons-typing-150x150.jpeg 150w, https:\/\/www.sassi-llc.eu\/wp-content\/uploads\/2022\/12\/birds-view-on-a-desk-with-a-computer-and-a-keyboard-hands-of-a-older-persons-typing.jpeg 1024w\" sizes=\"auto, (max-width: 768px) 100vw, 768px\" itemprop=\"image\" style=\"aspect-ratio: 4\/3;\" \/><\/a><h2 class=\"entry-title\"><a href=\"https:\/\/www.sassi-llc.eu\/class\/m-ii-u-2-ideidadismo-e-estereotipos\/\" rel=\"bookmark\">M II &#8211; U 2 &#8211; IdeIdadismo e Estere\u00f3tipos<\/a><\/h2><div class=\"entry-excerpt\"><p>Ajudar as pessoas mais velhas a desenvolver estrat\u00e9gias contra o preconceito de idade e os estere\u00f3tipos em rela\u00e7\u00e3o a si pr\u00f3prias.<\/p>\n<\/div><a class=\"entry-button\" href=\"https:\/\/www.sassi-llc.eu\/class\/m-ii-u-2-ideidadismo-e-estereotipos\/\">Ler mais<svg width=\"17px\" height=\"17px\" viewBox=\"0 0 32 32\" fill=\"currentColor\"><path d=\"M 21.1875 9.28125 L 19.78125 10.71875 L 24.0625 15 L 4 15 L 4 17 L 24.0625 17 L 19.78125 21.28125 L 21.1875 22.71875 L 27.90625 16 Z \"><\/path><\/svg><span class=\"screen-reader-text\">M II &#8211; U 2 &#8211; IdeIdadismo e Estere\u00f3tipos<\/span><\/a><\/article><article class=\"entry-card card-content post-4786 class type-class status-publish format-standard has-post-thumbnail hentry en-GB\" data-reveal=\"bottom:no\"><a class=\"ct-media-container\" href=\"https:\/\/www.sassi-llc.eu\/class\/m-ii-u-3-transicao-de-carreira-em-idades-avancadas\/\" aria-label=\"M II &#8211; U 3 &#8211; Transi\u00e7\u00e3o de Carreira em Idades Avan\u00e7adas\"><img decoding=\"async\" width=\"768\" height=\"768\" src=\"https:\/\/www.sassi-llc.eu\/wp-content\/uploads\/2023\/05\/couple-in-their-sixties-business-casual-discovering-their-superpowers-768x768.jpeg\" class=\"attachment-medium_large size-medium_large wp-post-image\" alt=\"couple in their sixties, business casual, discovering their superpowers\" loading=\"lazy\" srcset=\"https:\/\/www.sassi-llc.eu\/wp-content\/uploads\/2023\/05\/couple-in-their-sixties-business-casual-discovering-their-superpowers-768x768.jpeg 768w, https:\/\/www.sassi-llc.eu\/wp-content\/uploads\/2023\/05\/couple-in-their-sixties-business-casual-discovering-their-superpowers-300x300.jpeg 300w, https:\/\/www.sassi-llc.eu\/wp-content\/uploads\/2023\/05\/couple-in-their-sixties-business-casual-discovering-their-superpowers-150x150.jpeg 150w, https:\/\/www.sassi-llc.eu\/wp-content\/uploads\/2023\/05\/couple-in-their-sixties-business-casual-discovering-their-superpowers.jpeg 1024w\" sizes=\"auto, (max-width: 768px) 100vw, 768px\" itemprop=\"image\" style=\"aspect-ratio: 4\/3;\" \/><\/a><h2 class=\"entry-title\"><a href=\"https:\/\/www.sassi-llc.eu\/class\/m-ii-u-3-transicao-de-carreira-em-idades-avancadas\/\" rel=\"bookmark\">M II &#8211; U 3 &#8211; Transi\u00e7\u00e3o de Carreira em Idades Avan\u00e7adas<\/a><\/h2><div class=\"entry-excerpt\"><p>Como e porque \u00e9 que os adultos mais velhos mudam os seus percursos profissionais? Conhe\u00e7a modelos alternativos de desenvolvimento de carreira e a natureza da tomada de decis\u00f5es dos trabalhadores mais velhos no final da carreira.<\/p>\n<\/div><a class=\"entry-button\" href=\"https:\/\/www.sassi-llc.eu\/class\/m-ii-u-3-transicao-de-carreira-em-idades-avancadas\/\">Ler mais<svg width=\"17px\" height=\"17px\" viewBox=\"0 0 32 32\" fill=\"currentColor\"><path d=\"M 21.1875 9.28125 L 19.78125 10.71875 L 24.0625 15 L 4 15 L 4 17 L 24.0625 17 L 19.78125 21.28125 L 21.1875 22.71875 L 27.90625 16 Z \"><\/path><\/svg><span class=\"screen-reader-text\">M II &#8211; U 3 &#8211; Transi\u00e7\u00e3o de Carreira em Idades Avan\u00e7adas<\/span><\/a><\/article><article class=\"entry-card card-content post-4787 class type-class status-publish format-standard has-post-thumbnail hentry en-GB\" data-reveal=\"bottom:no\"><a class=\"ct-media-container\" href=\"https:\/\/www.sassi-llc.eu\/class\/m-ii-u-4-aprendizagem-em-idade-avancadas\/\" aria-label=\"M II &#8211; U 4 &#8211; Aprendizagem em Idade Avan\u00e7adas\"><img decoding=\"async\" width=\"768\" height=\"768\" src=\"https:\/\/www.sassi-llc.eu\/wp-content\/uploads\/2023\/09\/age-sensitive-approach-to-learning-and-development-older-person-in-a-library-1-768x768.jpeg\" class=\"attachment-medium_large size-medium_large wp-post-image\" alt=\"age-sensitive approach to learning and development - older person in a library\" loading=\"lazy\" srcset=\"https:\/\/www.sassi-llc.eu\/wp-content\/uploads\/2023\/09\/age-sensitive-approach-to-learning-and-development-older-person-in-a-library-1-768x768.jpeg 768w, https:\/\/www.sassi-llc.eu\/wp-content\/uploads\/2023\/09\/age-sensitive-approach-to-learning-and-development-older-person-in-a-library-1-300x300.jpeg 300w, https:\/\/www.sassi-llc.eu\/wp-content\/uploads\/2023\/09\/age-sensitive-approach-to-learning-and-development-older-person-in-a-library-1-150x150.jpeg 150w, https:\/\/www.sassi-llc.eu\/wp-content\/uploads\/2023\/09\/age-sensitive-approach-to-learning-and-development-older-person-in-a-library-1.jpeg 1024w\" sizes=\"auto, (max-width: 768px) 100vw, 768px\" itemprop=\"image\" style=\"aspect-ratio: 4\/3;\" \/><\/a><h2 class=\"entry-title\"><a href=\"https:\/\/www.sassi-llc.eu\/class\/m-ii-u-4-aprendizagem-em-idade-avancadas\/\" rel=\"bookmark\">M II &#8211; U 4 &#8211; Aprendizagem em Idade Avan\u00e7adas<\/a><\/h2><div class=\"entry-excerpt\"><p>O que \u00e9 a aprendizagem - O impacto da idade na cogni\u00e7\u00e3o: Descobertas neurocient\u00edficas para a aprendizagem \/ Neuroplasticidade do c\u00e9rebro<\/p>\n<\/div><a class=\"entry-button\" href=\"https:\/\/www.sassi-llc.eu\/class\/m-ii-u-4-aprendizagem-em-idade-avancadas\/\">Ler mais<svg width=\"17px\" height=\"17px\" viewBox=\"0 0 32 32\" fill=\"currentColor\"><path d=\"M 21.1875 9.28125 L 19.78125 10.71875 L 24.0625 15 L 4 15 L 4 17 L 24.0625 17 L 19.78125 21.28125 L 21.1875 22.71875 L 27.90625 16 Z \"><\/path><\/svg><span class=\"screen-reader-text\">M II &#8211; U 4 &#8211; Aprendizagem em Idade Avan\u00e7adas<\/span><\/a><\/article><\/div><\/div>\n\n<div style=\"height:100px\" aria-hidden=\"true\" class=\"wp-block-spacer\"><\/div>\n\n<hr class=\"wp-block-separator has-alpha-channel-opacity\">\n<\/div>\n\n","protected":false},"excerpt":{"rendered":"<p>M\u00f3dulo II \u2013 Gest\u00e3o de Carreira adequada \u00e0 Idade<\/p>\n","protected":false},"author":4,"featured_media":2778,"parent":4809,"menu_order":2,"comment_status":"closed","ping_status":"closed","template":"","meta":{"inline_featured_image":false,"_locale":"pt_PT","_original_post":"https:\/\/www.sassi-llc.eu\/?page_id=3788","footnotes":""},"class_list":["post-4805","page","type-page","status-publish","has-post-thumbnail","hentry","pt-PT"],"blocksy_meta":[],"_links":{"self":[{"href":"https:\/\/www.sassi-llc.eu\/wp-json\/wp\/v2\/pages\/4805","targetHints":{"allow":["GET"]}}],"collection":[{"href":"https:\/\/www.sassi-llc.eu\/wp-json\/wp\/v2\/pages"}],"about":[{"href":"https:\/\/www.sassi-llc.eu\/wp-json\/wp\/v2\/types\/page"}],"author":[{"embeddable":true,"href":"https:\/\/www.sassi-llc.eu\/wp-json\/wp\/v2\/users\/4"}],"replies":[{"embeddable":true,"href":"https:\/\/www.sassi-llc.eu\/wp-json\/wp\/v2\/comments?post=4805"}],"version-history":[{"count":1,"href":"https:\/\/www.sassi-llc.eu\/wp-json\/wp\/v2\/pages\/4805\/revisions"}],"predecessor-version":[{"id":4811,"href":"https:\/\/www.sassi-llc.eu\/wp-json\/wp\/v2\/pages\/4805\/revisions\/4811"}],"up":[{"embeddable":true,"href":"https:\/\/www.sassi-llc.eu\/wp-json\/wp\/v2\/pages\/4809"}],"wp:featuredmedia":[{"embeddable":true,"href":"https:\/\/www.sassi-llc.eu\/wp-json\/wp\/v2\/media\/2778"}],"wp:attachment":[{"href":"https:\/\/www.sassi-llc.eu\/wp-json\/wp\/v2\/media?parent=4805"}],"curies":[{"name":"wp","href":"https:\/\/api.w.org\/{rel}","templated":true}]}}