{"id":4806,"date":"2024-09-10T17:43:37","date_gmt":"2024-09-10T17:43:37","guid":{"rendered":"https:\/\/www.sassi-llc.eu\/?page_id=4806"},"modified":"2024-09-17T12:10:28","modified_gmt":"2024-09-17T12:10:28","slug":"module-iii-managing-later-life-careers","status":"publish","type":"page","link":"https:\/\/www.sassi-llc.eu\/pt\/courses\/training-for-supporting-later-life-career-choices\/module-iii-managing-later-life-careers\/","title":{"rendered":"M\u00f3dulo III \u2013 A Gest\u00e3o de Carreiras S\u00e9niores"},"content":{"rendered":"\n<div class=\"wp-block-group is-layout-constrained wp-block-group-is-layout-constrained\">\n<h3 class=\"wp-block-heading\">M\u00f3dulo III \u2013 A Gest\u00e3o de Carreiras S\u00e9niores<\/h3>\n\n<div class=\"ct-posts-shortcode\" data-prefix=\"class_archive\"><div class=\"entries\" data-archive=\"default\" data-layout=\"grid\" data-cards=\"simple\"><article class=\"entry-card card-content post-4788 class type-class status-publish format-standard has-post-thumbnail hentry en-GB\" data-reveal=\"bottom:no\"><a class=\"ct-media-container\" href=\"https:\/\/www.sassi-llc.eu\/class\/m-iii-u-1-analise-de-carreira\/\" aria-label=\"M III &#8211; U 1 &#8211; An\u00e1lise de Carreira\"><img decoding=\"async\" width=\"768\" height=\"768\" src=\"https:\/\/www.sassi-llc.eu\/wp-content\/uploads\/2024\/03\/70-year-old-man-sitting-at-a-table-in-front-of-a-computer-profile-view-and-plain-light-background-3-768x768.jpeg\" class=\"attachment-medium_large size-medium_large wp-post-image\" alt=\"\" loading=\"lazy\" srcset=\"https:\/\/www.sassi-llc.eu\/wp-content\/uploads\/2024\/03\/70-year-old-man-sitting-at-a-table-in-front-of-a-computer-profile-view-and-plain-light-background-3-768x768.jpeg 768w, https:\/\/www.sassi-llc.eu\/wp-content\/uploads\/2024\/03\/70-year-old-man-sitting-at-a-table-in-front-of-a-computer-profile-view-and-plain-light-background-3-300x300.jpeg 300w, https:\/\/www.sassi-llc.eu\/wp-content\/uploads\/2024\/03\/70-year-old-man-sitting-at-a-table-in-front-of-a-computer-profile-view-and-plain-light-background-3-150x150.jpeg 150w, https:\/\/www.sassi-llc.eu\/wp-content\/uploads\/2024\/03\/70-year-old-man-sitting-at-a-table-in-front-of-a-computer-profile-view-and-plain-light-background-3.jpeg 1024w\" sizes=\"auto, (max-width: 768px) 100vw, 768px\" itemprop=\"image\" style=\"aspect-ratio: 4\/3;\" \/><\/a><h2 class=\"entry-title\"><a href=\"https:\/\/www.sassi-llc.eu\/class\/m-iii-u-1-analise-de-carreira\/\" rel=\"bookmark\">M III &#8211; U 1 &#8211; An\u00e1lise de Carreira<\/a><\/h2><div class=\"entry-excerpt\"><p>Quais s\u00e3o os benef\u00edcios das carreiras na idade adulta? Algumas quest\u00f5es para refletir: objetivo e benef\u00edcios.<\/p>\n<\/div><a class=\"entry-button\" href=\"https:\/\/www.sassi-llc.eu\/class\/m-iii-u-1-analise-de-carreira\/\">Ler mais<svg width=\"17px\" height=\"17px\" viewBox=\"0 0 32 32\" fill=\"currentColor\"><path d=\"M 21.1875 9.28125 L 19.78125 10.71875 L 24.0625 15 L 4 15 L 4 17 L 24.0625 17 L 19.78125 21.28125 L 21.1875 22.71875 L 27.90625 16 Z \"><\/path><\/svg><span class=\"screen-reader-text\">M III &#8211; U 1 &#8211; An\u00e1lise de Carreira<\/span><\/a><\/article><article class=\"entry-card card-content post-4789 class type-class status-publish format-standard has-post-thumbnail hentry en-GB\" data-reveal=\"bottom:no\"><a class=\"ct-media-container\" href=\"https:\/\/www.sassi-llc.eu\/class\/m-iii-u-2-a-mudanca-de-percursos-de-carreira\/\" aria-label=\"M III &#8211; U 2 &#8211; A Mudan\u00e7a de Percursos de Carreira\"><img decoding=\"async\" width=\"768\" height=\"768\" src=\"https:\/\/www.sassi-llc.eu\/wp-content\/uploads\/2023\/05\/lady-with-very-short-grey-hair-and-bold-glasses-points-in-two-different-directions-business-casual-768x768.jpeg\" class=\"attachment-medium_large size-medium_large wp-post-image\" alt=\"lady with very short grey hair and bold glasses points in two different directions, business casual\" loading=\"lazy\" srcset=\"https:\/\/www.sassi-llc.eu\/wp-content\/uploads\/2023\/05\/lady-with-very-short-grey-hair-and-bold-glasses-points-in-two-different-directions-business-casual-768x768.jpeg 768w, https:\/\/www.sassi-llc.eu\/wp-content\/uploads\/2023\/05\/lady-with-very-short-grey-hair-and-bold-glasses-points-in-two-different-directions-business-casual-300x300.jpeg 300w, https:\/\/www.sassi-llc.eu\/wp-content\/uploads\/2023\/05\/lady-with-very-short-grey-hair-and-bold-glasses-points-in-two-different-directions-business-casual-150x150.jpeg 150w, https:\/\/www.sassi-llc.eu\/wp-content\/uploads\/2023\/05\/lady-with-very-short-grey-hair-and-bold-glasses-points-in-two-different-directions-business-casual.jpeg 1024w\" sizes=\"auto, (max-width: 768px) 100vw, 768px\" itemprop=\"image\" style=\"aspect-ratio: 4\/3;\" \/><\/a><h2 class=\"entry-title\"><a href=\"https:\/\/www.sassi-llc.eu\/class\/m-iii-u-2-a-mudanca-de-percursos-de-carreira\/\" rel=\"bookmark\">M III &#8211; U 2 &#8211; A Mudan\u00e7a de Percursos de Carreira<\/a><\/h2><div class=\"entry-excerpt\"><p>Possibilidades de carreira para pessoas mais velhas - o que existe? Rumo a uma carreira de \u201cencore\u201d - a abordagem da \u201cf\u00f3rmula do legado\u201d.<\/p>\n<\/div><a class=\"entry-button\" href=\"https:\/\/www.sassi-llc.eu\/class\/m-iii-u-2-a-mudanca-de-percursos-de-carreira\/\">Ler mais<svg width=\"17px\" height=\"17px\" viewBox=\"0 0 32 32\" fill=\"currentColor\"><path d=\"M 21.1875 9.28125 L 19.78125 10.71875 L 24.0625 15 L 4 15 L 4 17 L 24.0625 17 L 19.78125 21.28125 L 21.1875 22.71875 L 27.90625 16 Z \"><\/path><\/svg><span class=\"screen-reader-text\">M III &#8211; U 2 &#8211; A Mudan\u00e7a de Percursos de Carreira<\/span><\/a><\/article><article class=\"entry-card card-content post-4790 class type-class status-publish format-standard has-post-thumbnail hentry en-GB\" data-reveal=\"bottom:no\"><a class=\"ct-media-container\" href=\"https:\/\/www.sassi-llc.eu\/class\/m-iii-u-3-desenvolver-uma-historia-pessoal\/\" aria-label=\"M III &#8211; U 3 &#8211; Desenvolver uma Hist\u00f3ria Pessoal\"><img decoding=\"async\" width=\"768\" height=\"768\" src=\"https:\/\/www.sassi-llc.eu\/wp-content\/uploads\/2023\/10\/bald-man-in-his-sixties-with-beard-is-thinking-dark-background-768x768.jpeg\" class=\"attachment-medium_large size-medium_large wp-post-image\" alt=\"bald man in his sixties with beard is thinking dark background\" loading=\"lazy\" srcset=\"https:\/\/www.sassi-llc.eu\/wp-content\/uploads\/2023\/10\/bald-man-in-his-sixties-with-beard-is-thinking-dark-background-768x768.jpeg 768w, https:\/\/www.sassi-llc.eu\/wp-content\/uploads\/2023\/10\/bald-man-in-his-sixties-with-beard-is-thinking-dark-background-300x300.jpeg 300w, https:\/\/www.sassi-llc.eu\/wp-content\/uploads\/2023\/10\/bald-man-in-his-sixties-with-beard-is-thinking-dark-background-150x150.jpeg 150w, https:\/\/www.sassi-llc.eu\/wp-content\/uploads\/2023\/10\/bald-man-in-his-sixties-with-beard-is-thinking-dark-background.jpeg 1024w\" sizes=\"auto, (max-width: 768px) 100vw, 768px\" itemprop=\"image\" style=\"aspect-ratio: 4\/3;\" \/><\/a><h2 class=\"entry-title\"><a href=\"https:\/\/www.sassi-llc.eu\/class\/m-iii-u-3-desenvolver-uma-historia-pessoal\/\" rel=\"bookmark\">M III &#8211; U 3 &#8211; Desenvolver uma Hist\u00f3ria Pessoal<\/a><\/h2><div class=\"entry-excerpt\"><p>Contar hist\u00f3rias como uma ferramenta para identificar uma carreira em idade avan\u00e7ada + o m\u00e9todo da Jornada do Her\u00f3i<\/p>\n<\/div><a class=\"entry-button\" href=\"https:\/\/www.sassi-llc.eu\/class\/m-iii-u-3-desenvolver-uma-historia-pessoal\/\">Ler mais<svg width=\"17px\" height=\"17px\" viewBox=\"0 0 32 32\" fill=\"currentColor\"><path d=\"M 21.1875 9.28125 L 19.78125 10.71875 L 24.0625 15 L 4 15 L 4 17 L 24.0625 17 L 19.78125 21.28125 L 21.1875 22.71875 L 27.90625 16 Z \"><\/path><\/svg><span class=\"screen-reader-text\">M III &#8211; U 3 &#8211; Desenvolver uma Hist\u00f3ria Pessoal<\/span><\/a><\/article><\/div><\/div>\n\n<div style=\"height:100px\" aria-hidden=\"true\" class=\"wp-block-spacer\"><\/div>\n\n<hr class=\"wp-block-separator has-alpha-channel-opacity\">\n<\/div>\n\n","protected":false},"excerpt":{"rendered":"<p>M\u00f3dulo III \u2013 A Gest\u00e3o de Carreiras S\u00e9niores<\/p>\n","protected":false},"author":4,"featured_media":3473,"parent":4809,"menu_order":3,"comment_status":"closed","ping_status":"closed","template":"","meta":{"inline_featured_image":false,"_locale":"pt_PT","_original_post":"https:\/\/www.sassi-llc.eu\/?page_id=3790","footnotes":""},"class_list":["post-4806","page","type-page","status-publish","has-post-thumbnail","hentry","pt-PT"],"blocksy_meta":[],"_links":{"self":[{"href":"https:\/\/www.sassi-llc.eu\/wp-json\/wp\/v2\/pages\/4806","targetHints":{"allow":["GET"]}}],"collection":[{"href":"https:\/\/www.sassi-llc.eu\/wp-json\/wp\/v2\/pages"}],"about":[{"href":"https:\/\/www.sassi-llc.eu\/wp-json\/wp\/v2\/types\/page"}],"author":[{"embeddable":true,"href":"https:\/\/www.sassi-llc.eu\/wp-json\/wp\/v2\/users\/4"}],"replies":[{"embeddable":true,"href":"https:\/\/www.sassi-llc.eu\/wp-json\/wp\/v2\/comments?post=4806"}],"version-history":[{"count":1,"href":"https:\/\/www.sassi-llc.eu\/wp-json\/wp\/v2\/pages\/4806\/revisions"}],"predecessor-version":[{"id":4812,"href":"https:\/\/www.sassi-llc.eu\/wp-json\/wp\/v2\/pages\/4806\/revisions\/4812"}],"up":[{"embeddable":true,"href":"https:\/\/www.sassi-llc.eu\/wp-json\/wp\/v2\/pages\/4809"}],"wp:featuredmedia":[{"embeddable":true,"href":"https:\/\/www.sassi-llc.eu\/wp-json\/wp\/v2\/media\/3473"}],"wp:attachment":[{"href":"https:\/\/www.sassi-llc.eu\/wp-json\/wp\/v2\/media?parent=4806"}],"curies":[{"name":"wp","href":"https:\/\/api.w.org\/{rel}","templated":true}]}}