{"id":4807,"date":"2024-09-10T17:45:15","date_gmt":"2024-09-10T17:45:15","guid":{"rendered":"https:\/\/www.sassi-llc.eu\/?page_id=4807"},"modified":"2024-09-17T12:11:31","modified_gmt":"2024-09-17T12:11:31","slug":"module-iv-ambassadors-for-mobility-in-later-life","status":"publish","type":"page","link":"https:\/\/www.sassi-llc.eu\/pt\/courses\/training-for-supporting-later-life-career-choices\/module-iv-ambassadors-for-mobility-in-later-life\/","title":{"rendered":"M\u00f3dulo IV \u2013 Embaixadores de Mobilidades S\u00e9niores"},"content":{"rendered":"\n<div class=\"wp-block-group is-layout-constrained wp-block-group-is-layout-constrained\">\n<h3 class=\"wp-block-heading\">M\u00f3dulo IV \u2013 Embaixadores de Mobilidades S\u00e9niores<\/h3>\n\n<div class=\"ct-posts-shortcode\" data-prefix=\"class_archive\"><div class=\"entries\" data-archive=\"default\" data-layout=\"grid\" data-cards=\"simple\"><article class=\"entry-card card-content post-4791 class type-class status-publish format-standard has-post-thumbnail hentry en-GB\" data-reveal=\"bottom:no\"><a class=\"ct-media-container\" href=\"https:\/\/www.sassi-llc.eu\/class\/m-iv-u-1-os-beneficios-de-trabalhar-e-estudar-no-estrangeiro\/\" aria-label=\"M IV &#8211; U 1 &#8211; Os benef\u00edcios de trabalhar e estudar no estrangeiro\"><img decoding=\"async\" width=\"768\" height=\"768\" src=\"https:\/\/www.sassi-llc.eu\/wp-content\/uploads\/2023\/11\/group-of-older-people-with-diverse-intercultural-background-chatting-business-casual-2-768x768.jpeg\" class=\"attachment-medium_large size-medium_large wp-post-image\" alt=\"group of older people, with diverse intercultural background, chatting, business casual\" loading=\"lazy\" srcset=\"https:\/\/www.sassi-llc.eu\/wp-content\/uploads\/2023\/11\/group-of-older-people-with-diverse-intercultural-background-chatting-business-casual-2-768x768.jpeg 768w, https:\/\/www.sassi-llc.eu\/wp-content\/uploads\/2023\/11\/group-of-older-people-with-diverse-intercultural-background-chatting-business-casual-2-300x300.jpeg 300w, https:\/\/www.sassi-llc.eu\/wp-content\/uploads\/2023\/11\/group-of-older-people-with-diverse-intercultural-background-chatting-business-casual-2-150x150.jpeg 150w, https:\/\/www.sassi-llc.eu\/wp-content\/uploads\/2023\/11\/group-of-older-people-with-diverse-intercultural-background-chatting-business-casual-2.jpeg 1024w\" sizes=\"auto, (max-width: 768px) 100vw, 768px\" itemprop=\"image\" style=\"aspect-ratio: 4\/3;\" \/><\/a><h2 class=\"entry-title\"><a href=\"https:\/\/www.sassi-llc.eu\/class\/m-iv-u-1-os-beneficios-de-trabalhar-e-estudar-no-estrangeiro\/\" rel=\"bookmark\">M IV &#8211; U 1 &#8211; Os benef\u00edcios de trabalhar e estudar no estrangeiro<\/a><\/h2><div class=\"entry-excerpt\"><p>Fomente a motiva\u00e7\u00e3o dos seus alunos para se tornarem embaixadores da mobilidade em idade adulta e transmita as vantagens de trabalhar e estudar no estrangeiro.<\/p>\n<\/div><a class=\"entry-button\" href=\"https:\/\/www.sassi-llc.eu\/class\/m-iv-u-1-os-beneficios-de-trabalhar-e-estudar-no-estrangeiro\/\">Ler mais<svg width=\"17px\" height=\"17px\" viewBox=\"0 0 32 32\" fill=\"currentColor\"><path d=\"M 21.1875 9.28125 L 19.78125 10.71875 L 24.0625 15 L 4 15 L 4 17 L 24.0625 17 L 19.78125 21.28125 L 21.1875 22.71875 L 27.90625 16 Z \"><\/path><\/svg><span class=\"screen-reader-text\">M IV &#8211; U 1 &#8211; Os benef\u00edcios de trabalhar e estudar no estrangeiro<\/span><\/a><\/article><article class=\"entry-card card-content post-4792 class type-class status-publish format-standard has-post-thumbnail hentry en-GB\" data-reveal=\"bottom:no\"><a class=\"ct-media-container\" href=\"https:\/\/www.sassi-llc.eu\/class\/m-iv-u-2-tipos-de-mobilidades\/\" aria-label=\"M IV &#8211; U 2 &#8211; Tipos de Mobilidades\"><img decoding=\"async\" width=\"768\" height=\"768\" src=\"https:\/\/www.sassi-llc.eu\/wp-content\/uploads\/2023\/11\/swedish-forester-who-is-60-years-old-going-with-italian-students-on-fieldtrip-into-a-forest-768x768.jpeg\" class=\"attachment-medium_large size-medium_large wp-post-image\" alt=\"swedish forester who is 60 years old going with italian students on fieldtrip into a forest\" loading=\"lazy\" srcset=\"https:\/\/www.sassi-llc.eu\/wp-content\/uploads\/2023\/11\/swedish-forester-who-is-60-years-old-going-with-italian-students-on-fieldtrip-into-a-forest-768x768.jpeg 768w, https:\/\/www.sassi-llc.eu\/wp-content\/uploads\/2023\/11\/swedish-forester-who-is-60-years-old-going-with-italian-students-on-fieldtrip-into-a-forest-300x300.jpeg 300w, https:\/\/www.sassi-llc.eu\/wp-content\/uploads\/2023\/11\/swedish-forester-who-is-60-years-old-going-with-italian-students-on-fieldtrip-into-a-forest-150x150.jpeg 150w, https:\/\/www.sassi-llc.eu\/wp-content\/uploads\/2023\/11\/swedish-forester-who-is-60-years-old-going-with-italian-students-on-fieldtrip-into-a-forest.jpeg 1024w\" sizes=\"auto, (max-width: 768px) 100vw, 768px\" itemprop=\"image\" style=\"aspect-ratio: 4\/3;\" \/><\/a><h2 class=\"entry-title\"><a href=\"https:\/\/www.sassi-llc.eu\/class\/m-iv-u-2-tipos-de-mobilidades\/\" rel=\"bookmark\">M IV &#8211; U 2 &#8211; Tipos de Mobilidades<\/a><\/h2><div class=\"entry-excerpt\"><p>Existem muitos tipos de mobilidades de aprendizagem, e \u00e9 f\u00e1cil para quem n\u00e3o est\u00e1 familiarizado perder-se em todas as possibilidades. Qual \u00e9 que se deve escolher?<\/p>\n<\/div><a class=\"entry-button\" href=\"https:\/\/www.sassi-llc.eu\/class\/m-iv-u-2-tipos-de-mobilidades\/\">Ler mais<svg width=\"17px\" height=\"17px\" viewBox=\"0 0 32 32\" fill=\"currentColor\"><path d=\"M 21.1875 9.28125 L 19.78125 10.71875 L 24.0625 15 L 4 15 L 4 17 L 24.0625 17 L 19.78125 21.28125 L 21.1875 22.71875 L 27.90625 16 Z \"><\/path><\/svg><span class=\"screen-reader-text\">M IV &#8211; U 2 &#8211; Tipos de Mobilidades<\/span><\/a><\/article><article class=\"entry-card card-content post-4793 class type-class status-publish format-standard has-post-thumbnail hentry en-GB\" data-reveal=\"bottom:no\"><a class=\"ct-media-container\" href=\"https:\/\/www.sassi-llc.eu\/class\/m-iv-u-3-o-papel-e-as-competencias-de-um-embaixador\/\" aria-label=\"M IV &#8211; U 3 &#8211; O Papel e as Compet\u00eancias de um Embaixador\"><img decoding=\"async\" width=\"768\" height=\"768\" src=\"https:\/\/www.sassi-llc.eu\/wp-content\/uploads\/2023\/05\/two-ladies-in-their-60ies-with-one-lady-explaining-her-friend-something-on-a-whiteboard-business-casual-no-text-768x768.jpeg\" class=\"attachment-medium_large size-medium_large wp-post-image\" alt=\"two ladies in their 60ies with one lady explaining her friend something on a whiteboard business casual no text\" loading=\"lazy\" srcset=\"https:\/\/www.sassi-llc.eu\/wp-content\/uploads\/2023\/05\/two-ladies-in-their-60ies-with-one-lady-explaining-her-friend-something-on-a-whiteboard-business-casual-no-text-768x768.jpeg 768w, https:\/\/www.sassi-llc.eu\/wp-content\/uploads\/2023\/05\/two-ladies-in-their-60ies-with-one-lady-explaining-her-friend-something-on-a-whiteboard-business-casual-no-text-300x300.jpeg 300w, https:\/\/www.sassi-llc.eu\/wp-content\/uploads\/2023\/05\/two-ladies-in-their-60ies-with-one-lady-explaining-her-friend-something-on-a-whiteboard-business-casual-no-text-150x150.jpeg 150w, https:\/\/www.sassi-llc.eu\/wp-content\/uploads\/2023\/05\/two-ladies-in-their-60ies-with-one-lady-explaining-her-friend-something-on-a-whiteboard-business-casual-no-text.jpeg 1024w\" sizes=\"auto, (max-width: 768px) 100vw, 768px\" itemprop=\"image\" style=\"aspect-ratio: 4\/3;\" \/><\/a><h2 class=\"entry-title\"><a href=\"https:\/\/www.sassi-llc.eu\/class\/m-iv-u-3-o-papel-e-as-competencias-de-um-embaixador\/\" rel=\"bookmark\">M IV &#8211; U 3 &#8211; O Papel e as Compet\u00eancias de um Embaixador<\/a><\/h2><div class=\"entry-excerpt\"><p>Se quiser permitir que as pessoas promovam os m\u00e9ritos da mobilidade para fins de aprendizagem entre os trabalhadores mais velhos, deve estar intimamente familiarizado com o papel de um embaixador. <\/p>\n<\/div><a class=\"entry-button\" href=\"https:\/\/www.sassi-llc.eu\/class\/m-iv-u-3-o-papel-e-as-competencias-de-um-embaixador\/\">Ler mais<svg width=\"17px\" height=\"17px\" viewBox=\"0 0 32 32\" fill=\"currentColor\"><path d=\"M 21.1875 9.28125 L 19.78125 10.71875 L 24.0625 15 L 4 15 L 4 17 L 24.0625 17 L 19.78125 21.28125 L 21.1875 22.71875 L 27.90625 16 Z \"><\/path><\/svg><span class=\"screen-reader-text\">M IV &#8211; U 3 &#8211; O Papel e as Compet\u00eancias de um Embaixador<\/span><\/a><\/article><article class=\"entry-card card-content post-4794 class type-class status-publish format-standard has-post-thumbnail hentry en-GB\" data-reveal=\"bottom:no\"><a class=\"ct-media-container\" href=\"https:\/\/www.sassi-llc.eu\/class\/m-iv-u-4-a-mobilidade-na-pratica\/\" aria-label=\"M IV &#8211; U 4 &#8211; A Mobilidade na Pr\u00e1tica\"><img decoding=\"async\" width=\"768\" height=\"768\" src=\"https:\/\/www.sassi-llc.eu\/wp-content\/uploads\/2023\/10\/one-person-coaches-about-legal-aspects-with-coachee-about-60-years-old-business-casual-look-768x768.jpeg\" class=\"attachment-medium_large size-medium_large wp-post-image\" alt=\"one person coaches about legal aspects with coachee about 60 years old business casual look\" loading=\"lazy\" srcset=\"https:\/\/www.sassi-llc.eu\/wp-content\/uploads\/2023\/10\/one-person-coaches-about-legal-aspects-with-coachee-about-60-years-old-business-casual-look-768x768.jpeg 768w, https:\/\/www.sassi-llc.eu\/wp-content\/uploads\/2023\/10\/one-person-coaches-about-legal-aspects-with-coachee-about-60-years-old-business-casual-look-300x300.jpeg 300w, https:\/\/www.sassi-llc.eu\/wp-content\/uploads\/2023\/10\/one-person-coaches-about-legal-aspects-with-coachee-about-60-years-old-business-casual-look-150x150.jpeg 150w, https:\/\/www.sassi-llc.eu\/wp-content\/uploads\/2023\/10\/one-person-coaches-about-legal-aspects-with-coachee-about-60-years-old-business-casual-look.jpeg 1024w\" sizes=\"auto, (max-width: 768px) 100vw, 768px\" itemprop=\"image\" style=\"aspect-ratio: 4\/3;\" \/><\/a><h2 class=\"entry-title\"><a href=\"https:\/\/www.sassi-llc.eu\/class\/m-iv-u-4-a-mobilidade-na-pratica\/\" rel=\"bookmark\">M IV &#8211; U 4 &#8211; A Mobilidade na Pr\u00e1tica<\/a><\/h2><div class=\"entry-excerpt\"><p>Ser capaz de ajudar a selecionar uma mobilidade adequada com base nas necessidades dos trabalhadores mais velhos e aprender a procurar informa\u00e7\u00f5es sobre os requisitos legais de uma mobilidade.<\/p>\n<\/div><a class=\"entry-button\" href=\"https:\/\/www.sassi-llc.eu\/class\/m-iv-u-4-a-mobilidade-na-pratica\/\">Ler mais<svg width=\"17px\" height=\"17px\" viewBox=\"0 0 32 32\" fill=\"currentColor\"><path d=\"M 21.1875 9.28125 L 19.78125 10.71875 L 24.0625 15 L 4 15 L 4 17 L 24.0625 17 L 19.78125 21.28125 L 21.1875 22.71875 L 27.90625 16 Z \"><\/path><\/svg><span class=\"screen-reader-text\">M IV &#8211; U 4 &#8211; A Mobilidade na Pr\u00e1tica<\/span><\/a><\/article><article class=\"entry-card card-content post-4795 class type-class status-publish format-standard has-post-thumbnail hentry en-GB\" data-reveal=\"bottom:no\"><a class=\"ct-media-container\" href=\"https:\/\/www.sassi-llc.eu\/class\/m-iv-u-5-ao-encontro-da-mobilidade\/\" aria-label=\"M IV &#8211; U 5 &#8211; Ao Encontro da Mobilidade\"><img decoding=\"async\" width=\"768\" height=\"768\" src=\"https:\/\/www.sassi-llc.eu\/wp-content\/uploads\/2023\/08\/happy-couple-in-their-midfifties-reading-on-one-tablet-business-casual-768x768.jpeg\" class=\"attachment-medium_large size-medium_large wp-post-image\" alt=\"happy couple in their midfifties reading on one tablet, business casual\" loading=\"lazy\" srcset=\"https:\/\/www.sassi-llc.eu\/wp-content\/uploads\/2023\/08\/happy-couple-in-their-midfifties-reading-on-one-tablet-business-casual-768x768.jpeg 768w, https:\/\/www.sassi-llc.eu\/wp-content\/uploads\/2023\/08\/happy-couple-in-their-midfifties-reading-on-one-tablet-business-casual-300x300.jpeg 300w, https:\/\/www.sassi-llc.eu\/wp-content\/uploads\/2023\/08\/happy-couple-in-their-midfifties-reading-on-one-tablet-business-casual-150x150.jpeg 150w, https:\/\/www.sassi-llc.eu\/wp-content\/uploads\/2023\/08\/happy-couple-in-their-midfifties-reading-on-one-tablet-business-casual.jpeg 1024w\" sizes=\"auto, (max-width: 768px) 100vw, 768px\" itemprop=\"image\" style=\"aspect-ratio: 4\/3;\" \/><\/a><h2 class=\"entry-title\"><a href=\"https:\/\/www.sassi-llc.eu\/class\/m-iv-u-5-ao-encontro-da-mobilidade\/\" rel=\"bookmark\">M IV &#8211; U 5 &#8211; Ao Encontro da Mobilidade<\/a><\/h2><div class=\"entry-excerpt\"><p>Onde encontrar mobilidades e como as financiar? Esta unidade fornece uma vis\u00e3o geral dos programas e organiza\u00e7\u00f5es dispon\u00edveis, incluindo a base de dados de mobilidade SASSI.<\/p>\n<\/div><a class=\"entry-button\" href=\"https:\/\/www.sassi-llc.eu\/class\/m-iv-u-5-ao-encontro-da-mobilidade\/\">Ler mais<svg width=\"17px\" height=\"17px\" viewBox=\"0 0 32 32\" fill=\"currentColor\"><path d=\"M 21.1875 9.28125 L 19.78125 10.71875 L 24.0625 15 L 4 15 L 4 17 L 24.0625 17 L 19.78125 21.28125 L 21.1875 22.71875 L 27.90625 16 Z \"><\/path><\/svg><span class=\"screen-reader-text\">M IV &#8211; U 5 &#8211; Ao Encontro da Mobilidade<\/span><\/a><\/article><\/div><\/div>\n\n<div style=\"height:100px\" aria-hidden=\"true\" class=\"wp-block-spacer\"><\/div>\n\n<hr class=\"wp-block-separator has-alpha-channel-opacity\">\n<\/div>\n\n","protected":false},"excerpt":{"rendered":"<p>M\u00f3dulo IV \u2013 Embaixadores de Mobilidades S\u00e9niores<\/p>\n","protected":false},"author":4,"featured_media":2759,"parent":4809,"menu_order":4,"comment_status":"closed","ping_status":"closed","template":"","meta":{"inline_featured_image":false,"_locale":"pt_PT","_original_post":"https:\/\/www.sassi-llc.eu\/?page_id=3792","footnotes":""},"class_list":["post-4807","page","type-page","status-publish","has-post-thumbnail","hentry","pt-PT"],"blocksy_meta":[],"_links":{"self":[{"href":"https:\/\/www.sassi-llc.eu\/wp-json\/wp\/v2\/pages\/4807","targetHints":{"allow":["GET"]}}],"collection":[{"href":"https:\/\/www.sassi-llc.eu\/wp-json\/wp\/v2\/pages"}],"about":[{"href":"https:\/\/www.sassi-llc.eu\/wp-json\/wp\/v2\/types\/page"}],"author":[{"embeddable":true,"href":"https:\/\/www.sassi-llc.eu\/wp-json\/wp\/v2\/users\/4"}],"replies":[{"embeddable":true,"href":"https:\/\/www.sassi-llc.eu\/wp-json\/wp\/v2\/comments?post=4807"}],"version-history":[{"count":1,"href":"https:\/\/www.sassi-llc.eu\/wp-json\/wp\/v2\/pages\/4807\/revisions"}],"predecessor-version":[{"id":4813,"href":"https:\/\/www.sassi-llc.eu\/wp-json\/wp\/v2\/pages\/4807\/revisions\/4813"}],"up":[{"embeddable":true,"href":"https:\/\/www.sassi-llc.eu\/wp-json\/wp\/v2\/pages\/4809"}],"wp:featuredmedia":[{"embeddable":true,"href":"https:\/\/www.sassi-llc.eu\/wp-json\/wp\/v2\/media\/2759"}],"wp:attachment":[{"href":"https:\/\/www.sassi-llc.eu\/wp-json\/wp\/v2\/media?parent=4807"}],"curies":[{"name":"wp","href":"https:\/\/api.w.org\/{rel}","templated":true}]}}