{"id":4808,"date":"2024-09-10T17:46:58","date_gmt":"2024-09-10T17:46:58","guid":{"rendered":"https:\/\/www.sassi-llc.eu\/?page_id=4808"},"modified":"2024-09-17T12:12:24","modified_gmt":"2024-09-17T12:12:24","slug":"module-v-becoming-an-olderpreneur","status":"publish","type":"page","link":"https:\/\/www.sassi-llc.eu\/pt\/courses\/training-for-supporting-later-life-career-choices\/module-v-becoming-an-olderpreneur\/","title":{"rendered":"M\u00f3dulo V \u2013 Tornar-se um Empreendedor S\u00e9nior"},"content":{"rendered":"\n<div class=\"wp-block-group is-layout-constrained wp-block-group-is-layout-constrained\">\n<h3 class=\"wp-block-heading\">M\u00f3dulo V \u2013 Tornar-se um Empreendedor S\u00e9nior<\/h3>\n\n<div class=\"ct-posts-shortcode\" data-prefix=\"class_archive\"><div class=\"entries\" data-archive=\"default\" data-layout=\"grid\" data-cards=\"simple\"><article class=\"entry-card card-content post-4796 class type-class status-publish format-standard has-post-thumbnail hentry en-GB\" data-reveal=\"bottom:no\"><a class=\"ct-media-container\" href=\"https:\/\/www.sassi-llc.eu\/class\/m-v-u-i-empreendedorismo-senior-abracar-o-crescimento-a-inovacao-e-o-legado-na-vida-avancada\/\" aria-label=\"M V &#8211; U I &#8211; Empreendedorismo S\u00e9nior: Abra\u00e7ar o Crescimento, a Inova\u00e7\u00e3o e o Legado na Vida Avan\u00e7ada\"><img decoding=\"async\" width=\"768\" height=\"768\" src=\"https:\/\/www.sassi-llc.eu\/wp-content\/uploads\/2022\/12\/evaluationg-soft-skills-old-person-i60-years-business-casual-in-cafe-768x768.jpeg\" class=\"attachment-medium_large size-medium_large wp-post-image\" alt=\"evaluationg soft skills old person i60 years business casual in cafe\" loading=\"lazy\" srcset=\"https:\/\/www.sassi-llc.eu\/wp-content\/uploads\/2022\/12\/evaluationg-soft-skills-old-person-i60-years-business-casual-in-cafe-768x768.jpeg 768w, https:\/\/www.sassi-llc.eu\/wp-content\/uploads\/2022\/12\/evaluationg-soft-skills-old-person-i60-years-business-casual-in-cafe-300x300.jpeg 300w, https:\/\/www.sassi-llc.eu\/wp-content\/uploads\/2022\/12\/evaluationg-soft-skills-old-person-i60-years-business-casual-in-cafe-150x150.jpeg 150w, https:\/\/www.sassi-llc.eu\/wp-content\/uploads\/2022\/12\/evaluationg-soft-skills-old-person-i60-years-business-casual-in-cafe.jpeg 1024w\" sizes=\"auto, (max-width: 768px) 100vw, 768px\" itemprop=\"image\" style=\"aspect-ratio: 4\/3;\" \/><\/a><h2 class=\"entry-title\"><a href=\"https:\/\/www.sassi-llc.eu\/class\/m-v-u-i-empreendedorismo-senior-abracar-o-crescimento-a-inovacao-e-o-legado-na-vida-avancada\/\" rel=\"bookmark\">M V &#8211; U I &#8211; Empreendedorismo S\u00e9nior: Abra\u00e7ar o Crescimento, a Inova\u00e7\u00e3o e o Legado na Vida Avan\u00e7ada<\/a><\/h2><div class=\"entry-excerpt\"><p>Neste M\u00f3dulo, ficar\u00e1 a saber mais sobre o que significa tornar-se um Empreendedor S\u00e9nior (Olderpreneur) (n\u00e3o se trata necessariamente de iniciar um neg\u00f3cio pr\u00f3prio).<\/p>\n<\/div><a class=\"entry-button\" href=\"https:\/\/www.sassi-llc.eu\/class\/m-v-u-i-empreendedorismo-senior-abracar-o-crescimento-a-inovacao-e-o-legado-na-vida-avancada\/\">Ler mais<svg width=\"17px\" height=\"17px\" viewBox=\"0 0 32 32\" fill=\"currentColor\"><path d=\"M 21.1875 9.28125 L 19.78125 10.71875 L 24.0625 15 L 4 15 L 4 17 L 24.0625 17 L 19.78125 21.28125 L 21.1875 22.71875 L 27.90625 16 Z \"><\/path><\/svg><span class=\"screen-reader-text\">M V &#8211; U I &#8211; Empreendedorismo S\u00e9nior: Abra\u00e7ar o Crescimento, a Inova\u00e7\u00e3o e o Legado na Vida Avan\u00e7ada<\/span><\/a><\/article><article class=\"entry-card card-content post-4797 class type-class status-publish format-standard has-post-thumbnail hentry en-GB\" data-reveal=\"bottom:no\"><a class=\"ct-media-container\" href=\"https:\/\/www.sassi-llc.eu\/class\/m-v-u-2-das-competencias-interpessoais-as-tecnicas-as-competencias-de-um-empreendedor\/\" aria-label=\"M V &#8211; U 2 &#8211; Das compet\u00eancias interpessoais \u00e0s t\u00e9cnicas: As Compet\u00eancias de um Empreendedor\"><img decoding=\"async\" width=\"768\" height=\"768\" src=\"https:\/\/www.sassi-llc.eu\/wp-content\/uploads\/2024\/04\/8a5ffbe4-470d-48bb-95bc-03ab8a7565b8-768x768.jpeg\" class=\"attachment-medium_large size-medium_large wp-post-image\" alt=\"case studies\" loading=\"lazy\" srcset=\"https:\/\/www.sassi-llc.eu\/wp-content\/uploads\/2024\/04\/8a5ffbe4-470d-48bb-95bc-03ab8a7565b8-768x768.jpeg 768w, https:\/\/www.sassi-llc.eu\/wp-content\/uploads\/2024\/04\/8a5ffbe4-470d-48bb-95bc-03ab8a7565b8-300x300.jpeg 300w, https:\/\/www.sassi-llc.eu\/wp-content\/uploads\/2024\/04\/8a5ffbe4-470d-48bb-95bc-03ab8a7565b8-150x150.jpeg 150w, https:\/\/www.sassi-llc.eu\/wp-content\/uploads\/2024\/04\/8a5ffbe4-470d-48bb-95bc-03ab8a7565b8.jpeg 1024w\" sizes=\"auto, (max-width: 768px) 100vw, 768px\" itemprop=\"image\" style=\"aspect-ratio: 4\/3;\" \/><\/a><h2 class=\"entry-title\"><a href=\"https:\/\/www.sassi-llc.eu\/class\/m-v-u-2-das-competencias-interpessoais-as-tecnicas-as-competencias-de-um-empreendedor\/\" rel=\"bookmark\">M V &#8211; U 2 &#8211; Das compet\u00eancias interpessoais \u00e0s t\u00e9cnicas: As Compet\u00eancias de um Empreendedor<\/a><\/h2><div class=\"entry-excerpt\"><p>Nesta Unidade, exploraremos as compet\u00eancias essenciais para o sucesso empresarial, desde a compreens\u00e3o do impacto do c\u00e9rebro humano na tomada de decis\u00f5es at\u00e9 \u00e0s estrat\u00e9gias empresariais pr\u00e1ticas.<\/p>\n<\/div><a class=\"entry-button\" href=\"https:\/\/www.sassi-llc.eu\/class\/m-v-u-2-das-competencias-interpessoais-as-tecnicas-as-competencias-de-um-empreendedor\/\">Ler mais<svg width=\"17px\" height=\"17px\" viewBox=\"0 0 32 32\" fill=\"currentColor\"><path d=\"M 21.1875 9.28125 L 19.78125 10.71875 L 24.0625 15 L 4 15 L 4 17 L 24.0625 17 L 19.78125 21.28125 L 21.1875 22.71875 L 27.90625 16 Z \"><\/path><\/svg><span class=\"screen-reader-text\">M V &#8211; U 2 &#8211; Das compet\u00eancias interpessoais \u00e0s t\u00e9cnicas: As Compet\u00eancias de um Empreendedor<\/span><\/a><\/article><article class=\"entry-card card-content post-4798 class type-class status-publish format-standard has-post-thumbnail hentry en-GB\" data-reveal=\"bottom:no\"><a class=\"ct-media-container\" href=\"https:\/\/www.sassi-llc.eu\/class\/m-v-u-3-desbloquear-oportunidades-do-voluntariado-ao-negocio-digital\/\" aria-label=\"M V &#8211; U 3 &#8211; Desbloquear Oportunidades: Do Voluntariado ao Neg\u00f3cio Digital\"><img decoding=\"async\" width=\"768\" height=\"768\" src=\"https:\/\/www.sassi-llc.eu\/wp-content\/uploads\/2023\/05\/70-year-old-lady-sitting-on-a-sofa-and-a-laptop-in-her-lap-profile-view-and-plain-light-background-768x768.jpeg\" class=\"attachment-medium_large size-medium_large wp-post-image\" alt=\"70 year old lady sitting on a sofa and a laptop in her lap, profile view and plain light\" loading=\"lazy\" srcset=\"https:\/\/www.sassi-llc.eu\/wp-content\/uploads\/2023\/05\/70-year-old-lady-sitting-on-a-sofa-and-a-laptop-in-her-lap-profile-view-and-plain-light-background-768x768.jpeg 768w, https:\/\/www.sassi-llc.eu\/wp-content\/uploads\/2023\/05\/70-year-old-lady-sitting-on-a-sofa-and-a-laptop-in-her-lap-profile-view-and-plain-light-background-300x300.jpeg 300w, https:\/\/www.sassi-llc.eu\/wp-content\/uploads\/2023\/05\/70-year-old-lady-sitting-on-a-sofa-and-a-laptop-in-her-lap-profile-view-and-plain-light-background-150x150.jpeg 150w, https:\/\/www.sassi-llc.eu\/wp-content\/uploads\/2023\/05\/70-year-old-lady-sitting-on-a-sofa-and-a-laptop-in-her-lap-profile-view-and-plain-light-background.jpeg 1024w\" sizes=\"auto, (max-width: 768px) 100vw, 768px\" itemprop=\"image\" style=\"aspect-ratio: 4\/3;\" \/><\/a><h2 class=\"entry-title\"><a href=\"https:\/\/www.sassi-llc.eu\/class\/m-v-u-3-desbloquear-oportunidades-do-voluntariado-ao-negocio-digital\/\" rel=\"bookmark\">M V &#8211; U 3 &#8211; Desbloquear Oportunidades: Do Voluntariado ao Neg\u00f3cio Digital<\/a><\/h2><div class=\"entry-excerpt\"><p>O objetivo da explora\u00e7\u00e3o desta unidade \u00e9 aprofundar v\u00e1rias vias de empreendedorismo e inova\u00e7\u00e3o com o objetivo de capacitar os indiv\u00edduos para navegarem no panorama din\u00e2mico das carreiras modernas.<\/p>\n<\/div><a class=\"entry-button\" href=\"https:\/\/www.sassi-llc.eu\/class\/m-v-u-3-desbloquear-oportunidades-do-voluntariado-ao-negocio-digital\/\">Ler mais<svg width=\"17px\" height=\"17px\" viewBox=\"0 0 32 32\" fill=\"currentColor\"><path d=\"M 21.1875 9.28125 L 19.78125 10.71875 L 24.0625 15 L 4 15 L 4 17 L 24.0625 17 L 19.78125 21.28125 L 21.1875 22.71875 L 27.90625 16 Z \"><\/path><\/svg><span class=\"screen-reader-text\">M V &#8211; U 3 &#8211; Desbloquear Oportunidades: Do Voluntariado ao Neg\u00f3cio Digital<\/span><\/a><\/article><\/div><\/div>\n\n<div style=\"height:100px\" aria-hidden=\"true\" class=\"wp-block-spacer\"><\/div>\n\n<hr class=\"wp-block-separator has-alpha-channel-opacity\">\n<\/div>\n\n","protected":false},"excerpt":{"rendered":"<p>M\u00f3dulo V \u2013 Tornar-se um Empreendedor S\u00e9nior<\/p>\n","protected":false},"author":4,"featured_media":967,"parent":4809,"menu_order":5,"comment_status":"closed","ping_status":"closed","template":"","meta":{"inline_featured_image":false,"_locale":"pt_PT","_original_post":"https:\/\/www.sassi-llc.eu\/?page_id=3794","footnotes":""},"class_list":["post-4808","page","type-page","status-publish","has-post-thumbnail","hentry","pt-PT"],"blocksy_meta":[],"_links":{"self":[{"href":"https:\/\/www.sassi-llc.eu\/wp-json\/wp\/v2\/pages\/4808","targetHints":{"allow":["GET"]}}],"collection":[{"href":"https:\/\/www.sassi-llc.eu\/wp-json\/wp\/v2\/pages"}],"about":[{"href":"https:\/\/www.sassi-llc.eu\/wp-json\/wp\/v2\/types\/page"}],"author":[{"embeddable":true,"href":"https:\/\/www.sassi-llc.eu\/wp-json\/wp\/v2\/users\/4"}],"replies":[{"embeddable":true,"href":"https:\/\/www.sassi-llc.eu\/wp-json\/wp\/v2\/comments?post=4808"}],"version-history":[{"count":1,"href":"https:\/\/www.sassi-llc.eu\/wp-json\/wp\/v2\/pages\/4808\/revisions"}],"predecessor-version":[{"id":4814,"href":"https:\/\/www.sassi-llc.eu\/wp-json\/wp\/v2\/pages\/4808\/revisions\/4814"}],"up":[{"embeddable":true,"href":"https:\/\/www.sassi-llc.eu\/wp-json\/wp\/v2\/pages\/4809"}],"wp:featuredmedia":[{"embeddable":true,"href":"https:\/\/www.sassi-llc.eu\/wp-json\/wp\/v2\/media\/967"}],"wp:attachment":[{"href":"https:\/\/www.sassi-llc.eu\/wp-json\/wp\/v2\/media?parent=4808"}],"curies":[{"name":"wp","href":"https:\/\/api.w.org\/{rel}","templated":true}]}}