{"id":5042,"date":"2024-09-13T12:38:41","date_gmt":"2024-09-13T12:38:41","guid":{"rendered":"https:\/\/www.sassi-llc.eu\/?page_id=5042"},"modified":"2024-09-13T12:55:13","modified_gmt":"2024-09-13T12:55:13","slug":"chapter-v-finding-the-mobility","status":"publish","type":"page","link":"https:\/\/www.sassi-llc.eu\/pt\/courses\/ambassadors-for-mobility-in-later-life\/chapter-v-finding-the-mobility\/","title":{"rendered":"CAP\u00cdTULO 5 &#8211; Ao Encontro da Mobilidade"},"content":{"rendered":"\n<div class=\"wp-block-group is-layout-constrained wp-block-group-is-layout-constrained\">\n<h3 class=\"wp-block-heading\">CAP\u00cdTULO 5 &#8211; Ao Encontro da Mobilidade<\/h3>\n\n<div class=\"ct-posts-shortcode\" data-prefix=\"class_archive\"><div class=\"entries\" data-archive=\"default\" data-layout=\"grid\" data-cards=\"simple\"><article class=\"entry-card card-content post-5046 class type-class status-publish format-standard has-post-thumbnail hentry en-GB\" data-reveal=\"bottom:no\"><a class=\"ct-media-container\" href=\"https:\/\/www.sassi-llc.eu\/class\/5-1-explorar-as-possibilidades-de-mobilidade-na-uniao-europeia\/\" aria-label=\"5.1 &#8211; Explorar as Possibilidades de Mobilidade na Uni\u00e3o Europeia\"><img decoding=\"async\" width=\"768\" height=\"768\" src=\"https:\/\/www.sassi-llc.eu\/wp-content\/uploads\/2023\/05\/two-ladies-in-their-60ies-with-one-lady-explaining-her-friend-something-on-a-whiteboard-business-casual-no-text-768x768.jpeg\" class=\"attachment-medium_large size-medium_large wp-post-image\" alt=\"two ladies in their 60ies with one lady explaining her friend something on a whiteboard business casual no text\" loading=\"lazy\" srcset=\"https:\/\/www.sassi-llc.eu\/wp-content\/uploads\/2023\/05\/two-ladies-in-their-60ies-with-one-lady-explaining-her-friend-something-on-a-whiteboard-business-casual-no-text-768x768.jpeg 768w, https:\/\/www.sassi-llc.eu\/wp-content\/uploads\/2023\/05\/two-ladies-in-their-60ies-with-one-lady-explaining-her-friend-something-on-a-whiteboard-business-casual-no-text-300x300.jpeg 300w, https:\/\/www.sassi-llc.eu\/wp-content\/uploads\/2023\/05\/two-ladies-in-their-60ies-with-one-lady-explaining-her-friend-something-on-a-whiteboard-business-casual-no-text-150x150.jpeg 150w, https:\/\/www.sassi-llc.eu\/wp-content\/uploads\/2023\/05\/two-ladies-in-their-60ies-with-one-lady-explaining-her-friend-something-on-a-whiteboard-business-casual-no-text.jpeg 1024w\" sizes=\"auto, (max-width: 768px) 100vw, 768px\" itemprop=\"image\" style=\"aspect-ratio: 4\/3;\" \/><\/a><h2 class=\"entry-title\"><a href=\"https:\/\/www.sassi-llc.eu\/class\/5-1-explorar-as-possibilidades-de-mobilidade-na-uniao-europeia\/\" rel=\"bookmark\">5.1 &#8211; Explorar as Possibilidades de Mobilidade na Uni\u00e3o Europeia<\/a><\/h2><div class=\"entry-excerpt\"><p>Que op\u00e7\u00f5es de mobilidade est\u00e3o dispon\u00edveis na UE? Que passos devem os empreendedores mais velhos seguir para se candidatarem efetivamente a experi\u00eancias de mobilidade?<\/p>\n<\/div><a class=\"entry-button\" href=\"https:\/\/www.sassi-llc.eu\/class\/5-1-explorar-as-possibilidades-de-mobilidade-na-uniao-europeia\/\">Ler mais<svg width=\"17px\" height=\"17px\" viewBox=\"0 0 32 32\" fill=\"currentColor\"><path d=\"M 21.1875 9.28125 L 19.78125 10.71875 L 24.0625 15 L 4 15 L 4 17 L 24.0625 17 L 19.78125 21.28125 L 21.1875 22.71875 L 27.90625 16 Z \"><\/path><\/svg><span class=\"screen-reader-text\">5.1 &#8211; Explorar as Possibilidades de Mobilidade na Uni\u00e3o Europeia<\/span><\/a><\/article><article class=\"entry-card card-content post-5047 class type-class status-publish format-standard has-post-thumbnail hentry en-GB\" data-reveal=\"bottom:no\"><a class=\"ct-media-container\" href=\"https:\/\/www.sassi-llc.eu\/class\/v-2-explorar-e-participar-na-base-de-dados-de-mobilidades-internacionais\/\" aria-label=\"5.2 &#8211; Explorar e Participar na Base de Dados de Mobilidades Internacionais\"><img decoding=\"async\" width=\"768\" height=\"768\" src=\"https:\/\/www.sassi-llc.eu\/wp-content\/uploads\/2023\/09\/grandma-working-at-a-computer-in-a-library-768x768.jpeg\" class=\"attachment-medium_large size-medium_large wp-post-image\" alt=\"grandma working at a computer in a library\" loading=\"lazy\" srcset=\"https:\/\/www.sassi-llc.eu\/wp-content\/uploads\/2023\/09\/grandma-working-at-a-computer-in-a-library-768x768.jpeg 768w, https:\/\/www.sassi-llc.eu\/wp-content\/uploads\/2023\/09\/grandma-working-at-a-computer-in-a-library-300x300.jpeg 300w, https:\/\/www.sassi-llc.eu\/wp-content\/uploads\/2023\/09\/grandma-working-at-a-computer-in-a-library-150x150.jpeg 150w, https:\/\/www.sassi-llc.eu\/wp-content\/uploads\/2023\/09\/grandma-working-at-a-computer-in-a-library.jpeg 1024w\" sizes=\"auto, (max-width: 768px) 100vw, 768px\" itemprop=\"image\" style=\"aspect-ratio: 4\/3;\" \/><\/a><h2 class=\"entry-title\"><a href=\"https:\/\/www.sassi-llc.eu\/class\/v-2-explorar-e-participar-na-base-de-dados-de-mobilidades-internacionais\/\" rel=\"bookmark\">5.2 &#8211; Explorar e Participar na Base de Dados de Mobilidades Internacionais<\/a><\/h2><div class=\"entry-excerpt\"><p>Compreender o que \u00e9 uma base de dados, neste caso, relacionada com as mobilidades SASSI LLC. Reconhecer a l\u00f3gica, a finalidade e os objectivos da Base de Dados de Mobilidade SASSI LLC<\/p>\n<\/div><a class=\"entry-button\" href=\"https:\/\/www.sassi-llc.eu\/class\/v-2-explorar-e-participar-na-base-de-dados-de-mobilidades-internacionais\/\">Ler mais<svg width=\"17px\" height=\"17px\" viewBox=\"0 0 32 32\" fill=\"currentColor\"><path d=\"M 21.1875 9.28125 L 19.78125 10.71875 L 24.0625 15 L 4 15 L 4 17 L 24.0625 17 L 19.78125 21.28125 L 21.1875 22.71875 L 27.90625 16 Z \"><\/path><\/svg><span class=\"screen-reader-text\">5.2 &#8211; Explorar e Participar na Base de Dados de Mobilidades Internacionais<\/span><\/a><\/article><article class=\"entry-card card-content post-5048 class type-class status-publish format-standard has-post-thumbnail hentry en-GB\" data-reveal=\"bottom:no\"><a class=\"ct-media-container\" href=\"https:\/\/www.sassi-llc.eu\/class\/v-3-um-guia-a-viagem-estrategia-de-comunicacao-para-embaixadores-com-trabalhadores-mais-velhos\/\" aria-label=\"V.3 &#8211; Um guia \u00e0 viagem: Estrat\u00e9gia de Comunica\u00e7\u00e3o para Embaixadores com Trabalhadores mais Velhos\"><img decoding=\"async\" width=\"768\" height=\"768\" src=\"https:\/\/www.sassi-llc.eu\/wp-content\/uploads\/2023\/11\/swedish-forester-who-is-60-years-old-going-with-italian-students-on-fieldtrip-into-a-forest-768x768.jpeg\" class=\"attachment-medium_large size-medium_large wp-post-image\" alt=\"swedish forester who is 60 years old going with italian students on fieldtrip into a forest\" loading=\"lazy\" srcset=\"https:\/\/www.sassi-llc.eu\/wp-content\/uploads\/2023\/11\/swedish-forester-who-is-60-years-old-going-with-italian-students-on-fieldtrip-into-a-forest-768x768.jpeg 768w, https:\/\/www.sassi-llc.eu\/wp-content\/uploads\/2023\/11\/swedish-forester-who-is-60-years-old-going-with-italian-students-on-fieldtrip-into-a-forest-300x300.jpeg 300w, https:\/\/www.sassi-llc.eu\/wp-content\/uploads\/2023\/11\/swedish-forester-who-is-60-years-old-going-with-italian-students-on-fieldtrip-into-a-forest-150x150.jpeg 150w, https:\/\/www.sassi-llc.eu\/wp-content\/uploads\/2023\/11\/swedish-forester-who-is-60-years-old-going-with-italian-students-on-fieldtrip-into-a-forest.jpeg 1024w\" sizes=\"auto, (max-width: 768px) 100vw, 768px\" itemprop=\"image\" style=\"aspect-ratio: 4\/3;\" \/><\/a><h2 class=\"entry-title\"><a href=\"https:\/\/www.sassi-llc.eu\/class\/v-3-um-guia-a-viagem-estrategia-de-comunicacao-para-embaixadores-com-trabalhadores-mais-velhos\/\" rel=\"bookmark\">V.3 &#8211; Um guia \u00e0 viagem: Estrat\u00e9gia de Comunica\u00e7\u00e3o para Embaixadores com Trabalhadores mais Velhos<\/a><\/h2><div class=\"entry-excerpt\"><p>Compreender o que \u00e9 um plano de comunica\u00e7\u00e3o e conhecer os seus objectivos. Aprender a conceber uma estrat\u00e9gia de comunica\u00e7\u00e3o abrangente e s\u00f3lida.<\/p>\n<\/div><a class=\"entry-button\" href=\"https:\/\/www.sassi-llc.eu\/class\/v-3-um-guia-a-viagem-estrategia-de-comunicacao-para-embaixadores-com-trabalhadores-mais-velhos\/\">Ler mais<svg width=\"17px\" height=\"17px\" viewBox=\"0 0 32 32\" fill=\"currentColor\"><path d=\"M 21.1875 9.28125 L 19.78125 10.71875 L 24.0625 15 L 4 15 L 4 17 L 24.0625 17 L 19.78125 21.28125 L 21.1875 22.71875 L 27.90625 16 Z \"><\/path><\/svg><span class=\"screen-reader-text\">V.3 &#8211; Um guia \u00e0 viagem: Estrat\u00e9gia de Comunica\u00e7\u00e3o para Embaixadores com Trabalhadores mais Velhos<\/span><\/a><\/article><\/div><\/div>\n\n<div style=\"height:100px\" aria-hidden=\"true\" class=\"wp-block-spacer\"><\/div>\n\n<hr class=\"wp-block-separator has-alpha-channel-opacity\">\n<\/div>\n\n\n\n\n<div style=\"height:100px\" aria-hidden=\"true\" class=\"wp-block-spacer\"><\/div>\n","protected":false},"excerpt":{"rendered":"<p>Exploring Mobility Possibilities in the European Union: Cultural Exchange Programms, Volunteering, Courses and Workshops, Exchange Programs<\/p>\n","protected":false},"author":4,"featured_media":923,"parent":3323,"menu_order":5,"comment_status":"closed","ping_status":"closed","template":"","meta":{"inline_featured_image":false,"_locale":"pt_PT","_original_post":"https:\/\/www.sassi-llc.eu\/?page_id=3580","footnotes":""},"class_list":["post-5042","page","type-page","status-publish","has-post-thumbnail","hentry","pt-PT"],"blocksy_meta":[],"_links":{"self":[{"href":"https:\/\/www.sassi-llc.eu\/wp-json\/wp\/v2\/pages\/5042","targetHints":{"allow":["GET"]}}],"collection":[{"href":"https:\/\/www.sassi-llc.eu\/wp-json\/wp\/v2\/pages"}],"about":[{"href":"https:\/\/www.sassi-llc.eu\/wp-json\/wp\/v2\/types\/page"}],"author":[{"embeddable":true,"href":"https:\/\/www.sassi-llc.eu\/wp-json\/wp\/v2\/users\/4"}],"replies":[{"embeddable":true,"href":"https:\/\/www.sassi-llc.eu\/wp-json\/wp\/v2\/comments?post=5042"}],"version-history":[{"count":2,"href":"https:\/\/www.sassi-llc.eu\/wp-json\/wp\/v2\/pages\/5042\/revisions"}],"predecessor-version":[{"id":5055,"href":"https:\/\/www.sassi-llc.eu\/wp-json\/wp\/v2\/pages\/5042\/revisions\/5055"}],"up":[{"embeddable":true,"href":"https:\/\/www.sassi-llc.eu\/wp-json\/wp\/v2\/pages\/3323"}],"wp:featuredmedia":[{"embeddable":true,"href":"https:\/\/www.sassi-llc.eu\/wp-json\/wp\/v2\/media\/923"}],"wp:attachment":[{"href":"https:\/\/www.sassi-llc.eu\/wp-json\/wp\/v2\/media?parent=5042"}],"curies":[{"name":"wp","href":"https:\/\/api.w.org\/{rel}","templated":true}]}}