{"id":5492,"date":"2024-09-17T10:21:58","date_gmt":"2024-09-17T10:21:58","guid":{"rendered":"https:\/\/www.sassi-llc.eu\/?page_id=5492"},"modified":"2024-09-18T07:27:10","modified_gmt":"2024-09-18T07:27:10","slug":"podcasts","status":"publish","type":"page","link":"https:\/\/www.sassi-llc.eu\/pt\/toolbox\/library\/podcasts\/","title":{"rendered":"Podcasts (pt)"},"content":{"rendered":"\n<p>Ou\u00e7a podcasts sobre o envelhecimento e a manuten\u00e7\u00e3o de um estilo de vida ativo em diferentes l\u00ednguas.<\/p>\n\n\n\n<div class=\"wp-block-stackable-columns stk-block-columns stk-block stk-5a9e720\" data-block-id=\"5a9e720\"><div class=\"stk-row stk-inner-blocks stk-block-content stk-content-align stk-5a9e720-column\">\n<div class=\"wp-block-stackable-column stk-block-column stk-column stk-block stk-ef41211\" data-v=\"4\" data-block-id=\"ef41211\"><div class=\"stk-column-wrapper stk-block-column__content stk-container stk-ef41211-container stk--no-background stk--no-padding\"><div class=\"stk-block-content stk-inner-blocks stk-ef41211-inner-blocks\">\n<figure class=\"wp-block-table\"><table class=\"has-fixed-layout\"><tbody><tr><td><strong>L\u00edngua<\/strong><\/td><td><strong>T\u00edtulo<\/strong><\/td><td><strong>Descri\u00e7\u00e3o<\/strong><\/td><td><strong>Liga\u00e7\u00e3o<\/strong><\/td><\/tr><tr><td>ingl\u00eas<\/td><td>Dr. David Sinclair: The Biology of Slowing &amp; Reversing Aging<\/td><td>Nesta entrevista, discutimos os mecanismos celulares e moleculares do envelhecimento e o que todos n\u00f3s podemos fazer para retardar ou reverter o processo de envelhecimento. Discutimos o jejum e a suplementa\u00e7\u00e3o com resveratrol, NAD, metformina e NMN. Tamb\u00e9m discutimos o uso de cafe\u00edna, exerc\u00edcio,<\/td><td><a href=\"https:\/\/www.youtube.com\/watch?v=n9IxomBusuw\">https:\/\/www.youtube.com\/watch?v=n9IxomBusuw<\/a><\/td><\/tr><tr><td>ingl\u00eas<\/td><td>Second Act Success Career Podcast<\/td><td>Bem-vindo ao podcast Second Act Success Career, o seu recurso de refer\u00eancia para obter inspira\u00e7\u00e3o e conselhos sobre como navegar nas transi\u00e7\u00f5es de carreira \u00e0 medida que lan\u00e7a o seu pr\u00f3prio neg\u00f3cio. Apresentado por Shannon Russell, uma ex-produtora de televis\u00e3o que se tornou empres\u00e1ria e treinadora de transi\u00e7\u00e3o de carreira, este podcast foi concebido para o guiar e inspirar atrav\u00e9s da jornada de transi\u00e7\u00e3o de carreiras e de cria\u00e7\u00e3o de uma empresa para prosseguir o seu segundo ato na vida.<\/td><td><a href=\"https:\/\/open.spotify.com\/show\/2bQTkm7ZjuvEa6JGLc48xi\">https:\/\/open.spotify.com\/show\/2bQTkm7ZjuvEa6JGLc48xi<\/a><\/td><\/tr><tr><td>ingl\u00eas<\/td><td>The Over 50 Entrepreneur<\/td><td>Quem \u00e9 que disse que est\u00e1vamos feitos depois dos 50? The Over 50 Entrepreneur \u00e9 um podcast dedicado a empres\u00e1rios experientes e novos empres\u00e1rios que est\u00e3o a construir neg\u00f3cios quando a maioria das pessoas est\u00e1 a parar. Partilhamos hist\u00f3rias, ideias e t\u00e9cnicas reais de empres\u00e1rios de sucesso, num esfor\u00e7o para o ajudar a construir neg\u00f3cios que possam criar mais valor e liberdade para si. Pronto para sair da rotina di\u00e1ria, finalmente ter tempo para recarregar as baterias, pensar e perseguir objectivos ainda maiores\u2026? Este \u00e9 o s\u00edtio certo.Quem \u00e9 que disse que est\u00e1vamos feitos depois dos 50? The Over 50 Entrepreneur \u00e9 um podcast dedicado a empres\u00e1rios experientes e novos empres\u00e1rios que est\u00e3o a construir neg\u00f3cios quando a maioria das pessoas est\u00e1 a parar. Partilhamos hist\u00f3rias, ideias e t\u00e9cnicas reais de empres\u00e1rios de sucesso, num esfor\u00e7o para o ajudar a construir neg\u00f3cios que possam criar mais valor e liberdade para si. Pronto para sair da rotina di\u00e1ria, finalmente ter tempo para recarregar as baterias, pensar e perseguir objectivos ainda maiores&#8230;? Este \u00e9 o s\u00edtio certo.<\/td><td><a href=\"https:\/\/open.spotify.com\/show\/3gj4U8BtmNwGemrdZi7sgi\">https:\/\/open.spotify.com\/show\/3gj4U8BtmNwGemrdZi7sgi<\/a><\/td><\/tr><tr><td>b\u00falgaro<\/td><td>\u041f\u0420\u0415\u0414\u041f\u0420\u0418\u0415\u041c\u0410\u0427\u0415\u0421\u0422\u0412\u041e \u0417\u0410 \u041c\u0410\u041b\u041a\u0418 \u0418 \u0413\u041e\u041b\u0415\u041c\u0418 &#8211; \u0434\u0438\u0441\u043a\u0443\u0441\u0438\u044f<\/td><td>Painel de discuss\u00e3o &#8220;Empres\u00e1rios na sala de aula&#8221; com Mira Krasteva, Ina Toncheva, Lyubomir Nokov e Boryana Gerasimova<\/td><td><a href=\"https:\/\/www.youtube.com\/watch?v=4qGfomZW72c\">https:\/\/www.youtube.com\/watch?v=4qGfomZW72c<\/a><\/td><\/tr><tr><td>alem\u00e3o<\/td><td>Gelassen \u00e4lter werden<\/td><td>Bem-vindos ao podcast &#8220;Gelassen \u00e4lter werden&#8221; &#8211; uma revista \u00e1udio de e para pessoas da melhor idade, da idade da prata e dos baby boomers, apresentada pelos anfitri\u00f5es Bertram Kasper e Catharina Maria Klein. Este podcast \u00e9 uma fonte inspiradora de informa\u00e7\u00e3o sobre todos os aspectos do envelhecimento, especialmente adaptada a temas que movem e enriquecem as pessoas na terceira fase da vida. Com convidados interessantes como Tamara Dietl, Anselm Gr\u00fcn e Gerald H\u00fcther, falamos sobre os desafios e as alegrias de envelhecer. Exploraremos a qualidade de vida na velhice, as rela\u00e7\u00f5es amorosas e o envelhecimento saud\u00e1vel. Descobrir\u00e1 tamb\u00e9m como pode aceitar a finitude, ultrapassar as crises e desfrutar da sua reforma. Mas n\u00e3o falamos apenas do lado calmo da velhice: quer se trate de correr uma maratona aos 66 anos, de fazer voluntariado num banco alimentar ou de viajar pelo mundo aos 70 anos &#8211; esta revista \u00e1udio celebra o lado ativo da vida s\u00e9nior! Este podcast de ci\u00eancias sociais ensina a serenidade, o contentamento interior e oferece-lhe in\u00fameras dicas para promover a sa\u00fade f\u00edsica e mental na velhice. Trata-se de estabelecer uma cultura a favor do envelhecimento e de mostrar que cada fase da vida tem a sua beleza e sabedoria \u00fanicas. &#8220;Envelhecer com serenidade&#8221; &#8211; porque o ter\u00e7o restante da vida deve ser um dos melhores momentos!<\/td><td><a href=\"https:\/\/open.spotify.com\/show\/1u4Zi4j2DdzGWUpWOQtHFa\">https:\/\/open.spotify.com\/show\/1u4Zi4j2DdzGWUpWOQtHFa<\/a><\/td><\/tr><tr><td>portugu\u00eas<\/td><td>Gera\u00e7\u00e3o 70<\/td><td>N\u00e3o se trata de um podcast sobre pol\u00edtica ou economia, artes ou ci\u00eancia. \u00c9 uma conversa solta com os protagonistas de hoje que nasceram nos anos 70. A gera\u00e7\u00e3o que est\u00e1 \u00e0 frente do pa\u00eds ou a caminho dele. Aqui falamos de expectativas e frustra\u00e7\u00f5es. De sonhos realizados e de sonhos perdidos. Um retrato na primeira pessoa da indel\u00e9vel passagem do tempo, uma viagem desde os anos 70 at\u00e9 \u00e0 atualidade conduzida por Bernardo Ferr\u00e3o.<\/td><td><a href=\"https:\/\/open.spotify.com\/show\/3G705i14N8bwWoyB0h0OmH\">https:\/\/open.spotify.com\/show\/3G705i14N8bwWoyB0h0OmH<\/a><\/td><\/tr><tr><td>eslovaco<\/td><td>Podcast: Family Business E10: Mlad\u00ed vs. star\u00ed<\/td><td>Pela primeira vez, temos quatro gera\u00e7\u00f5es no mercado de trabalho. O que fazer? Porque \u00e9 que a din\u00e2mica colectiva jovem \u00e9 um problema? Onde \u00e9 que se situa a fronteira entre o velho e o jovem? Estamos muito satisfeitos por estar a gostar das nossas conversas intergeracionais. Continuem a enviar-nos sugest\u00f5es de temas adicionais, novos convidados e coment\u00e1rios para que possamos melhorar continuamente. Iremos ler e incorporar tudo.<\/td><td><a href=\"https:\/\/podmaz.sk\/podcast\/family-business\/5296532902-e10-mladi-vs-stari\">https:\/\/podmaz.sk\/podcast\/family-business\/5296532902-e10-mladi-vs-stari<\/a><\/td><\/tr><\/tbody><\/table><\/figure>\n<\/div><\/div><\/div>\n<\/div><\/div>\n","protected":false},"excerpt":{"rendered":"<p>Ou\u00e7a podcasts sobre o envelhecimento e a manuten\u00e7\u00e3o de um estilo de vida ativo em diferentes l\u00ednguas. L\u00edngua T\u00edtulo Descri\u00e7\u00e3o Liga\u00e7\u00e3o ingl\u00eas Dr. David Sinclair: The Biology of Slowing &amp; Reversing Aging Nesta entrevista, discutimos os mecanismos celulares e moleculares do envelhecimento e o que todos n\u00f3s podemos fazer para retardar ou reverter o processo [&hellip;]<\/p>\n","protected":false},"author":4,"featured_media":3648,"parent":4143,"menu_order":919,"comment_status":"closed","ping_status":"closed","template":"","meta":{"inline_featured_image":false,"_locale":"pt_PT","_original_post":"https:\/\/www.sassi-llc.eu\/toolbox\/library\/podcasts\/","footnotes":""},"class_list":["post-5492","page","type-page","status-publish","has-post-thumbnail","hentry","pt-PT"],"blocksy_meta":[],"_links":{"self":[{"href":"https:\/\/www.sassi-llc.eu\/wp-json\/wp\/v2\/pages\/5492","targetHints":{"allow":["GET"]}}],"collection":[{"href":"https:\/\/www.sassi-llc.eu\/wp-json\/wp\/v2\/pages"}],"about":[{"href":"https:\/\/www.sassi-llc.eu\/wp-json\/wp\/v2\/types\/page"}],"author":[{"embeddable":true,"href":"https:\/\/www.sassi-llc.eu\/wp-json\/wp\/v2\/users\/4"}],"replies":[{"embeddable":true,"href":"https:\/\/www.sassi-llc.eu\/wp-json\/wp\/v2\/comments?post=5492"}],"version-history":[{"count":2,"href":"https:\/\/www.sassi-llc.eu\/wp-json\/wp\/v2\/pages\/5492\/revisions"}],"predecessor-version":[{"id":5583,"href":"https:\/\/www.sassi-llc.eu\/wp-json\/wp\/v2\/pages\/5492\/revisions\/5583"}],"up":[{"embeddable":true,"href":"https:\/\/www.sassi-llc.eu\/wp-json\/wp\/v2\/pages\/4143"}],"wp:featuredmedia":[{"embeddable":true,"href":"https:\/\/www.sassi-llc.eu\/wp-json\/wp\/v2\/media\/3648"}],"wp:attachment":[{"href":"https:\/\/www.sassi-llc.eu\/wp-json\/wp\/v2\/media?parent=5492"}],"curies":[{"name":"wp","href":"https:\/\/api.w.org\/{rel}","templated":true}]}}