{"id":5494,"date":"2024-09-17T10:26:30","date_gmt":"2024-09-17T10:26:30","guid":{"rendered":"https:\/\/www.sassi-llc.eu\/?page_id=5494"},"modified":"2024-09-17T10:26:30","modified_gmt":"2024-09-17T10:26:30","slug":"books","status":"publish","type":"page","link":"https:\/\/www.sassi-llc.eu\/pt\/toolbox\/library\/books\/","title":{"rendered":"Livros"},"content":{"rendered":"\n<p>Encontre material de leitura inspirador sobre como enfrentar novos desafios na velhice.<\/p>\n\n\n\n<figure class=\"wp-block-table\"><table class=\"has-fixed-layout\"><tbody><tr><td><strong>T\u00edtulo<\/strong><\/td><td><strong>Autor<\/strong><\/td><td><strong>Descri\u00e7\u00e3o<\/strong><\/td><td><strong>Encontrar no Goodreads:<\/strong><\/td><\/tr><tr><td>Segundos Actos: Criando a vida que voc\u00ea realmente quer, construindo a carreira que voc\u00ea realmente deseja<\/td><td>Stephen M. Pollan and Mark Levine<\/td><td>Este livro aborda a ideia de segundos actos na vida, em que as pessoas transitam para novas carreiras ou actividades. Fornece conselhos pr\u00e1ticos e exemplos reais de pessoas que se reinventaram com sucesso numa fase posterior da vida.<\/td><td><a href=\"https:\/\/www.goodreads.com\/book\/show\/222600.Second_Acts?ac=1&amp;from_search=true&amp;qid=rgatHJIrYk&amp;rank=1\">https:\/\/www.goodreads.com\/book\/show\/222600.Second_Acts?ac=1&amp;from_search=true&amp;qid=rgatHJIrYk&amp;rank=1<br><\/a><\/td><\/tr><tr><td>O Manual da Carreira Encore: Como ganhar a vida e fazer a diferen\u00e7a na segunda metade da vida<\/td><td>Marci Alboher<\/td><td>Marci Alboher explora o conceito de carreiras de encore, que s\u00e3o segundos actos sob a forma de trabalho gratificante que tem frequentemente um impacto social ou ambiental. O livro oferece orienta\u00e7\u00e3o e recursos para quem procura fazer uma mudan\u00e7a de carreira significativa numa fase posterior da vida.<\/td><td><a href=\"https:\/\/www.goodreads.com\/book\/show\/14841560-the-encore-career-handbook?ref=nav_sb_ss_1_93\">https:\/\/www.goodreads.com\/book\/show\/14841560-the-encore-career-handbook?ref=nav_sb_ss_1_93<br><\/a><\/td><\/tr><tr><td>Nunca \u00e9 tarde demais: o seu roteiro para a reinven\u00e7\u00e3o<\/td><td>Claire Cook<\/td><td>O livro de Claire Cook \u00e9 um guia pessoal e inspirador para as pessoas com mais de 50 anos que querem come\u00e7ar de novo, quer seja na carreira ou na vida pessoal. Incentiva os leitores a perseguirem as suas paix\u00f5es e a redefinirem o sucesso.<\/td><td><a href=\"https:\/\/www.goodreads.com\/book\/show\/22733727-never-too-late?from_search=true&amp;from_srp=true&amp;qid=Zb7afpaHN6&amp;rank=13\">https:\/\/www.goodreads.com\/book\/show\/22733727-never-too-late?from_search=true&amp;from_srp=true&amp;qid=Zb7afpaHN6&amp;rank=13<br><\/a><\/td><\/tr><tr><td>O que \u00e9 que se segue? Siga a sua paix\u00e3o e encontre o emprego dos seus sonhos<\/td><td>Kerry Hannon<\/td><td>Este livro centra-se nas transi\u00e7\u00f5es de carreira e fornece informa\u00e7\u00f5es sobre como seguir as suas paix\u00f5es e encontrar o seu emprego ideal, mesmo que isso signifique come\u00e7ar de novo numa \u00e1rea diferente mais tarde na vida.<\/td><td><a href=\"https:\/\/www.goodreads.com\/book\/show\/7958704-what-s-next?from_search=true&amp;from_srp=true&amp;qid=ldcyg2HMJl&amp;rank=1\">https:\/\/www.goodreads.com\/book\/show\/7958704-what-s-next?from_search=true&amp;from_srp=true&amp;qid=ldcyg2HMJl&amp;rank=1<br><\/a><\/td><\/tr><tr><td>O Terceiro Cap\u00edtulo: Paix\u00e3o, risco e aventura nos 25 anos ap\u00f3s os 50<\/td><td>Sara Lawrence-Lightfoot<\/td><td>Neste livro, a autora explora o &#8220;terceiro cap\u00edtulo&#8221; da vida, centrando-se nos anos ap\u00f3s os 50. Partilha as hist\u00f3rias de pessoas que se reinventaram e assumiram novos desafios em v\u00e1rios dom\u00ednios.<\/td><td><a href=\"https:\/\/www.goodreads.com\/book\/show\/4955444-the-third-chapter?ref=nav_sb_ss_1_73\">https:\/\/www.goodreads.com\/book\/show\/4955444-the-third-chapter?ref=nav_sb_ss_1_73<br><\/a><\/td><\/tr><tr><td>O Poder da Finalidade: Encontrar um sentido, viver mais tempo, melhor<\/td><td>Richard J. Leider<\/td><td>Richard Leider explora a import\u00e2ncia de encontrar um objetivo e um significado no trabalho e na vida, especialmente nos \u00faltimos anos. O livro oferece ideias, exerc\u00edcios e hist\u00f3rias para ajudar os leitores a identificar as suas paix\u00f5es, valores e pontos fortes e a alinh\u00e1-los com os seus objectivos profissionais.<\/td><td><a href=\"https:\/\/www.goodreads.com\/book\/show\/26512893-the-power-of-purpose?from_search=true&amp;from_srp=true&amp;qid=JPLvne8goA&amp;rank=1\">https:\/\/www.goodreads.com\/book\/show\/26512893-the-power-of-purpose?from_search=true&amp;from_srp=true&amp;qid=JPLvne8goA&amp;rank=1<br><\/a><\/td><\/tr><tr><td>De que cor \u00e9 o seu para-quedas? Para a reforma: Planear agora a vida que deseja<\/td><td>John E. Nelson and Richard N. Bolles<\/td><td>Este livro oferece conselhos pr\u00e1ticos e exerc\u00edcios para planear uma reforma gratificante, incluindo considera\u00e7\u00f5es sobre transi\u00e7\u00f5es de carreira, escolhas de estilo de vida e desenvolvimento pessoal. Ajuda os leitores a navegar pelos aspectos emocionais e log\u00edsticos do planeamento da reforma e a explorar novas oportunidades de crescimento e realiza\u00e7\u00e3o.<\/td><td><a href=\"https:\/\/www.goodreads.com\/book\/show\/56686.What_Color_Is_Your_Parachute_for_Retirement?ref=nav_sb_ss_1_80\">https:\/\/www.goodreads.com\/book\/show\/56686.What_Color_Is_Your_Parachute_for_Retirement?ref=nav_sb_ss_1_80<br><\/a><\/td><\/tr><tr><td>50 maneiras de conseguir um emprego: Um Guia N\u00e3o Convencional para Encontrar Trabalho nos Seus Termos<\/td><td>Dev Aujla<\/td><td>Embora n\u00e3o se centre especificamente nos adultos mais velhos, este livro oferece estrat\u00e9gias criativas e n\u00e3o convencionais para encontrar um trabalho significativo no mercado de trabalho atual. Encoraja os leitores a aproveitarem os seus pontos fortes, a estabelecerem uma rede de contactos eficaz e a adoptarem abordagens inovadoras para o desenvolvimento da carreira.<\/td><td><a href=\"https:\/\/www.goodreads.com\/book\/show\/35456677-50-ways-to-get-a-job?ref=nav_sb_ss_1_76\">https:\/\/www.goodreads.com\/book\/show\/35456677-50-ways-to-get-a-job?ref=nav_sb_ss_1_76<br><\/a><\/td><\/tr><tr><td>Falling Short: The Coming Retirement Crisis and What to Do About It<\/td><td>Charles D. Ellis, Alicia H. Munnell and Andrew Eschtruth<\/td><td>Os autores escreveram este guia conciso para todos os que se preocupam com a sua pr\u00f3pria seguran\u00e7a na reforma &#8211; e com a seguran\u00e7a da na\u00e7\u00e3o. Falling Short baseia-se em investiga\u00e7\u00e3o s\u00f3lida, mas est\u00e1 escrito num estilo altamente acess\u00edvel. Os autores d\u00e3o uma imagem viva da crise da reforma na Am\u00e9rica.<\/td><td><a href=\"https:\/\/www.goodreads.com\/book\/show\/23635241-falling-short?ref=nav_sb_ss_1_67\">https:\/\/www.goodreads.com\/book\/show\/23635241-falling-short?ref=nav_sb_ss_1_67<\/a><br><a href=\"https:\/\/www.goodreads.com\/book\/show\/23635241-falling-short?ref=nav_sb_ss_1_67\"><br><\/a><\/td><\/tr><tr><td>Carreiras de segundo ato: Mais de 50 maneiras de lucrar com suas paix\u00f5es durante a semi-aposentadoria<\/td><td>Nancy Collamer<\/td><td>Um guia de carreira que repensa os anos dourados, este manual oferece mais de 50 modelos de rendimento para criar um trabalho flex\u00edvel, gratificante e rent\u00e1vel durante a fase de bis da carreira.<\/td><td><a href=\"https:\/\/www.goodreads.com\/book\/show\/13641924-second-act-careers?ref=nav_sb_ss_1_80\">https:\/\/www.goodreads.com\/book\/show\/13641924-second-act-careers?ref=nav_sb_ss_1_80<br><\/a><\/td><\/tr><tr><td>Os Princ\u00edpios do Sucesso: Como chegar de onde est\u00e1 para onde quer estar<\/td><td>Jack Canfield<\/td><td>Os Princ\u00edpios do Sucesso ensin\u00e1-lo-\u00e3o a aumentar a sua confian\u00e7a, a enfrentar os desafios di\u00e1rios, a viver com paix\u00e3o e objetivo e a realizar todas as suas ambi\u00e7\u00f5es. N\u00e3o se trata apenas de uma cole\u00e7\u00e3o de boas ideias, este livro enuncia os 64 princ\u00edpios intemporais utilizados por homens e mulheres de sucesso ao longo da hist\u00f3ria.<\/td><td><a href=\"https:\/\/www.goodreads.com\/book\/show\/96593.The_Success_Principles?ref=nav_sb_ss_1_77\">https:\/\/www.goodreads.com\/book\/show\/96593.The_Success_Principles?ref=nav_sb_ss_1_77<br><\/a><\/td><\/tr><tr><td>A Arte do Trabalho: Um caminho comprovado para descobrir o que foi feito para fazer<\/td><td>Jeff Goins<\/td><td>O caminho para o trabalho da sua vida \u00e9 dif\u00edcil e arriscado, at\u00e9 mesmo assustador, e \u00e9 por isso que poucos terminam a viagem. Este \u00e9 um livro sobre como descobrir o trabalho da sua vida, aquele tesouro de valor incomensur\u00e1vel que todos desejamos. \u00c9 sobre a tarefa para a qual nasceu.<\/td><td><a href=\"https:\/\/www.goodreads.com\/book\/show\/25050124-the-art-of-work?ref=nav_sb_ss_1_71\">https:\/\/www.goodreads.com\/book\/show\/25050124-the-art-of-work?ref=nav_sb_ss_1_71<br><\/a><\/td><\/tr><tr><td>O Grande Salto: Conquiste o seu medo oculto e leve a sua vida para o pr\u00f3ximo n\u00edvel<\/td><td>Gay Hendricks<\/td><td>Em The Big Leap, Gay Hendricks, autora de Five Wishes, bestseller do New York Times, demonstra como eliminar as barreiras ao sucesso, ultrapassando falsos medos e cren\u00e7as.<\/td><td><a href=\"https:\/\/www.goodreads.com\/book\/show\/6391876-the-big-leap?from_search=true&amp;from_srp=true&amp;qid=dDhKJRNQFJ&amp;rank=1\">https:\/\/www.goodreads.com\/book\/show\/6391876-the-big-leap?from_search=true&amp;from_srp=true&amp;qid=dDhKJRNQFJ&amp;rank=1<br><\/a><\/td><\/tr><tr><td>O Velho e o Mar<\/td><td>Ernest Hemingway<\/td><td>Esta obra-prima de Hemingway conta a hist\u00f3ria de Santiago, um velho pescador cubano que enfrenta uma batalha \u00e9pica com um espadim gigante.<br>Benef\u00edcios: Inspira pela determina\u00e7\u00e3o, coragem e resili\u00eancia do protagonista, mostrando que a idade n\u00e3o limita a for\u00e7a de vontade e a capacidade de enfrentar desafios.<\/td><td><a href=\"https:\/\/www.goodreads.com\/book\/show\/2165.The_Old_Man_and_the_Sea?from_search=true&amp;from_srp=true&amp;qid=cwgnOtXsdy&amp;rank=1\">https:\/\/www.goodreads.com\/book\/show\/2165.The_Old_Man_and_the_Sea?from_search=true&amp;from_srp=true&amp;qid=cwgnOtXsdy&amp;rank=1<br><\/a><\/td><\/tr><tr><td>Ano do Sim<\/td><td>Shonda Rhimes<\/td><td>Um livro de mem\u00f3rias da criadora de Anatomia de Grey e Scandal, Shonda Rhimes, que decide dizer &#8220;sim&#8221; a tudo o que a assusta durante um ano.<br>Benef\u00edcios: Inspira toda a gente, especialmente aqueles que acreditam que \u00e9 demasiado tarde para fazer mudan\u00e7as significativas na vida.<\/td><td><a href=\"https:\/\/www.goodreads.com\/book\/show\/29540318-year-of-yes?ref=nav_sb_ss_1_11\">https:\/\/www.goodreads.com\/book\/show\/29540318-year-of-yes?ref=nav_sb_ss_1_11<br><\/a><\/td><\/tr><tr><td>A eleg\u00e2ncia do ouri\u00e7o-cacheiro<\/td><td>Muriel Barbery<\/td><td>Descri\u00e7\u00e3o: A hist\u00f3ria gira em torno de Ren\u00e9e, uma cuidadora de 54 anos que esconde a sua verdadeira intelig\u00eancia e o seu amor pela literatura e filosofia. A sua vida muda quando conhece um novo inquilino japon\u00eas que reconhece a sua alma g\u00e9mea.<br>Benefits: Celebra a sabedoria e a profundidade que v\u00eam com a idade, bem como destaca a import\u00e2ncia de liga\u00e7\u00f5es humanas inesperadas.<\/td><td><a href=\"https:\/\/www.goodreads.com\/book\/show\/2967752-the-elegance-of-the-hedgehog?ref=nav_sb_ss_1_28\">https:\/\/www.goodreads.com\/book\/show\/2967752-the-elegance-of-the-hedgehog?ref=nav_sb_ss_1_28<br><\/a><\/td><\/tr><tr><td>Pequenas mem\u00f3rias<\/td><td>Jos\u00e9 Saramago<\/td><td>Uma cole\u00e7\u00e3o de mem\u00f3rias do Pr\u00e9mio Nobel portugu\u00eas, explorando a sua inf\u00e2ncia e juventude, mas com reflex\u00f5es profundas que desenvolveu ao longo da sua vida.<br>Benef\u00edcios: Oferece uma vis\u00e3o sobre a forma como as experi\u00eancias de vida moldam a sabedoria e a perspetiva de uma pessoa, celebrando a profundidade e a riqueza da vida vivida em pleno.<\/td><td><a href=\"https:\/\/www.goodreads.com\/book\/show\/6482681-small-memories?ref=nav_sb_ss_1_14\">https:\/\/www.goodreads.com\/book\/show\/6482681-small-memories?ref=nav_sb_ss_1_14<br><\/a><\/td><\/tr><\/tbody><\/table><\/figure>\n","protected":false},"excerpt":{"rendered":"<p>Encontre material de leitura inspirador sobre como enfrentar novos desafios na velhice. T\u00edtulo Autor Descri\u00e7\u00e3o Encontrar no Goodreads: Segundos Actos: Criando a vida que voc\u00ea realmente quer, construindo a carreira que voc\u00ea realmente deseja Stephen M. Pollan and Mark Levine Este livro aborda a ideia de segundos actos na vida, em que as pessoas transitam [&hellip;]<\/p>\n","protected":false},"author":4,"featured_media":3634,"parent":4143,"menu_order":921,"comment_status":"closed","ping_status":"closed","template":"","meta":{"inline_featured_image":false,"_locale":"pt_PT","_original_post":"https:\/\/www.sassi-llc.eu\/toolbox\/library\/books\/","footnotes":""},"class_list":["post-5494","page","type-page","status-publish","has-post-thumbnail","hentry","pt-PT"],"blocksy_meta":[],"_links":{"self":[{"href":"https:\/\/www.sassi-llc.eu\/wp-json\/wp\/v2\/pages\/5494","targetHints":{"allow":["GET"]}}],"collection":[{"href":"https:\/\/www.sassi-llc.eu\/wp-json\/wp\/v2\/pages"}],"about":[{"href":"https:\/\/www.sassi-llc.eu\/wp-json\/wp\/v2\/types\/page"}],"author":[{"embeddable":true,"href":"https:\/\/www.sassi-llc.eu\/wp-json\/wp\/v2\/users\/4"}],"replies":[{"embeddable":true,"href":"https:\/\/www.sassi-llc.eu\/wp-json\/wp\/v2\/comments?post=5494"}],"version-history":[{"count":1,"href":"https:\/\/www.sassi-llc.eu\/wp-json\/wp\/v2\/pages\/5494\/revisions"}],"predecessor-version":[{"id":5503,"href":"https:\/\/www.sassi-llc.eu\/wp-json\/wp\/v2\/pages\/5494\/revisions\/5503"}],"up":[{"embeddable":true,"href":"https:\/\/www.sassi-llc.eu\/wp-json\/wp\/v2\/pages\/4143"}],"wp:featuredmedia":[{"embeddable":true,"href":"https:\/\/www.sassi-llc.eu\/wp-json\/wp\/v2\/media\/3634"}],"wp:attachment":[{"href":"https:\/\/www.sassi-llc.eu\/wp-json\/wp\/v2\/media?parent=5494"}],"curies":[{"name":"wp","href":"https:\/\/api.w.org\/{rel}","templated":true}]}}