{"id":5495,"date":"2024-09-17T10:27:31","date_gmt":"2024-09-17T10:27:31","guid":{"rendered":"https:\/\/www.sassi-llc.eu\/?page_id=5495"},"modified":"2024-09-17T10:27:32","modified_gmt":"2024-09-17T10:27:32","slug":"games","status":"publish","type":"page","link":"https:\/\/www.sassi-llc.eu\/pt\/toolbox\/library\/games\/","title":{"rendered":"Jogos"},"content":{"rendered":"\n<p>Descubra os jogos que lhe permitem manter-se atento!<\/p>\n\n\n\n<figure class=\"wp-block-table\"><table class=\"has-fixed-layout\"><tbody><tr><td><strong>T\u00edtulo<\/strong><\/td><td><strong>Descri\u00e7\u00e3o<\/strong><\/td><td><strong>Liga\u00e7\u00e3o<\/strong><\/td><\/tr><tr><td>DIXIT<\/td><td>ajuda a desenvolver o pensamento associativo e criativo<\/td><td><a href=\"https:\/\/boardgamegeek.com\/boardgame\/39856\/dixit\">https:\/\/boardgamegeek.com\/boardgame\/39856\/dixit<\/a><\/td><\/tr><tr><td>UNO<\/td><td>ajuda a mem\u00f3ria e a socializa\u00e7\u00e3o<\/td><td><a href=\"https:\/\/www.letsplayuno.com\/\">https:\/\/www.letsplayuno.com\/<\/a><\/td><\/tr><tr><td>Scrabble<\/td><td>excelente para estimular a fun\u00e7\u00e3o cognitiva e proporcionar intera\u00e7\u00e3o social<\/td><td><a href=\"https:\/\/playscrabble.com\/\">https:\/\/playscrabble.com\/<br><\/a><\/td><\/tr><tr><td>Chess<\/td><td>excelente para estimular a fun\u00e7\u00e3o cognitiva e proporcionar intera\u00e7\u00e3o social<\/td><td><a href=\"https:\/\/www.chess.com\/\">https:\/\/www.chess.com\/<br><\/a><\/td><\/tr><tr><td>Sudoku<\/td><td>excelente para estimular a fun\u00e7\u00e3o cognitiva e proporcionar intera\u00e7\u00e3o social<\/td><td><a href=\"https:\/\/sudoku.com\/\">https:\/\/sudoku.com\/<br><\/a><\/td><\/tr><tr><td>Nintendo&#8217;s Brain Age series<\/td><td>com uma variedade de puzzles e actividades para estimular o c\u00e9rebro<\/td><td><a href=\"https:\/\/nintendo.fandom.com\/wiki\/Brain_Age_(series)\">https:\/\/nintendo.fandom.com\/wiki\/Brain_Age_(series)<br><\/a><\/td><\/tr><tr><td>Lumosity<\/td><td>uma aplica\u00e7\u00e3o de treino cerebral concebida para melhorar a fun\u00e7\u00e3o cognitiva atrav\u00e9s de uma s\u00e9rie de jogos e puzzles envolventes<\/td><td><a href=\"https:\/\/www.lumosity.com\/de\/\">https:\/\/www.lumosity.com\/de\/ <br><\/a><\/td><\/tr><tr><td>Braingymmer<\/td><td>dez minutos por dia \u00e9 tudo o que \u00e9 preciso para manter o seu c\u00e9rebro em forma<\/td><td><a href=\"https:\/\/www.braingymmer.com\/en\/\">https:\/\/www.braingymmer.com\/en\/<br><\/a><\/td><\/tr><tr><td>Gognifit<\/td><td>desafie o seu c\u00e9rebro e descubra at\u00e9 onde ele pode ir com jogos cerebrais<\/td><td><a href=\"https:\/\/www.cognifit.com\/cv\/en\/brain-games\">https:\/\/www.cognifit.com\/cv\/en\/brain-games<br><\/a><\/td><\/tr><\/tbody><\/table><\/figure>\n","protected":false},"excerpt":{"rendered":"<p>Descubra os jogos que lhe permitem manter-se atento! T\u00edtulo Descri\u00e7\u00e3o Liga\u00e7\u00e3o DIXIT ajuda a desenvolver o pensamento associativo e criativo https:\/\/boardgamegeek.com\/boardgame\/39856\/dixit UNO ajuda a mem\u00f3ria e a socializa\u00e7\u00e3o https:\/\/www.letsplayuno.com\/ Scrabble excelente para estimular a fun\u00e7\u00e3o cognitiva e proporcionar intera\u00e7\u00e3o social https:\/\/playscrabble.com\/ Chess excelente para estimular a fun\u00e7\u00e3o cognitiva e proporcionar intera\u00e7\u00e3o social https:\/\/www.chess.com\/ Sudoku excelente [&hellip;]<\/p>\n","protected":false},"author":4,"featured_media":3652,"parent":4143,"menu_order":922,"comment_status":"closed","ping_status":"closed","template":"","meta":{"inline_featured_image":false,"_locale":"pt_PT","_original_post":"https:\/\/www.sassi-llc.eu\/toolbox\/library\/games\/","footnotes":""},"class_list":["post-5495","page","type-page","status-publish","has-post-thumbnail","hentry","pt-PT"],"blocksy_meta":[],"_links":{"self":[{"href":"https:\/\/www.sassi-llc.eu\/wp-json\/wp\/v2\/pages\/5495","targetHints":{"allow":["GET"]}}],"collection":[{"href":"https:\/\/www.sassi-llc.eu\/wp-json\/wp\/v2\/pages"}],"about":[{"href":"https:\/\/www.sassi-llc.eu\/wp-json\/wp\/v2\/types\/page"}],"author":[{"embeddable":true,"href":"https:\/\/www.sassi-llc.eu\/wp-json\/wp\/v2\/users\/4"}],"replies":[{"embeddable":true,"href":"https:\/\/www.sassi-llc.eu\/wp-json\/wp\/v2\/comments?post=5495"}],"version-history":[{"count":1,"href":"https:\/\/www.sassi-llc.eu\/wp-json\/wp\/v2\/pages\/5495\/revisions"}],"predecessor-version":[{"id":5504,"href":"https:\/\/www.sassi-llc.eu\/wp-json\/wp\/v2\/pages\/5495\/revisions\/5504"}],"up":[{"embeddable":true,"href":"https:\/\/www.sassi-llc.eu\/wp-json\/wp\/v2\/pages\/4143"}],"wp:featuredmedia":[{"embeddable":true,"href":"https:\/\/www.sassi-llc.eu\/wp-json\/wp\/v2\/media\/3652"}],"wp:attachment":[{"href":"https:\/\/www.sassi-llc.eu\/wp-json\/wp\/v2\/media?parent=5495"}],"curies":[{"name":"wp","href":"https:\/\/api.w.org\/{rel}","templated":true}]}}