{"id":2016,"date":"2023-10-04T20:09:23","date_gmt":"2023-10-04T20:09:23","guid":{"rendered":"https:\/\/www.sassi-llc.eu\/?page_id=2016"},"modified":"2023-10-05T10:26:51","modified_gmt":"2023-10-05T10:26:51","slug":"about","status":"publish","type":"page","link":"https:\/\/www.sassi-llc.eu\/sk\/about\/","title":{"rendered":"SASSI LLC"},"content":{"rendered":"\n<h2 class=\"wp-block-heading\"><strong>Projekt SASSI LLC<\/strong><\/h2>\n\n\n\n<p><strong>Projekt SASSI LLC v r\u00e1mci programu Erasmus+ koordinuje nemeck\u00e1 organiz\u00e1cia blinc a nieko\u013eko partnerov z piatich kraj\u00edn (Bulharsko, Nemecko, Portugalsko, Rak\u00fasko a Slovensko).<\/strong><\/p>\n\n\n\n<p>Jednou z v\u00fdziev, ktor\u00fdm Eur\u00f3pa v bud\u00facnosti \u010del\u00ed, je hospod\u00e1rska konkurencieschopnos\u0165 a prosperita. T\u00e1 v rozhoduj\u00facej miere z\u00e1vis\u00ed od schopnosti plne vyu\u017e\u00edva\u0165 svoje pracovn\u00e9 zdroje. Jedn\u00fdm zo sp\u00f4sobov, ako dosiahnu\u0165 tento cie\u013e, je pred\u013a\u017eenie obdobia zamestnanosti po\u010das cel\u00e9ho \u017eivota. Demografick\u00e9 starnutie je jednou z hnac\u00edch s\u00edl cie\u013ea strat\u00e9gie Eur\u00f3pa 2020 v oblasti zamestnanosti, ktor\u00fdm je zv\u00fd\u0161enie \u00fa\u010dasti pracovnej sily v celej E\u00da. Predpoklad\u00e1 sa, \u017ee na zachovanie \u017eivotaschopnosti syst\u00e9mov soci\u00e1lnej podpory v s\u00favislosti so starnut\u00edm eur\u00f3pskej popul\u00e1cie je potrebn\u00e9, aby viac \u013eud\u00ed pracovalo a dokonca zostalo v pr\u00e1ci dlh\u0161ie po\u010das svojho \u017eivota. Prijatie vhodn\u00fdch polit\u00edk a postupov zoh\u013ead\u0148uj\u00facich vekov\u00e9 h\u013eadisko m\u00e1 umo\u017eni\u0165 star\u0161\u00edm pracovn\u00edkom zosta\u0165 na trhu pr\u00e1ce alebo sa na\u0148 dokonca vr\u00e1ti\u0165.<\/p>\n\n\n\n<p>Viac inform\u00e1ci\u00ed o spolo\u010dnosti SASSI LLC:<\/p>\n\n\n\n<ul class=\"wp-block-list\">\n<li><a href=\"https:\/\/www.sassi-llc.eu\/about\/the-history\/\" data-type=\"page\" data-id=\"672\"> Hist\u00f3ria<\/a><\/li>\n\n\n\n<li><a href=\"https:\/\/www.sassi-llc.eu\/about\/who-is-it-for\/\" data-type=\"page\" data-id=\"673\">Pre koho je ur\u010den\u00fd<\/a><\/li>\n\n\n\n<li><a href=\"https:\/\/www.sassi-llc.eu\/about\/partners\/\" data-type=\"page\" data-id=\"674\">Partneri<\/a><\/li>\n<\/ul>\n","protected":false},"excerpt":{"rendered":"<p>Prijatie vhodn\u00fdch polit\u00edk a postupov zoh\u013ead\u0148uj\u00facich vekov\u00e9 h\u013eadisko m\u00e1 umo\u017eni\u0165 a podpori\u0165 zotrvanie star\u0161\u00edch pracovn\u00edkov na trhu pr\u00e1ce.<\/p>\n","protected":false},"author":4,"featured_media":860,"parent":0,"menu_order":2,"comment_status":"closed","ping_status":"closed","template":"","meta":{"inline_featured_image":false,"_locale":"sk_SK","_original_post":"https:\/\/www.sassi-llc.eu\/about-2\/","footnotes":""},"class_list":["post-2016","page","type-page","status-publish","has-post-thumbnail","hentry","sk-SK"],"blocksy_meta":{"styles_descriptor":{"styles":{"desktop":"","tablet":"","mobile":""},"google_fonts":[],"version":6}},"_links":{"self":[{"href":"https:\/\/www.sassi-llc.eu\/wp-json\/wp\/v2\/pages\/2016","targetHints":{"allow":["GET"]}}],"collection":[{"href":"https:\/\/www.sassi-llc.eu\/wp-json\/wp\/v2\/pages"}],"about":[{"href":"https:\/\/www.sassi-llc.eu\/wp-json\/wp\/v2\/types\/page"}],"author":[{"embeddable":true,"href":"https:\/\/www.sassi-llc.eu\/wp-json\/wp\/v2\/users\/4"}],"replies":[{"embeddable":true,"href":"https:\/\/www.sassi-llc.eu\/wp-json\/wp\/v2\/comments?post=2016"}],"version-history":[{"count":1,"href":"https:\/\/www.sassi-llc.eu\/wp-json\/wp\/v2\/pages\/2016\/revisions"}],"predecessor-version":[{"id":2017,"href":"https:\/\/www.sassi-llc.eu\/wp-json\/wp\/v2\/pages\/2016\/revisions\/2017"}],"wp:featuredmedia":[{"embeddable":true,"href":"https:\/\/www.sassi-llc.eu\/wp-json\/wp\/v2\/media\/860"}],"wp:attachment":[{"href":"https:\/\/www.sassi-llc.eu\/wp-json\/wp\/v2\/media?parent=2016"}],"curies":[{"name":"wp","href":"https:\/\/api.w.org\/{rel}","templated":true}]}}