{"id":2020,"date":"2023-10-04T20:38:07","date_gmt":"2023-10-04T20:38:07","guid":{"rendered":"https:\/\/www.sassi-llc.eu\/?page_id=2020"},"modified":"2023-10-05T10:27:04","modified_gmt":"2023-10-05T10:27:04","slug":"who-is-it-for","status":"publish","type":"page","link":"https:\/\/www.sassi-llc.eu\/sk\/about\/who-is-it-for\/","title":{"rendered":"Pre koho je ur\u010den\u00fd?"},"content":{"rendered":"\n<h2 class=\"wp-block-heading\">Ak ste profesion\u00e1l v oblasti C-VET (\u0161kolite\u013e, kari\u00e9rny poradca at\u010f.), materi\u00e1ly na tejto platforme v\u00e1m pom\u00f4\u017eu:<\/h2>\n\n\n\n<ul class=\"wp-block-list\">\n<li>lep\u0161ie porozumie\u0165 ekonomick\u00fdm a soci\u00e1lnym po\u017eiadavk\u00e1m na zachovanie plnohodnotnej a zmysluplnej pr\u00e1ce v neskor\u0161om veku &#8211; a pre\u010do \u013eudia chc\u00fa alebo musia na\u010falej pracova\u0165.<\/li>\n\n\n\n<li>v\u00fdhody vyu\u017e\u00edvania talentu a sk\u00fasenost\u00ed star\u0161\u00edch pracovn\u00edkov<\/li>\n\n\n\n<li>dozvedie\u0165 sa o nov\u00fdch pr\u00edstupoch ku kari\u00e9rov\u00e9mu poradenstvu<\/li>\n\n\n\n<li>podporova\u0165 zmyslupln\u00fa a napl\u0148uj\u00facu pr\u00e1cu<\/li>\n\n\n\n<li>dozvedie\u0165 sa o flexibiln\u00fdch pracovn\u00fdch postupoch na podporu star\u0161\u00edch pracovn\u00edkov v pr\u00e1ci a pri prechode na trh pr\u00e1ce<\/li>\n\n\n\n<li>z\u00edska\u0165 \u010fal\u0161ie vedomosti, zru\u010dnosti a kompetencie pre kari\u00e9rov\u00e9 poradenstvo v neskor\u0161om veku a zvy\u0161ovanie kvalifik\u00e1cie star\u0161\u00edch \u013eud\u00ed, aby sa stali star\u0161\u00edmi podnikate\u013emi<\/li>\n\n\n\n<li>prisp\u00f4sobi\u0165 inovat\u00edvny obsah a materi\u00e1ly odbornej pr\u00edpravy<\/li>\n\n\n\n<li>vypracova\u0165 strat\u00e9gie na podporu star\u0161\u00edch podnikate\u013eov<\/li>\n\n\n\n<li>pom\u00e1ha\u0165 \u00fa\u010dastn\u00edkom vzdel\u00e1vania pri medzikult\u00farnej pr\u00e1ci a obchodovan\u00ed<\/li>\n\n\n\n<li>preuk\u00e1za\u0165 rozvoj kompetenci\u00ed va\u0161ich u\u010diacich sa<\/li>\n\n\n\n<li>vybudova\u0165 roz\u0161\u00edren\u00fa sie\u0165 s medzin\u00e1rodnou skupinou odborn\u00edkov na poradenstvo<\/li>\n<\/ul>\n\n\n\n<h2 class=\"wp-block-heading\">Ak ste star\u0161\u00ed pracovn\u00edk, m\u00f4\u017eete:<\/h2>\n\n\n\n<ul class=\"wp-block-list\">\n<li>dozvedie\u0165 sa o v\u00fdhod\u00e1ch a pr\u00ednosoch poradenstva a rekvalifik\u00e1cie pre &#8222;kari\u00e9ru v neskor\u0161om veku&#8220; a pre produkt\u00edvny dlh\u0161\u00ed pracovn\u00fd \u017eivot.<\/li>\n\n\n\n<li>by\u0165 motivovan\u00ed k z\u00edskaniu nov\u00fdch zru\u010dnost\u00ed, zvy\u0161ovaniu kvalifik\u00e1cie, rekvalifik\u00e1cii alebo aktualiz\u00e1cii prostredn\u00edctvom CPD<\/li>\n\n\n\n<li>presk\u00fama\u0165 nov\u00e9 formy podnikate\u013eskej \u010dinnosti vr\u00e1tane samostatnej z\u00e1robkovej \u010dinnosti, soci\u00e1lneho podnikania, digit\u00e1lneho obchodovania\/e-obchodovania, dedi\u010dstva a kari\u00e9ry Encore<\/li>\n\n\n\n<li>zlep\u0161i\u0165 svoje kari\u00e9rne rozhodnutia<\/li>\n\n\n\n<li>zv\u00e1\u017ete mo\u017enos\u0165 sta\u0165 sa star\u0161\u00edm podnikate\u013eom<\/li>\n\n\n\n<li>rozv\u00edja\u0165 z\u00e1ujem o nadn\u00e1rodn\u00e9 obchodovanie a mobilitu v neskor\u0161om veku<\/li>\n\n\n\n<li>rozv\u00edja\u0165 kontakty a siete pre \u010fal\u0161iu podporu a\/alebo rozvoj<\/li>\n<\/ul>\n","protected":false},"excerpt":{"rendered":"<p>Ak ste profesion\u00e1l v oblasti C-VET (\u0161kolite\u013e, kari\u00e9rny poradca at\u010f.), materi\u00e1ly na tejto platforme v\u00e1m pom\u00f4\u017eu: Ak ste star\u0161\u00ed pracovn\u00edk, m\u00f4\u017eete:<\/p>\n","protected":false},"author":4,"featured_media":860,"parent":2016,"menu_order":5,"comment_status":"closed","ping_status":"closed","template":"","meta":{"inline_featured_image":false,"_locale":"sk_SK","_original_post":"https:\/\/www.sassi-llc.eu\/about-2\/who-is-it-for\/","footnotes":""},"class_list":["post-2020","page","type-page","status-publish","has-post-thumbnail","hentry","sk-SK"],"blocksy_meta":{"styles_descriptor":{"styles":{"desktop":"","tablet":"","mobile":""},"google_fonts":[],"version":6}},"_links":{"self":[{"href":"https:\/\/www.sassi-llc.eu\/wp-json\/wp\/v2\/pages\/2020","targetHints":{"allow":["GET"]}}],"collection":[{"href":"https:\/\/www.sassi-llc.eu\/wp-json\/wp\/v2\/pages"}],"about":[{"href":"https:\/\/www.sassi-llc.eu\/wp-json\/wp\/v2\/types\/page"}],"author":[{"embeddable":true,"href":"https:\/\/www.sassi-llc.eu\/wp-json\/wp\/v2\/users\/4"}],"replies":[{"embeddable":true,"href":"https:\/\/www.sassi-llc.eu\/wp-json\/wp\/v2\/comments?post=2020"}],"version-history":[{"count":1,"href":"https:\/\/www.sassi-llc.eu\/wp-json\/wp\/v2\/pages\/2020\/revisions"}],"predecessor-version":[{"id":2021,"href":"https:\/\/www.sassi-llc.eu\/wp-json\/wp\/v2\/pages\/2020\/revisions\/2021"}],"up":[{"embeddable":true,"href":"https:\/\/www.sassi-llc.eu\/wp-json\/wp\/v2\/pages\/2016"}],"wp:featuredmedia":[{"embeddable":true,"href":"https:\/\/www.sassi-llc.eu\/wp-json\/wp\/v2\/media\/860"}],"wp:attachment":[{"href":"https:\/\/www.sassi-llc.eu\/wp-json\/wp\/v2\/media?parent=2020"}],"curies":[{"name":"wp","href":"https:\/\/api.w.org\/{rel}","templated":true}]}}