{"id":2022,"date":"2023-10-05T10:28:01","date_gmt":"2023-10-05T10:28:01","guid":{"rendered":"https:\/\/www.sassi-llc.eu\/?page_id=2022"},"modified":"2023-10-05T10:33:33","modified_gmt":"2023-10-05T10:33:33","slug":"partners","status":"publish","type":"page","link":"https:\/\/www.sassi-llc.eu\/sk\/about\/partners\/","title":{"rendered":"Partneri"},"content":{"rendered":"<nav class=\"is-responsive wp-block-navigation is-layout-flex wp-block-navigation-is-layout-flex\" aria-label=\"Partners\" \n\t\t data-wp-interactive=\"core\/navigation\" data-wp-context='{\"overlayOpenedBy\":{\"click\":false,\"hover\":false,\"focus\":false},\"type\":\"overlay\",\"roleAttribute\":\"\",\"ariaLabel\":\"Menu\"}'><button aria-haspopup=\"dialog\" aria-label=\"Otvori\u0165 menu\" class=\"wp-block-navigation__responsive-container-open\" \n\t\t\t\tdata-wp-on--click=\"actions.openMenuOnClick\"\n\t\t\t\tdata-wp-on--keydown=\"actions.handleMenuKeydown\"\n\t\t\t><svg width=\"24\" height=\"24\" xmlns=\"http:\/\/www.w3.org\/2000\/svg\" viewBox=\"0 0 24 24\" aria-hidden=\"true\" focusable=\"false\"><path d=\"M4 7.5h16v1.5H4z\"><\/path><path d=\"M4 15h16v1.5H4z\"><\/path><\/svg><\/button>\n\t\t\t\t<div class=\"wp-block-navigation__responsive-container\"  id=\"modal-1\" \n\t\t\t\tdata-wp-class--has-modal-open=\"state.isMenuOpen\"\n\t\t\t\tdata-wp-class--is-menu-open=\"state.isMenuOpen\"\n\t\t\t\tdata-wp-watch=\"callbacks.initMenu\"\n\t\t\t\tdata-wp-on--keydown=\"actions.handleMenuKeydown\"\n\t\t\t\tdata-wp-on--focusout=\"actions.handleMenuFocusout\"\n\t\t\t\ttabindex=\"-1\"\n\t\t\t>\n\t\t\t\t\t<div class=\"wp-block-navigation__responsive-close\" tabindex=\"-1\">\n\t\t\t\t\t\t<div class=\"wp-block-navigation__responsive-dialog\" \n\t\t\t\tdata-wp-bind--aria-modal=\"state.ariaModal\"\n\t\t\t\tdata-wp-bind--aria-label=\"state.ariaLabel\"\n\t\t\t\tdata-wp-bind--role=\"state.roleAttribute\"\n\t\t\t>\n\t\t\t\t\t\t\t<button aria-label=\"Zatvori\u0165 menu\" class=\"wp-block-navigation__responsive-container-close\" \n\t\t\t\tdata-wp-on--click=\"actions.closeMenuOnClick\"\n\t\t\t><svg xmlns=\"http:\/\/www.w3.org\/2000\/svg\" viewBox=\"0 0 24 24\" width=\"24\" height=\"24\" aria-hidden=\"true\" focusable=\"false\"><path d=\"m13.06 12 6.47-6.47-1.06-1.06L12 10.94 5.53 4.47 4.47 5.53 10.94 12l-6.47 6.47 1.06 1.06L12 13.06l6.47 6.47 1.06-1.06L13.06 12Z\"><\/path><\/svg><\/button>\n\t\t\t\t\t\t\t<div class=\"wp-block-navigation__responsive-container-content\" \n\t\t\t\tdata-wp-watch=\"callbacks.focusFirstElement\"\n\t\t\t id=\"modal-1-content\">\n\t\t\t\t\t\t\t\t<ul class=\"wp-block-navigation__container is-responsive wp-block-navigation\"><li class=\" wp-block-navigation-item wp-block-navigation-link\"><a class=\"wp-block-navigation-item__content\"  href=\"#blinc\"><span class=\"wp-block-navigation-item__label\">blinc<\/span><\/a><\/li><li class=\" wp-block-navigation-item wp-block-navigation-link\"><a class=\"wp-block-navigation-item__content\"  href=\"#bupnet\"><span class=\"wp-block-navigation-item__label\">BUPNET<\/span><\/a><\/li><li class=\" wp-block-navigation-item wp-block-navigation-link\"><a class=\"wp-block-navigation-item__content\"  href=\"#catro\"><span class=\"wp-block-navigation-item__label\">CATRO BG<\/span><\/a><\/li><li class=\" wp-block-navigation-item wp-block-navigation-link\"><a class=\"wp-block-navigation-item__content\"  href=\"#cvno\"><span class=\"wp-block-navigation-item__label\">CVNO<\/span><\/a><\/li><li class=\" wp-block-navigation-item wp-block-navigation-link\"><a class=\"wp-block-navigation-item__content\"  href=\"#die_berater\"><span class=\"wp-block-navigation-item__label\">die Berater<\/span><\/a><\/li><li class=\" wp-block-navigation-item wp-block-navigation-link\"><a class=\"wp-block-navigation-item__content\"  href=\"#inova\"><span class=\"wp-block-navigation-item__label\">INOVA+<\/span><\/a><\/li><\/ul>\n\t\t\t\t\t\t\t<\/div>\n\t\t\t\t\t\t<\/div>\n\t\t\t\t\t<\/div>\n\t\t\t\t<\/div><\/nav>\n\n\n<div style=\"height:100px\" aria-hidden=\"true\" class=\"wp-block-spacer\"><\/div>\n\n\n\n<div id=\"blinc\" class=\"wp-block-group is-layout-constrained wp-block-group-is-layout-constrained\">\n<h2 class=\"wp-block-heading\"><strong>Blinc<\/strong><\/h2>\n\n\n\n<p>Website: <a href=\"https:\/\/blinc-eu.org\/\" target=\"_blank\" rel=\"noreferrer noopener\">https:\/\/blinc-eu.org\/<\/a><\/p>\n\n\n\n<div class=\"wp-block-columns is-layout-flex wp-container-core-columns-is-layout-28f84493 wp-block-columns-is-layout-flex\">\n<div class=\"wp-block-column is-layout-flow wp-block-column-is-layout-flow\" style=\"flex-basis:30%\">\n<figure class=\"wp-block-image size-full\"><img loading=\"lazy\" decoding=\"async\" width=\"313\" height=\"300\" src=\"https:\/\/www.sassi-llc.eu\/wp-content\/uploads\/2022\/11\/blinc.webp\" alt=\"blinc eg\" class=\"wp-image-770\" srcset=\"https:\/\/www.sassi-llc.eu\/wp-content\/uploads\/2022\/11\/blinc.webp 313w, https:\/\/www.sassi-llc.eu\/wp-content\/uploads\/2022\/11\/blinc-300x288.webp 300w\" sizes=\"auto, (max-width: 313px) 100vw, 313px\" \/><\/figure>\n<\/div>\n\n\n\n<div class=\"wp-block-column is-layout-flow wp-block-column-is-layout-flow\" style=\"flex-basis:70%\">\n<p>Kooperat\u00edva in\u0161tit\u00faci\u00ed zmie\u0161an\u00e9ho vzdel\u00e1vania, ktor\u00e1 bola zalo\u017een\u00e1 v roku 2005, je sie\u0165ou organiz\u00e1ci\u00ed, ktor\u00e9 sa v minulosti zapojili do projektov LIFE a elektronick\u00e9ho vzdel\u00e1vania financovan\u00fdch E\u00da v oblasti zdravotn\u00edctva, soci\u00e1lnej oblasti a \u017eivotn\u00e9ho prostredia. Do roku 2015 tvorilo blinc viac ako 30 organiz\u00e1ci\u00ed a jednotlivcov z 22 eur\u00f3pskych kraj\u00edn. blinc sa venuje zlep\u0161ovaniu v\u00fdmeny medzi vzdel\u00e1vac\u00edmi a akademick\u00fdmi v\u00fdskumn\u00edkmi a pon\u00faka platformu na v\u00fdmenu know-how a sk\u00fasenost\u00ed vr\u00e1tane hodnotenia, zhodnocovania a vytv\u00e1rania siet\u00ed. Sie\u0165 poskytuje odborn\u00fa podporu v oblastiach:<\/p>\n\n\n\n<ul class=\"wp-block-list\">\n<li>\u0161kolenia a organiza\u010dn\u00fd rozvoj<\/li>\n\n\n\n<li>vytv\u00e1ranie siet\u00ed a<\/li>\n\n\n\n<li>hodnotenie (intern\u00e9 aj extern\u00e9)<\/li>\n<\/ul>\n<\/div>\n<\/div>\n\n\n\n<div style=\"height:100px\" aria-hidden=\"true\" class=\"wp-block-spacer\"><\/div>\n\n\n\n<div class=\"wp-block-stackable-divider stk-block-divider stk-block stk-34c9434\" data-block-id=\"34c9434\"><hr class=\"stk-block-divider__hr\"\/><\/div>\n\n\n\n<div style=\"height:100px\" aria-hidden=\"true\" class=\"wp-block-spacer\"><\/div>\n<\/div>\n\n\n\n<div id=\"bupnet\" class=\"wp-block-group is-layout-constrained wp-block-group-is-layout-constrained\">\n<h2 class=\"wp-block-heading\"><strong><strong>BUPNET<\/strong><\/strong><\/h2>\n\n\n\n<p>Website: <a href=\"https:\/\/www.bupnet.eu\/\" target=\"_blank\" rel=\"noreferrer noopener\">https:\/\/blinc-eu.org\/<\/a><\/p>\n\n\n\n<div class=\"wp-block-columns is-layout-flex wp-container-core-columns-is-layout-28f84493 wp-block-columns-is-layout-flex\">\n<div class=\"wp-block-column is-layout-flow wp-block-column-is-layout-flow\" style=\"flex-basis:30%\">\n<figure class=\"wp-block-image size-large\"><img loading=\"lazy\" decoding=\"async\" width=\"1024\" height=\"291\" src=\"https:\/\/www.sassi-llc.eu\/wp-content\/uploads\/2022\/11\/BUPNET-1024x291.webp\" alt=\"BUPNET\" class=\"wp-image-769\" srcset=\"https:\/\/www.sassi-llc.eu\/wp-content\/uploads\/2022\/11\/BUPNET-1024x291.webp 1024w, https:\/\/www.sassi-llc.eu\/wp-content\/uploads\/2022\/11\/BUPNET-300x85.webp 300w, https:\/\/www.sassi-llc.eu\/wp-content\/uploads\/2022\/11\/BUPNET-768x218.webp 768w, https:\/\/www.sassi-llc.eu\/wp-content\/uploads\/2022\/11\/BUPNET.webp 1055w\" sizes=\"auto, (max-width: 1024px) 100vw, 1024px\" \/><\/figure>\n<\/div>\n\n\n\n<div class=\"wp-block-column is-layout-flow wp-block-column-is-layout-flow\" style=\"flex-basis:70%\">\n<div class=\"wp-block-group is-layout-constrained wp-block-group-is-layout-constrained\">\n<p>Bildung und Project Netzwerk (BUPNET) je poskytovate\u013eom vzdel\u00e1vania dospel\u00fdch s rozsiahlymi sk\u00fasenos\u0165ami s podporou dospel\u00fdch \u0161tudentov zo v\u0161etk\u00fdch sektorov v Nemecku. Spolo\u010dnos\u0165 BUPNET, ktor\u00e1 bola zalo\u017een\u00e1 v roku 1985 ako poskytovate\u013e vzdel\u00e1vania dospel\u00fdch v oblasti projektov\u00e9ho mana\u017ementu, odborn\u00e9ho vzdel\u00e1vania a poradenstva, m\u00e1 siln\u00fd multidisciplin\u00e1rny t\u00edm, ktor\u00fd vyv\u00edja a realizuje inovat\u00edvne vzdel\u00e1vacie a poradensk\u00e9 projekty na miestnej, n\u00e1rodnej a celoeur\u00f3pskej \u00farovni. Tieto projekty sa zameriavaj\u00fa najm\u00e4 na:<\/p>\n\n\n\n<ul class=\"wp-block-list\">\n<li>istotu zamestnania a kari\u00e9rny rast zamestnancov najm\u00e4 mal\u00fdch a stredn\u00fdch podnikov a n\u00e1sledn\u00fa podporu podnikov<\/li>\n\n\n\n<li>op\u00e4tovn\u00e9 profesijn\u00e9 za\u010dlenenie uch\u00e1dza\u010dov o zamestnanie<\/li>\n\n\n\n<li>v\u00fdvoj a testovanie inovat\u00edvnych vzdel\u00e1vac\u00edch pr\u00edstupov a met\u00f3d<\/li>\n<\/ul>\n\n\n\n<p>V\u010faka siln\u00e9mu z\u00e1v\u00e4zku podporova\u0165 \u010fal\u0161ie odborn\u00e9 vzdel\u00e1vanie pomohli tis\u00edcom \u013eud\u00ed \u00faspe\u0161ne splni\u0165 po\u017eiadavky neust\u00e1le sa meniaceho sveta pr\u00e1ce. BUPNET m\u00e1 rozsiahlu sie\u0165 spolupracuj\u00facich partnerov, napr. kom\u00f4r a zdru\u017een\u00ed, univerz\u00edt, obc\u00ed a odborn\u00fdch in\u0161tit\u00faci\u00ed v Nemecku aj v celej Eur\u00f3pe.<\/p>\n<\/div>\n<\/div>\n<\/div>\n\n\n\n<div style=\"height:100px\" aria-hidden=\"true\" class=\"wp-block-spacer\"><\/div>\n\n\n\n<div class=\"wp-block-stackable-divider stk-block-divider stk-block stk-da8f5ca\" data-block-id=\"da8f5ca\"><hr class=\"stk-block-divider__hr\"\/><\/div>\n\n\n\n<div style=\"height:100px\" aria-hidden=\"true\" class=\"wp-block-spacer\"><\/div>\n<\/div>\n\n\n\n<div id=\"catro\" class=\"wp-block-group is-layout-constrained wp-block-group-is-layout-constrained\">\n<h2 class=\"wp-block-heading\"><strong><strong><strong>CATRO Bulgaria<\/strong><\/strong><\/strong><\/h2>\n\n\n\n<p>Website: <a href=\"https:\/\/www.catrobg.com\" target=\"_blank\" rel=\"noreferrer noopener\">https:\/\/www.catrobg.com<\/a><\/p>\n\n\n\n<div class=\"wp-block-columns is-layout-flex wp-container-core-columns-is-layout-28f84493 wp-block-columns-is-layout-flex\">\n<div class=\"wp-block-column is-layout-flow wp-block-column-is-layout-flow\" style=\"flex-basis:30%\">\n<figure class=\"wp-block-image size-full\"><img loading=\"lazy\" decoding=\"async\" width=\"527\" height=\"300\" src=\"https:\/\/www.sassi-llc.eu\/wp-content\/uploads\/2022\/11\/CATRO.webp\" alt=\"CATRO BG\" class=\"wp-image-768\" srcset=\"https:\/\/www.sassi-llc.eu\/wp-content\/uploads\/2022\/11\/CATRO.webp 527w, https:\/\/www.sassi-llc.eu\/wp-content\/uploads\/2022\/11\/CATRO-300x171.webp 300w\" sizes=\"auto, (max-width: 527px) 100vw, 527px\" \/><\/figure>\n<\/div>\n\n\n\n<div class=\"wp-block-column is-layout-flow wp-block-column-is-layout-flow\" style=\"flex-basis:70%\">\n<div class=\"wp-block-group is-layout-constrained wp-block-group-is-layout-constrained\">\n<p>CATRO Bulharsko je s\u00fa\u010das\u0165ou poprednej rak\u00faskej poradenskej spolo\u010dnosti v oblasti vzdel\u00e1vania a odbornej pr\u00edpravy &#8211; dieBerater\u00ae, ktor\u00e1 poskytuje r\u00f4zne \u0161kolenia pre jednotlivcov a organiz\u00e1cie. CATRO poskytuje \u0161pi\u010dkov\u00e9 know-how vo v\u0161etk\u00fdch oblastiach t\u00fdkaj\u00facich sa riadenia a rozvoja \u013eudsk\u00fdch zdrojov.<\/p>\n\n\n\n<p>Ich t\u00edm tvoria odborn\u00edci s medzin\u00e1rodn\u00fdmi sk\u00fasenos\u0165ami a odborn\u00fdmi znalos\u0165ami v oblasti n\u00e1boru nov\u00fdch talentov, rozvoja potenci\u00e1lu zamestnancov, poskytovania person\u00e1lneho poradenstva a podpory soci\u00e1lnych cie\u013eov prostredn\u00edctvom aktiv\u00edt v oblasti soci\u00e1lnej zodpovednosti podnikov. Zoh\u013ead\u0148uj\u00fa \u0161pecifik\u00e1 miestneho trhu a kult\u00fary a s\u00fa presved\u010den\u00ed, \u017ee svojim klientom najviac pom\u00f4\u017eu, ak skombinuj\u00fa v\u00fdhody glob\u00e1lnych aj lok\u00e1lnych sk\u00fasenost\u00ed a know-how. ich hlavn\u00fdm cie\u013eom je motivova\u0165 a kvalifikova\u0165 \u013eud\u00ed, aby naplno vyu\u017eili svoj potenci\u00e1l v ekonomike, na trhu pr\u00e1ce a v osobnom \u017eivote.<\/p>\n<\/div>\n<\/div>\n<\/div>\n\n\n\n<div style=\"height:100px\" aria-hidden=\"true\" class=\"wp-block-spacer\"><\/div>\n\n\n\n<div class=\"wp-block-stackable-divider stk-block-divider stk-block stk-7f3eec2\" data-block-id=\"7f3eec2\"><hr class=\"stk-block-divider__hr\"\/><\/div>\n\n\n\n<div style=\"height:100px\" aria-hidden=\"true\" class=\"wp-block-spacer\"><\/div>\n<\/div>\n\n\n\n<div id=\"cvno\" class=\"wp-block-group is-layout-constrained wp-block-group-is-layout-constrained\">\n<h2 class=\"wp-block-heading\"><strong><strong><strong>CVNO<\/strong><\/strong><\/strong><\/h2>\n\n\n\n<p>Website: <\/p>\n\n\n\n<div class=\"wp-block-columns is-layout-flex wp-container-core-columns-is-layout-28f84493 wp-block-columns-is-layout-flex\">\n<div class=\"wp-block-column is-layout-flow wp-block-column-is-layout-flow\" style=\"flex-basis:30%\">\n<figure class=\"wp-block-image size-full\"><img loading=\"lazy\" decoding=\"async\" width=\"533\" height=\"300\" src=\"https:\/\/www.sassi-llc.eu\/wp-content\/uploads\/2022\/11\/CVNO.webp\" alt=\"CVNO\" class=\"wp-image-767\" srcset=\"https:\/\/www.sassi-llc.eu\/wp-content\/uploads\/2022\/11\/CVNO.webp 533w, https:\/\/www.sassi-llc.eu\/wp-content\/uploads\/2022\/11\/CVNO-300x169.webp 300w\" sizes=\"auto, (max-width: 533px) 100vw, 533px\" \/><\/figure>\n<\/div>\n\n\n\n<div class=\"wp-block-column is-layout-flow wp-block-column-is-layout-flow\" style=\"flex-basis:70%\">\n<p>CVNO je vzdel\u00e1vacia a poradensk\u00e1 organiz\u00e1cia s 18-ro\u010dn\u00fdmi sk\u00fasenos\u0165ami v oblasti projektov\u00e9ho riadenia pre rozvoj \u013eudsk\u00fdch zdrojov. Organiz\u00e1cia m\u00e1 osobitn\u00e9 odborn\u00e9 znalosti v oblasti anal\u00fdzy vzdel\u00e1vac\u00edch a \u0161koliacich potrieb, tvorby politiky rozvoja \u013eudsk\u00fdch zdrojov a mentoringu a kou\u010dingu mana\u017e\u00e9rov. Slu\u017eby CNVO vyu\u017e\u00edvaj\u00fa dom\u00e1ce a zahrani\u010dn\u00e9 mimovl\u00e1dne organiz\u00e1cie, podnikatelia, firmy a cel\u00fd rad organiz\u00e1ci\u00ed verejn\u00e9ho sektora vr\u00e1tane ministerstiev, \u00faradov pr\u00e1ce, \u0161k\u00f4l, vysok\u00fdch \u0161k\u00f4l a univerz\u00edt.<\/p>\n<\/div>\n<\/div>\n\n\n\n<div style=\"height:100px\" aria-hidden=\"true\" class=\"wp-block-spacer\"><\/div>\n\n\n\n<div class=\"wp-block-stackable-divider stk-block-divider stk-block stk-b9febdc\" data-block-id=\"b9febdc\"><hr class=\"stk-block-divider__hr\"\/><\/div>\n\n\n\n<div style=\"height:100px\" aria-hidden=\"true\" class=\"wp-block-spacer\"><\/div>\n<\/div>\n\n\n\n<div id=\"die_berater\" class=\"wp-block-group is-layout-constrained wp-block-group-is-layout-constrained\">\n<h2 class=\"wp-block-heading\"><strong><strong><strong>die Berater<\/strong><\/strong><\/strong><\/h2>\n\n\n\n<p>Website: <a href=\"https:\/\/dieberater.com\/\" target=\"_blank\" rel=\"noreferrer noopener\">https:\/\/dieberater.com\/<\/a><\/p>\n\n\n\n<div class=\"wp-block-columns is-layout-flex wp-container-core-columns-is-layout-28f84493 wp-block-columns-is-layout-flex\">\n<div class=\"wp-block-column is-layout-flow wp-block-column-is-layout-flow\" style=\"flex-basis:30%\">\n<figure class=\"wp-block-image size-large\"><img loading=\"lazy\" decoding=\"async\" width=\"1024\" height=\"272\" src=\"https:\/\/www.sassi-llc.eu\/wp-content\/uploads\/2022\/11\/die_Berater-1024x272.webp\" alt=\"die Berater\" class=\"wp-image-766\" srcset=\"https:\/\/www.sassi-llc.eu\/wp-content\/uploads\/2022\/11\/die_Berater-1024x272.webp 1024w, https:\/\/www.sassi-llc.eu\/wp-content\/uploads\/2022\/11\/die_Berater-300x80.webp 300w, https:\/\/www.sassi-llc.eu\/wp-content\/uploads\/2022\/11\/die_Berater-768x204.webp 768w, https:\/\/www.sassi-llc.eu\/wp-content\/uploads\/2022\/11\/die_Berater.webp 1130w\" sizes=\"auto, (max-width: 1024px) 100vw, 1024px\" \/><\/figure>\n<\/div>\n\n\n\n<div class=\"wp-block-column is-layout-flow wp-block-column-is-layout-flow\" style=\"flex-basis:70%\">\n<p>die Berater je poskytovate\u013eom vzdel\u00e1vania dospel\u00fdch, ktor\u00fd sa zameriava na odborn\u00e9 vzdel\u00e1vanie a rozvoj \u013eudsk\u00fdch zdrojov. M\u00e1 viac ako 50 stred\u00edsk v Rak\u00fasku a tie\u017e stredisk\u00e1 na Slovensku, v Slovinsku a Bulharsku. So \u0161irok\u00fdm portf\u00f3liom v oblasti \u010fal\u0161ieho vzdel\u00e1vania a odbornej pr\u00edpravy patr\u00ed die Berater medzi najv\u00e4\u010d\u0161ie s\u00fakromn\u00e9 vzdel\u00e1vacie in\u0161tit\u00facie v Rak\u00fasku. die Berater podporuje viac ako 20 000 \u0161tudentov ro\u010dne, z ktor\u00fdch mnoh\u00ed absolvuj\u00fa programy orient\u00e1cie na pr\u00e1cu a odbornej kvalifik\u00e1cie poskytovan\u00e9 v mene rak\u00faskeho \u00faradu pr\u00e1ce.<\/p>\n<\/div>\n<\/div>\n\n\n\n<p><\/p>\n\n\n\n<div style=\"height:100px\" aria-hidden=\"true\" class=\"wp-block-spacer\"><\/div>\n\n\n\n<div class=\"wp-block-stackable-divider stk-block-divider stk-block stk-c92fffc\" data-block-id=\"c92fffc\"><hr class=\"stk-block-divider__hr\"\/><\/div>\n\n\n\n<div style=\"height:100px\" aria-hidden=\"true\" class=\"wp-block-spacer\"><\/div>\n<\/div>\n\n\n\n<div id=\"inova\" class=\"wp-block-group is-layout-constrained wp-block-group-is-layout-constrained\">\n<h2 class=\"wp-block-heading\"><strong><strong><strong><strong>Inova+<\/strong><\/strong><\/strong><\/strong><\/h2>\n\n\n\n<p>Website: <a href=\"https:\/\/inova.business\/\" target=\"_blank\" rel=\"noreferrer noopener\">https:\/\/inova.business\/<\/a><\/p>\n\n\n\n<div class=\"wp-block-columns is-layout-flex wp-container-core-columns-is-layout-28f84493 wp-block-columns-is-layout-flex\">\n<div class=\"wp-block-column is-layout-flow wp-block-column-is-layout-flow\" style=\"flex-basis:30%\">\n<figure class=\"wp-block-image size-full\"><img loading=\"lazy\" decoding=\"async\" width=\"743\" height=\"300\" src=\"https:\/\/www.sassi-llc.eu\/wp-content\/uploads\/2022\/11\/INOVA_purple.webp\" alt=\"INOVA+\" class=\"wp-image-765\" srcset=\"https:\/\/www.sassi-llc.eu\/wp-content\/uploads\/2022\/11\/INOVA_purple.webp 743w, https:\/\/www.sassi-llc.eu\/wp-content\/uploads\/2022\/11\/INOVA_purple-300x121.webp 300w\" sizes=\"auto, (max-width: 743px) 100vw, 743px\" \/><\/figure>\n<\/div>\n\n\n\n<div class=\"wp-block-column is-layout-flow wp-block-column-is-layout-flow\" style=\"flex-basis:70%\">\n<div class=\"wp-block-group is-layout-constrained wp-block-group-is-layout-constrained\">\n<p>Inova+ je popredn\u00e1 portugalsk\u00e1 spolo\u010dnos\u0165 v oblasti podpory a riadenia medzin\u00e1rodn\u00fdch projektov v oblasti inov\u00e1ci\u00ed, vzdel\u00e1vania a odbornej pr\u00edpravy, v\u00fdskumu a technologick\u00e9ho rozvoja. Spolo\u010dnos\u0165 sa sna\u017e\u00ed transformova\u0165 my\u0161lienky na inov\u00e1cie a v spolupr\u00e1ci so svojimi partnermi prin\u00e1\u0161a efekt\u00edvne a udr\u017eate\u013en\u00e9 rie\u0161enia. Na\u0161\u00edm poslan\u00edm je podporova\u0165 a riadi\u0165 projekty medzin\u00e1rodnej spolupr\u00e1ce a poskytova\u0165 znalosti, riadiace kapacity, technick\u00fa a finan\u010dn\u00fa podporu potrebn\u00fa na zabezpe\u010denie \u00faspe\u0161n\u00fdch v\u00fdsledkov vo viacer\u00fdch oblastiach, konkr\u00e9tne v oblasti vzdel\u00e1vania a odbornej pr\u00edpravy.<\/p>\n\n\n\n<p>S t\u00edmom viac ako 40 konzultantov, ktor\u00ed p\u00f4sobia v kancel\u00e1ri\u00e1ch po celej Eur\u00f3pe, m\u00e1 spolo\u010dnos\u0165 Inova+ rozsiahle sk\u00fasenosti s navrhovan\u00edm a v\u00fdvojom procesov hodnotenia \u0161koliacich materi\u00e1lov, riaden\u00edm \u013eudsk\u00fdch zdrojov, informa\u010dn\u00fdm a komunika\u010dn\u00fdm mana\u017ementom a podnikan\u00edm.<\/p>\n<\/div>\n<\/div>\n<\/div>\n\n\n\n<div style=\"height:100px\" aria-hidden=\"true\" class=\"wp-block-spacer\"><\/div>\n\n\n\n<div class=\"wp-block-stackable-divider stk-block-divider stk-block stk-08dd6a6\" data-block-id=\"08dd6a6\"><hr class=\"stk-block-divider__hr\"\/><\/div>\n\n\n\n<div style=\"height:100px\" aria-hidden=\"true\" class=\"wp-block-spacer\"><\/div>\n<\/div>\n","protected":false},"excerpt":{"rendered":"<p>Blinc Website: https:\/\/blinc-eu.org\/ Kooperat\u00edva in\u0161tit\u00faci\u00ed zmie\u0161an\u00e9ho vzdel\u00e1vania, ktor\u00e1 bola zalo\u017een\u00e1 v roku 2005, je sie\u0165ou organiz\u00e1ci\u00ed, ktor\u00e9 sa v minulosti zapojili do projektov LIFE a elektronick\u00e9ho vzdel\u00e1vania financovan\u00fdch E\u00da v oblasti zdravotn\u00edctva, soci\u00e1lnej oblasti a \u017eivotn\u00e9ho prostredia. Do roku 2015 tvorilo blinc viac ako 30 organiz\u00e1ci\u00ed a jednotlivcov z 22 eur\u00f3pskych kraj\u00edn. blinc sa venuje [&hellip;]<\/p>\n","protected":false},"author":4,"featured_media":860,"parent":2016,"menu_order":6,"comment_status":"closed","ping_status":"closed","template":"","meta":{"inline_featured_image":false,"_locale":"sk_SK","_original_post":"https:\/\/www.sassi-llc.eu\/about-2\/partners\/","footnotes":""},"class_list":["post-2022","page","type-page","status-publish","has-post-thumbnail","hentry","sk-SK"],"blocksy_meta":{"styles_descriptor":{"styles":{"desktop":"","tablet":"","mobile":""},"google_fonts":[],"version":6}},"_links":{"self":[{"href":"https:\/\/www.sassi-llc.eu\/wp-json\/wp\/v2\/pages\/2022","targetHints":{"allow":["GET"]}}],"collection":[{"href":"https:\/\/www.sassi-llc.eu\/wp-json\/wp\/v2\/pages"}],"about":[{"href":"https:\/\/www.sassi-llc.eu\/wp-json\/wp\/v2\/types\/page"}],"author":[{"embeddable":true,"href":"https:\/\/www.sassi-llc.eu\/wp-json\/wp\/v2\/users\/4"}],"replies":[{"embeddable":true,"href":"https:\/\/www.sassi-llc.eu\/wp-json\/wp\/v2\/comments?post=2022"}],"version-history":[{"count":2,"href":"https:\/\/www.sassi-llc.eu\/wp-json\/wp\/v2\/pages\/2022\/revisions"}],"predecessor-version":[{"id":2035,"href":"https:\/\/www.sassi-llc.eu\/wp-json\/wp\/v2\/pages\/2022\/revisions\/2035"}],"up":[{"embeddable":true,"href":"https:\/\/www.sassi-llc.eu\/wp-json\/wp\/v2\/pages\/2016"}],"wp:featuredmedia":[{"embeddable":true,"href":"https:\/\/www.sassi-llc.eu\/wp-json\/wp\/v2\/media\/860"}],"wp:attachment":[{"href":"https:\/\/www.sassi-llc.eu\/wp-json\/wp\/v2\/media?parent=2022"}],"curies":[{"name":"wp","href":"https:\/\/api.w.org\/{rel}","templated":true}]}}