{"id":2495,"date":"2023-10-17T20:25:22","date_gmt":"2023-10-17T20:25:22","guid":{"rendered":"https:\/\/www.sassi-llc.eu\/?page_id=2495"},"modified":"2024-08-28T08:16:33","modified_gmt":"2024-08-28T08:16:33","slug":"chapter-i-why-olderpreneurship","status":"publish","type":"page","link":"https:\/\/www.sassi-llc.eu\/sk\/courses\/course-olderpreneurship\/chapter-i-why-olderpreneurship\/","title":{"rendered":"Kapitola I \u2013 Pre\u010do uva\u017eova\u0165 o podnikan\u00ed seniorov?"},"content":{"rendered":"\n<div class=\"ct-posts-shortcode\" data-prefix=\"class_archive\">\n        <div class=\"entries\" data-archive=\"default\" data-layout=\"grid\" data-cards=\"simple\">\n            <article id=\"post-1556\"\n                class=\"entry-card post-1556 class type-class status-publish format-standard has-post-thumbnail hentry en-GB\"\n                data-reveal=\"yes:1\"><a class=\"ct-image-container\"\n                    href=\"https:\/\/www.sassi-llc.eu\/class\/i-1-why-olderpreneurship-matters-sk\/\"\n                    aria-label=\"I. 1. Pre\u010do je podnikanie star\u0161\u00edch \u013eud\u00ed d\u00f4le\u017eit\u00e9?\" tabindex=\"-1\"><img loading=\"lazy\" width=\"768\"\n                        height=\"512\"\n                        src=\"https:\/\/www.sassi-llc.eu\/wp-content\/uploads\/2022\/11\/happy-couple-in-their-midfifties-reading-on-one-tablet-business-casual.jpeg\"\n                        class=\"attachment-medium_large size-medium_large wp-post-image\"\n                        alt=\"lonely road in the mountains\" decoding=\"async\"\n                        srcset=\"https:\/\/www.sassi-llc.eu\/wp-content\/uploads\/2022\/11\/happy-couple-in-their-midfifties-reading-on-one-tablet-business-casual.jpeg 768w, https:\/\/www.sassi-llc.eu\/wp-content\/uploads\/2022\/11\/happy-couple-in-their-midfifties-reading-on-one-tablet-business-casual-300x300.jpeg 300w, https:\/\/www.sassi-llc.eu\/wp-content\/uploads\/2022\/11\/happy-couple-in-their-midfifties-reading-on-one-tablet-business-casual-150x150.jpeg 1024w, https:\/\/www.sassi-llc.eu\/wp-content\/uploads\/2022\/11\/happy-couple-in-their-midfifties-reading-on-one-tablet-business-casual.jpeg 1536w, https:\/\/www.sassi-llc.eu\/wp-content\/uploads\/2022\/11\/happy-couple-in-their-midfifties-reading-on-one-tablet-business-casual.jpeg 1920w\"\n                        sizes=\"auto, (max-width: 768px) 100vw, 768px\" itemprop=\"image\" style=\"aspect-ratio: 4\/3;\"><\/a>\n                <h2 class=\"entry-title\">\n                    <a href=\"https:\/\/www.sassi-llc.eu\/class\/i-1-why-olderpreneurship-matters-sk\/\" rel=\"bookmark\">\n                        I. 1. Pre\u010do je podnikanie star\u0161\u00edch \u013eud\u00ed d\u00f4le\u017eit\u00e9? <\/a>\n                <\/h2>\n\n                <div class=\"entry-excerpt\">porozumie\u0165 pojmu olderpreneurship a rozli\u0161ova\u0165 medzi podnikan\u00edm a\n                    olderpreneurship.<\/div><a class=\"entry-button\" data-type=\"simple\"\n                    href=\"https:\/\/www.sassi-llc.eu\/class\/i-1-why-olderpreneurship-matters-sk\/\">Read More<svg\n                        width=\"17px\" height=\"17px\" viewBox=\"0 0 32 32\">\n                        <path\n                            d=\"M 21.1875 9.28125 L 19.78125 10.71875 L 24.0625 15 L 4 15 L 4 17 L 24.0625 17 L 19.78125 21.28125 L 21.1875 22.71875 L 27.90625 16 Z \">\n                        <\/path>\n                    <\/svg><span class=\"screen-reader-text\">I. 1. Pre\u010do je podnikanie star\u0161\u00edch \u013eud\u00ed d\u00f4le\u017eit\u00e9?<\/span><\/a>\n            <\/article>\n            <article id=\"post-1559\"\n                class=\"entry-card post-1559 class type-class status-publish format-standard has-post-thumbnail hentry en-GB\"\n                data-reveal=\"yes:2\"><a class=\"ct-image-container\"\n                    href=\"https:\/\/www.sassi-llc.eu\/class\/i-2-%d0%b5ntrepreneural-mindset-sk\/\"\n                    aria-label=\"I. 2. Podnikate\u013esk\u00e9 myslenie\" tabindex=\"-1\"><img loading=\"lazy\" width=\"768\" height=\"1152\"\n                        src=\"https:\/\/www.sassi-llc.eu\/wp-content\/uploads\/2022\/11\/\u0415ntrepreneural-mindset-768x768.jpeg\"\n                        class=\"attachment-medium_large size-medium_large wp-post-image\" alt=\"\" decoding=\"async\"\n                        srcset=\"https:\/\/www.sassi-llc.eu\/wp-content\/uploads\/2022\/11\/\u0415ntrepreneural-mindset-768x768.jpeg 768w, https:\/\/www.sassi-llc.eu\/wp-content\/uploads\/2022\/11\/\u0415ntrepreneural-mindset-300x300.jpeg 200w, https:\/\/www.sassi-llc.eu\/wp-content\/uploads\/2022\/11\/\u0415ntrepreneural-mindset-150x150.jpeg 683w, https:\/\/www.sassi-llc.eu\/wp-content\/uploads\/2022\/11\/\u0415ntrepreneural-mindset.jpeg 1024w, https:\/\/www.sassi-llc.eu\/wp-content\/uploads\/2022\/11\/\u0415ntrepreneural-mindset.jpeg 1365w, https:\/\/www.sassi-llc.eu\/wp-content\/uploads\/2022\/11\/\u0415ntrepreneural-mindset.jpeg 1707w\"\n                        sizes=\"auto, (max-width: 768px) 100vw, 768px\" itemprop=\"image\" style=\"aspect-ratio: 4\/3;\"><\/a>\n                <h2 class=\"entry-title\">\n                    <a href=\"https:\/\/www.sassi-llc.eu\/class\/i-2-%d0%b5ntrepreneural-mindset-sk\/\" rel=\"bookmark\">\n                        I. 2. Podnikate\u013esk\u00e9 myslenie <\/a>\n                <\/h2>\n\n                <div class=\"entry-excerpt\">Pochopte rozdiel medzi rastov\u00fdm a fixn\u00fdm myslen\u00edm a nau\u010dte sa rozli\u0161ova\u0165\n                    spr\u00e1vanie ved\u00face k jednotliv\u00fdm typom myslenia.<\/div><a class=\"entry-button\" data-type=\"simple\"\n                    href=\"https:\/\/www.sassi-llc.eu\/class\/i-2-%d0%b5ntrepreneural-mindset-sk\/\">Read More<svg width=\"17px\"\n                        height=\"17px\" viewBox=\"0 0 32 32\">\n                        <path\n                            d=\"M 21.1875 9.28125 L 19.78125 10.71875 L 24.0625 15 L 4 15 L 4 17 L 24.0625 17 L 19.78125 21.28125 L 21.1875 22.71875 L 27.90625 16 Z \">\n                        <\/path>\n                    <\/svg><span class=\"screen-reader-text\">I. 2. Podnikate\u013esk\u00e9 myslenie<\/span><\/a>\n            <\/article>\n            <article id=\"post-1564\"\n                class=\"entry-card post-1564 class type-class status-publish format-standard has-post-thumbnail hentry en-GB\"\n                data-reveal=\"yes:3\"><a class=\"ct-image-container\"\n                    href=\"https:\/\/www.sassi-llc.eu\/class\/i-3-better-than-ever-before-sk\/\"\n                    aria-label=\"I. 3. Lep\u0161ie ako kedyko\u013evek predt\u00fdm\" tabindex=\"-1\"><img loading=\"lazy\" width=\"768\" height=\"513\"\n                        src=\"https:\/\/www.sassi-llc.eu\/wp-content\/uploads\/2022\/11\/older-workers-have-many-advantages-and-experiences-casual.jpeg\"\n                        class=\"attachment-medium_large size-medium_large wp-post-image\" alt=\"mountains covered by fog\"\n                        decoding=\"async\"\n                        srcset=\"https:\/\/www.sassi-llc.eu\/wp-content\/uploads\/2022\/11\/older-workers-have-many-advantages-and-experiences-casual.jpeg 768w, https:\/\/www.sassi-llc.eu\/wp-content\/uploads\/2022\/11\/older-workers-have-many-advantages-and-experiences-casual-300x300.jpeg 300w, https:\/\/www.sassi-llc.eu\/wp-content\/uploads\/2022\/11\/older-workers-have-many-advantages-and-experiences-casual-150x150.jpeg 1024w, https:\/\/www.sassi-llc.eu\/wp-content\/uploads\/2022\/11\/older-workers-have-many-advantages-and-experiences-casual.jpeg 1536w, https:\/\/www.sassi-llc.eu\/wp-content\/uploads\/2022\/11\/older-workers-have-many-advantages-and-experiences-casual.jpeg 1920w\"\n                        sizes=\"auto, (max-width: 768px) 100vw, 768px\" itemprop=\"image\" style=\"aspect-ratio: 4\/3;\"><\/a>\n                <h2 class=\"entry-title\">\n                    <a href=\"https:\/\/www.sassi-llc.eu\/class\/i-3-better-than-ever-before-sk\/\" rel=\"bookmark\">\n                        I. 3. Lep\u0161ie ako kedyko\u013evek predt\u00fdm <\/a>\n                <\/h2>\n\n                <div class=\"entry-excerpt\">Pochopte, ak\u00e9 \u0161pecifick\u00e9 v\u00fdhody maj\u00fa star\u0161\u00ed pracovn\u00edci pri iniciovan\u00ed nov\u00fdch\n                    projektov.<\/div><a class=\"entry-button\" data-type=\"simple\"\n                    href=\"https:\/\/www.sassi-llc.eu\/class\/i-3-better-than-ever-before-sk\/\">Read More<svg width=\"17px\"\n                        height=\"17px\" viewBox=\"0 0 32 32\">\n                        <path\n                            d=\"M 21.1875 9.28125 L 19.78125 10.71875 L 24.0625 15 L 4 15 L 4 17 L 24.0625 17 L 19.78125 21.28125 L 21.1875 22.71875 L 27.90625 16 Z \">\n                        <\/path>\n                    <\/svg><span class=\"screen-reader-text\">I. 3. Lep\u0161ie ako kedyko\u013evek predt\u00fdm<\/span><\/a>\n            <\/article>\n            <article id=\"post-1566\"\n                class=\"entry-card post-1566 class type-class status-publish format-standard has-post-thumbnail hentry en-GB\"\n                data-reveal=\"yes:4\"><a class=\"ct-image-container\"\n                    href=\"https:\/\/www.sassi-llc.eu\/class\/i-4-a-legacy-career-sk\/\" aria-label=\"I. 4. Dedi\u010dsk\u00e1 kari\u00e9ra\"\n                    tabindex=\"-1\"><img loading=\"lazy\" width=\"768\" height=\"512\"\n                        src=\"https:\/\/www.sassi-llc.eu\/wp-content\/uploads\/2022\/12\/older-person-barely-visible-behind-a-book-reading-business-casual.jpeg\"\n                        class=\"attachment-medium_large size-medium_large wp-post-image\" alt=\"behind books, studying\"\n                        decoding=\"async\"\n                        srcset=\"https:\/\/www.sassi-llc.eu\/wp-content\/uploads\/2022\/12\/older-person-barely-visible-behind-a-book-reading-business-casual.jpeg 768w, https:\/\/www.sassi-llc.eu\/wp-content\/uploads\/2022\/12\/older-person-barely-visible-behind-a-book-reading-business-casual-300x300.jpeg 300w, https:\/\/www.sassi-llc.eu\/wp-content\/uploads\/2022\/12\/older-person-barely-visible-behind-a-book-reading-business-casual-150x150.jpeg 1024w, https:\/\/www.sassi-llc.eu\/wp-content\/uploads\/2022\/12\/older-person-barely-visible-behind-a-book-reading-business-casual.jpeg 1536w, https:\/\/www.sassi-llc.eu\/wp-content\/uploads\/2022\/12\/older-person-barely-visible-behind-a-book-reading-business-casual.jpeg 1920w\"\n                        sizes=\"auto, (max-width: 768px) 100vw, 768px\" itemprop=\"image\" style=\"aspect-ratio: 4\/3;\"><\/a>\n                <h2 class=\"entry-title\">\n                    <a href=\"https:\/\/www.sassi-llc.eu\/class\/i-4-a-legacy-career-sk\/\" rel=\"bookmark\">\n                        I. 4. Dedi\u010dsk\u00e1 kari\u00e9ra <\/a>\n                <\/h2>\n\n                <div class=\"entry-excerpt\">Pochopi\u0165 koncept kari\u00e9ry, ktor\u00e1 je dedi\u010dstvom, a identifikova\u0165 faktory, ktor\u00e9\n                    pom\u00e1haj\u00fa vytvori\u0165 dedi\u010dstvo.<\/div><a class=\"entry-button\" data-type=\"simple\"\n                    href=\"https:\/\/www.sassi-llc.eu\/class\/i-4-a-legacy-career-sk\/\">Read More<svg width=\"17px\"\n                        height=\"17px\" viewBox=\"0 0 32 32\">\n                        <path\n                            d=\"M 21.1875 9.28125 L 19.78125 10.71875 L 24.0625 15 L 4 15 L 4 17 L 24.0625 17 L 19.78125 21.28125 L 21.1875 22.71875 L 27.90625 16 Z \">\n                        <\/path>\n                    <\/svg><span class=\"screen-reader-text\">I. 4. Dedi\u010dsk\u00e1 kari\u00e9ra<\/span><\/a>\n            <\/article>\n            <article id=\"post-1570\"\n                class=\"entry-card post-1570 class type-class status-publish format-standard has-post-thumbnail hentry en-GB\"\n                data-reveal=\"yes:1\"><a class=\"ct-image-container\"\n                    href=\"https:\/\/www.sassi-llc.eu\/class\/i-5-dream-big-sk\/\" aria-label=\"I. 5. Sn\u00edvajte vo ve\u013ekom!\"\n                    tabindex=\"-1\"><img loading=\"lazy\" width=\"768\" height=\"391\"\n                        src=\"https:\/\/www.sassi-llc.eu\/wp-content\/uploads\/2022\/12\/older-bearded-hipster-man-with-dreamy-gaze-into-the-far.jpeg\"\n                        class=\"attachment-medium_large size-medium_large wp-post-image\"\n                        alt=\"bearded hipster business man\" decoding=\"async\"\n                        srcset=\"https:\/\/www.sassi-llc.eu\/wp-content\/uploads\/2022\/12\/older-bearded-hipster-man-with-dreamy-gaze-into-the-far.jpeg 768w, https:\/\/www.sassi-llc.eu\/wp-content\/uploads\/2022\/12\/older-bearded-hipster-man-with-dreamy-gaze-into-the-far-300x300.jpeg 300w, https:\/\/www.sassi-llc.eu\/wp-content\/uploads\/2022\/12\/older-bearded-hipster-man-with-dreamy-gaze-into-the-far-150x150.jpeg 1024w, https:\/\/www.sassi-llc.eu\/wp-content\/uploads\/2022\/12\/older-bearded-hipster-man-with-dreamy-gaze-into-the-far.jpeg 1536w, https:\/\/www.sassi-llc.eu\/wp-content\/uploads\/2022\/12\/older-bearded-hipster-man-with-dreamy-gaze-into-the-far.jpeg 2048w\"\n                        sizes=\"auto, (max-width: 768px) 100vw, 768px\" itemprop=\"image\" style=\"aspect-ratio: 4\/3;\"><\/a>\n                <h2 class=\"entry-title\">\n                    <a href=\"https:\/\/www.sassi-llc.eu\/class\/i-5-dream-big-sk\/\" rel=\"bookmark\">\n                        I. 5. Sn\u00edvajte vo ve\u013ekom! <\/a>\n                <\/h2>\n\n                <div class=\"entry-excerpt\">Presk\u00famajte pr\u00edklad za\u010diatku iniciat\u00edvy star\u0161\u00edch podnikate\u013eov a predstavte si\n                    potenci\u00e1lnu bud\u00facnos\u0165, v ktorej u\u017e existuje vlastn\u00fd vplyv.<\/div><a class=\"entry-button\"\n                    data-type=\"simple\" href=\"https:\/\/www.sassi-llc.eu\/class\/i-5-dream-big-sk\/\">Read More<svg\n                        width=\"17px\" height=\"17px\" viewBox=\"0 0 32 32\">\n                        <path\n                            d=\"M 21.1875 9.28125 L 19.78125 10.71875 L 24.0625 15 L 4 15 L 4 17 L 24.0625 17 L 19.78125 21.28125 L 21.1875 22.71875 L 27.90625 16 Z \">\n                        <\/path>\n                    <\/svg><span class=\"screen-reader-text\">I. 5. Sn\u00edvajte vo ve\u013ekom!<\/span><\/a>\n            <\/article>\n        <\/div>\n    <\/div>\n","protected":false},"excerpt":{"rendered":"<p>I. 1. Pre\u010do je podnikanie star\u0161\u00edch \u013eud\u00ed d\u00f4le\u017eit\u00e9? porozumie\u0165 pojmu olderpreneurship a rozli\u0161ova\u0165 medzi podnikan\u00edm a olderpreneurship. Read More I. 1. Pre\u010do je podnikanie star\u0161\u00edch \u013eud\u00ed d\u00f4le\u017eit\u00e9? I. 2. Podnikate\u013esk\u00e9 myslenie Pochopte rozdiel medzi rastov\u00fdm a fixn\u00fdm myslen\u00edm a nau\u010dte sa rozli\u0161ova\u0165 spr\u00e1vanie ved\u00face k jednotliv\u00fdm typom myslenia. Read More I. 2. Podnikate\u013esk\u00e9 myslenie I. [&hellip;]<\/p>\n","protected":false},"author":4,"featured_media":4545,"parent":2024,"menu_order":1,"comment_status":"closed","ping_status":"closed","template":"","meta":{"inline_featured_image":false,"_locale":"sk_SK","_original_post":"https:\/\/www.sassi-llc.eu\/?page_id=2427","footnotes":""},"class_list":["post-2495","page","type-page","status-publish","has-post-thumbnail","hentry","sk-SK"],"blocksy_meta":[],"_links":{"self":[{"href":"https:\/\/www.sassi-llc.eu\/wp-json\/wp\/v2\/pages\/2495","targetHints":{"allow":["GET"]}}],"collection":[{"href":"https:\/\/www.sassi-llc.eu\/wp-json\/wp\/v2\/pages"}],"about":[{"href":"https:\/\/www.sassi-llc.eu\/wp-json\/wp\/v2\/types\/page"}],"author":[{"embeddable":true,"href":"https:\/\/www.sassi-llc.eu\/wp-json\/wp\/v2\/users\/4"}],"replies":[{"embeddable":true,"href":"https:\/\/www.sassi-llc.eu\/wp-json\/wp\/v2\/comments?post=2495"}],"version-history":[{"count":2,"href":"https:\/\/www.sassi-llc.eu\/wp-json\/wp\/v2\/pages\/2495\/revisions"}],"predecessor-version":[{"id":4548,"href":"https:\/\/www.sassi-llc.eu\/wp-json\/wp\/v2\/pages\/2495\/revisions\/4548"}],"up":[{"embeddable":true,"href":"https:\/\/www.sassi-llc.eu\/wp-json\/wp\/v2\/pages\/2024"}],"wp:featuredmedia":[{"embeddable":true,"href":"https:\/\/www.sassi-llc.eu\/wp-json\/wp\/v2\/media\/4545"}],"wp:attachment":[{"href":"https:\/\/www.sassi-llc.eu\/wp-json\/wp\/v2\/media?parent=2495"}],"curies":[{"name":"wp","href":"https:\/\/api.w.org\/{rel}","templated":true}]}}