{"id":2497,"date":"2023-10-17T20:27:25","date_gmt":"2023-10-17T20:27:25","guid":{"rendered":"https:\/\/www.sassi-llc.eu\/?page_id=2497"},"modified":"2024-08-28T08:18:18","modified_gmt":"2024-08-28T08:18:18","slug":"chapter-ii-the-various-ways-of-becoming-entrepreneurial","status":"publish","type":"page","link":"https:\/\/www.sassi-llc.eu\/sk\/courses\/course-olderpreneurship\/chapter-ii-the-various-ways-of-becoming-entrepreneurial\/","title":{"rendered":"Kapitola II \u2013 R\u00f4zne cesty ako sa sta\u0165 podnikav\u00fdm"},"content":{"rendered":"\n<div class=\"ct-posts-shortcode\" data-prefix=\"class_archive\">\n        <div class=\"entries\" data-archive=\"default\" data-layout=\"grid\" data-cards=\"simple\">\n            <article id=\"post-1573\"\n                class=\"entry-card post-1573 class type-class status-publish format-standard has-post-thumbnail hentry en-GB\"\n                data-reveal=\"bottom:no\"><a class=\"ct-image-container\"\n                    href=\"https:\/\/www.sassi-llc.eu\/class\/ii-1-the-various-ways-of-becoming-entrepreneurial-sk\/\"\n                    aria-label=\"II. 1. R\u00f4zne sp\u00f4soby podnikania\" tabindex=\"-1\"><img loading=\"lazy\" width=\"768\" height=\"512\"\n                        src=\"https:\/\/www.sassi-llc.eu\/wp-content\/uploads\/2023\/05\/lady-with-very-short-grey-hair-and-bold-glasses-points-in-two-different-directions-business-casual.jpeg\"\n                        class=\"attachment-medium_large size-medium_large wp-post-image\" alt=\"entrepreneur\"\n                        decoding=\"async\"\n                        srcset=\"https:\/\/www.sassi-llc.eu\/wp-content\/uploads\/2023\/05\/lady-with-very-short-grey-hair-and-bold-glasses-points-in-two-different-directions-business-casual.jpeg 768w, https:\/\/www.sassi-llc.eu\/wp-content\/uploads\/2023\/05\/lady-with-very-short-grey-hair-and-bold-glasses-points-in-two-different-directions-business-casual-300x300.jpeg 300w, https:\/\/www.sassi-llc.eu\/wp-content\/uploads\/2023\/05\/lady-with-very-short-grey-hair-and-bold-glasses-points-in-two-different-directions-business-casual-150x150.jpeg 1024w, https:\/\/www.sassi-llc.eu\/wp-content\/uploads\/2023\/05\/lady-with-very-short-grey-hair-and-bold-glasses-points-in-two-different-directions-business-casual.jpeg 1536w, https:\/\/www.sassi-llc.eu\/wp-content\/uploads\/2023\/05\/lady-with-very-short-grey-hair-and-bold-glasses-points-in-two-different-directions-business-casual.jpeg 2048w\"\n                        sizes=\"auto, (max-width: 768px) 100vw, 768px\" itemprop=\"image\" style=\"aspect-ratio: 4\/3;\"><\/a>\n                <h2 class=\"entry-title\">\n                    <a href=\"https:\/\/www.sassi-llc.eu\/class\/ii-1-the-various-ways-of-becoming-entrepreneurial-sk\/\"\n                        rel=\"bookmark\">\n                        II. 1. R\u00f4zne sp\u00f4soby podnikania <\/a>\n                <\/h2>\n\n                <div class=\"entry-excerpt\">Sta\u0165 sa star\u0161\u00edm podnikate\u013eom sa \u010dasto sp\u00e1ja so &#8222;zalo\u017een\u00edm firmy&#8220; a pre\n                    niektor\u00fdch \u013eud\u00ed m\u00f4\u017ee by\u0165 dos\u0165 zdrvuj\u00face. Existuj\u00fa r\u00f4zne mo\u017enosti prechodu na podnikate\u013esk\u00fd sp\u00f4sob\n                    pr\u00e1ce.<\/div><a class=\"entry-button\" data-type=\"simple\"\n                    href=\"https:\/\/www.sassi-llc.eu\/class\/ii-1-the-various-ways-of-becoming-entrepreneurial-sk\/\">Read\n                    More<svg width=\"17px\" height=\"17px\" viewBox=\"0 0 32 32\">\n                        <path\n                            d=\"M 21.1875 9.28125 L 19.78125 10.71875 L 24.0625 15 L 4 15 L 4 17 L 24.0625 17 L 19.78125 21.28125 L 21.1875 22.71875 L 27.90625 16 Z \">\n                        <\/path>\n                    <\/svg><span class=\"screen-reader-text\">II. 1. R\u00f4zne sp\u00f4soby podnikania<\/span><\/a>\n            <\/article>\n            <article id=\"post-1576\"\n                class=\"entry-card post-1576 class type-class status-publish format-standard has-post-thumbnail hentry en-GB\"\n                data-reveal=\"bottom:no\"><a class=\"ct-image-container\"\n                    href=\"https:\/\/www.sassi-llc.eu\/class\/ii-2-turning-your-hobby-into-a-freelance-career-sk\/\"\n                    aria-label=\"II. 2. Premena v\u00e1\u0161ho kon\u00ed\u010dka na kari\u00e9ru na vo\u013enej nohe\" tabindex=\"-1\"><img loading=\"lazy\" width=\"768\"\n                        height=\"1270\"\n                        src=\"https:\/\/www.sassi-llc.eu\/wp-content\/uploads\/2022\/12\/d5f706da-3549-45e5-a813-d8bb21ab4c14-768x768.jpeg\"\n                        class=\"attachment-medium_large size-medium_large wp-post-image\" alt=\"working senior man\"\n                        decoding=\"async\"\n                        srcset=\"https:\/\/www.sassi-llc.eu\/wp-content\/uploads\/2022\/12\/d5f706da-3549-45e5-a813-d8bb21ab4c14-768x768.jpeg 768w, https:\/\/www.sassi-llc.eu\/wp-content\/uploads\/2022\/12\/d5f706da-3549-45e5-a813-d8bb21ab4c14-300x300.jpeg 181w, https:\/\/www.sassi-llc.eu\/wp-content\/uploads\/2022\/12\/d5f706da-3549-45e5-a813-d8bb21ab4c14-150x150.jpeg 619w, https:\/\/www.sassi-llc.eu\/wp-content\/uploads\/2022\/12\/d5f706da-3549-45e5-a813-d8bb21ab4c14.jpeg 929w, https:\/\/www.sassi-llc.eu\/wp-content\/uploads\/2022\/12\/d5f706da-3549-45e5-a813-d8bb21ab4c14.jpeg 1238w, https:\/\/www.sassi-llc.eu\/wp-content\/uploads\/2022\/12\/d5f706da-3549-45e5-a813-d8bb21ab4c14.jpeg 1548w\"\n                        sizes=\"auto, (max-width: 768px) 100vw, 768px\" itemprop=\"image\" style=\"aspect-ratio: 4\/3;\"><\/a>\n                <h2 class=\"entry-title\">\n                    <a href=\"https:\/\/www.sassi-llc.eu\/class\/ii-2-turning-your-hobby-into-a-freelance-career-sk\/\"\n                        rel=\"bookmark\">\n                        II. 2. Premena v\u00e1\u0161ho kon\u00ed\u010dka na kari\u00e9ru na vo\u013enej nohe <\/a>\n                <\/h2>\n\n                <div class=\"entry-excerpt\">Uv\u00e1dzame pr\u00edklady r\u00f4znych projektov na vo\u013enej nohe a sk\u00famame, \u010di je pre v\u00e1s\n                    pr\u00e1ca na vo\u013enej nohe to prav\u00e9.<\/div><a class=\"entry-button\" data-type=\"simple\"\n                    href=\"https:\/\/www.sassi-llc.eu\/class\/ii-2-turning-your-hobby-into-a-freelance-career-sk\/\">Read\n                    More<svg width=\"17px\" height=\"17px\" viewBox=\"0 0 32 32\">\n                        <path\n                            d=\"M 21.1875 9.28125 L 19.78125 10.71875 L 24.0625 15 L 4 15 L 4 17 L 24.0625 17 L 19.78125 21.28125 L 21.1875 22.71875 L 27.90625 16 Z \">\n                        <\/path>\n                    <\/svg><span class=\"screen-reader-text\">II. 2. Premena v\u00e1\u0161ho kon\u00ed\u010dka na kari\u00e9ru na vo\u013enej\n                        nohe<\/span><\/a>\n            <\/article>\n            <article id=\"post-1579\"\n                class=\"entry-card post-1579 class type-class status-publish format-standard has-post-thumbnail hentry en-GB\"\n                data-reveal=\"bottom:no\"><a class=\"ct-image-container\"\n                    href=\"https:\/\/www.sassi-llc.eu\/class\/ii-3-turning-your-knowledge-and-expertise-into-consulting-mentoring-sk\/\"\n                    aria-label=\"II. 3. Premena va\u0161ich vedomost\u00ed a odborn\u00fdch znalost\u00ed na poradenstvo\/mentoring\"\n                    tabindex=\"-1\"><img loading=\"lazy\" width=\"768\" height=\"513\"\n                        src=\"https:\/\/www.sassi-llc.eu\/wp-content\/uploads\/2023\/05\/Turning-your-knowledge-and-expertise-into-consulting-mentoring-gentleman-in-his-sixties-business-casual-768x768.jpeg\"\n                        class=\"attachment-medium_large size-medium_large wp-post-image\" alt=\"mentor\" decoding=\"async\"\n                        srcset=\"https:\/\/www.sassi-llc.eu\/wp-content\/uploads\/2023\/05\/Turning-your-knowledge-and-expertise-into-consulting-mentoring-gentleman-in-his-sixties-business-casual-768x768.jpeg 768w, https:\/\/www.sassi-llc.eu\/wp-content\/uploads\/2023\/05\/Turning-your-knowledge-and-expertise-into-consulting-mentoring-gentleman-in-his-sixties-business-casual-300x300.jpeg 300w, https:\/\/www.sassi-llc.eu\/wp-content\/uploads\/2023\/05\/Turning-your-knowledge-and-expertise-into-consulting-mentoring-gentleman-in-his-sixties-business-casual.jpeg 1017w\"\n                        sizes=\"auto, (max-width: 768px) 100vw, 768px\" itemprop=\"image\" style=\"aspect-ratio: 4\/3;\"><\/a>\n                <h2 class=\"entry-title\">\n                    <a href=\"https:\/\/www.sassi-llc.eu\/class\/ii-3-turning-your-knowledge-and-expertise-into-consulting-mentoring-sk\/\"\n                        rel=\"bookmark\">\n                        II. 3. Premena va\u0161ich vedomost\u00ed a odborn\u00fdch znalost\u00ed na poradenstvo\/mentoring <\/a>\n                <\/h2>\n\n                <div class=\"entry-excerpt\">Pochopte koncepciu poradenstva a mentoringu a nau\u010dte sa rozdiel medzi t\u00fdmito\n                    dvoma pojmami.<\/div><a class=\"entry-button\" data-type=\"simple\"\n                    href=\"https:\/\/www.sassi-llc.eu\/class\/ii-3-turning-your-knowledge-and-expertise-into-consulting-mentoring-sk\/\">Read\n                    More<svg width=\"17px\" height=\"17px\" viewBox=\"0 0 32 32\">\n                        <path\n                            d=\"M 21.1875 9.28125 L 19.78125 10.71875 L 24.0625 15 L 4 15 L 4 17 L 24.0625 17 L 19.78125 21.28125 L 21.1875 22.71875 L 27.90625 16 Z \">\n                        <\/path>\n                    <\/svg><span class=\"screen-reader-text\">II. 3. Premena va\u0161ich vedomost\u00ed a odborn\u00fdch znalost\u00ed na\n                        poradenstvo\/mentoring<\/span><\/a>\n            <\/article>\n            <article id=\"post-1582\"\n                class=\"entry-card post-1582 class type-class status-publish format-standard has-post-thumbnail hentry en-GB\"\n                data-reveal=\"bottom:no\"><a class=\"ct-image-container\"\n                    href=\"https:\/\/www.sassi-llc.eu\/class\/ii-4-turning-your-mission-into-a-social-business-sk\/\"\n                    aria-label=\"II. 4. Premena va\u0161ej misie na soci\u00e1lny podnik\" tabindex=\"-1\"><img loading=\"lazy\" width=\"768\"\n                        height=\"512\" src=\"https:\/\/www.sassi-llc.eu\/wp-content\/uploads\/2023\/05\/Turning-your-mission-into-a-social-business-lady-in-her-sixties-business-casual.jpeg\"\n                        class=\"attachment-medium_large size-medium_large wp-post-image\" alt=\"demonstrate\"\n                        decoding=\"async\"\n                        srcset=\"https:\/\/www.sassi-llc.eu\/wp-content\/uploads\/2023\/05\/Turning-your-mission-into-a-social-business-lady-in-her-sixties-business-casual.jpeg 768w, https:\/\/www.sassi-llc.eu\/wp-content\/uploads\/2023\/05\/Turning-your-mission-into-a-social-business-lady-in-her-sixties-business-casual-300x300.jpeg 300w, https:\/\/www.sassi-llc.eu\/wp-content\/uploads\/2023\/05\/Turning-your-mission-into-a-social-business-lady-in-her-sixties-business-casual-150x150.jpeg 1024w, https:\/\/www.sassi-llc.eu\/wp-content\/uploads\/2023\/05\/Turning-your-mission-into-a-social-business-lady-in-her-sixties-business-casual.jpeg 1536w, https:\/\/www.sassi-llc.eu\/wp-content\/uploads\/2023\/05\/Turning-your-mission-into-a-social-business-lady-in-her-sixties-business-casual.jpeg 2048w\"\n                        sizes=\"auto, (max-width: 768px) 100vw, 768px\" itemprop=\"image\" style=\"aspect-ratio: 4\/3;\"><\/a>\n                <h2 class=\"entry-title\">\n                    <a href=\"https:\/\/www.sassi-llc.eu\/class\/ii-4-turning-your-mission-into-a-social-business-sk\/\"\n                        rel=\"bookmark\">\n                        II. 4. Premena va\u0161ej misie na soci\u00e1lny podnik <\/a>\n                <\/h2>\n\n                <div class=\"entry-excerpt\">Pochopi\u0165 princ\u00edpy soci\u00e1lneho podnikania a nau\u010di\u0165 sa pozna\u0165 podmienky\n                    zalo\u017eenia a udr\u017eania soci\u00e1lneho podniku.<\/div><a class=\"entry-button\" data-type=\"simple\"\n                    href=\"https:\/\/www.sassi-llc.eu\/class\/ii-4-turning-your-mission-into-a-social-business-sk\/\">Read\n                    More<svg width=\"17px\" height=\"17px\" viewBox=\"0 0 32 32\">\n                        <path\n                            d=\"M 21.1875 9.28125 L 19.78125 10.71875 L 24.0625 15 L 4 15 L 4 17 L 24.0625 17 L 19.78125 21.28125 L 21.1875 22.71875 L 27.90625 16 Z \">\n                        <\/path>\n                    <\/svg><span class=\"screen-reader-text\">II. 4. Premena va\u0161ej misie na soci\u00e1lny podnik<\/span><\/a>\n            <\/article>\n        <\/div>\n    <\/div>\n","protected":false},"excerpt":{"rendered":"<p>II. 1. R\u00f4zne sp\u00f4soby podnikania Sta\u0165 sa star\u0161\u00edm podnikate\u013eom sa \u010dasto sp\u00e1ja so &#8222;zalo\u017een\u00edm firmy&#8220; a pre niektor\u00fdch \u013eud\u00ed m\u00f4\u017ee by\u0165 dos\u0165 zdrvuj\u00face. Existuj\u00fa r\u00f4zne mo\u017enosti prechodu na podnikate\u013esk\u00fd sp\u00f4sob pr\u00e1ce. Read More II. 1. R\u00f4zne sp\u00f4soby podnikania II. 2. Premena v\u00e1\u0161ho kon\u00ed\u010dka na kari\u00e9ru na vo\u013enej nohe Uv\u00e1dzame pr\u00edklady r\u00f4znych projektov na vo\u013enej nohe [&hellip;]<\/p>\n","protected":false},"author":4,"featured_media":4543,"parent":2024,"menu_order":2,"comment_status":"closed","ping_status":"closed","template":"","meta":{"inline_featured_image":false,"_locale":"sk_SK","_original_post":"https:\/\/www.sassi-llc.eu\/?page_id=2429","footnotes":""},"class_list":["post-2497","page","type-page","status-publish","has-post-thumbnail","hentry","sk-SK"],"blocksy_meta":[],"_links":{"self":[{"href":"https:\/\/www.sassi-llc.eu\/wp-json\/wp\/v2\/pages\/2497","targetHints":{"allow":["GET"]}}],"collection":[{"href":"https:\/\/www.sassi-llc.eu\/wp-json\/wp\/v2\/pages"}],"about":[{"href":"https:\/\/www.sassi-llc.eu\/wp-json\/wp\/v2\/types\/page"}],"author":[{"embeddable":true,"href":"https:\/\/www.sassi-llc.eu\/wp-json\/wp\/v2\/users\/4"}],"replies":[{"embeddable":true,"href":"https:\/\/www.sassi-llc.eu\/wp-json\/wp\/v2\/comments?post=2497"}],"version-history":[{"count":2,"href":"https:\/\/www.sassi-llc.eu\/wp-json\/wp\/v2\/pages\/2497\/revisions"}],"predecessor-version":[{"id":4551,"href":"https:\/\/www.sassi-llc.eu\/wp-json\/wp\/v2\/pages\/2497\/revisions\/4551"}],"up":[{"embeddable":true,"href":"https:\/\/www.sassi-llc.eu\/wp-json\/wp\/v2\/pages\/2024"}],"wp:featuredmedia":[{"embeddable":true,"href":"https:\/\/www.sassi-llc.eu\/wp-json\/wp\/v2\/media\/4543"}],"wp:attachment":[{"href":"https:\/\/www.sassi-llc.eu\/wp-json\/wp\/v2\/media?parent=2497"}],"curies":[{"name":"wp","href":"https:\/\/api.w.org\/{rel}","templated":true}]}}