{"id":2499,"date":"2023-10-17T20:29:46","date_gmt":"2023-10-17T20:29:46","guid":{"rendered":"https:\/\/www.sassi-llc.eu\/?page_id=2499"},"modified":"2024-08-28T08:20:02","modified_gmt":"2024-08-28T08:20:02","slug":"chapter-iii-the-soft-skills-of-entrepreneurship","status":"publish","type":"page","link":"https:\/\/www.sassi-llc.eu\/sk\/courses\/course-olderpreneurship\/chapter-iii-the-soft-skills-of-entrepreneurship\/","title":{"rendered":"Kapitola III \u2013 &#8222;M\u00e4kk\u00e9 zru\u010dnosti&#8220; podnikania"},"content":{"rendered":"\n<div class=\"ct-posts-shortcode\" data-prefix=\"class_archive\">\n        <div class=\"entries\" data-archive=\"default\" data-layout=\"grid\" data-cards=\"simple\">\n            <article id=\"post-1584\"\n                class=\"entry-card post-1584 class type-class status-publish format-standard has-post-thumbnail hentry en-GB\"\n                data-reveal=\"bottom:no\"><a class=\"ct-image-container\"\n                    href=\"https:\/\/www.sassi-llc.eu\/class\/iii-1-the-soft-skills-of-entrepreneurship-sk\/\"\n                    aria-label=\"III. 1. M\u00e4kk\u00e9 zru\u010dnosti v podnikan\u00ed\" tabindex=\"-1\"><img loading=\"lazy\" width=\"768\" height=\"513\"\n                        src=\"https:\/\/www.sassi-llc.eu\/wp-content\/uploads\/2023\/05\/The-\u2018soft-skills-of-entrepreneurship-person-55-years-business-casual-no-text.jpeg\"\n                        class=\"attachment-medium_large size-medium_large wp-post-image\" alt=\"\" decoding=\"async\"\n                        srcset=\"https:\/\/www.sassi-llc.eu\/wp-content\/uploads\/2023\/05\/The-\u2018soft-skills-of-entrepreneurship-person-55-years-business-casual-no-text.jpeg 768w, https:\/\/www.sassi-llc.eu\/wp-content\/uploads\/2023\/05\/The-\u2018soft-skills-of-entrepreneurship-person-55-years-business-casual-no-text-300x300.jpeg 300w, https:\/\/www.sassi-llc.eu\/wp-content\/uploads\/2023\/05\/The-\u2018soft-skills-of-entrepreneurship-person-55-years-business-casual-no-text-150x150.jpeg 1024w, https:\/\/www.sassi-llc.eu\/wp-content\/uploads\/2023\/05\/The-\u2018soft-skills-of-entrepreneurship-person-55-years-business-casual-no-text.jpeg 1536w, https:\/\/www.sassi-llc.eu\/wp-content\/uploads\/2023\/05\/The-\u2018soft-skills-of-entrepreneurship-person-55-years-business-casual-no-text.jpeg 2048w\"\n                        sizes=\"auto, (max-width: 768px) 100vw, 768px\" itemprop=\"image\" style=\"aspect-ratio: 4\/3;\"><\/a>\n                <h2 class=\"entry-title\">\n                    <a href=\"https:\/\/www.sassi-llc.eu\/class\/iii-1-the-soft-skills-of-entrepreneurship-sk\/\"\n                        rel=\"bookmark\">\n                        III. 1. M\u00e4kk\u00e9 zru\u010dnosti v podnikan\u00ed <\/a>\n                <\/h2>\n\n                <div class=\"entry-excerpt\">\u010co s\u00fa to m\u00e4kk\u00e9 zru\u010dnosti a pre\u010do by sme sa o ne mali stara\u0165? Ak\u00e1 je pridan\u00e1\n                    hodnota sebareflexie a deje sa mimo terapeutick\u00e9ho kabinetu?<\/div><a class=\"entry-button\"\n                    data-type=\"simple\"\n                    href=\"https:\/\/www.sassi-llc.eu\/class\/iii-1-the-soft-skills-of-entrepreneurship-sk\/\">Read More<svg\n                        width=\"17px\" height=\"17px\" viewBox=\"0 0 32 32\">\n                        <path\n                            d=\"M 21.1875 9.28125 L 19.78125 10.71875 L 24.0625 15 L 4 15 L 4 17 L 24.0625 17 L 19.78125 21.28125 L 21.1875 22.71875 L 27.90625 16 Z \">\n                        <\/path>\n                    <\/svg><span class=\"screen-reader-text\">III. 1. M\u00e4kk\u00e9 zru\u010dnosti v podnikan\u00ed<\/span><\/a>\n            <\/article>\n            <article id=\"post-1588\"\n                class=\"entry-card post-1588 class type-class status-publish format-standard has-post-thumbnail hentry en-GB\"\n                data-reveal=\"bottom:no\"><a class=\"ct-image-container\"\n                    href=\"https:\/\/www.sassi-llc.eu\/class\/iii-2-the-rider-and-the-elephant-the-engine-behind-soft-skills-sk\/\"\n                    aria-label=\"III. 2. Jazdec a slon \u2013 motor m\u00e4kk\u00fdch zru\u010dnost\u00ed\" tabindex=\"-1\"><img loading=\"lazy\" width=\"768\"\n                        height=\"512\" src=\"https:\/\/www.sassi-llc.eu\/wp-content\/uploads\/2022\/12\/birds-view-on-a-desk-with-a-computer-and-a-keyboard-hands-of-a-older-persons-typing.jpeg\"\n                        class=\"attachment-medium_large size-medium_large wp-post-image\" alt=\"\" decoding=\"async\"\n                        srcset=\"https:\/\/www.sassi-llc.eu\/wp-content\/uploads\/2022\/12\/birds-view-on-a-desk-with-a-computer-and-a-keyboard-hands-of-a-older-persons-typing.jpeg 768w, https:\/\/www.sassi-llc.eu\/wp-content\/uploads\/2022\/12\/birds-view-on-a-desk-with-a-computer-and-a-keyboard-hands-of-a-older-persons-typing-300x300.jpeg 300w, https:\/\/www.sassi-llc.eu\/wp-content\/uploads\/2022\/12\/birds-view-on-a-desk-with-a-computer-and-a-keyboard-hands-of-a-older-persons-typing-150x150.jpeg 1024w, https:\/\/www.sassi-llc.eu\/wp-content\/uploads\/2022\/12\/birds-view-on-a-desk-with-a-computer-and-a-keyboard-hands-of-a-older-persons-typing.jpeg 1536w, https:\/\/www.sassi-llc.eu\/wp-content\/uploads\/2022\/12\/birds-view-on-a-desk-with-a-computer-and-a-keyboard-hands-of-a-older-persons-typing.jpeg 1920w\"\n                        sizes=\"auto, (max-width: 768px) 100vw, 768px\" itemprop=\"image\" style=\"aspect-ratio: 4\/3;\"><\/a>\n                <h2 class=\"entry-title\">\n                    <a href=\"https:\/\/www.sassi-llc.eu\/class\/iii-2-the-rider-and-the-elephant-the-engine-behind-soft-skills-sk\/\"\n                        rel=\"bookmark\">\n                        III. 2. Jazdec a slon \u2013 motor m\u00e4kk\u00fdch zru\u010dnost\u00ed <\/a>\n                <\/h2>\n\n                <div class=\"entry-excerpt\">Ktor\u00fd org\u00e1n v na\u0161om tele je najlenivej\u0161\u00ed a ako s n\u00edm zaobch\u00e1dza\u0165?<\/div><a\n                    class=\"entry-button\" data-type=\"simple\"\n                    href=\"https:\/\/www.sassi-llc.eu\/class\/iii-2-the-rider-and-the-elephant-the-engine-behind-soft-skills-sk\/\">Read\n                    More<svg width=\"17px\" height=\"17px\" viewBox=\"0 0 32 32\">\n                        <path\n                            d=\"M 21.1875 9.28125 L 19.78125 10.71875 L 24.0625 15 L 4 15 L 4 17 L 24.0625 17 L 19.78125 21.28125 L 21.1875 22.71875 L 27.90625 16 Z \">\n                        <\/path>\n                    <\/svg><span class=\"screen-reader-text\">III. 2. Jazdec a slon \u2013 motor m\u00e4kk\u00fdch zru\u010dnost\u00ed<\/span><\/a>\n            <\/article>\n            <article id=\"post-1591\"\n                class=\"entry-card post-1591 class type-class status-publish format-standard has-post-thumbnail hentry en-GB\"\n                data-reveal=\"bottom:no\"><a class=\"ct-image-container\"\n                    href=\"https:\/\/www.sassi-llc.eu\/class\/iii-3-olderpreneurship-fear-and-resistance-sk\/\"\n                    aria-label=\"III. 3. Star\u0161iePodnikanie, strach a odpor\" tabindex=\"-1\"><img loading=\"lazy\" width=\"768\" height=\"512\"\n                        src=\"https:\/\/www.sassi-llc.eu\/wp-content\/uploads\/2022\/12\/older-person-barely-visible-behind-a-book-reading-business-casual.jpeg\"\n                        class=\"attachment-medium_large size-medium_large wp-post-image\" alt=\"behind books, studying\"\n                        decoding=\"async\"\n                        srcset=\"https:\/\/www.sassi-llc.eu\/wp-content\/uploads\/2022\/12\/older-person-barely-visible-behind-a-book-reading-business-casual.jpeg 768w, https:\/\/www.sassi-llc.eu\/wp-content\/uploads\/2022\/12\/older-person-barely-visible-behind-a-book-reading-business-casual-300x300.jpeg 300w, https:\/\/www.sassi-llc.eu\/wp-content\/uploads\/2022\/12\/older-person-barely-visible-behind-a-book-reading-business-casual-150x150.jpeg 1024w, https:\/\/www.sassi-llc.eu\/wp-content\/uploads\/2022\/12\/older-person-barely-visible-behind-a-book-reading-business-casual.jpeg 1536w, https:\/\/www.sassi-llc.eu\/wp-content\/uploads\/2022\/12\/older-person-barely-visible-behind-a-book-reading-business-casual.jpeg 1920w\"\n                        sizes=\"auto, (max-width: 768px) 100vw, 768px\" itemprop=\"image\" style=\"aspect-ratio: 4\/3;\"><\/a>\n                <h2 class=\"entry-title\">\n                    <a href=\"https:\/\/www.sassi-llc.eu\/class\/iii-3-olderpreneurship-fear-and-resistance-sk\/\"\n                        rel=\"bookmark\">\n                        III. 3. Star\u0161iePodnikanie, strach a odpor <\/a>\n                <\/h2>\n\n                <div class=\"entry-excerpt\">Nau\u010dte sa, ako sa sta\u0165 majstrom zmien t\u00fdm, \u017ee zvl\u00e1dnete \u00fazkos\u0165 a strach z\n                    nov\u00fdch \u010dinnost\u00ed. Vr\u00e1tane praktickej aktivity.<\/div><a class=\"entry-button\" data-type=\"simple\"\n                    href=\"https:\/\/www.sassi-llc.eu\/class\/iii-3-olderpreneurship-fear-and-resistance-sk\/\">Read More<svg\n                        width=\"17px\" height=\"17px\" viewBox=\"0 0 32 32\">\n                        <path\n                            d=\"M 21.1875 9.28125 L 19.78125 10.71875 L 24.0625 15 L 4 15 L 4 17 L 24.0625 17 L 19.78125 21.28125 L 21.1875 22.71875 L 27.90625 16 Z \">\n                        <\/path>\n                    <\/svg><span class=\"screen-reader-text\">III. 3. Star\u0161iePodnikanie, strach a odpor<\/span><\/a>\n            <\/article>\n            <article id=\"post-1594\"\n                class=\"entry-card post-1594 class type-class status-publish format-standard has-post-thumbnail hentry en-GB\"\n                data-reveal=\"bottom:no\"><a class=\"ct-image-container\"\n                    href=\"https:\/\/www.sassi-llc.eu\/class\/iii-4-evaluating-soft-skills-sk\/\"\n                    aria-label=\"III. 4. Hodnotenie m\u00e4kk\u00fdch zru\u010dnost\u00ed\" tabindex=\"-1\"><img loading=\"lazy\" width=\"768\" height=\"512\"\n                        src=\"https:\/\/www.sassi-llc.eu\/wp-content\/uploads\/2022\/12\/evaluationg-soft-skills-old-person-i60-years-business-casual-in-cafe.jpeg\"\n                        class=\"attachment-medium_large size-medium_large wp-post-image\" alt=\"Cappuccino and Smartphone\"\n                        decoding=\"async\"\n                        srcset=\"https:\/\/www.sassi-llc.eu\/wp-content\/uploads\/2022\/12\/evaluationg-soft-skills-old-person-i60-years-business-casual-in-cafe.jpeg 768w, https:\/\/www.sassi-llc.eu\/wp-content\/uploads\/2022\/12\/evaluationg-soft-skills-old-person-i60-years-business-casual-in-cafe-300x300.jpeg 300w, https:\/\/www.sassi-llc.eu\/wp-content\/uploads\/2022\/12\/evaluationg-soft-skills-old-person-i60-years-business-casual-in-cafe-150x150.jpeg 1024w, https:\/\/www.sassi-llc.eu\/wp-content\/uploads\/2022\/12\/evaluationg-soft-skills-old-person-i60-years-business-casual-in-cafe.jpeg 1536w, https:\/\/www.sassi-llc.eu\/wp-content\/uploads\/2022\/12\/evaluationg-soft-skills-old-person-i60-years-business-casual-in-cafe.jpeg 1920w\"\n                        sizes=\"auto, (max-width: 768px) 100vw, 768px\" itemprop=\"image\" style=\"aspect-ratio: 4\/3;\"><\/a>\n                <h2 class=\"entry-title\">\n                    <a href=\"https:\/\/www.sassi-llc.eu\/class\/iii-4-evaluating-soft-skills-sk\/\" rel=\"bookmark\">\n                        III. 4. Hodnotenie m\u00e4kk\u00fdch zru\u010dnost\u00ed <\/a>\n                <\/h2>\n\n                <div class=\"entry-excerpt\">Pozn\u00e1m v\u0161etky strany diamantu? Prem\u00fd\u0161\u013eanie o minul\u00fdch sk\u00fasenostiach.<\/div><a\n                    class=\"entry-button\" data-type=\"simple\"\n                    href=\"https:\/\/www.sassi-llc.eu\/class\/iii-4-evaluating-soft-skills-sk\/\">Read More<svg width=\"17px\"\n                        height=\"17px\" viewBox=\"0 0 32 32\">\n                        <path\n                            d=\"M 21.1875 9.28125 L 19.78125 10.71875 L 24.0625 15 L 4 15 L 4 17 L 24.0625 17 L 19.78125 21.28125 L 21.1875 22.71875 L 27.90625 16 Z \">\n                        <\/path>\n                    <\/svg><span class=\"screen-reader-text\">III. 4. Hodnotenie m\u00e4kk\u00fdch zru\u010dnost\u00ed<\/span><\/a>\n            <\/article>\n        <\/div>\n    <\/div>\n","protected":false},"excerpt":{"rendered":"<p>III. 1. M\u00e4kk\u00e9 zru\u010dnosti v podnikan\u00ed \u010co s\u00fa to m\u00e4kk\u00e9 zru\u010dnosti a pre\u010do by sme sa o ne mali stara\u0165? Ak\u00e1 je pridan\u00e1 hodnota sebareflexie a deje sa mimo terapeutick\u00e9ho kabinetu? Read More III. 1. M\u00e4kk\u00e9 zru\u010dnosti v podnikan\u00ed III. 2. Jazdec a slon \u2013 motor m\u00e4kk\u00fdch zru\u010dnost\u00ed Ktor\u00fd org\u00e1n v na\u0161om tele je najlenivej\u0161\u00ed [&hellip;]<\/p>\n","protected":false},"author":4,"featured_media":4541,"parent":2024,"menu_order":3,"comment_status":"closed","ping_status":"closed","template":"","meta":{"inline_featured_image":false,"_locale":"sk_SK","_original_post":"https:\/\/www.sassi-llc.eu\/?page_id=2431","footnotes":""},"class_list":["post-2499","page","type-page","status-publish","has-post-thumbnail","hentry","sk-SK"],"blocksy_meta":[],"_links":{"self":[{"href":"https:\/\/www.sassi-llc.eu\/wp-json\/wp\/v2\/pages\/2499","targetHints":{"allow":["GET"]}}],"collection":[{"href":"https:\/\/www.sassi-llc.eu\/wp-json\/wp\/v2\/pages"}],"about":[{"href":"https:\/\/www.sassi-llc.eu\/wp-json\/wp\/v2\/types\/page"}],"author":[{"embeddable":true,"href":"https:\/\/www.sassi-llc.eu\/wp-json\/wp\/v2\/users\/4"}],"replies":[{"embeddable":true,"href":"https:\/\/www.sassi-llc.eu\/wp-json\/wp\/v2\/comments?post=2499"}],"version-history":[{"count":2,"href":"https:\/\/www.sassi-llc.eu\/wp-json\/wp\/v2\/pages\/2499\/revisions"}],"predecessor-version":[{"id":4555,"href":"https:\/\/www.sassi-llc.eu\/wp-json\/wp\/v2\/pages\/2499\/revisions\/4555"}],"up":[{"embeddable":true,"href":"https:\/\/www.sassi-llc.eu\/wp-json\/wp\/v2\/pages\/2024"}],"wp:featuredmedia":[{"embeddable":true,"href":"https:\/\/www.sassi-llc.eu\/wp-json\/wp\/v2\/media\/4541"}],"wp:attachment":[{"href":"https:\/\/www.sassi-llc.eu\/wp-json\/wp\/v2\/media?parent=2499"}],"curies":[{"name":"wp","href":"https:\/\/api.w.org\/{rel}","templated":true}]}}