{"id":2501,"date":"2023-10-17T20:32:00","date_gmt":"2023-10-17T20:32:00","guid":{"rendered":"https:\/\/www.sassi-llc.eu\/?page_id=2501"},"modified":"2024-08-28T08:26:15","modified_gmt":"2024-08-28T08:26:15","slug":"chapter-iv-from-ideas-to-practice-hard-business-skills","status":"publish","type":"page","link":"https:\/\/www.sassi-llc.eu\/sk\/courses\/course-olderpreneurship\/chapter-iv-from-ideas-to-practice-hard-business-skills\/","title":{"rendered":"Kapitola IV \u2013 Od my\u0161lienok k praxi: tvrd\u00e9 obchodn\u00e9 zru\u010dnosti"},"content":{"rendered":"\n<div class=\"ct-posts-shortcode\" data-prefix=\"class_archive\">\n        <div class=\"entries\" data-archive=\"default\" data-layout=\"grid\" data-cards=\"simple\">\n            <article id=\"post-1596\"\n                class=\"entry-card post-1596 class type-class status-publish format-standard has-post-thumbnail hentry en-GB\"\n                data-reveal=\"bottom:no\"><a class=\"ct-image-container\"\n                    href=\"https:\/\/www.sassi-llc.eu\/class\/iv-1-from-ideas-to-practice-hard-business-skills-sk\/\"\n                    aria-label=\"IV. 1. Od my\u0161lienok k praxi: tvrd\u00e9 obchodn\u00e9 zru\u010dnosti\" tabindex=\"-1\"><img loading=\"lazy\" width=\"768\"\n                        height=\"513\"\n                        src=\"https:\/\/www.sassi-llc.eu\/wp-content\/uploads\/2023\/08\/open-suitcase-with-stationary-paper-pens-no-text.jpeg\"\n                        class=\"attachment-medium_large size-medium_large wp-post-image\"\n                        alt=\"suitcase with moderation and planning tools\" decoding=\"async\"\n                        srcset=\"https:\/\/www.sassi-llc.eu\/wp-content\/uploads\/2023\/08\/open-suitcase-with-stationary-paper-pens-no-text.jpeg 768w, https:\/\/www.sassi-llc.eu\/wp-content\/uploads\/2023\/08\/open-suitcase-with-stationary-paper-pens-no-text-300x300.jpeg 300w, https:\/\/www.sassi-llc.eu\/wp-content\/uploads\/2023\/08\/open-suitcase-with-stationary-paper-pens-no-text-150x150.jpeg 1024w, https:\/\/www.sassi-llc.eu\/wp-content\/uploads\/2023\/08\/open-suitcase-with-stationary-paper-pens-no-text.jpeg 1536w, https:\/\/www.sassi-llc.eu\/wp-content\/uploads\/2023\/08\/open-suitcase-with-stationary-paper-pens-no-text.jpeg 1920w\"\n                        sizes=\"auto, (max-width: 768px) 100vw, 768px\" itemprop=\"image\" style=\"aspect-ratio: 4\/3;\"><\/a>\n                <h2 class=\"entry-title\">\n                    <a href=\"https:\/\/www.sassi-llc.eu\/class\/iv-1-from-ideas-to-practice-hard-business-skills-sk\/\"\n                        rel=\"bookmark\">\n                        IV. 1. Od my\u0161lienok k praxi: tvrd\u00e9 obchodn\u00e9 zru\u010dnosti <\/a>\n                <\/h2>\n\n                <div class=\"entry-excerpt\">Zrod podnikate\u013esk\u00e9ho n\u00e1padu: design thinking &#8211; V tejto t\u00e9me sa zozn\u00e1mite s\n                    konceptom design thinking a s t\u00fdm, pre\u010do je tak\u00fd \u00faspe\u0161n\u00fd.<\/div><a class=\"entry-button\"\n                    data-type=\"simple\"\n                    href=\"https:\/\/www.sassi-llc.eu\/class\/iv-1-from-ideas-to-practice-hard-business-skills-sk\/\">Read\n                    More<svg width=\"17px\" height=\"17px\" viewBox=\"0 0 32 32\">\n                        <path\n                            d=\"M 21.1875 9.28125 L 19.78125 10.71875 L 24.0625 15 L 4 15 L 4 17 L 24.0625 17 L 19.78125 21.28125 L 21.1875 22.71875 L 27.90625 16 Z \">\n                        <\/path>\n                    <\/svg><span class=\"screen-reader-text\">IV. 1. Od my\u0161lienok k praxi: tvrd\u00e9 obchodn\u00e9\n                        zru\u010dnosti<\/span><\/a>\n            <\/article>\n            <article id=\"post-1601\"\n                class=\"entry-card post-1601 class type-class status-publish format-standard has-post-thumbnail hentry en-GB\"\n                data-reveal=\"bottom:no\"><a class=\"ct-image-container\"\n                    href=\"https:\/\/www.sassi-llc.eu\/class\/iv-2-from-ideas-to-practice-hard-business-skills-sk\/\"\n                    aria-label=\"IV. 2. Od my\u0161lienok k praxi: tvrd\u00e9 obchodn\u00e9 zru\u010dnosti\" tabindex=\"-1\"><img loading=\"lazy\" width=\"768\"\n                        height=\"512\"\n                        src=\"https:\/\/www.sassi-llc.eu\/wp-content\/uploads\/2023\/08\/three-stacks-of-coins.jpeg\"\n                        class=\"attachment-medium_large size-medium_large wp-post-image\" alt=\"stacked coins\"\n                        decoding=\"async\"\n                        srcset=\"https:\/\/www.sassi-llc.eu\/wp-content\/uploads\/2023\/08\/three-stacks-of-coins.jpeg 768w, https:\/\/www.sassi-llc.eu\/wp-content\/uploads\/2023\/08\/three-stacks-of-coins-300x300.jpeg 300w, https:\/\/www.sassi-llc.eu\/wp-content\/uploads\/2023\/08\/three-stacks-of-coins-150x150.jpeg 1024w, https:\/\/www.sassi-llc.eu\/wp-content\/uploads\/2023\/08\/three-stacks-of-coins.jpeg 1536w, https:\/\/www.sassi-llc.eu\/wp-content\/uploads\/2023\/08\/three-stacks-of-coins.jpeg 1920w\"\n                        sizes=\"auto, (max-width: 768px) 100vw, 768px\" itemprop=\"image\" style=\"aspect-ratio: 4\/3;\"><\/a>\n                <h2 class=\"entry-title\">\n                    <a href=\"https:\/\/www.sassi-llc.eu\/class\/iv-2-from-ideas-to-practice-hard-business-skills-sk\/\"\n                        rel=\"bookmark\">\n                        IV. 2. Od my\u0161lienok k praxi: tvrd\u00e9 obchodn\u00e9 zru\u010dnosti <\/a>\n                <\/h2>\n\n                <div class=\"entry-excerpt\">Vedie\u0165 vizualizova\u0165, analyzova\u0165 a pos\u00fadi\u0165 potenci\u00e1l svojho podnikate\u013esk\u00e9ho\n                    n\u00e1padu a navrhn\u00fa\u0165 podnikate\u013esk\u00fd model ak\u00e9hoko\u013evek typu organiz\u00e1cie.<\/div><a class=\"entry-button\"\n                    data-type=\"simple\"\n                    href=\"https:\/\/www.sassi-llc.eu\/class\/iv-2-from-ideas-to-practice-hard-business-skills-sk\/\">Read\n                    More<svg width=\"17px\" height=\"17px\" viewBox=\"0 0 32 32\">\n                        <path\n                            d=\"M 21.1875 9.28125 L 19.78125 10.71875 L 24.0625 15 L 4 15 L 4 17 L 24.0625 17 L 19.78125 21.28125 L 21.1875 22.71875 L 27.90625 16 Z \">\n                        <\/path>\n                    <\/svg><span class=\"screen-reader-text\">IV. 2. Od my\u0161lienok k praxi: tvrd\u00e9 obchodn\u00e9\n                        zru\u010dnosti<\/span><\/a>\n            <\/article>\n            <article id=\"post-1608\"\n                class=\"entry-card post-1608 class type-class status-publish format-standard has-post-thumbnail hentry en-GB\"\n                data-reveal=\"bottom:no\"><a class=\"ct-image-container\"\n                    href=\"https:\/\/www.sassi-llc.eu\/class\/iv-3-funding-my-business-fundamentals-sk\/\"\n                    aria-label=\"IV. 3. Financovanie m\u00f4jho podniku: z\u00e1klady\" tabindex=\"-1\"><img loading=\"lazy\" width=\"768\" height=\"513\"\n                        src=\"https:\/\/www.sassi-llc.eu\/wp-content\/uploads\/2023\/08\/happy-couple-in-their-midfifties-reading-on-one-tablet-business-casual.jpeg\"\n                        class=\"attachment-medium_large size-medium_large wp-post-image\" alt=\"\" decoding=\"async\"\n                        srcset=\"https:\/\/www.sassi-llc.eu\/wp-content\/uploads\/2023\/08\/happy-couple-in-their-midfifties-reading-on-one-tablet-business-casual.jpeg 768w, https:\/\/www.sassi-llc.eu\/wp-content\/uploads\/2023\/08\/happy-couple-in-their-midfifties-reading-on-one-tablet-business-casual-300x300.jpeg 300w, https:\/\/www.sassi-llc.eu\/wp-content\/uploads\/2023\/08\/happy-couple-in-their-midfifties-reading-on-one-tablet-business-casual-150x150.jpeg 1024w, https:\/\/www.sassi-llc.eu\/wp-content\/uploads\/2023\/08\/happy-couple-in-their-midfifties-reading-on-one-tablet-business-casual.jpeg 1536w, https:\/\/www.sassi-llc.eu\/wp-content\/uploads\/2023\/08\/happy-couple-in-their-midfifties-reading-on-one-tablet-business-casual.jpeg 2048w\"\n                        sizes=\"auto, (max-width: 768px) 100vw, 768px\" itemprop=\"image\" style=\"aspect-ratio: 4\/3;\"><\/a>\n                <h2 class=\"entry-title\">\n                    <a href=\"https:\/\/www.sassi-llc.eu\/class\/iv-3-funding-my-business-fundamentals-sk\/\" rel=\"bookmark\">\n                        IV. 3. Financovanie m\u00f4jho podniku: z\u00e1klady <\/a>\n                <\/h2>\n\n                <div class=\"entry-excerpt\">Zozn\u00e1mte sa s r\u00f4znymi typmi financovania v z\u00e1vislosti od f\u00e1zy v\u00e1\u0161ho\n                    podnikania a z\u00edskajte inform\u00e1cie o dostupn\u00fdch bankov\u00fdch podnikate\u013esk\u00fdch \u00faveroch.<\/div><a\n                    class=\"entry-button\" data-type=\"simple\"\n                    href=\"https:\/\/www.sassi-llc.eu\/class\/iv-3-funding-my-business-fundamentals-sk\/\">Read More<svg\n                        width=\"17px\" height=\"17px\" viewBox=\"0 0 32 32\">\n                        <path\n                            d=\"M 21.1875 9.28125 L 19.78125 10.71875 L 24.0625 15 L 4 15 L 4 17 L 24.0625 17 L 19.78125 21.28125 L 21.1875 22.71875 L 27.90625 16 Z \">\n                        <\/path>\n                    <\/svg><span class=\"screen-reader-text\">IV. 3. Financovanie m\u00f4jho podniku: z\u00e1klady<\/span><\/a>\n            <\/article>\n            <article id=\"post-1612\"\n                class=\"entry-card post-1612 class type-class status-publish format-standard has-post-thumbnail hentry en-GB\"\n                data-reveal=\"bottom:no\"><a class=\"ct-image-container\"\n                    href=\"https:\/\/www.sassi-llc.eu\/class\/iv-4-the-legal-aspects-of-starting-a-business-fundamentals-sk\/\"\n                    aria-label=\"IV. 4. Pr\u00e1vne aspekty za\u010datia podnikania: z\u00e1klady\" tabindex=\"-1\"><img loading=\"lazy\" width=\"768\"\n                        height=\"512\"\n                        src=\"https:\/\/www.sassi-llc.eu\/wp-content\/uploads\/2023\/08\/laptop-on-a-wooden-desk-and-a-book-no-text.jpeg\"\n                        class=\"attachment-medium_large size-medium_large wp-post-image\"\n                        alt=\"desk with laptop from above, man typing\" decoding=\"async\"\n                        srcset=\"https:\/\/www.sassi-llc.eu\/wp-content\/uploads\/2023\/08\/laptop-on-a-wooden-desk-and-a-book-no-text.jpeg 768w, https:\/\/www.sassi-llc.eu\/wp-content\/uploads\/2023\/08\/laptop-on-a-wooden-desk-and-a-book-no-text-300x300.jpeg 300w, https:\/\/www.sassi-llc.eu\/wp-content\/uploads\/2023\/08\/laptop-on-a-wooden-desk-and-a-book-no-text-150x150.jpeg 1024w, https:\/\/www.sassi-llc.eu\/wp-content\/uploads\/2023\/08\/laptop-on-a-wooden-desk-and-a-book-no-text.jpeg 1536w, https:\/\/www.sassi-llc.eu\/wp-content\/uploads\/2023\/08\/laptop-on-a-wooden-desk-and-a-book-no-text.jpeg 1920w\"\n                        sizes=\"auto, (max-width: 768px) 100vw, 768px\" itemprop=\"image\" style=\"aspect-ratio: 4\/3;\"><\/a>\n                <h2 class=\"entry-title\">\n                    <a href=\"https:\/\/www.sassi-llc.eu\/class\/iv-4-the-legal-aspects-of-starting-a-business-fundamentals-sk\/\"\n                        rel=\"bookmark\">\n                        IV. 4. Pr\u00e1vne aspekty za\u010datia podnikania: z\u00e1klady <\/a>\n                <\/h2>\n\n                <div class=\"entry-excerpt\">Zozn\u00e1mte sa s pr\u00e1vnymi po\u017eiadavkami na za\u010datie podnikania vo va\u0161ej krajine a\n                    osvojte si najd\u00f4le\u017eitej\u0161ie k\u013e\u00fa\u010dov\u00e9 pojmy.<\/div><a class=\"entry-button\" data-type=\"simple\"\n                    href=\"https:\/\/www.sassi-llc.eu\/class\/iv-4-the-legal-aspects-of-starting-a-business-fundamentals-sk\/\">Read\n                    More<svg width=\"17px\" height=\"17px\" viewBox=\"0 0 32 32\">\n                        <path\n                            d=\"M 21.1875 9.28125 L 19.78125 10.71875 L 24.0625 15 L 4 15 L 4 17 L 24.0625 17 L 19.78125 21.28125 L 21.1875 22.71875 L 27.90625 16 Z \">\n                        <\/path>\n                    <\/svg><span class=\"screen-reader-text\">IV. 4. Pr\u00e1vne aspekty za\u010datia podnikania: z\u00e1klady<\/span><\/a>\n            <\/article>\n        <\/div>\n    <\/div>\n","protected":false},"excerpt":{"rendered":"<p>IV. 1. Od my\u0161lienok k praxi: tvrd\u00e9 obchodn\u00e9 zru\u010dnosti Zrod podnikate\u013esk\u00e9ho n\u00e1padu: design thinking &#8211; V tejto t\u00e9me sa zozn\u00e1mite s konceptom design thinking a s t\u00fdm, pre\u010do je tak\u00fd \u00faspe\u0161n\u00fd. Read More IV. 1. Od my\u0161lienok k praxi: tvrd\u00e9 obchodn\u00e9 zru\u010dnosti IV. 2. Od my\u0161lienok k praxi: tvrd\u00e9 obchodn\u00e9 zru\u010dnosti Vedie\u0165 vizualizova\u0165, analyzova\u0165 a [&hellip;]<\/p>\n","protected":false},"author":4,"featured_media":4542,"parent":2024,"menu_order":4,"comment_status":"closed","ping_status":"closed","template":"","meta":{"inline_featured_image":false,"_locale":"sk_SK","_original_post":"https:\/\/www.sassi-llc.eu\/?page_id=2433","footnotes":""},"class_list":["post-2501","page","type-page","status-publish","has-post-thumbnail","hentry","sk-SK"],"blocksy_meta":[],"_links":{"self":[{"href":"https:\/\/www.sassi-llc.eu\/wp-json\/wp\/v2\/pages\/2501","targetHints":{"allow":["GET"]}}],"collection":[{"href":"https:\/\/www.sassi-llc.eu\/wp-json\/wp\/v2\/pages"}],"about":[{"href":"https:\/\/www.sassi-llc.eu\/wp-json\/wp\/v2\/types\/page"}],"author":[{"embeddable":true,"href":"https:\/\/www.sassi-llc.eu\/wp-json\/wp\/v2\/users\/4"}],"replies":[{"embeddable":true,"href":"https:\/\/www.sassi-llc.eu\/wp-json\/wp\/v2\/comments?post=2501"}],"version-history":[{"count":2,"href":"https:\/\/www.sassi-llc.eu\/wp-json\/wp\/v2\/pages\/2501\/revisions"}],"predecessor-version":[{"id":4559,"href":"https:\/\/www.sassi-llc.eu\/wp-json\/wp\/v2\/pages\/2501\/revisions\/4559"}],"up":[{"embeddable":true,"href":"https:\/\/www.sassi-llc.eu\/wp-json\/wp\/v2\/pages\/2024"}],"wp:featuredmedia":[{"embeddable":true,"href":"https:\/\/www.sassi-llc.eu\/wp-json\/wp\/v2\/media\/4542"}],"wp:attachment":[{"href":"https:\/\/www.sassi-llc.eu\/wp-json\/wp\/v2\/media?parent=2501"}],"curies":[{"name":"wp","href":"https:\/\/api.w.org\/{rel}","templated":true}]}}