{"id":2503,"date":"2023-10-17T20:34:39","date_gmt":"2023-10-17T20:34:39","guid":{"rendered":"https:\/\/www.sassi-llc.eu\/?page_id=2503"},"modified":"2024-08-28T08:28:30","modified_gmt":"2024-08-28T08:28:30","slug":"chapter-v-going-digital","status":"publish","type":"page","link":"https:\/\/www.sassi-llc.eu\/sk\/courses\/course-olderpreneurship\/chapter-v-going-digital\/","title":{"rendered":"Kapitola V \u2013 Digitaliz\u00e1cia"},"content":{"rendered":"\n<div class=\"ct-posts-shortcode\" data-prefix=\"class_archive\">\n        <div class=\"entries\" data-archive=\"default\" data-layout=\"grid\" data-cards=\"simple\">\n            <article id=\"post-1614\"\n                class=\"entry-card post-1614 class type-class status-publish format-standard has-post-thumbnail hentry en-GB\"\n                data-reveal=\"bottom:no\"><a class=\"ct-image-container\"\n                    href=\"https:\/\/www.sassi-llc.eu\/class\/v-1-the-digital-world-sk\/\" aria-label=\"V. 1. Digit\u00e1lny svet\"\n                    tabindex=\"-1\"><img loading=\"lazy\" width=\"768\" height=\"512\"\n                        src=\"https:\/\/www.sassi-llc.eu\/wp-content\/uploads\/2023\/05\/two-ladies-in-their-60ies-with-one-lady-explaining-her-friend-something-on-a-whiteboard-business-casual-no-text.jpeg\"\n                        class=\"attachment-medium_large size-medium_large wp-post-image\" alt=\"celebrating people\"\n                        decoding=\"async\"\n                        srcset=\"https:\/\/www.sassi-llc.eu\/wp-content\/uploads\/2023\/05\/two-ladies-in-their-60ies-with-one-lady-explaining-her-friend-something-on-a-whiteboard-business-casual-no-text.jpeg 768w, https:\/\/www.sassi-llc.eu\/wp-content\/uploads\/2023\/05\/two-ladies-in-their-60ies-with-one-lady-explaining-her-friend-something-on-a-whiteboard-business-casual-no-text-300x300.jpeg 300w, https:\/\/www.sassi-llc.eu\/wp-content\/uploads\/2023\/05\/two-ladies-in-their-60ies-with-one-lady-explaining-her-friend-something-on-a-whiteboard-business-casual-no-text-150x150.jpeg 1024w, https:\/\/www.sassi-llc.eu\/wp-content\/uploads\/2023\/05\/two-ladies-in-their-60ies-with-one-lady-explaining-her-friend-something-on-a-whiteboard-business-casual-no-text.jpeg 1536w, https:\/\/www.sassi-llc.eu\/wp-content\/uploads\/2023\/05\/two-ladies-in-their-60ies-with-one-lady-explaining-her-friend-something-on-a-whiteboard-business-casual-no-text.jpeg 2048w\"\n                        sizes=\"auto, (max-width: 768px) 100vw, 768px\" itemprop=\"image\" style=\"aspect-ratio: 4\/3;\"><\/a>\n                <h2 class=\"entry-title\">\n                    <a href=\"https:\/\/www.sassi-llc.eu\/class\/v-1-the-digital-world-sk\/\" rel=\"bookmark\">\n                        V. 1. Digit\u00e1lny svet <\/a>\n                <\/h2>\n\n                <div class=\"entry-excerpt\">Vedeli ste, \u017ee digit\u00e1lna transform\u00e1cia je jednou z hlavn\u00fdch prior\u00edt\n                    eur\u00f3pskych polit\u00edk?<\/div><a class=\"entry-button\" data-type=\"simple\"\n                    href=\"https:\/\/www.sassi-llc.eu\/class\/v-1-the-digital-world-sk\/\">Read More<svg width=\"17px\"\n                        height=\"17px\" viewBox=\"0 0 32 32\">\n                        <path\n                            d=\"M 21.1875 9.28125 L 19.78125 10.71875 L 24.0625 15 L 4 15 L 4 17 L 24.0625 17 L 19.78125 21.28125 L 21.1875 22.71875 L 27.90625 16 Z \">\n                        <\/path>\n                    <\/svg><span class=\"screen-reader-text\">V. 1. Digit\u00e1lny svet<\/span><\/a>\n            <\/article>\n            <article id=\"post-1618\"\n                class=\"entry-card post-1618 class type-class status-publish format-standard has-post-thumbnail hentry en-GB\"\n                data-reveal=\"bottom:no\"><a class=\"ct-image-container\"\n                    href=\"https:\/\/www.sassi-llc.eu\/class\/v-2-digital-business-models-sk\/\"\n                    aria-label=\"V. 2. Digit\u00e1lne obchodn\u00e9 modely\" tabindex=\"-1\"><img loading=\"lazy\" width=\"768\" height=\"512\"\n                        src=\"https:\/\/www.sassi-llc.eu\/wp-content\/uploads\/2023\/05\/digital-business-models-no-text.jpeg\"\n                        class=\"attachment-medium_large size-medium_large wp-post-image\" alt=\"digital business models\"\n                        decoding=\"async\"\n                        srcset=\"https:\/\/www.sassi-llc.eu\/wp-content\/uploads\/2023\/05\/digital-business-models-no-text.jpeg 768w, https:\/\/www.sassi-llc.eu\/wp-content\/uploads\/2023\/05\/digital-business-models-no-text-300x300.jpeg 300w, https:\/\/www.sassi-llc.eu\/wp-content\/uploads\/2023\/05\/digital-business-models-no-text-150x150.jpeg 1024w, https:\/\/www.sassi-llc.eu\/wp-content\/uploads\/2023\/05\/digital-business-models-no-text.jpeg 1536w, https:\/\/www.sassi-llc.eu\/wp-content\/uploads\/2023\/05\/digital-business-models-no-text.jpeg 2048w\"\n                        sizes=\"auto, (max-width: 768px) 100vw, 768px\" itemprop=\"image\" style=\"aspect-ratio: 4\/3;\"><\/a>\n                <h2 class=\"entry-title\">\n                    <a href=\"https:\/\/www.sassi-llc.eu\/class\/v-2-digital-business-models-sk\/\" rel=\"bookmark\">\n                        V. 2. Digit\u00e1lne obchodn\u00e9 modely <\/a>\n                <\/h2>\n\n                <div class=\"entry-excerpt\">Ak uva\u017eujete o zalo\u017een\u00ed vlastn\u00e9ho podniku, je d\u00f4le\u017eit\u00e9 vedie\u0165, \u010do je to\n                    digit\u00e1lny podnik!<\/div><a class=\"entry-button\" data-type=\"simple\"\n                    href=\"https:\/\/www.sassi-llc.eu\/class\/v-2-digital-business-models-sk\/\">Read More<svg width=\"17px\"\n                        height=\"17px\" viewBox=\"0 0 32 32\">\n                        <path\n                            d=\"M 21.1875 9.28125 L 19.78125 10.71875 L 24.0625 15 L 4 15 L 4 17 L 24.0625 17 L 19.78125 21.28125 L 21.1875 22.71875 L 27.90625 16 Z \">\n                        <\/path>\n                    <\/svg><span class=\"screen-reader-text\">V. 2. Digit\u00e1lne obchodn\u00e9 modely<\/span><\/a>\n            <\/article>\n            <article id=\"post-1621\"\n                class=\"entry-card post-1621 class type-class status-publish format-standard has-post-thumbnail hentry en-GB\"\n                data-reveal=\"bottom:no\"><a class=\"ct-image-container\"\n                    href=\"https:\/\/www.sassi-llc.eu\/class\/v-3-building-a-successful-digital-business-sk\/\"\n                    aria-label=\"V. 3. Budovanie \u00faspe\u0161n\u00e9ho digit\u00e1lneho podniku\" tabindex=\"-1\"><img loading=\"lazy\" width=\"768\"\n                        height=\"1024\"\n                        src=\"https:\/\/www.sassi-llc.eu\/wp-content\/uploads\/2023\/05\/tough-lady-55-years-business-casual-making-a-phonecall-in-background-computerscreen-150x150.jpeg\"\n                        class=\"attachment-medium_large size-medium_large wp-post-image\"\n                        alt=\"senior with tablet and smartphone\" decoding=\"async\"\n                        srcset=\"https:\/\/www.sassi-llc.eu\/wp-content\/uploads\/2023\/05\/tough-lady-55-years-business-casual-making-a-phonecall-in-background-computerscreen-150x150.jpeg 768w, https:\/\/www.sassi-llc.eu\/wp-content\/uploads\/2023\/05\/tough-lady-55-years-business-casual-making-a-phonecall-in-background-computerscreen-300x300.jpeg 225w, https:\/\/www.sassi-llc.eu\/wp-content\/uploads\/2023\/05\/tough-lady-55-years-business-casual-making-a-phonecall-in-background-computerscreen.jpeg 1152w, https:\/\/www.sassi-llc.eu\/wp-content\/uploads\/2023\/05\/tough-lady-55-years-business-casual-making-a-phonecall-in-background-computerscreen.jpeg 1207w\"\n                        sizes=\"auto, (max-width: 768px) 100vw, 768px\" itemprop=\"image\" style=\"aspect-ratio: 4\/3;\"><\/a>\n                <h2 class=\"entry-title\">\n                    <a href=\"https:\/\/www.sassi-llc.eu\/class\/v-3-building-a-successful-digital-business-sk\/\"\n                        rel=\"bookmark\">\n                        V. 3. Budovanie \u00faspe\u0161n\u00e9ho digit\u00e1lneho podniku <\/a>\n                <\/h2>\n\n                <div class=\"entry-excerpt\">Pojmy &#8222;digit\u00e1lna strat\u00e9gia&#8220; a &#8222;obchodn\u00e1 strat\u00e9gia&#8220; nemo\u017eno od seba oddeli\u0165, a\n                    preto organiz\u00e1cie musia pracova\u0165 na svojej digit\u00e1lnej obchodnej strat\u00e9gii.<\/div><a\n                    class=\"entry-button\" data-type=\"simple\"\n                    href=\"https:\/\/www.sassi-llc.eu\/class\/v-3-building-a-successful-digital-business-sk\/\">Read More<svg\n                        width=\"17px\" height=\"17px\" viewBox=\"0 0 32 32\">\n                        <path\n                            d=\"M 21.1875 9.28125 L 19.78125 10.71875 L 24.0625 15 L 4 15 L 4 17 L 24.0625 17 L 19.78125 21.28125 L 21.1875 22.71875 L 27.90625 16 Z \">\n                        <\/path>\n                    <\/svg><span class=\"screen-reader-text\">V. 3. Budovanie \u00faspe\u0161n\u00e9ho digit\u00e1lneho podniku<\/span><\/a>\n            <\/article>\n            <article id=\"post-1624\"\n                class=\"entry-card post-1624 class type-class status-publish format-standard has-post-thumbnail hentry en-GB\"\n                data-reveal=\"bottom:no\"><a class=\"ct-image-container\"\n                    href=\"https:\/\/www.sassi-llc.eu\/class\/v-4-success-cases-de-de\/\" aria-label=\"V. 4. Pr\u00edpady \u00faspechu\"\n                    tabindex=\"-1\"><img loading=\"lazy\" width=\"768\" height=\"391\"\n                        src=\"https:\/\/www.sassi-llc.eu\/wp-content\/uploads\/2022\/12\/man-in-his-sixties-business-casual-sitting-on-a-modern-couch-reading-a-sports-bike-in-the-background.jpeg\"\n                        class=\"attachment-medium_large size-medium_large wp-post-image\" alt=\"Office-lady-and-bike\"\n                        decoding=\"async\"\n                        srcset=\"https:\/\/www.sassi-llc.eu\/wp-content\/uploads\/2022\/12\/man-in-his-sixties-business-casual-sitting-on-a-modern-couch-reading-a-sports-bike-in-the-background.jpeg 768w, https:\/\/www.sassi-llc.eu\/wp-content\/uploads\/2022\/12\/man-in-his-sixties-business-casual-sitting-on-a-modern-couch-reading-a-sports-bike-in-the-background-300x300.jpeg 300w, https:\/\/www.sassi-llc.eu\/wp-content\/uploads\/2022\/12\/man-in-his-sixties-business-casual-sitting-on-a-modern-couch-reading-a-sports-bike-in-the-background-150x150.jpeg 1024w, https:\/\/www.sassi-llc.eu\/wp-content\/uploads\/2022\/12\/man-in-his-sixties-business-casual-sitting-on-a-modern-couch-reading-a-sports-bike-in-the-background.jpeg 1536w, https:\/\/www.sassi-llc.eu\/wp-content\/uploads\/2022\/12\/man-in-his-sixties-business-casual-sitting-on-a-modern-couch-reading-a-sports-bike-in-the-background.jpeg 2048w\"\n                        sizes=\"auto, (max-width: 768px) 100vw, 768px\" itemprop=\"image\" style=\"aspect-ratio: 4\/3;\"><\/a>\n                <h2 class=\"entry-title\">\n                    <a href=\"https:\/\/www.sassi-llc.eu\/class\/v-4-success-cases-de-de\/\" rel=\"bookmark\">\n                        V. 4. Pr\u00edpady \u00faspechu <\/a>\n                <\/h2>\n\n                <div class=\"entry-excerpt\">In\u0161pirujte sa \u00faspe\u0161n\u00fdmi pr\u00edpadmi star\u0161\u00edch podnikate\u013eov, mnoh\u00e9 podniky\n                    zalo\u017eili star\u0161\u00ed podnikatelia.<\/div><a class=\"entry-button\" data-type=\"simple\"\n                    href=\"https:\/\/www.sassi-llc.eu\/class\/v-4-success-cases-de-de\/\">Read More<svg width=\"17px\"\n                        height=\"17px\" viewBox=\"0 0 32 32\">\n                        <path\n                            d=\"M 21.1875 9.28125 L 19.78125 10.71875 L 24.0625 15 L 4 15 L 4 17 L 24.0625 17 L 19.78125 21.28125 L 21.1875 22.71875 L 27.90625 16 Z \">\n                        <\/path>\n                    <\/svg><span class=\"screen-reader-text\">V. 4. Pr\u00edpady \u00faspechu<\/span><\/a>\n            <\/article>\n        <\/div>\n    <\/div>\n","protected":false},"excerpt":{"rendered":"<p>V. 1. Digit\u00e1lny svet Vedeli ste, \u017ee digit\u00e1lna transform\u00e1cia je jednou z hlavn\u00fdch prior\u00edt eur\u00f3pskych polit\u00edk? Read More V. 1. Digit\u00e1lny svet V. 2. Digit\u00e1lne obchodn\u00e9 modely Ak uva\u017eujete o zalo\u017een\u00ed vlastn\u00e9ho podniku, je d\u00f4le\u017eit\u00e9 vedie\u0165, \u010do je to digit\u00e1lny podnik! Read More V. 2. Digit\u00e1lne obchodn\u00e9 modely V. 3. Budovanie \u00faspe\u0161n\u00e9ho digit\u00e1lneho podniku Pojmy [&hellip;]<\/p>\n","protected":false},"author":4,"featured_media":4540,"parent":2024,"menu_order":5,"comment_status":"closed","ping_status":"closed","template":"","meta":{"inline_featured_image":false,"_locale":"sk_SK","_original_post":"https:\/\/www.sassi-llc.eu\/?page_id=2437","footnotes":""},"class_list":["post-2503","page","type-page","status-publish","has-post-thumbnail","hentry","sk-SK"],"blocksy_meta":[],"_links":{"self":[{"href":"https:\/\/www.sassi-llc.eu\/wp-json\/wp\/v2\/pages\/2503","targetHints":{"allow":["GET"]}}],"collection":[{"href":"https:\/\/www.sassi-llc.eu\/wp-json\/wp\/v2\/pages"}],"about":[{"href":"https:\/\/www.sassi-llc.eu\/wp-json\/wp\/v2\/types\/page"}],"author":[{"embeddable":true,"href":"https:\/\/www.sassi-llc.eu\/wp-json\/wp\/v2\/users\/4"}],"replies":[{"embeddable":true,"href":"https:\/\/www.sassi-llc.eu\/wp-json\/wp\/v2\/comments?post=2503"}],"version-history":[{"count":2,"href":"https:\/\/www.sassi-llc.eu\/wp-json\/wp\/v2\/pages\/2503\/revisions"}],"predecessor-version":[{"id":4564,"href":"https:\/\/www.sassi-llc.eu\/wp-json\/wp\/v2\/pages\/2503\/revisions\/4564"}],"up":[{"embeddable":true,"href":"https:\/\/www.sassi-llc.eu\/wp-json\/wp\/v2\/pages\/2024"}],"wp:featuredmedia":[{"embeddable":true,"href":"https:\/\/www.sassi-llc.eu\/wp-json\/wp\/v2\/media\/4540"}],"wp:attachment":[{"href":"https:\/\/www.sassi-llc.eu\/wp-json\/wp\/v2\/media?parent=2503"}],"curies":[{"name":"wp","href":"https:\/\/api.w.org\/{rel}","templated":true}]}}